{"id":1868,"date":"2025-05-09T05:21:47","date_gmt":"2025-05-08T21:21:47","guid":{"rendered":"https:\/\/mirekboutique.com\/?post_type=product&#038;p=1868"},"modified":"2025-05-24T19:38:54","modified_gmt":"2025-05-24T11:38:54","slug":"bgl621-%f0%9f%94%b9-v-gold-version","status":"publish","type":"product","link":"https:\/\/mirekboutique.com\/es\/producto\/bgl621-%f0%9f%94%b9-v-gold-version\/","title":{"rendered":"BGL621 \ud83d\udd39 versi\u00f3n v-gold"},"content":{"rendered":"<p>\ud83d\udd39[v versi\u00f3n oro].<br \/>\n\u00a1Bvlgari peque\u00f1o collar de la cintura salvaje peque\u00f1o, zp personalizado, B.zero serie de modelos cl\u00e1sicos, B estilos de casa son demasiado cl\u00e1sico, mi f\u00e1brica de gran desarrollo, vca tr\u00e9bol de cuatro hojas, tarjeta de amor a casa, nido de abeja chu, B diva casa, y luego hasta una variedad de bzero, el dise\u00f1o cl\u00e1sico no se perder\u00e1, incluyendo esta peque\u00f1a cintura salvaje, todos ZP personalizado, proceso de nivel de joyer\u00eda! \u00a1Acero de impresi\u00f3n de letras de prensa zp, hicimos plata, oro rosa, el cuerpo V material de oro!<\/p>","protected":false},"excerpt":{"rendered":"<p>\ud83d\udd25\ud83d\udd25\u00a1Todos los productos de este sitio web son r\u00e9plicas perfectas de alta gama hechas por s\u00faper fabricantes, completamente nuevas y sin abrir, la calidad y el servicio posventa est\u00e1n garantizados!<\/p>\n<p>\u2705\u2705\u2705\u2705Mirekboutique s\u00f3lo produce art\u00edculos de alta calidad Todos los art\u00edculos de nuestra tienda vienen con la caja original Caja de madera de gama alta<\/p>\n<p>\ud83c\udf39\ud83c\udf39Por favor, estar seguro de comprar Todos los bienes de apoyo contra reembolso Le deseo una feliz compra<\/p>","protected":false},"featured_media":1869,"comment_status":"open","ping_status":"closed","template":"","meta":{"_monsterinsights_skip_tracking":false,"_monsterinsights_sitenote_active":false,"_monsterinsights_sitenote_note":"","_monsterinsights_sitenote_category":0,"site-sidebar-layout":"default","site-content-layout":"","ast-site-content-layout":"default","site-content-style":"default","site-sidebar-style":"default","ast-global-header-display":"","ast-banner-title-visibility":"","ast-main-header-display":"","ast-hfb-above-header-display":"","ast-hfb-below-header-display":"","ast-hfb-mobile-header-display":"","site-post-title":"","ast-breadcrumbs-content":"","ast-featured-img":"","footer-sml-layout":"","theme-transparent-header-meta":"default","adv-header-id-meta":"","stick-header-meta":"","header-above-stick-meta":"","header-main-stick-meta":"","header-below-stick-meta":"","astra-migrate-meta-layouts":"set","ast-page-background-enabled":"default","ast-page-background-meta":{"desktop":{"background-color":"var(--ast-global-color-4)","background-image":"","background-repeat":"repeat","background-position":"center center","background-size":"auto","background-attachment":"scroll","background-type":"","background-media":"","overlay-type":"","overlay-color":"","overlay-opacity":"","overlay-gradient":""},"tablet":{"background-color":"","background-image":"","background-repeat":"repeat","background-position":"center center","background-size":"auto","background-attachment":"scroll","background-type":"","background-media":"","overlay-type":"","overlay-color":"","overlay-opacity":"","overlay-gradient":""},"mobile":{"background-color":"","background-image":"","background-repeat":"repeat","background-position":"center center","background-size":"auto","background-attachment":"scroll","background-type":"","background-media":"","overlay-type":"","overlay-color":"","overlay-opacity":"","overlay-gradient":""}},"ast-content-background-meta":{"desktop":{"background-color":"var(--ast-global-color-5)","background-image":"","background-repeat":"repeat","background-position":"center center","background-size":"auto","background-attachment":"scroll","background-type":"","background-media":"","overlay-type":"","overlay-color":"","overlay-opacity":"","overlay-gradient":""},"tablet":{"background-color":"var(--ast-global-color-5)","background-image":"","background-repeat":"repeat","background-position":"center center","background-size":"auto","background-attachment":"scroll","background-type":"","background-media":"","overlay-type":"","overlay-color":"","overlay-opacity":"","overlay-gradient":""},"mobile":{"background-color":"var(--ast-global-color-5)","background-image":"","background-repeat":"repeat","background-position":"center center","background-size":"auto","background-attachment":"scroll","background-type":"","background-media":"","overlay-type":"","overlay-color":"","overlay-opacity":"","overlay-gradient":""}}},"product_brand":[],"product_cat":[41],"product_tag":[],"class_list":{"0":"post-1868","1":"product","2":"type-product","3":"status-publish","4":"has-post-thumbnail","6":"product_cat-bracelets-necklaces","7":"desktop-align-center","8":"tablet-align-left","9":"mobile-align-left","11":"first","12":"instock","13":"sale","14":"shipping-taxable","15":"purchasable","16":"product-type-simple"},"_links":{"self":[{"href":"https:\/\/mirekboutique.com\/es\/wp-json\/wp\/v2\/product\/1868","targetHints":{"allow":["GET"]}}],"collection":[{"href":"https:\/\/mirekboutique.com\/es\/wp-json\/wp\/v2\/product"}],"about":[{"href":"https:\/\/mirekboutique.com\/es\/wp-json\/wp\/v2\/types\/product"}],"replies":[{"embeddable":true,"href":"https:\/\/mirekboutique.com\/es\/wp-json\/wp\/v2\/comments?post=1868"}],"version-history":[{"count":1,"href":"https:\/\/mirekboutique.com\/es\/wp-json\/wp\/v2\/product\/1868\/revisions"}],"predecessor-version":[{"id":1875,"href":"https:\/\/mirekboutique.com\/es\/wp-json\/wp\/v2\/product\/1868\/revisions\/1875"}],"wp:featuredmedia":[{"embeddable":true,"href":"https:\/\/mirekboutique.com\/es\/wp-json\/wp\/v2\/media\/1869"}],"wp:attachment":[{"href":"https:\/\/mirekboutique.com\/es\/wp-json\/wp\/v2\/media?parent=1868"}],"wp:term":[{"taxonomy":"product_brand","embeddable":true,"href":"https:\/\/mirekboutique.com\/es\/wp-json\/wp\/v2\/product_brand?post=1868"},{"taxonomy":"product_cat","embeddable":true,"href":"https:\/\/mirekboutique.com\/es\/wp-json\/wp\/v2\/product_cat?post=1868"},{"taxonomy":"product_tag","embeddable":true,"href":"https:\/\/mirekboutique.com\/es\/wp-json\/wp\/v2\/product_tag?post=1868"}],"curies":[{"name":"wp","href":"https:\/\/api.w.org\/{rel}","templated":true}]}}