{"id":2091,"date":"2025-05-09T06:19:13","date_gmt":"2025-05-08T22:19:13","guid":{"rendered":"https:\/\/mirekboutique.com\/?post_type=product&#038;p=2091"},"modified":"2025-05-24T19:42:17","modified_gmt":"2025-05-24T11:42:17","slug":"da804-brick-counters-newest-cest-collection-11-super-clone","status":"publish","type":"product","link":"https:\/\/mirekboutique.com\/es\/producto\/da804-brick-counters-newest-cest-collection-11-super-clone\/","title":{"rendered":"DA804 Lo nuevo de Brick Counter C'est collection 1:1 Super Clone"},"content":{"rendered":"<p>Grande en stock \u203c\ufe0f<br \/>\nLa nueva colecci\u00f3n C'est de Brick Counter, elegante y cl\u00e1sica, tejido oblicuo azul anticuado, forma \u00fanica de bolsa de cubo, cierre de cerradura de letra, decorado con la letra D de perilla, puede organizar una variedad de necesidades diarias, con el asa superior y el cintur\u00f3n ajustable, correa de hombro de cadena extra\u00edble, \u00a1a la moda y vers\u00e1til!<br \/>\nTama\u00f1o: 24*10*24,5cm<\/p>","protected":false},"excerpt":{"rendered":"<p>\ud83d\udd25\ud83d\udd25\u00a1Todos los productos de este sitio web son r\u00e9plicas perfectas de alta gama hechas por s\u00faper fabricantes, completamente nuevas y sin abrir, la calidad y el servicio posventa est\u00e1n garantizados!<\/p>\n<p>\u2705\u2705\u2705\u2705Mirekboutique s\u00f3lo produce art\u00edculos de alta calidad Todos los art\u00edculos de nuestra tienda vienen con la caja original Caja de madera de gama alta<\/p>\n<p>\ud83c\udf39\ud83c\udf39Por favor, estar seguro de comprar Todos los bienes de apoyo contra reembolso Le deseo una feliz compra<\/p>","protected":false},"featured_media":2092,"comment_status":"open","ping_status":"closed","template":"","meta":{"_monsterinsights_skip_tracking":false,"_monsterinsights_sitenote_active":false,"_monsterinsights_sitenote_note":"","_monsterinsights_sitenote_category":0,"site-sidebar-layout":"default","site-content-layout":"","ast-site-content-layout":"default","site-content-style":"default","site-sidebar-style":"default","ast-global-header-display":"","ast-banner-title-visibility":"","ast-main-header-display":"","ast-hfb-above-header-display":"","ast-hfb-below-header-display":"","ast-hfb-mobile-header-display":"","site-post-title":"","ast-breadcrumbs-content":"","ast-featured-img":"","footer-sml-layout":"","theme-transparent-header-meta":"default","adv-header-id-meta":"","stick-header-meta":"","header-above-stick-meta":"","header-main-stick-meta":"","header-below-stick-meta":"","astra-migrate-meta-layouts":"set","ast-page-background-enabled":"default","ast-page-background-meta":{"desktop":{"background-color":"var(--ast-global-color-4)","background-image":"","background-repeat":"repeat","background-position":"center center","background-size":"auto","background-attachment":"scroll","background-type":"","background-media":"","overlay-type":"","overlay-color":"","overlay-opacity":"","overlay-gradient":""},"tablet":{"background-color":"","background-image":"","background-repeat":"repeat","background-position":"center center","background-size":"auto","background-attachment":"scroll","background-type":"","background-media":"","overlay-type":"","overlay-color":"","overlay-opacity":"","overlay-gradient":""},"mobile":{"background-color":"","background-image":"","background-repeat":"repeat","background-position":"center center","background-size":"auto","background-attachment":"scroll","background-type":"","background-media":"","overlay-type":"","overlay-color":"","overlay-opacity":"","overlay-gradient":""}},"ast-content-background-meta":{"desktop":{"background-color":"var(--ast-global-color-5)","background-image":"","background-repeat":"repeat","background-position":"center center","background-size":"auto","background-attachment":"scroll","background-type":"","background-media":"","overlay-type":"","overlay-color":"","overlay-opacity":"","overlay-gradient":""},"tablet":{"background-color":"var(--ast-global-color-5)","background-image":"","background-repeat":"repeat","background-position":"center center","background-size":"auto","background-attachment":"scroll","background-type":"","background-media":"","overlay-type":"","overlay-color":"","overlay-opacity":"","overlay-gradient":""},"mobile":{"background-color":"var(--ast-global-color-5)","background-image":"","background-repeat":"repeat","background-position":"center center","background-size":"auto","background-attachment":"scroll","background-type":"","background-media":"","overlay-type":"","overlay-color":"","overlay-opacity":"","overlay-gradient":""}}},"product_brand":[],"product_cat":[40],"product_tag":[],"class_list":{"0":"post-2091","1":"product","2":"type-product","3":"status-publish","4":"has-post-thumbnail","6":"product_cat-dior","7":"desktop-align-center","8":"tablet-align-left","9":"mobile-align-left","11":"first","12":"instock","13":"sale","14":"shipping-taxable","15":"purchasable","16":"product-type-simple"},"_links":{"self":[{"href":"https:\/\/mirekboutique.com\/es\/wp-json\/wp\/v2\/product\/2091","targetHints":{"allow":["GET"]}}],"collection":[{"href":"https:\/\/mirekboutique.com\/es\/wp-json\/wp\/v2\/product"}],"about":[{"href":"https:\/\/mirekboutique.com\/es\/wp-json\/wp\/v2\/types\/product"}],"replies":[{"embeddable":true,"href":"https:\/\/mirekboutique.com\/es\/wp-json\/wp\/v2\/comments?post=2091"}],"version-history":[{"count":1,"href":"https:\/\/mirekboutique.com\/es\/wp-json\/wp\/v2\/product\/2091\/revisions"}],"predecessor-version":[{"id":2098,"href":"https:\/\/mirekboutique.com\/es\/wp-json\/wp\/v2\/product\/2091\/revisions\/2098"}],"wp:featuredmedia":[{"embeddable":true,"href":"https:\/\/mirekboutique.com\/es\/wp-json\/wp\/v2\/media\/2092"}],"wp:attachment":[{"href":"https:\/\/mirekboutique.com\/es\/wp-json\/wp\/v2\/media?parent=2091"}],"wp:term":[{"taxonomy":"product_brand","embeddable":true,"href":"https:\/\/mirekboutique.com\/es\/wp-json\/wp\/v2\/product_brand?post=2091"},{"taxonomy":"product_cat","embeddable":true,"href":"https:\/\/mirekboutique.com\/es\/wp-json\/wp\/v2\/product_cat?post=2091"},{"taxonomy":"product_tag","embeddable":true,"href":"https:\/\/mirekboutique.com\/es\/wp-json\/wp\/v2\/product_tag?post=2091"}],"curies":[{"name":"wp","href":"https:\/\/api.w.org\/{rel}","templated":true}]}}