{"id":2391,"date":"2025-05-17T20:14:18","date_gmt":"2025-05-17T12:14:18","guid":{"rendered":"https:\/\/mirekboutique.com\/?post_type=product&#038;p=2391"},"modified":"2025-05-24T19:21:35","modified_gmt":"2025-05-24T11:21:35","slug":"lq157-longines-773-4-eight-hand-moonphase-multifunction-mechanical-11-super-clone","status":"publish","type":"product","link":"https:\/\/mirekboutique.com\/es\/producto\/lq157-longines-773-4-eight-hand-moonphase-multifunction-mechanical-11-super-clone\/","title":{"rendered":"LQ157 Longines 773.4 Multifunci\u00f3n de ocho agujas con fases lunares Mec\u00e1nico 1:1 Superclon"},"content":{"rendered":"<p>Techo de nueva construcci\u00f3n LGS Longines L2.773.4 mec\u00e1nico multifunci\u00f3n de ocho agujas con fase lunar<br \/>\n\u3010Movement\u3011 equipado con 7751 exclusiva rueda de acero azulado movimiento mec\u00e1nico autom\u00e1tico a la original L2.687.5 \u00faltima esqueleto martillo autom\u00e1tico, versi\u00f3n actualizada de la tecnolog\u00eda es muy estable reserva de marcha de hasta 48 horas<br \/>\n\u3010Case\u3011\"Tipo de prensa de martillo\" de acero inoxidable 316L. El caso est\u00e1 hecho de acero inoxidable 316L. Tama\u00f1o 40MM. despu\u00e9s de la computadora CNC de control num\u00e9rico grabado ultra-precisi\u00f3n impermeable profundidad de 100 metros.<br \/>\n\u3010Face\u3011 punteros utilizando azul de acero bru\u00f1ido templado, estampado en caliente del disco de fase lunar, la primera vez que se utiliza el moldeo original, correcci\u00f3n personalizada de la sensaci\u00f3n de bache de visualizaci\u00f3n original tambi\u00e9n es el mismo que los detalles genuinos consistentes.<br \/>\n\u3010Band\u3011 Acero 316L por proceso de corte despu\u00e9s de la mayor parte del lijado y luego ensamblado a mano en un \u00e1ngulo muerto de 360 grados 0 ara\u00f1azos manos. En especie exquisito peso y durabilidad a las manos de la cosa real es absolutamente impresionante. (\ud83c\udf81 regalo cintur\u00f3n de piel de becerro y hebilla de cintur\u00f3n original conjunto, negro marr\u00f3n se puede seleccionar)<\/p>\n<p>&nbsp;<\/p>\n<p>\u2764\ufe0f \"El tiempo es un regalo, atesora cada momento\" \ud83c\udf81<br \/>\n\ud83d\udd25 Estuche de regalo limitado para las fiestas<\/p>","protected":false},"excerpt":{"rendered":"<p>\ud83d\udd25\ud83d\udd25\u00a1Todos los productos de este sitio web son r\u00e9plicas perfectas de alta gama hechas por s\u00faper fabricantes, completamente nuevas y sin abrir, la calidad y el servicio posventa est\u00e1n garantizados!<\/p>\n<p>\u2705\u2705\u2705\u2705Mirekboutique s\u00f3lo produce art\u00edculos de alta calidad Todos los art\u00edculos de nuestra tienda vienen con la caja original Caja de madera de gama alta<\/p>\n<p>\ud83c\udf39\ud83c\udf39Por favor, estar seguro de comprar Todos los bienes de apoyo contra reembolso Le deseo una feliz compra<\/p>","protected":false},"featured_media":2392,"comment_status":"open","ping_status":"closed","template":"","meta":{"_monsterinsights_skip_tracking":false,"_monsterinsights_sitenote_active":false,"_monsterinsights_sitenote_note":"","_monsterinsights_sitenote_category":0,"site-sidebar-layout":"default","site-content-layout":"","ast-site-content-layout":"default","site-content-style":"default","site-sidebar-style":"default","ast-global-header-display":"","ast-banner-title-visibility":"","ast-main-header-display":"","ast-hfb-above-header-display":"","ast-hfb-below-header-display":"","ast-hfb-mobile-header-display":"","site-post-title":"","ast-breadcrumbs-content":"","ast-featured-img":"","footer-sml-layout":"","ast-disable-related-posts":"","theme-transparent-header-meta":"default","adv-header-id-meta":"","stick-header-meta":"","header-above-stick-meta":"","header-main-stick-meta":"","header-below-stick-meta":"","astra-migrate-meta-layouts":"set","ast-page-background-enabled":"default","ast-page-background-meta":{"desktop":{"background-color":"var(--ast-global-color-4)","background-image":"","background-repeat":"repeat","background-position":"center center","background-size":"auto","background-attachment":"scroll","background-type":"","background-media":"","overlay-type":"","overlay-color":"","overlay-opacity":"","overlay-gradient":""},"tablet":{"background-color":"","background-image":"","background-repeat":"repeat","background-position":"center center","background-size":"auto","background-attachment":"scroll","background-type":"","background-media":"","overlay-type":"","overlay-color":"","overlay-opacity":"","overlay-gradient":""},"mobile":{"background-color":"","background-image":"","background-repeat":"repeat","background-position":"center center","background-size":"auto","background-attachment":"scroll","background-type":"","background-media":"","overlay-type":"","overlay-color":"","overlay-opacity":"","overlay-gradient":""}},"ast-content-background-meta":{"desktop":{"background-color":"var(--ast-global-color-5)","background-image":"","background-repeat":"repeat","background-position":"center center","background-size":"auto","background-attachment":"scroll","background-type":"","background-media":"","overlay-type":"","overlay-color":"","overlay-opacity":"","overlay-gradient":""},"tablet":{"background-color":"var(--ast-global-color-5)","background-image":"","background-repeat":"repeat","background-position":"center center","background-size":"auto","background-attachment":"scroll","background-type":"","background-media":"","overlay-type":"","overlay-color":"","overlay-opacity":"","overlay-gradient":""},"mobile":{"background-color":"var(--ast-global-color-5)","background-image":"","background-repeat":"repeat","background-position":"center center","background-size":"auto","background-attachment":"scroll","background-type":"","background-media":"","overlay-type":"","overlay-color":"","overlay-opacity":"","overlay-gradient":""}}},"product_brand":[],"product_cat":[34],"product_tag":[],"class_list":{"0":"post-2391","1":"product","2":"type-product","3":"status-publish","4":"has-post-thumbnail","6":"product_cat-longines","7":"desktop-align-center","8":"tablet-align-left","9":"mobile-align-left","11":"first","12":"instock","13":"sale","14":"shipping-taxable","15":"purchasable","16":"product-type-simple"},"_links":{"self":[{"href":"https:\/\/mirekboutique.com\/es\/wp-json\/wp\/v2\/product\/2391","targetHints":{"allow":["GET"]}}],"collection":[{"href":"https:\/\/mirekboutique.com\/es\/wp-json\/wp\/v2\/product"}],"about":[{"href":"https:\/\/mirekboutique.com\/es\/wp-json\/wp\/v2\/types\/product"}],"replies":[{"embeddable":true,"href":"https:\/\/mirekboutique.com\/es\/wp-json\/wp\/v2\/comments?post=2391"}],"version-history":[{"count":1,"href":"https:\/\/mirekboutique.com\/es\/wp-json\/wp\/v2\/product\/2391\/revisions"}],"predecessor-version":[{"id":2398,"href":"https:\/\/mirekboutique.com\/es\/wp-json\/wp\/v2\/product\/2391\/revisions\/2398"}],"wp:featuredmedia":[{"embeddable":true,"href":"https:\/\/mirekboutique.com\/es\/wp-json\/wp\/v2\/media\/2392"}],"wp:attachment":[{"href":"https:\/\/mirekboutique.com\/es\/wp-json\/wp\/v2\/media?parent=2391"}],"wp:term":[{"taxonomy":"product_brand","embeddable":true,"href":"https:\/\/mirekboutique.com\/es\/wp-json\/wp\/v2\/product_brand?post=2391"},{"taxonomy":"product_cat","embeddable":true,"href":"https:\/\/mirekboutique.com\/es\/wp-json\/wp\/v2\/product_cat?post=2391"},{"taxonomy":"product_tag","embeddable":true,"href":"https:\/\/mirekboutique.com\/es\/wp-json\/wp\/v2\/product_tag?post=2391"}],"curies":[{"name":"wp","href":"https:\/\/api.w.org\/{rel}","templated":true}]}}