{"id":690,"date":"2025-05-08T23:06:00","date_gmt":"2025-05-08T15:06:00","guid":{"rendered":"https:\/\/mirekboutique.com\/?post_type=product&#038;p=690"},"modified":"2025-05-24T19:21:50","modified_gmt":"2025-05-24T11:21:50","slug":"ab262-high-end-factory-made","status":"publish","type":"product","link":"https:\/\/mirekboutique.com\/es\/producto\/ab262-high-end-factory-made\/","title":{"rendered":"AB262 Alta gama de f\u00e1brica"},"content":{"rendered":"<p>\ud83c\udf10 Serie Royal Oak nuevo cron\u00f3grafo 26240, utilizando el mismo que el genuino (posici\u00f3n de 6 letras segundero peque\u00f1o Fondo-transparente movimiento Caliber4401 movimiento cron\u00f3grafo), con anti-reflejo de cristal de zafiro de alta transparencia Dial decorado con el cl\u00e1sico Grande Tapisserie gran patr\u00f3n a cuadros de acero inoxidable 316 con satinado cepillado y pulido alternativamente, presentando el mate y El acero inoxidable 316 es alternativamente satinado cepillado y pulido para dar un efecto mate y brillante. La esfera robusta y atmosf\u00e9rica de 41 mm es fuerte y potente, y la pantalla superluminiscente permite leer la hora en cualquier entorno.<\/p>","protected":false},"excerpt":{"rendered":"<p>\ud83d\udd25\ud83d\udd25\u00a1Todos los productos de este sitio web son r\u00e9plicas perfectas de alta gama hechas por s\u00faper fabricantes, completamente nuevas y sin abrir, la calidad y el servicio posventa est\u00e1n garantizados!<\/p>\n<p>\u2705\u2705Mirekboutique s\u00f3lo produce art\u00edculos de alta calidad<\/p>\n<p>\ud83c\udf39\ud83c\udf39Por favor, estar seguro de comprar Todos los bienes de apoyo contra reembolso Le deseo una feliz compra<\/p>","protected":false},"featured_media":691,"comment_status":"open","ping_status":"closed","template":"","meta":{"_monsterinsights_skip_tracking":false,"_monsterinsights_sitenote_active":false,"_monsterinsights_sitenote_note":"","_monsterinsights_sitenote_category":0,"site-sidebar-layout":"default","site-content-layout":"","ast-site-content-layout":"default","site-content-style":"default","site-sidebar-style":"default","ast-global-header-display":"","ast-banner-title-visibility":"","ast-main-header-display":"","ast-hfb-above-header-display":"","ast-hfb-below-header-display":"","ast-hfb-mobile-header-display":"","site-post-title":"","ast-breadcrumbs-content":"","ast-featured-img":"","footer-sml-layout":"","theme-transparent-header-meta":"default","adv-header-id-meta":"","stick-header-meta":"","header-above-stick-meta":"","header-main-stick-meta":"","header-below-stick-meta":"","astra-migrate-meta-layouts":"set","ast-page-background-enabled":"default","ast-page-background-meta":{"desktop":{"background-color":"var(--ast-global-color-4)","background-image":"","background-repeat":"repeat","background-position":"center center","background-size":"auto","background-attachment":"scroll","background-type":"","background-media":"","overlay-type":"","overlay-color":"","overlay-opacity":"","overlay-gradient":""},"tablet":{"background-color":"","background-image":"","background-repeat":"repeat","background-position":"center center","background-size":"auto","background-attachment":"scroll","background-type":"","background-media":"","overlay-type":"","overlay-color":"","overlay-opacity":"","overlay-gradient":""},"mobile":{"background-color":"","background-image":"","background-repeat":"repeat","background-position":"center center","background-size":"auto","background-attachment":"scroll","background-type":"","background-media":"","overlay-type":"","overlay-color":"","overlay-opacity":"","overlay-gradient":""}},"ast-content-background-meta":{"desktop":{"background-color":"var(--ast-global-color-5)","background-image":"","background-repeat":"repeat","background-position":"center center","background-size":"auto","background-attachment":"scroll","background-type":"","background-media":"","overlay-type":"","overlay-color":"","overlay-opacity":"","overlay-gradient":""},"tablet":{"background-color":"var(--ast-global-color-5)","background-image":"","background-repeat":"repeat","background-position":"center center","background-size":"auto","background-attachment":"scroll","background-type":"","background-media":"","overlay-type":"","overlay-color":"","overlay-opacity":"","overlay-gradient":""},"mobile":{"background-color":"var(--ast-global-color-5)","background-image":"","background-repeat":"repeat","background-position":"center center","background-size":"auto","background-attachment":"scroll","background-type":"","background-media":"","overlay-type":"","overlay-color":"","overlay-opacity":"","overlay-gradient":""}}},"product_brand":[],"product_cat":[31],"product_tag":[],"class_list":{"0":"post-690","1":"product","2":"type-product","3":"status-publish","4":"has-post-thumbnail","6":"product_cat-audemars-piguet-royal","7":"desktop-align-center","8":"tablet-align-left","9":"mobile-align-left","11":"first","12":"instock","13":"sale","14":"shipping-taxable","15":"purchasable","16":"product-type-simple"},"_links":{"self":[{"href":"https:\/\/mirekboutique.com\/es\/wp-json\/wp\/v2\/product\/690","targetHints":{"allow":["GET"]}}],"collection":[{"href":"https:\/\/mirekboutique.com\/es\/wp-json\/wp\/v2\/product"}],"about":[{"href":"https:\/\/mirekboutique.com\/es\/wp-json\/wp\/v2\/types\/product"}],"replies":[{"embeddable":true,"href":"https:\/\/mirekboutique.com\/es\/wp-json\/wp\/v2\/comments?post=690"}],"version-history":[{"count":1,"href":"https:\/\/mirekboutique.com\/es\/wp-json\/wp\/v2\/product\/690\/revisions"}],"predecessor-version":[{"id":696,"href":"https:\/\/mirekboutique.com\/es\/wp-json\/wp\/v2\/product\/690\/revisions\/696"}],"wp:featuredmedia":[{"embeddable":true,"href":"https:\/\/mirekboutique.com\/es\/wp-json\/wp\/v2\/media\/691"}],"wp:attachment":[{"href":"https:\/\/mirekboutique.com\/es\/wp-json\/wp\/v2\/media?parent=690"}],"wp:term":[{"taxonomy":"product_brand","embeddable":true,"href":"https:\/\/mirekboutique.com\/es\/wp-json\/wp\/v2\/product_brand?post=690"},{"taxonomy":"product_cat","embeddable":true,"href":"https:\/\/mirekboutique.com\/es\/wp-json\/wp\/v2\/product_cat?post=690"},{"taxonomy":"product_tag","embeddable":true,"href":"https:\/\/mirekboutique.com\/es\/wp-json\/wp\/v2\/product_tag?post=690"}],"curies":[{"name":"wp","href":"https:\/\/api.w.org\/{rel}","templated":true}]}}