{"id":821,"date":"2025-05-09T00:11:12","date_gmt":"2025-05-08T16:11:12","guid":{"rendered":"https:\/\/mirekboutique.com\/?post_type=product&#038;p=821"},"modified":"2025-05-24T19:21:49","modified_gmt":"2025-05-24T11:21:49","slug":"cdy132-11-super-clone","status":"publish","type":"product","link":"https:\/\/mirekboutique.com\/es\/producto\/cdy132-11-super-clone\/","title":{"rendered":"Superclon CDY132 1:1"},"content":{"rendered":"<p>\u2705 Dise\u00f1o minimalista, vers\u00e1til y que no choca con los modelos.<\/p>\n<p>\u2705 Correa met\u00e1lica ligera y lujosa, llena de textura.<\/p>\n<p>\u2705 Dise\u00f1o ultrafino, c\u00f3modo de llevar.<\/p>\n<p>&nbsp;<\/p>\n<p>\u00a1Anhelar la paz, oponerse a la guerra! AF demuestra a la perfecci\u00f3n el discreto pero no lujoso estilo vintage de la colecci\u00f3n Tank.<br \/>\nSerie Tank de Cartier<br \/>\n[Caja] Grande: 41mm*31mm, rompe la forma redonda del cuerpo del reloj tradicional, por encima y por debajo del bisel paralelo sim\u00e9trico destaca la esfera cuadrada, el estilo duro y sencillo hace que la gente sea inolvidable. Las l\u00edneas son simples y r\u00edgidas, con un fuerte estilo industrial. Las curvas suaves y los bordes afilados muestran un sentido de modernidad y moda. Las asas estilo tank-track y la corona octogonal con la espinela azul caracter\u00edstica de Cartier son muy reconocibles.<br \/>\n[La esfera presenta las cl\u00e1sicas escalas romanas, esfera blanca con agujas de acero azulado, y en el centro de la esfera hay un c\u00edrculo interior de escala cuadrada. Combinando un gusto de primera clase y un dise\u00f1o vanguardista, el reloj Tank, con su moderno sentido de la atemporalidad, siempre se ha mantenido a la vanguardia de los tiempos, y ha sido descrito como uno de los dise\u00f1os m\u00e1s importantes de la historia de los relojes de pulsera.<br \/>\n[Movimiento] AF f\u00e1brica de la serie Tank para crear una variedad de movimientos superior, incluyendo el movimiento de cuerda manual, movimiento autom\u00e1tico, movimiento de cuarzo, etc, cada movimiento ha pasado la estricta inspecci\u00f3n de calidad de Cartier. Adem\u00e1s, la artesan\u00eda tambi\u00e9n es muy exquisita, cada reloj Tank ha sido pulido y abrillantado muchas veces, mostrando un excelente nivel de calidad y artesan\u00eda.<br \/>\n[Correa] Correa de piel italiana de grano de lichi, correa de piel de vacuno, correa de acero estilo \"tank track\". Siempre hay una correa que toca su b\u00fasqueda interior de la perfecci\u00f3n. \u00a1Muestra a la perfecci\u00f3n el estilo retro discreto pero no lujoso de la serie tank!<br \/>\n\u00a1AF f\u00e1brica, un fabricante que ha estado profundamente comprometido en Cartier r\u00e9plica perfecta durante muchos a\u00f1os, que son dignos de confianza!<\/p>","protected":false},"excerpt":{"rendered":"<p>\ud83d\udd25\ud83d\udd25\u00a1Todos los productos de este sitio web son r\u00e9plicas perfectas de alta gama hechas por s\u00faper fabricantes, completamente nuevas y sin abrir, la calidad y el servicio posventa est\u00e1n garantizados!<\/p>\n<p>\u2705\u2705\u2705\u2705Mirekboutique s\u00f3lo produce art\u00edculos de alta calidad Todos los art\u00edculos de nuestra tienda vienen con la caja original Caja de madera de gama alta<\/p>\n<p>\ud83c\udf39\ud83c\udf39Por favor, estar seguro de comprar Todos los bienes de apoyo contra reembolso Le deseo una feliz compra<\/p>","protected":false},"featured_media":822,"comment_status":"open","ping_status":"closed","template":"","meta":{"_monsterinsights_skip_tracking":false,"_monsterinsights_sitenote_active":false,"_monsterinsights_sitenote_note":"","_monsterinsights_sitenote_category":0,"site-sidebar-layout":"default","site-content-layout":"","ast-site-content-layout":"default","site-content-style":"default","site-sidebar-style":"default","ast-global-header-display":"","ast-banner-title-visibility":"","ast-main-header-display":"","ast-hfb-above-header-display":"","ast-hfb-below-header-display":"","ast-hfb-mobile-header-display":"","site-post-title":"","ast-breadcrumbs-content":"","ast-featured-img":"","footer-sml-layout":"","theme-transparent-header-meta":"default","adv-header-id-meta":"","stick-header-meta":"","header-above-stick-meta":"","header-main-stick-meta":"","header-below-stick-meta":"","astra-migrate-meta-layouts":"set","ast-page-background-enabled":"default","ast-page-background-meta":{"desktop":{"background-color":"var(--ast-global-color-4)","background-image":"","background-repeat":"repeat","background-position":"center center","background-size":"auto","background-attachment":"scroll","background-type":"","background-media":"","overlay-type":"","overlay-color":"","overlay-opacity":"","overlay-gradient":""},"tablet":{"background-color":"","background-image":"","background-repeat":"repeat","background-position":"center center","background-size":"auto","background-attachment":"scroll","background-type":"","background-media":"","overlay-type":"","overlay-color":"","overlay-opacity":"","overlay-gradient":""},"mobile":{"background-color":"","background-image":"","background-repeat":"repeat","background-position":"center center","background-size":"auto","background-attachment":"scroll","background-type":"","background-media":"","overlay-type":"","overlay-color":"","overlay-opacity":"","overlay-gradient":""}},"ast-content-background-meta":{"desktop":{"background-color":"var(--ast-global-color-5)","background-image":"","background-repeat":"repeat","background-position":"center center","background-size":"auto","background-attachment":"scroll","background-type":"","background-media":"","overlay-type":"","overlay-color":"","overlay-opacity":"","overlay-gradient":""},"tablet":{"background-color":"var(--ast-global-color-5)","background-image":"","background-repeat":"repeat","background-position":"center center","background-size":"auto","background-attachment":"scroll","background-type":"","background-media":"","overlay-type":"","overlay-color":"","overlay-opacity":"","overlay-gradient":""},"mobile":{"background-color":"var(--ast-global-color-5)","background-image":"","background-repeat":"repeat","background-position":"center center","background-size":"auto","background-attachment":"scroll","background-type":"","background-media":"","overlay-type":"","overlay-color":"","overlay-opacity":"","overlay-gradient":""}}},"product_brand":[],"product_cat":[33],"product_tag":[],"class_list":{"0":"post-821","1":"product","2":"type-product","3":"status-publish","4":"has-post-thumbnail","6":"product_cat-cartier","7":"desktop-align-center","8":"tablet-align-left","9":"mobile-align-left","11":"first","12":"instock","13":"sale","14":"shipping-taxable","15":"purchasable","16":"product-type-simple"},"_links":{"self":[{"href":"https:\/\/mirekboutique.com\/es\/wp-json\/wp\/v2\/product\/821","targetHints":{"allow":["GET"]}}],"collection":[{"href":"https:\/\/mirekboutique.com\/es\/wp-json\/wp\/v2\/product"}],"about":[{"href":"https:\/\/mirekboutique.com\/es\/wp-json\/wp\/v2\/types\/product"}],"replies":[{"embeddable":true,"href":"https:\/\/mirekboutique.com\/es\/wp-json\/wp\/v2\/comments?post=821"}],"version-history":[{"count":1,"href":"https:\/\/mirekboutique.com\/es\/wp-json\/wp\/v2\/product\/821\/revisions"}],"predecessor-version":[{"id":827,"href":"https:\/\/mirekboutique.com\/es\/wp-json\/wp\/v2\/product\/821\/revisions\/827"}],"wp:featuredmedia":[{"embeddable":true,"href":"https:\/\/mirekboutique.com\/es\/wp-json\/wp\/v2\/media\/822"}],"wp:attachment":[{"href":"https:\/\/mirekboutique.com\/es\/wp-json\/wp\/v2\/media?parent=821"}],"wp:term":[{"taxonomy":"product_brand","embeddable":true,"href":"https:\/\/mirekboutique.com\/es\/wp-json\/wp\/v2\/product_brand?post=821"},{"taxonomy":"product_cat","embeddable":true,"href":"https:\/\/mirekboutique.com\/es\/wp-json\/wp\/v2\/product_cat?post=821"},{"taxonomy":"product_tag","embeddable":true,"href":"https:\/\/mirekboutique.com\/es\/wp-json\/wp\/v2\/product_tag?post=821"}],"curies":[{"name":"wp","href":"https:\/\/api.w.org\/{rel}","templated":true}]}}