{"id":591,"date":"2025-05-07T19:57:41","date_gmt":"2025-05-07T11:57:41","guid":{"rendered":"https:\/\/mirekboutique.com\/?page_id=591"},"modified":"2025-05-21T19:56:36","modified_gmt":"2025-05-21T11:56:36","slug":"cod","status":"publish","type":"page","link":"https:\/\/mirekboutique.com\/hu\/cod\/","title":{"rendered":"COD"},"content":{"rendered":"<div data-elementor-type=\"wp-page\" data-elementor-id=\"591\" class=\"elementor elementor-591\">\n\t\t\t\t<div class=\"elementor-element elementor-element-9346e8d e-flex e-con-boxed e-con e-parent\" data-id=\"9346e8d\" data-element_type=\"container\" data-settings=\"{&quot;background_background&quot;:&quot;classic&quot;}\">\n\t\t\t\t\t<div class=\"e-con-inner\">\n\t\t<div class=\"elementor-element elementor-element-4b2bba9 e-con-full e-flex e-con e-child\" data-id=\"4b2bba9\" data-element_type=\"container\">\n\t\t\t\t<div class=\"elementor-element elementor-element-5a21cb0 elementor-widget elementor-widget-heading\" data-id=\"5a21cb0\" data-element_type=\"widget\" data-widget_type=\"heading.default\">\n\t\t\t\t<div class=\"elementor-widget-container\">\n\t\t\t\t\t<h6 class=\"elementor-heading-title elementor-size-default\">ut\u00e1nv\u00e9tellel<\/h6>\t\t\t\t<\/div>\n\t\t\t\t<\/div>\n\t\t\t\t<div class=\"elementor-element elementor-element-a19a656 elementor-widget elementor-widget-heading\" data-id=\"a19a656\" data-element_type=\"widget\" data-widget_type=\"heading.default\">\n\t\t\t\t<div class=\"elementor-widget-container\">\n\t\t\t\t\t<h1 class=\"elementor-heading-title elementor-size-default\">COD<\/h1>\t\t\t\t<\/div>\n\t\t\t\t<\/div>\n\t\t\t\t<\/div>\n\t\t\t\t\t<\/div>\n\t\t\t\t<\/div>\n\t\t<div class=\"elementor-element elementor-element-8261433 e-flex e-con-boxed e-con e-parent\" data-id=\"8261433\" data-element_type=\"container\">\n\t\t\t\t\t<div class=\"e-con-inner\">\n\t\t\t\t<div class=\"elementor-element elementor-element-ab6c507 elementor-widget elementor-widget-text-editor\" data-id=\"ab6c507\" data-element_type=\"widget\" data-widget_type=\"text-editor.default\">\n\t\t\t\t<div class=\"elementor-widget-container\">\n\t\t\t\t\t\t\t\t\t<p><strong>B\u00fcszk\u00e9k vagyunk arra, hogy vil\u00e1gm\u00e9ret\u0171 sz\u00e1ll\u00edt\u00e1si szolg\u00e1ltat\u00e1sokat k\u00edn\u00e1lunk \u00d6nnek, az al\u00e1bbi felt\u00e9telek \u00e9s kik\u00f6t\u00e9sek c\u00e9lja, hogy t\u00f6k\u00e9letes v\u00e1s\u00e1rl\u00e1si \u00e9lm\u00e9nyt ny\u00fajtsunk \u00d6nnek. K\u00e9rj\u00fck, rendel\u00e9se lead\u00e1sa el\u0151tt figyelmesen olvassa el az al\u00e1bbi sz\u00e1ll\u00edt\u00e1si felt\u00e9teleket.<\/strong><\/p><p><strong>1. Vil\u00e1gm\u00e9ret\u0171 sz\u00e1ll\u00edt\u00e1s:<\/strong><\/p><p>B\u00fcszk\u00e9k vagyunk arra, hogy vil\u00e1gszerte sz\u00e1mos orsz\u00e1gba \u00e9s r\u00e9gi\u00f3ba sz\u00e1ll\u00edtunk. Az ut\u00e1nv\u00e9tes sz\u00e1ll\u00edt\u00e1si m\u00f3dot (COD) 10% el\u0151leg befizet\u00e9s\u00e9vel veheti ig\u00e9nybe. Az \u00e1ru \u00e1tv\u00e9tele \u00e9s ellen\u0151rz\u00e9se ut\u00e1n a fennmarad\u00f3 \u00f6sszeget a k\u00e9zbes\u00edt\u0151nek fizetheti ki. A fennmarad\u00f3 \u00f6sszeget a helyi orsz\u00e1g p\u00e9nznem\u00e9ben fizetheti ki.<\/p><p><strong>2. Ingyenes sz\u00e1ll\u00edt\u00e1si k\u00fcsz\u00f6b\u00e9rt\u00e9k:<\/strong><\/p><p>Adja le rendel\u00e9s\u00e9t 10% bet\u00e9ttel, \u00e9s \u00e9lvezze az ingyenes vil\u00e1gm\u00e9ret\u0171 sz\u00e1ll\u00edt\u00e1st.<\/p><p><strong>3. V\u00e1rhat\u00f3 sz\u00e1ll\u00edt\u00e1si id\u0151:<\/strong><\/p><p>K\u00e9rj\u00fck, hogy rendel\u00e9s\u00e9t 3-14 munkanap alatt k\u00e9zbes\u00edts\u00fck vil\u00e1gszerte. Felh\u00edvjuk figyelm\u00e9t, hogy a sz\u00e1ll\u00edt\u00e1si id\u0151 az \u00d6n tart\u00f3zkod\u00e1si hely\u00e9t\u0151l \u00e9s a rajtunk k\u00edv\u00fcl \u00e1ll\u00f3 k\u00fcls\u0151 t\u00e9nyez\u0151kt\u0151l f\u00fcgg\u0151en v\u00e1ltozhat.<\/p><p><strong>4. Ad\u00f3mentess\u00e9g:<\/strong><\/p><p>Elk\u00f6telezettek vagyunk az egyszer\u0171 \u00e9s probl\u00e9mamentes v\u00e1s\u00e1rl\u00e1si \u00e9lm\u00e9ny biztos\u00edt\u00e1sa mellett. Ez\u00e9rt minden megrendel\u00e9s vil\u00e1gszerte ad\u00f3mentes.<\/p><p><strong>5. Megosztott sz\u00e1ll\u00edt\u00e1s:<\/strong><\/p><p>T\u00f6bb t\u00e9telt tartalmaz\u00f3 megrendel\u00e9sek eset\u00e9n a hat\u00e9kony kisz\u00e1ll\u00edt\u00e1s \u00e9rdek\u00e9ben k\u00fcl\u00f6n-k\u00fcl\u00f6n sz\u00e1ll\u00edthatjuk \u0151ket. Minden egyes t\u00e9telt biztons\u00e1gosan csomagolunk \u00e9s k\u00fcl\u00f6n-k\u00fcl\u00f6n nyomon k\u00f6vet\u00fcnk.<\/p><p><strong>6. Nemzetk\u00f6zi Expressz el\u0151nyben r\u00e9szes\u00fcl:<\/strong><\/p><p>Az \u00d6n el\u00e9gedetts\u00e9ge a legfontosabb sz\u00e1munkra, \u00e9s a legmegfelel\u0151bb nemzetk\u00f6zi fut\u00e1rszolg\u00e1latot v\u00e1lasztjuk ki az \u00d6n tart\u00f3zkod\u00e1si helye alapj\u00e1n. Megb\u00edzhat\u00f3 partnereink k\u00f6z\u00e9 tartozik a FedEx, DHL, UPS, USPS Inpost stb.<\/p><p><strong>7. Sz\u00e1ll\u00edt\u00e1s nyomon k\u00f6vet\u00e9se:<\/strong><\/p><p>A 10% foglal\u00f3 be\u00e9rkez\u00e9se ut\u00e1n 5 napon bel\u00fcl kap egy nyomon k\u00f6vet\u00e9si sz\u00e1mot. Az \u00fcgyn\u00f6ke t\u00e1j\u00e9koztatja \u00d6nt a sz\u00e1ll\u00edt\u00e1si fut\u00e1rsz\u00e1mr\u00f3l, vagy ellen\u0151rizheti az e-mail c\u00edm\u00e9t.<\/p><p><strong>8. Sz\u00e1ll\u00edt\u00e1si korl\u00e1toz\u00e1sok:<\/strong><\/p><p>B\u00e1r igyeksz\u00fcnk pontos sz\u00e1ll\u00edt\u00e1si id\u0151t biztos\u00edtani, k\u00e9rj\u00fck, vegye figyelembe, hogy el\u0151re nem l\u00e1that\u00f3 k\u00f6r\u00fclm\u00e9nyek, p\u00e9ld\u00e1ul az id\u0151j\u00e1r\u00e1si k\u00f6r\u00fclm\u00e9nyek \u00e9s a v\u00e1melj\u00e1r\u00e1sok befoly\u00e1solhatj\u00e1k a sz\u00e1ll\u00edt\u00e1si id\u0151t.<\/p><p><strong>9. Megrendel\u00e9s feldolgoz\u00e1sa:<\/strong><\/p><p>A megrendel\u00e9s lead\u00e1sa ut\u00e1n alaposan feldolgozzuk azt, hogy biztos\u00edtsuk a pontos csomagol\u00e1st \u00e9s az id\u0151ben t\u00f6rt\u00e9n\u0151 sz\u00e1ll\u00edt\u00e1st.<\/p><p><strong>10. C\u00edmpontoss\u00e1g:<\/strong><\/p><p>K\u00e9rj\u00fck, ellen\u0151rizze k\u00e9tszer a sz\u00e1ll\u00edt\u00e1si c\u00edm pontoss\u00e1g\u00e1t. Nem v\u00e1llalunk felel\u0151ss\u00e9get a hib\u00e1s c\u00edmek miatti k\u00e9s\u00e9sek\u00e9rt vagy sz\u00e1ll\u00edt\u00e1si hib\u00e1k\u00e9rt.<\/p><p><strong>11. \u00dcgyf\u00e9l felel\u0151ss\u00e9ge:<\/strong><\/p><p>Az \u00fcgyfeleknek pontos f\u00f6ldrajzi helymeghat\u00e1roz\u00e1si adatokat kell megadniuk a k\u00e9zbes\u00edt\u00e9shez. Nem v\u00e1llalunk felel\u0151ss\u00e9get, ha \u00d6n saj\u00e1t okai miatt nem tudja felvenni a kapcsolatot a k\u00e9zbes\u00edt\u0151vel.<\/p><p><strong>12. Az \u00e1ru elveszt\u00e9se vagy k\u00e9sedelme:<\/strong><\/p><p>Abban a val\u00f3sz\u00edn\u0171tlen esetben, ha a k\u00fcldem\u00e9ny elveszik vagy nagym\u00e9rt\u00e9kben k\u00e9sik, k\u00e9rj\u00fck, forduljon \u00fcgyf\u00e9lszolg\u00e1latunkhoz vagy az \u00fcgyn\u00f6k\u00e9hez. Azonnal alapos vizsg\u00e1latot fogunk v\u00e9gezni a probl\u00e9ma megold\u00e1sa \u00e9rdek\u00e9ben.<\/p><p><strong>13. Sz\u00e1ll\u00edt\u00e1si friss\u00edt\u00e9s:<\/strong><\/p><p>T\u00e1j\u00e9koz\u00f3djon a k\u00fcldem\u00e9ny el\u0151rehalad\u00e1s\u00e1r\u00f3l e-mail \u00e9rtes\u00edt\u00e9seken kereszt\u00fcl, vagy l\u00e9pjen kapcsolatba az \u00fcgyn\u00f6k\u00e9vel.<\/p><p><strong>14. Kapcsolatfelv\u00e9tel:<\/strong><\/p><p>Ha b\u00e1rmilyen k\u00e9rd\u00e9se vagy probl\u00e9m\u00e1ja van a k\u00fcldem\u00e9ny\u00e9vel kapcsolatban, \u00fcgyf\u00e9lszolg\u00e1lati csapatunk vagy \u00fcgyn\u00f6keink mindig k\u00e9szek seg\u00edteni \u00d6nnek. K\u00e9rj\u00fck, \u00edrjon e-mailt a info@mirekboutique.com c\u00edmre.<\/p><p>A megrendel\u00e9s lead\u00e1s\u00e1val \u00d6n tudom\u00e1sul veszi \u00e9s elfogadja ezeket a vil\u00e1gm\u00e9ret\u0171 sz\u00e1ll\u00edt\u00e1si felt\u00e9teleket. Elk\u00f6telezettek vagyunk amellett, hogy kiv\u00e1l\u00f3 szolg\u00e1ltat\u00e1st \u00e9s kellemes v\u00e1s\u00e1rl\u00e1si \u00e9lm\u00e9nyt ny\u00fajtsunk \u00d6nnek.<\/p><p><strong>15 A rendel\u00e9si folyamatr\u00f3l<\/strong><br \/>El\u0151sz\u00f6r is, az \u00e1ltalunk biztos\u00edtott logisztikai m\u00f3dszer az ut\u00e1nv\u00e9t. 10% foglal\u00f3t kell felsz\u00e1m\u00edtanunk \u00d6nnek. A kauci\u00f3t az \u00fcgyn\u00f6k\u00e9n kereszt\u00fcl fizetheti be, vagy kapcsolatba l\u00e9phet a hivatalos szem\u00e9lyzettel. Ha az \u00e1ru \u00e1tv\u00e9tele ut\u00e1n megtagadja az \u00e1ru \u00e1tv\u00e9tel\u00e9t, nem t\u00e9r\u00edtj\u00fck vissza a 10% let\u00e9tet. Az ebben a boltban tal\u00e1lhat\u00f3 term\u00e9kek mind cs\u00facskateg\u00f3ri\u00e1s term\u00e9kek. A sz\u00e1ll\u00edt\u00e1si \u00e9s biztos\u00edt\u00e1si k\u00f6lts\u00e9gek dr\u00e1g\u00e1k, ez\u00e9rt kauci\u00f3ra van sz\u00fcks\u00e9g. K\u00f6sz\u00f6nj\u00fck meg\u00e9rt\u00e9s\u00e9t<\/p><p><strong>K\u00f6sz\u00f6nj\u00fck, hogy minket v\u00e1lasztott glob\u00e1lis v\u00e1s\u00e1rl\u00e1si ig\u00e9nyeinek kiel\u00e9g\u00edt\u00e9s\u00e9re!<\/strong><\/p>\t\t\t\t\t\t\t\t<\/div>\n\t\t\t\t<\/div>\n\t\t\t\t\t<\/div>\n\t\t\t\t<\/div>\n\t\t\t\t<\/div>","protected":false},"excerpt":{"rendered":"<p>cash on delivery COD We are proud to offer you worldwide shipping services, the following terms and conditions are designed to provide you with a perfect shopping experience. Please read the following delivery terms and conditions carefully before placing your order. 1. Worldwide delivery: We are proud to offer worldwide delivery to many countries and [&hellip;]<\/p>","protected":false},"author":1,"featured_media":0,"parent":0,"menu_order":0,"comment_status":"closed","ping_status":"closed","template":"","meta":{"_monsterinsights_skip_tracking":false,"_monsterinsights_sitenote_active":false,"_monsterinsights_sitenote_note":"","_monsterinsights_sitenote_category":0,"site-sidebar-layout":"no-sidebar","site-content-layout":"page-builder","ast-site-content-layout":"full-width-container","site-content-style":"default","site-sidebar-style":"default","ast-global-header-display":"","ast-banner-title-visibility":"","ast-main-header-display":"","ast-hfb-above-header-display":"","ast-hfb-below-header-display":"","ast-hfb-mobile-header-display":"","site-post-title":"disabled","ast-breadcrumbs-content":"","ast-featured-img":"disabled","footer-sml-layout":"","theme-transparent-header-meta":"default","adv-header-id-meta":"","stick-header-meta":"","header-above-stick-meta":"","header-main-stick-meta":"","header-below-stick-meta":"","astra-migrate-meta-layouts":"set","ast-page-background-enabled":"default","ast-page-background-meta":{"desktop":{"background-color":"var(--ast-global-color-4)","background-image":"","background-repeat":"repeat","background-position":"center center","background-size":"auto","background-attachment":"scroll","background-type":"","background-media":"","overlay-type":"","overlay-color":"","overlay-opacity":"","overlay-gradient":""},"tablet":{"background-color":"","background-image":"","background-repeat":"repeat","background-position":"center center","background-size":"auto","background-attachment":"scroll","background-type":"","background-media":"","overlay-type":"","overlay-color":"","overlay-opacity":"","overlay-gradient":""},"mobile":{"background-color":"","background-image":"","background-repeat":"repeat","background-position":"center center","background-size":"auto","background-attachment":"scroll","background-type":"","background-media":"","overlay-type":"","overlay-color":"","overlay-opacity":"","overlay-gradient":""}},"ast-content-background-meta":{"desktop":{"background-color":"var(--ast-global-color-5)","background-image":"","background-repeat":"repeat","background-position":"center center","background-size":"auto","background-attachment":"scroll","background-type":"","background-media":"","overlay-type":"","overlay-color":"","overlay-opacity":"","overlay-gradient":""},"tablet":{"background-color":"var(--ast-global-color-5)","background-image":"","background-repeat":"repeat","background-position":"center center","background-size":"auto","background-attachment":"scroll","background-type":"","background-media":"","overlay-type":"","overlay-color":"","overlay-opacity":"","overlay-gradient":""},"mobile":{"background-color":"var(--ast-global-color-5)","background-image":"","background-repeat":"repeat","background-position":"center center","background-size":"auto","background-attachment":"scroll","background-type":"","background-media":"","overlay-type":"","overlay-color":"","overlay-opacity":"","overlay-gradient":""}},"footnotes":""},"class_list":["post-591","page","type-page","status-publish","hentry"],"_links":{"self":[{"href":"https:\/\/mirekboutique.com\/hu\/wp-json\/wp\/v2\/pages\/591","targetHints":{"allow":["GET"]}}],"collection":[{"href":"https:\/\/mirekboutique.com\/hu\/wp-json\/wp\/v2\/pages"}],"about":[{"href":"https:\/\/mirekboutique.com\/hu\/wp-json\/wp\/v2\/types\/page"}],"author":[{"embeddable":true,"href":"https:\/\/mirekboutique.com\/hu\/wp-json\/wp\/v2\/users\/1"}],"replies":[{"embeddable":true,"href":"https:\/\/mirekboutique.com\/hu\/wp-json\/wp\/v2\/comments?post=591"}],"version-history":[{"count":22,"href":"https:\/\/mirekboutique.com\/hu\/wp-json\/wp\/v2\/pages\/591\/revisions"}],"predecessor-version":[{"id":2421,"href":"https:\/\/mirekboutique.com\/hu\/wp-json\/wp\/v2\/pages\/591\/revisions\/2421"}],"wp:attachment":[{"href":"https:\/\/mirekboutique.com\/hu\/wp-json\/wp\/v2\/media?parent=591"}],"curies":[{"name":"wp","href":"https:\/\/api.w.org\/{rel}","templated":true}]}}