{"id":1041,"date":"2025-05-09T01:08:34","date_gmt":"2025-05-08T17:08:34","guid":{"rendered":"https:\/\/mirekboutique.com\/?post_type=product&#038;p=1041"},"modified":"2025-05-24T19:21:47","modified_gmt":"2025-05-24T11:21:47","slug":"lq141-kv6-11-super-clone-from-a-super-factory","status":"publish","type":"product","link":"https:\/\/mirekboutique.com\/hu\/termek\/lq141-kv6-11-super-clone-from-a-super-factory\/","title":{"rendered":"LQ141 KV6 1:1 szuper kl\u00f3n egy szuper gy\u00e1rb\u00f3l"},"content":{"rendered":"<p>HK \u00daj Longines \ud83c\udfaeKV6 Nagyfrekvenci\u00e1s Kronom\u00e9ter kollekci\u00f3<br \/>\nAz \u00faj Longines LONGINES \ud83c\udfaeKV6 High Frequency Chronometer kollekci\u00f3 az eredeti ikonikus diz\u00e1jnk\u00f3djait k\u00f6vetve olyan innovat\u00edv elemeket tartalmaz, amelyek nemcsak a vintage \u00f3r\u00e1k szerelmeseinek tetszenek, hanem a mai fogyaszt\u00f3i eszt\u00e9tik\u00e1nak is jobban megfelelnek.<br \/>\nA felismerhet\u0151, p\u00e1rna alak\u00fa, 43 millim\u00e9ter \u00e1tm\u00e9r\u0151j\u0171 ac\u00e9l tok, amely a sport\u00f3r\u00e1k k\u00f6z\u00f6tt szok\u00e1sos m\u00e9ret, kem\u00e9ny \u00e9s eleg\u00e1ns.<br \/>\nZaf\u00edr b\u00fav\u00e1rl\u00fcnetta. Ez az anyag nem k\u00f6nnyen karcol\u00f3dik, \u00e9s nagyfok\u00fa \u00e1tl\u00e1that\u00f3s\u00e1ggal rendelkezik, ami nemcsak az \u00f3ra b\u00fav\u00e1rteljes\u00edtm\u00e9ny\u00e9t biztos\u00edthatja, hanem egyed\u00fcl\u00e1ll\u00f3 vizu\u00e1lis hat\u00e1st is biztos\u00edthat sz\u00e1munkra. \ud83c\udfae<br \/>\nA sz\u00e1mlap minimalista kialak\u00edt\u00e1s\u00fa, Super-LumiNova-bevonat\u00fa \u00f3r\u00e1kkal.<br \/>\nA Super-LumiNova bevonat\u00fa \u00f3rajelek v\u00e1ltakoznak a r\u00f3dium bevonat\u00faakkal, kieg\u00e9sz\u00edtve a felt\u0171n\u0151 fekete, szemcs\u00e9s sz\u00e1mlapot, m\u00edg a figyelemfelkelt\u0151 piros percmutat\u00f3 egy kis vitalit\u00e1st k\u00f6lcs\u00f6n\u00f6z.<br \/>\nA szerkezet az eredeti, import\u00e1lt Citizen 9015-\u00f6t haszn\u00e1lja, stabil id\u0151m\u00e9r\u00e9ssel \u00e9s alacsony jav\u00edt\u00e1si ar\u00e1nnyal!<br \/>\n\u00d6v import\u00e1lt olasz borj\u00fab\u0151r eredeti dombornyomott mint\u00e1s t\u0171s csattal, h\u00e1romdimenzi\u00f3s \u00e9rtelemben teljes.<br \/>\nHk gy\u00e1rt\u00e1s, biztos finom term\u00e9k! \ud83c\udfaeS1 kiv\u00e1l\u00f3 aj\u00e1nlott f\u00e9rfi mechanikus \u00f3r\u00e1k<\/p>","protected":false},"excerpt":{"rendered":"<p>\ud83d\udd25\ud83d\udd25\ud83d\udd25Az ezen a weboldalon tal\u00e1lhat\u00f3 \u00f6sszes \u00e1ru a szuper gy\u00e1rt\u00f3k \u00e1ltal k\u00e9sz\u00edtett cs\u00facsmin\u0151s\u00e9g\u0171 t\u00f6k\u00e9letes m\u00e1solatok, vadonat\u00faj \u00e9s bontatlan, a min\u0151s\u00e9g \u00e9s az \u00e9rt\u00e9kes\u00edt\u00e9s ut\u00e1ni szolg\u00e1ltat\u00e1s garant\u00e1lt!<\/p>\n<p>\u2705\u2705\u2705\u2705Mirekboutique csak kiv\u00e1l\u00f3 min\u0151s\u00e9g\u0171 term\u00e9keket gy\u00e1rt Minden \u00e1ruh\u00e1zunkban tal\u00e1lhat\u00f3 term\u00e9k az eredeti dobozban \u00e9rkezik High-end fadobozban<\/p>\n<p>\ud83c\udf39\ud83c\udf39 K\u00e9rem, nyugodtan v\u00e1s\u00e1roljon Minden \u00e1ru t\u00e1mogatja az ut\u00e1nv\u00e9tes sz\u00e1ll\u00edt\u00e1st K\u00edv\u00e1nunk boldog v\u00e1s\u00e1rl\u00e1st!<\/p>","protected":false},"featured_media":1042,"comment_status":"open","ping_status":"closed","template":"","meta":{"_monsterinsights_skip_tracking":false,"_monsterinsights_sitenote_active":false,"_monsterinsights_sitenote_note":"","_monsterinsights_sitenote_category":0,"site-sidebar-layout":"default","site-content-layout":"","ast-site-content-layout":"default","site-content-style":"default","site-sidebar-style":"default","ast-global-header-display":"","ast-banner-title-visibility":"","ast-main-header-display":"","ast-hfb-above-header-display":"","ast-hfb-below-header-display":"","ast-hfb-mobile-header-display":"","site-post-title":"","ast-breadcrumbs-content":"","ast-featured-img":"","footer-sml-layout":"","theme-transparent-header-meta":"default","adv-header-id-meta":"","stick-header-meta":"","header-above-stick-meta":"","header-main-stick-meta":"","header-below-stick-meta":"","astra-migrate-meta-layouts":"set","ast-page-background-enabled":"default","ast-page-background-meta":{"desktop":{"background-color":"var(--ast-global-color-4)","background-image":"","background-repeat":"repeat","background-position":"center center","background-size":"auto","background-attachment":"scroll","background-type":"","background-media":"","overlay-type":"","overlay-color":"","overlay-opacity":"","overlay-gradient":""},"tablet":{"background-color":"","background-image":"","background-repeat":"repeat","background-position":"center center","background-size":"auto","background-attachment":"scroll","background-type":"","background-media":"","overlay-type":"","overlay-color":"","overlay-opacity":"","overlay-gradient":""},"mobile":{"background-color":"","background-image":"","background-repeat":"repeat","background-position":"center center","background-size":"auto","background-attachment":"scroll","background-type":"","background-media":"","overlay-type":"","overlay-color":"","overlay-opacity":"","overlay-gradient":""}},"ast-content-background-meta":{"desktop":{"background-color":"var(--ast-global-color-5)","background-image":"","background-repeat":"repeat","background-position":"center center","background-size":"auto","background-attachment":"scroll","background-type":"","background-media":"","overlay-type":"","overlay-color":"","overlay-opacity":"","overlay-gradient":""},"tablet":{"background-color":"var(--ast-global-color-5)","background-image":"","background-repeat":"repeat","background-position":"center center","background-size":"auto","background-attachment":"scroll","background-type":"","background-media":"","overlay-type":"","overlay-color":"","overlay-opacity":"","overlay-gradient":""},"mobile":{"background-color":"var(--ast-global-color-5)","background-image":"","background-repeat":"repeat","background-position":"center center","background-size":"auto","background-attachment":"scroll","background-type":"","background-media":"","overlay-type":"","overlay-color":"","overlay-opacity":"","overlay-gradient":""}}},"product_brand":[],"product_cat":[34],"product_tag":[],"class_list":{"0":"post-1041","1":"product","2":"type-product","3":"status-publish","4":"has-post-thumbnail","6":"product_cat-longines","7":"desktop-align-center","8":"tablet-align-left","9":"mobile-align-left","11":"first","12":"instock","13":"sale","14":"shipping-taxable","15":"purchasable","16":"product-type-simple"},"_links":{"self":[{"href":"https:\/\/mirekboutique.com\/hu\/wp-json\/wp\/v2\/product\/1041","targetHints":{"allow":["GET"]}}],"collection":[{"href":"https:\/\/mirekboutique.com\/hu\/wp-json\/wp\/v2\/product"}],"about":[{"href":"https:\/\/mirekboutique.com\/hu\/wp-json\/wp\/v2\/types\/product"}],"replies":[{"embeddable":true,"href":"https:\/\/mirekboutique.com\/hu\/wp-json\/wp\/v2\/comments?post=1041"}],"version-history":[{"count":1,"href":"https:\/\/mirekboutique.com\/hu\/wp-json\/wp\/v2\/product\/1041\/revisions"}],"predecessor-version":[{"id":1047,"href":"https:\/\/mirekboutique.com\/hu\/wp-json\/wp\/v2\/product\/1041\/revisions\/1047"}],"wp:featuredmedia":[{"embeddable":true,"href":"https:\/\/mirekboutique.com\/hu\/wp-json\/wp\/v2\/media\/1042"}],"wp:attachment":[{"href":"https:\/\/mirekboutique.com\/hu\/wp-json\/wp\/v2\/media?parent=1041"}],"wp:term":[{"taxonomy":"product_brand","embeddable":true,"href":"https:\/\/mirekboutique.com\/hu\/wp-json\/wp\/v2\/product_brand?post=1041"},{"taxonomy":"product_cat","embeddable":true,"href":"https:\/\/mirekboutique.com\/hu\/wp-json\/wp\/v2\/product_cat?post=1041"},{"taxonomy":"product_tag","embeddable":true,"href":"https:\/\/mirekboutique.com\/hu\/wp-json\/wp\/v2\/product_tag?post=1041"}],"curies":[{"name":"wp","href":"https:\/\/api.w.org\/{rel}","templated":true}]}}