{"id":1048,"date":"2025-05-09T01:11:52","date_gmt":"2025-05-08T17:11:52","guid":{"rendered":"https:\/\/mirekboutique.com\/?post_type=product&#038;p=1048"},"modified":"2025-05-24T19:21:47","modified_gmt":"2025-05-24T11:21:47","slug":"lq142-legend-diver-perfectly-reproduced","status":"publish","type":"product","link":"https:\/\/mirekboutique.com\/hu\/termek\/lq142-legend-diver-perfectly-reproduced\/","title":{"rendered":"LQ142 Legend Diver T\u00f6k\u00e9letesen reproduk\u00e1lva"},"content":{"rendered":"<p>\u00daj lista! [Time Precipitation Classic Newborn] OS Factory \ud83c\udfaeDG1 Klasszikus Replica Legend Diver Legend sorozat\u00fa b\u00fav\u00e1r\u00f3r\u00e1k, egyedi retro text\u00fara, sokoldal\u00fa \u00fczleti \u00e9s szabadid\u0151s \u00e9s egy\u00e9b t\u00f6bb alkalomra, a kort\u00e1rs f\u00e9rfi elegancia \u00e9s b\u00e1j \u00e9rtelmez\u00e9se, az eredeti \u00f6ntv\u00e9ny, a piac exkluz\u00edv deb\u00fct\u00e1l\u00e1sa! A fel\u00fclet a tok ut\u00e1n szat\u00e9n csiszolt folyamat, tele text\u00fara, bronz anyag eset\u00e9ben az id\u0151 m\u00fal\u00e1s\u00e1val fog el\u0151\u00e1ll\u00edtani egy egyedi r\u00e9z z\u00f6ld, t\u00fckr\u00f6zi az id\u0151t a nyugodtabb \u00e9s bizonyos \u00fariember var\u00e1zsa! 2, az asztali oldal mindk\u00e9t oldal\u00e1n ugyanazzal a hiteles, k\u00e9t forg\u00f3 koron\u00e1val, k\u00e9t \u00f3rai korona a bels\u0151 k\u00f6r forgat\u00e1s\u00e1nak be\u00e1ll\u00edt\u00e1s\u00e1ra haszn\u00e1lt korona, n\u00e9gy \u00f3ra az id\u0151 be\u00e1ll\u00edt\u00e1s\u00e1ra haszn\u00e1lt korona. A korona tetej\u00e9n egy kock\u00e1s diz\u00e1jn van grav\u00edrozva, mindk\u00e9t oldalon cs\u00fasz\u00e1smentes g\u00f6dr\u00f6s mint\u00e1kkal is fel van szerelve, hogy a visel\u0151je be\u00e1ll\u00edthatja az id\u0151t! 3, az \u00fcveg val\u00f3di konzisztens, nagy \u00edv\u0171, k\u00e9toldalasan \u00edvelt, t\u00fckr\u00f6z\u0151d\u00e9smentes zaf\u00edr\u00fcveg t\u00fck\u00f6rb\u0151l k\u00e9sz\u00fclt! \ud83c\udfae4, a sz\u00e1mlap \u00e9s a hiteles k\u00f6vetkezetesen lakkozott gradiens st\u00edlus\u00fa, r\u00e9tegzett. Harmonikus sz\u00edn\u00e1rnyalat, \u00e9s a hozz\u00e1ill\u0151 kezek a hiteles lumineszcens anyaggal vannak bevonva! Az \u00f3rajelek n\u00e9gyzet alak\u00fa jelz\u0151kkel vannak berakva, amelyek Super-LumiNova lumineszcens anyaggal vannak bevonva! Biztos\u00edtja, hogy az id\u0151 f\u00e9lhom\u00e1lyos k\u00f6rnyezetben is j\u00f3l leolvashat\u00f3 legyen! 5, az \u00f3ra als\u00f3 fedele \u00e9s ugyanaz, mint a hiteles z\u00e1rt als\u00f3 kialak\u00edt\u00e1s haszn\u00e1lata, \u00e9s egy b\u00fav\u00e1r dombornyomott embl\u00e9m\u00e1val grav\u00edrozott, visszhangozva az \u00f3ra \u00e9s a b\u00fav\u00e1rkod\u00e1s m\u00e9ly gy\u00f6kereit! 6, a sz\u00edj \u00e9s ugyanaz, mint a borj\u00fab\u0151r egyedi text\u00far\u00e1j\u00fa anyag\u00e1nak hiteles haszn\u00e1lata, ugyanazzal a hiteles n\u00e9gyzet alak\u00fa csattal, k\u00f6nnyen haszn\u00e1lhat\u00f3, k\u00e9nyelmes viselet \u00e9s tart\u00f3s! 7, a mozg\u00e1s sz\u00e9les k\u00f6rben replika k\u00f6z\u00f6ss\u00e9g tiszteletben sir\u00e1ly TOP szinten! 2824 \u00f6nfelh\u00faz\u00f3s mozgalom az eredeti Cal.L888.5 mozgalom! OS gy\u00e1rt\u00e1s: k\u00e9zm\u0171vess\u00e9g, a r\u00e9szletekre \u00f6sszpontos\u00edtva! \ud83c\udfaeS1 kiv\u00e1l\u00f3 aj\u00e1nlott f\u00e9rfi mechanikus \u00f3r\u00e1k<\/p>","protected":false},"excerpt":{"rendered":"<p>\ud83d\udd25\ud83d\udd25\ud83d\udd25Az ezen a weboldalon tal\u00e1lhat\u00f3 \u00f6sszes \u00e1ru a szuper gy\u00e1rt\u00f3k \u00e1ltal k\u00e9sz\u00edtett cs\u00facsmin\u0151s\u00e9g\u0171 t\u00f6k\u00e9letes m\u00e1solatok, vadonat\u00faj \u00e9s bontatlan, a min\u0151s\u00e9g \u00e9s az \u00e9rt\u00e9kes\u00edt\u00e9s ut\u00e1ni szolg\u00e1ltat\u00e1s garant\u00e1lt!<\/p>\n<p>\u2705\u2705\u2705\u2705Mirekboutique csak kiv\u00e1l\u00f3 min\u0151s\u00e9g\u0171 term\u00e9keket gy\u00e1rt Minden \u00e1ruh\u00e1zunkban tal\u00e1lhat\u00f3 term\u00e9k az eredeti dobozban \u00e9rkezik High-end fadobozban<\/p>\n<p>\ud83c\udf39\ud83c\udf39 K\u00e9rem, nyugodtan v\u00e1s\u00e1roljon Minden \u00e1ru t\u00e1mogatja az ut\u00e1nv\u00e9tes sz\u00e1ll\u00edt\u00e1st K\u00edv\u00e1nunk boldog v\u00e1s\u00e1rl\u00e1st!<\/p>","protected":false},"featured_media":1049,"comment_status":"open","ping_status":"closed","template":"","meta":{"_monsterinsights_skip_tracking":false,"_monsterinsights_sitenote_active":false,"_monsterinsights_sitenote_note":"","_monsterinsights_sitenote_category":0,"site-sidebar-layout":"default","site-content-layout":"","ast-site-content-layout":"default","site-content-style":"default","site-sidebar-style":"default","ast-global-header-display":"","ast-banner-title-visibility":"","ast-main-header-display":"","ast-hfb-above-header-display":"","ast-hfb-below-header-display":"","ast-hfb-mobile-header-display":"","site-post-title":"","ast-breadcrumbs-content":"","ast-featured-img":"","footer-sml-layout":"","theme-transparent-header-meta":"default","adv-header-id-meta":"","stick-header-meta":"","header-above-stick-meta":"","header-main-stick-meta":"","header-below-stick-meta":"","astra-migrate-meta-layouts":"set","ast-page-background-enabled":"default","ast-page-background-meta":{"desktop":{"background-color":"var(--ast-global-color-4)","background-image":"","background-repeat":"repeat","background-position":"center center","background-size":"auto","background-attachment":"scroll","background-type":"","background-media":"","overlay-type":"","overlay-color":"","overlay-opacity":"","overlay-gradient":""},"tablet":{"background-color":"","background-image":"","background-repeat":"repeat","background-position":"center center","background-size":"auto","background-attachment":"scroll","background-type":"","background-media":"","overlay-type":"","overlay-color":"","overlay-opacity":"","overlay-gradient":""},"mobile":{"background-color":"","background-image":"","background-repeat":"repeat","background-position":"center center","background-size":"auto","background-attachment":"scroll","background-type":"","background-media":"","overlay-type":"","overlay-color":"","overlay-opacity":"","overlay-gradient":""}},"ast-content-background-meta":{"desktop":{"background-color":"var(--ast-global-color-5)","background-image":"","background-repeat":"repeat","background-position":"center center","background-size":"auto","background-attachment":"scroll","background-type":"","background-media":"","overlay-type":"","overlay-color":"","overlay-opacity":"","overlay-gradient":""},"tablet":{"background-color":"var(--ast-global-color-5)","background-image":"","background-repeat":"repeat","background-position":"center center","background-size":"auto","background-attachment":"scroll","background-type":"","background-media":"","overlay-type":"","overlay-color":"","overlay-opacity":"","overlay-gradient":""},"mobile":{"background-color":"var(--ast-global-color-5)","background-image":"","background-repeat":"repeat","background-position":"center center","background-size":"auto","background-attachment":"scroll","background-type":"","background-media":"","overlay-type":"","overlay-color":"","overlay-opacity":"","overlay-gradient":""}}},"product_brand":[],"product_cat":[34],"product_tag":[],"class_list":{"0":"post-1048","1":"product","2":"type-product","3":"status-publish","4":"has-post-thumbnail","6":"product_cat-longines","7":"desktop-align-center","8":"tablet-align-left","9":"mobile-align-left","11":"first","12":"instock","13":"sale","14":"shipping-taxable","15":"purchasable","16":"product-type-simple"},"_links":{"self":[{"href":"https:\/\/mirekboutique.com\/hu\/wp-json\/wp\/v2\/product\/1048","targetHints":{"allow":["GET"]}}],"collection":[{"href":"https:\/\/mirekboutique.com\/hu\/wp-json\/wp\/v2\/product"}],"about":[{"href":"https:\/\/mirekboutique.com\/hu\/wp-json\/wp\/v2\/types\/product"}],"replies":[{"embeddable":true,"href":"https:\/\/mirekboutique.com\/hu\/wp-json\/wp\/v2\/comments?post=1048"}],"version-history":[{"count":1,"href":"https:\/\/mirekboutique.com\/hu\/wp-json\/wp\/v2\/product\/1048\/revisions"}],"predecessor-version":[{"id":1053,"href":"https:\/\/mirekboutique.com\/hu\/wp-json\/wp\/v2\/product\/1048\/revisions\/1053"}],"wp:featuredmedia":[{"embeddable":true,"href":"https:\/\/mirekboutique.com\/hu\/wp-json\/wp\/v2\/media\/1049"}],"wp:attachment":[{"href":"https:\/\/mirekboutique.com\/hu\/wp-json\/wp\/v2\/media?parent=1048"}],"wp:term":[{"taxonomy":"product_brand","embeddable":true,"href":"https:\/\/mirekboutique.com\/hu\/wp-json\/wp\/v2\/product_brand?post=1048"},{"taxonomy":"product_cat","embeddable":true,"href":"https:\/\/mirekboutique.com\/hu\/wp-json\/wp\/v2\/product_cat?post=1048"},{"taxonomy":"product_tag","embeddable":true,"href":"https:\/\/mirekboutique.com\/hu\/wp-json\/wp\/v2\/product_tag?post=1048"}],"curies":[{"name":"wp","href":"https:\/\/api.w.org\/{rel}","templated":true}]}}