{"id":1085,"date":"2025-05-09T01:23:55","date_gmt":"2025-05-08T17:23:55","guid":{"rendered":"https:\/\/mirekboutique.com\/?post_type=product&#038;p=1085"},"modified":"2025-05-24T19:21:46","modified_gmt":"2025-05-24T11:21:46","slug":"lq147-masterpiece-moonphase-latest-model-l2-11-super-clone","status":"publish","type":"product","link":"https:\/\/mirekboutique.com\/hu\/termek\/lq147-masterpiece-moonphase-latest-model-l2-11-super-clone\/","title":{"rendered":"LQ147 Masterpiece Holdf\u00e1zis leg\u00fajabb modell L2 1:1 Super Clone"},"content":{"rendered":"<p>KL gy\u00e1r ism\u00e9t megm\u00e1szta a cs\u00facsot replika gondosan kidolgozott mesterm\u0171 holdf\u00e1zis leg\u00fajabb L2.773.4.78.6 \u00f3ra - ezer finoms\u00e1gok, konvergencia egy lemez, az elrendez\u00e9s a finom, kiv\u00e1l\u00f3 \u00e9rtelemben a kil\u00e1t\u00e1s!<br \/>\nH\u00e1rom eredeti \u00f3r\u00e1t v\u00e1s\u00e1roltak \u00e9s \u00f6nt\u00f6ttek, \u00e9s a kiv\u00e1l\u00f3 k\u00e9zm\u0171ves munka l\u00e1that\u00f3 a csukl\u00f3n.<br \/>\n[tok] \u00f3ra m\u00e9rete 40mm X 14.5mm A tok kiv\u00e1l\u00f3 min\u0151s\u00e9g\u0171 316L rozsdamentes ac\u00e9lb\u00f3l k\u00e9sz\u00fclt, f\u00e9nyes \u00e9s f\u00e9nyes, amely a l\u00e1gy vonalak eredeti f\u00e9nyes text\u00far\u00e1j\u00e1t mutatja. Fel\u00e1ll\u00f3 f\u00fclek \u00e9s a tok egy darabba \u00f6nt\u00f6tt, a k\u00e9zhez k\u00f6zeli, rendk\u00edv\u00fcl k\u00e9nyelmes viselet!<br \/>\n[Mozgalom] a Dandong 7751 mozg\u00e1st haszn\u00e1lva az eredeti L.687 t\u00edpus\u00fa mozg\u00e1s megv\u00e1ltoztat\u00e1s\u00e1ra, minden funkci\u00f3 szinkroniz\u00e1lva az eredetivel. Ez az egyik b\u00fcszke term\u00e9k a hazai mozg\u00e1s s\u00falya, \u00e9s a legjellemz\u0151bb klasszikus Longines st\u00edlus.<br \/>\n[Sz\u00f3 szerint] Longines holdf\u00e1zis vissza\u00e1ll\u00edtani a legmagasabb fok\u00fa \"b\u00fazaszem\" d\u00edsz\u00edt\u00e9s, h\u00e1romdimenzi\u00f3s nyomtat\u00e1s a fekete arab sk\u00e1la, minden bet\u0171t\u00edpus szigor\u00faan utalnak az eredeti st\u00edlus, hogy el\u00e9rj\u00e9k \u00e9s val\u00f3di cser\u00e9lhet\u0151 szintek<br \/>\n[K\u00e9z] nyolc t\u0171s holdf\u00e1zis nyolc magas h\u0151m\u00e9rs\u00e9klet\u0171 olt\u00e1s \u00e9s kov\u00e1csol\u00e1s k\u00e9kes ac\u00e9l kezek, m\u00e9ly \u00e9s megk\u00fcl\u00f6nb\u00f6ztet\u0151, csillog\u00f3. A k\u00e9k\u00edtett ac\u00e9l folyamat a legmagasabb szint\u0171 sv\u00e1jci k\u00e9zm\u0171ves, h\u00e1tt\u00e9rvil\u00e1g\u00edt\u00e1s m\u00e9ly, k\u00e1pr\u00e1zatos a f\u00e9nyre!<br \/>\n[Mozg\u00e1s] A szerkezet az eredetivel \u00f6sszhangban m\u0171k\u00f6dik - a holdf\u00e1zis, a teljes napt\u00e1r, a 24 \u00f3r\u00e1s \u00e9s a t\u00f6bbfunkci\u00f3s kronogr\u00e1f funkci\u00f3k t\u00f6k\u00e9letes kever\u00e9ke, L687 \u00f6nfelh\u00faz\u00f3s mechanikus szerkezet, 28.800 rezg\u00e9s\/\u00f3ra, ak\u00e1r 45 \u00f3ra j\u00e1r\u00e1startal\u00e9k!<br \/>\nKL gy\u00e1r] KL gy\u00e1r csak az\u00e9rt, hogy hozzon l\u00e9tre a legn\u00e9pszer\u0171bb ismer\u0151s hossz\u00fa csal\u00e1d a legmagasabb min\u0151s\u00e9g\u0171 \u00f3r\u00e1k, term\u00e9k gazdag, folyamatos javul\u00e1s, a t\u00f6rekv\u00e9s a min\u0151s\u00e9g ugyanakkor nem a piac az egyik legk\u00f6lts\u00e9ghat\u00e9konyabb gy\u00e1r, minden \u00f3ra lesz v\u00e1s\u00e1rolt, hogy nyissa meg a pen\u00e9sz az eredeti \u00faj term\u00e9k gy\u00e1rt\u00e1sa, \u00fagy, hogy az \u00f3ra a r\u00e9szleteket a text\u00fara t\u00f6k\u00e9letesen helyre\u00e1ll\u00edtj\u00e1k, itt k\u00f6sz\u00f6n\u00f6m, hogy minden egyes \u00fczletember, hogy t\u00e1mogassa a KL gy\u00e1r \u00e9s a bar\u00e1tok az \u00f3ra, mi tov\u00e1bbra is kem\u00e9nyen dolgozunk!<\/p>","protected":false},"excerpt":{"rendered":"<p>\ud83d\udd25\ud83d\udd25\ud83d\udd25Az ezen a weboldalon tal\u00e1lhat\u00f3 \u00f6sszes \u00e1ru a szuper gy\u00e1rt\u00f3k \u00e1ltal k\u00e9sz\u00edtett cs\u00facsmin\u0151s\u00e9g\u0171 t\u00f6k\u00e9letes m\u00e1solatok, vadonat\u00faj \u00e9s bontatlan, a min\u0151s\u00e9g \u00e9s az \u00e9rt\u00e9kes\u00edt\u00e9s ut\u00e1ni szolg\u00e1ltat\u00e1s garant\u00e1lt!<\/p>\n<p>\u2705\u2705\u2705\u2705Mirekboutique csak kiv\u00e1l\u00f3 min\u0151s\u00e9g\u0171 term\u00e9keket gy\u00e1rt Minden \u00e1ruh\u00e1zunkban tal\u00e1lhat\u00f3 term\u00e9k az eredeti dobozban \u00e9rkezik High-end fadobozban<\/p>\n<p>\ud83c\udf39\ud83c\udf39 K\u00e9rem, nyugodtan v\u00e1s\u00e1roljon Minden \u00e1ru t\u00e1mogatja az ut\u00e1nv\u00e9tes sz\u00e1ll\u00edt\u00e1st K\u00edv\u00e1nunk boldog v\u00e1s\u00e1rl\u00e1st!<\/p>","protected":false},"featured_media":1086,"comment_status":"open","ping_status":"closed","template":"","meta":{"_monsterinsights_skip_tracking":false,"_monsterinsights_sitenote_active":false,"_monsterinsights_sitenote_note":"","_monsterinsights_sitenote_category":0,"site-sidebar-layout":"default","site-content-layout":"","ast-site-content-layout":"default","site-content-style":"default","site-sidebar-style":"default","ast-global-header-display":"","ast-banner-title-visibility":"","ast-main-header-display":"","ast-hfb-above-header-display":"","ast-hfb-below-header-display":"","ast-hfb-mobile-header-display":"","site-post-title":"","ast-breadcrumbs-content":"","ast-featured-img":"","footer-sml-layout":"","ast-disable-related-posts":"","theme-transparent-header-meta":"default","adv-header-id-meta":"","stick-header-meta":"","header-above-stick-meta":"","header-main-stick-meta":"","header-below-stick-meta":"","astra-migrate-meta-layouts":"set","ast-page-background-enabled":"default","ast-page-background-meta":{"desktop":{"background-color":"var(--ast-global-color-4)","background-image":"","background-repeat":"repeat","background-position":"center center","background-size":"auto","background-attachment":"scroll","background-type":"","background-media":"","overlay-type":"","overlay-color":"","overlay-opacity":"","overlay-gradient":""},"tablet":{"background-color":"","background-image":"","background-repeat":"repeat","background-position":"center center","background-size":"auto","background-attachment":"scroll","background-type":"","background-media":"","overlay-type":"","overlay-color":"","overlay-opacity":"","overlay-gradient":""},"mobile":{"background-color":"","background-image":"","background-repeat":"repeat","background-position":"center center","background-size":"auto","background-attachment":"scroll","background-type":"","background-media":"","overlay-type":"","overlay-color":"","overlay-opacity":"","overlay-gradient":""}},"ast-content-background-meta":{"desktop":{"background-color":"var(--ast-global-color-5)","background-image":"","background-repeat":"repeat","background-position":"center center","background-size":"auto","background-attachment":"scroll","background-type":"","background-media":"","overlay-type":"","overlay-color":"","overlay-opacity":"","overlay-gradient":""},"tablet":{"background-color":"var(--ast-global-color-5)","background-image":"","background-repeat":"repeat","background-position":"center center","background-size":"auto","background-attachment":"scroll","background-type":"","background-media":"","overlay-type":"","overlay-color":"","overlay-opacity":"","overlay-gradient":""},"mobile":{"background-color":"var(--ast-global-color-5)","background-image":"","background-repeat":"repeat","background-position":"center center","background-size":"auto","background-attachment":"scroll","background-type":"","background-media":"","overlay-type":"","overlay-color":"","overlay-opacity":"","overlay-gradient":""}}},"product_brand":[],"product_cat":[34],"product_tag":[],"class_list":{"0":"post-1085","1":"product","2":"type-product","3":"status-publish","4":"has-post-thumbnail","6":"product_cat-longines","7":"desktop-align-center","8":"tablet-align-left","9":"mobile-align-left","11":"first","12":"instock","13":"sale","14":"shipping-taxable","15":"purchasable","16":"product-type-simple"},"_links":{"self":[{"href":"https:\/\/mirekboutique.com\/hu\/wp-json\/wp\/v2\/product\/1085","targetHints":{"allow":["GET"]}}],"collection":[{"href":"https:\/\/mirekboutique.com\/hu\/wp-json\/wp\/v2\/product"}],"about":[{"href":"https:\/\/mirekboutique.com\/hu\/wp-json\/wp\/v2\/types\/product"}],"replies":[{"embeddable":true,"href":"https:\/\/mirekboutique.com\/hu\/wp-json\/wp\/v2\/comments?post=1085"}],"version-history":[{"count":1,"href":"https:\/\/mirekboutique.com\/hu\/wp-json\/wp\/v2\/product\/1085\/revisions"}],"predecessor-version":[{"id":1091,"href":"https:\/\/mirekboutique.com\/hu\/wp-json\/wp\/v2\/product\/1085\/revisions\/1091"}],"wp:featuredmedia":[{"embeddable":true,"href":"https:\/\/mirekboutique.com\/hu\/wp-json\/wp\/v2\/media\/1086"}],"wp:attachment":[{"href":"https:\/\/mirekboutique.com\/hu\/wp-json\/wp\/v2\/media?parent=1085"}],"wp:term":[{"taxonomy":"product_brand","embeddable":true,"href":"https:\/\/mirekboutique.com\/hu\/wp-json\/wp\/v2\/product_brand?post=1085"},{"taxonomy":"product_cat","embeddable":true,"href":"https:\/\/mirekboutique.com\/hu\/wp-json\/wp\/v2\/product_cat?post=1085"},{"taxonomy":"product_tag","embeddable":true,"href":"https:\/\/mirekboutique.com\/hu\/wp-json\/wp\/v2\/product_tag?post=1085"}],"curies":[{"name":"wp","href":"https:\/\/api.w.org\/{rel}","templated":true}]}}