{"id":1159,"date":"2025-05-09T01:42:05","date_gmt":"2025-05-08T17:42:05","guid":{"rendered":"https:\/\/mirekboutique.com\/?post_type=product&#038;p=1159"},"modified":"2025-05-24T19:21:46","modified_gmt":"2025-05-24T11:21:46","slug":"omg221-omg-speedmaster-310-32-42-50-02-001-11-super-clone","status":"publish","type":"product","link":"https:\/\/mirekboutique.com\/hu\/termek\/omg221-omg-speedmaster-310-32-42-50-02-001-11-super-clone\/","title":{"rendered":"OMG221 Omg Speedmaster 310.32.42.50.02.001 1:1 Super Clone Omg Speedmaster 310.32.42.50.02.001 1:1 Super Clone"},"content":{"rendered":"<p>N1Factory Omg Speedmaster 310.32.42.50.02.001<br \/>\nSnoopy 50. \u00e9vfordul\u00f3ja \"Teljes verzi\u00f3\"<br \/>\nA V4-es verzi\u00f3 konkr\u00e9t friss\u00edt\u00e9sei a k\u00f6vetkez\u0151k:<br \/>\n1: A tok mindk\u00e9t oldal\u00e1n l\u00e9v\u0151 v\u00e9s\u00e9s \u00e9s a csiszolt fel\u00fclet megfelel az eredetinek.<br \/>\n2: A ker\u00e1mia gy\u0171r\u0171 a l\u00fcnett\u00e1n ugyanolyan sz\u00edn\u0171, mint az eredeti.<br \/>\n3: A mozgalom 3861 k\u00e9zi felh\u00faz\u00e1s elfogadja az eredeti verzi\u00f3val \u00f6sszhangban, a mozgalom sz\u00e1mos szempontb\u00f3l friss\u00fclt \u00e9s javult, \u00e9s stabilabb, mint kor\u00e1bban.<br \/>\n4: Az ac\u00e9l \u00f6vmodellek \u00f6sszhangban vannak a k\u00fclf\u00f6ldi hivatalos honlap eredeti v\u00e1ltozat\u00e1val, hogy l\u00e9trehozzanak egy form\u00e1t, val\u00f3ban 1-1 a verzi\u00f3hoz.<br \/>\n5: A legfels\u0151bb kronom\u00e9ter tan\u00fas\u00edt\u00f3 k\u00e1rty\u00e1val, szinkroniz\u00e1lt indukci\u00f3 k\u00f6zvetlen\u00fcl a hivatalos honlapon a megfelel\u0151 modellekhez!<br \/>\nN1 produkci\u00f3, elvisz a legt\u00f6k\u00e9letesebb Snoopy \u0171rutaz\u00e1sra!<\/p>","protected":false},"excerpt":{"rendered":"<p>\ud83d\udd25\ud83d\udd25\ud83d\udd25Az ezen a weboldalon tal\u00e1lhat\u00f3 \u00f6sszes \u00e1ru a szuper gy\u00e1rt\u00f3k \u00e1ltal k\u00e9sz\u00edtett cs\u00facsmin\u0151s\u00e9g\u0171 t\u00f6k\u00e9letes m\u00e1solatok, vadonat\u00faj \u00e9s bontatlan, a min\u0151s\u00e9g \u00e9s az \u00e9rt\u00e9kes\u00edt\u00e9s ut\u00e1ni szolg\u00e1ltat\u00e1s garant\u00e1lt!<\/p>\n<p>\u2705\u2705\u2705\u2705Mirekboutique csak kiv\u00e1l\u00f3 min\u0151s\u00e9g\u0171 term\u00e9keket gy\u00e1rt Minden \u00e1ruh\u00e1zunkban tal\u00e1lhat\u00f3 term\u00e9k az eredeti dobozban \u00e9rkezik High-end fadobozban<\/p>\n<p>\ud83c\udf39\ud83c\udf39 K\u00e9rem, nyugodtan v\u00e1s\u00e1roljon Minden \u00e1ru t\u00e1mogatja az ut\u00e1nv\u00e9tes sz\u00e1ll\u00edt\u00e1st K\u00edv\u00e1nunk boldog v\u00e1s\u00e1rl\u00e1st!<\/p>","protected":false},"featured_media":1160,"comment_status":"open","ping_status":"closed","template":"","meta":{"_monsterinsights_skip_tracking":false,"_monsterinsights_sitenote_active":false,"_monsterinsights_sitenote_note":"","_monsterinsights_sitenote_category":0,"site-sidebar-layout":"default","site-content-layout":"","ast-site-content-layout":"default","site-content-style":"default","site-sidebar-style":"default","ast-global-header-display":"","ast-banner-title-visibility":"","ast-main-header-display":"","ast-hfb-above-header-display":"","ast-hfb-below-header-display":"","ast-hfb-mobile-header-display":"","site-post-title":"","ast-breadcrumbs-content":"","ast-featured-img":"","footer-sml-layout":"","theme-transparent-header-meta":"default","adv-header-id-meta":"","stick-header-meta":"","header-above-stick-meta":"","header-main-stick-meta":"","header-below-stick-meta":"","astra-migrate-meta-layouts":"set","ast-page-background-enabled":"default","ast-page-background-meta":{"desktop":{"background-color":"var(--ast-global-color-4)","background-image":"","background-repeat":"repeat","background-position":"center center","background-size":"auto","background-attachment":"scroll","background-type":"","background-media":"","overlay-type":"","overlay-color":"","overlay-opacity":"","overlay-gradient":""},"tablet":{"background-color":"","background-image":"","background-repeat":"repeat","background-position":"center center","background-size":"auto","background-attachment":"scroll","background-type":"","background-media":"","overlay-type":"","overlay-color":"","overlay-opacity":"","overlay-gradient":""},"mobile":{"background-color":"","background-image":"","background-repeat":"repeat","background-position":"center center","background-size":"auto","background-attachment":"scroll","background-type":"","background-media":"","overlay-type":"","overlay-color":"","overlay-opacity":"","overlay-gradient":""}},"ast-content-background-meta":{"desktop":{"background-color":"var(--ast-global-color-5)","background-image":"","background-repeat":"repeat","background-position":"center center","background-size":"auto","background-attachment":"scroll","background-type":"","background-media":"","overlay-type":"","overlay-color":"","overlay-opacity":"","overlay-gradient":""},"tablet":{"background-color":"var(--ast-global-color-5)","background-image":"","background-repeat":"repeat","background-position":"center center","background-size":"auto","background-attachment":"scroll","background-type":"","background-media":"","overlay-type":"","overlay-color":"","overlay-opacity":"","overlay-gradient":""},"mobile":{"background-color":"var(--ast-global-color-5)","background-image":"","background-repeat":"repeat","background-position":"center center","background-size":"auto","background-attachment":"scroll","background-type":"","background-media":"","overlay-type":"","overlay-color":"","overlay-opacity":"","overlay-gradient":""}}},"product_brand":[],"product_cat":[37],"product_tag":[],"class_list":{"0":"post-1159","1":"product","2":"type-product","3":"status-publish","4":"has-post-thumbnail","6":"product_cat-omega","7":"desktop-align-center","8":"tablet-align-left","9":"mobile-align-left","11":"first","12":"instock","13":"sale","14":"shipping-taxable","15":"purchasable","16":"product-type-simple"},"_links":{"self":[{"href":"https:\/\/mirekboutique.com\/hu\/wp-json\/wp\/v2\/product\/1159","targetHints":{"allow":["GET"]}}],"collection":[{"href":"https:\/\/mirekboutique.com\/hu\/wp-json\/wp\/v2\/product"}],"about":[{"href":"https:\/\/mirekboutique.com\/hu\/wp-json\/wp\/v2\/types\/product"}],"replies":[{"embeddable":true,"href":"https:\/\/mirekboutique.com\/hu\/wp-json\/wp\/v2\/comments?post=1159"}],"version-history":[{"count":1,"href":"https:\/\/mirekboutique.com\/hu\/wp-json\/wp\/v2\/product\/1159\/revisions"}],"predecessor-version":[{"id":1166,"href":"https:\/\/mirekboutique.com\/hu\/wp-json\/wp\/v2\/product\/1159\/revisions\/1166"}],"wp:featuredmedia":[{"embeddable":true,"href":"https:\/\/mirekboutique.com\/hu\/wp-json\/wp\/v2\/media\/1160"}],"wp:attachment":[{"href":"https:\/\/mirekboutique.com\/hu\/wp-json\/wp\/v2\/media?parent=1159"}],"wp:term":[{"taxonomy":"product_brand","embeddable":true,"href":"https:\/\/mirekboutique.com\/hu\/wp-json\/wp\/v2\/product_brand?post=1159"},{"taxonomy":"product_cat","embeddable":true,"href":"https:\/\/mirekboutique.com\/hu\/wp-json\/wp\/v2\/product_cat?post=1159"},{"taxonomy":"product_tag","embeddable":true,"href":"https:\/\/mirekboutique.com\/hu\/wp-json\/wp\/v2\/product_tag?post=1159"}],"curies":[{"name":"wp","href":"https:\/\/api.w.org\/{rel}","templated":true}]}}