{"id":1175,"date":"2025-05-09T01:46:11","date_gmt":"2025-05-08T17:46:11","guid":{"rendered":"https:\/\/mirekboutique.com\/?post_type=product&#038;p=1175"},"modified":"2025-05-24T19:21:46","modified_gmt":"2025-05-24T11:21:46","slug":"omg223-omg-seamaster-worldtimer-220-30-43-22-10-001-11-super-clone","status":"publish","type":"product","link":"https:\/\/mirekboutique.com\/hu\/termek\/omg223-omg-seamaster-worldtimer-220-30-43-22-10-001-11-super-clone\/","title":{"rendered":"OMG223 Omg Seamaster Worldtimer 220.30.43.22.10.001 1:1 Szuper kl\u00f3n"},"content":{"rendered":"<p>N1Factory<br \/>\nOmg Seamaster Worldtimer 220.30.43.22.10.001<br \/>\n1: eset: val\u00f3di sablon \u00f6nt\u00e9s \u00e9s val\u00f3di k\u00f6vetkezetes 43 \u00e1tm\u00e9r\u0151j\u0171 (kiv\u00e9ve a sajt\u00f3 csepp) \"legt\u00f6bb\" vissza\u00e1ll\u00edtani a finom csillog\u00e1s \u00e9s puha text\u00fara a val\u00f3di esetben, eset amplit\u00fad\u00f3, el\u00e9r\u00e9se \u00e9s val\u00f3di univerz\u00e1lis shell k\u00e9szlet tartoz\u00e9kok<br \/>\n2: \u00fcveg: kiz\u00e1r\u00f3lagos haszn\u00e1lata \u00edves \u00edv\u0171 k\u00e9toldalas antireflexi\u00f3s kop\u00e1s\u00e1ll\u00f3 zaf\u00edr \u00fcveg t\u00fck\u00f6r, zaf\u00edr krist\u00e1ly t\u00fck\u00f6r bevonat\u00fa antireflexi\u00f3s nagy \u00e1tl\u00e1tsz\u00f3s\u00e1g\u00fa krist\u00e1lyfilm, \u00fagy, hogy az olvas\u00e1si funkci\u00f3 el\u00e9r\u00e9se \u00e9rdek\u00e9ben a \"legjobb\"!<br \/>\n3:Irodalom: t\u00e1rcs\u00e1z\u00f3 sz\u00edn egy \u00e9vig tartott a sz\u00ednkever\u00e9s t\u00fal a<br \/>\n4: t\u0171: mutat\u00f3 minden finom pol\u00edroz\u00e1s \u00e9s sz\u00f3 k\u00f6r\u00f6m sz\u00edn \u00e9s val\u00f3di t\u00f3nus\u00fa k\u00f6vetkezetes, f\u00e9nyes \u00e9s sz\u00f3 k\u00f6r\u00f6m szuper vil\u00e1g\u00edt\u00f3 sz\u00edn k\u00f6vetkezetes, f\u00e9lelem n\u00e9lk\u00fcli olvas\u00e1s a s\u00f6t\u00e9tben, b\u00facs\u00fat a piaci \u00e1ruk feh\u00e9r, vil\u00e1g\u00edt\u00f3 hat\u00e1s k\u00f6vetkezetlen probl\u00e9m\u00e1k.<br \/>\n5: a mozgalom haszn\u00e1lt 8938 mozg\u00e1s \u00f6nfelh\u00faz\u00f3s mozg\u00e1s, teljes\u00edtm\u00e9nytartal\u00e9k el\u00e9rte a 48 \u00f3r\u00e1t<br \/>\n6 sz\u00edj: val\u00f3di nyitott, \u00f6nt\u00f6tt 904 ac\u00e9l sz\u00edj A min\u0151s\u00e9g<br \/>\n7: Csat: Egyszer\u0171 \u00e9s t\u00f6m\u00f6r, a kop\u00e1s lerombol\u00e1sa csak egy szempillant\u00e1s alatt!<br \/>\nN1 vil\u00e1gid\u0151 term\u00e9k, mennyezeti szint\u0171 \u00fcdv\u00f6zl\u0151 j\u00e1t\u00e9kosok k\u00f3stol\u00f3ja (N1 term\u00e9knek j\u00f3nak kell lennie)<\/p>","protected":false},"excerpt":{"rendered":"<p>\ud83d\udd25\ud83d\udd25\ud83d\udd25Az ezen a weboldalon tal\u00e1lhat\u00f3 \u00f6sszes \u00e1ru a szuper gy\u00e1rt\u00f3k \u00e1ltal k\u00e9sz\u00edtett cs\u00facsmin\u0151s\u00e9g\u0171 t\u00f6k\u00e9letes m\u00e1solatok, vadonat\u00faj \u00e9s bontatlan, a min\u0151s\u00e9g \u00e9s az \u00e9rt\u00e9kes\u00edt\u00e9s ut\u00e1ni szolg\u00e1ltat\u00e1s garant\u00e1lt!<\/p>\n<p>\u2705\u2705\u2705\u2705Mirekboutique csak kiv\u00e1l\u00f3 min\u0151s\u00e9g\u0171 term\u00e9keket gy\u00e1rt Minden \u00e1ruh\u00e1zunkban tal\u00e1lhat\u00f3 term\u00e9k az eredeti dobozban \u00e9rkezik High-end fadobozban<\/p>\n<p>\ud83c\udf39\ud83c\udf39 K\u00e9rem, nyugodtan v\u00e1s\u00e1roljon Minden \u00e1ru t\u00e1mogatja az ut\u00e1nv\u00e9tes sz\u00e1ll\u00edt\u00e1st K\u00edv\u00e1nunk boldog v\u00e1s\u00e1rl\u00e1st!<\/p>","protected":false},"featured_media":1176,"comment_status":"open","ping_status":"closed","template":"","meta":{"_monsterinsights_skip_tracking":false,"_monsterinsights_sitenote_active":false,"_monsterinsights_sitenote_note":"","_monsterinsights_sitenote_category":0,"site-sidebar-layout":"default","site-content-layout":"","ast-site-content-layout":"default","site-content-style":"default","site-sidebar-style":"default","ast-global-header-display":"","ast-banner-title-visibility":"","ast-main-header-display":"","ast-hfb-above-header-display":"","ast-hfb-below-header-display":"","ast-hfb-mobile-header-display":"","site-post-title":"","ast-breadcrumbs-content":"","ast-featured-img":"","footer-sml-layout":"","theme-transparent-header-meta":"default","adv-header-id-meta":"","stick-header-meta":"","header-above-stick-meta":"","header-main-stick-meta":"","header-below-stick-meta":"","astra-migrate-meta-layouts":"set","ast-page-background-enabled":"default","ast-page-background-meta":{"desktop":{"background-color":"var(--ast-global-color-4)","background-image":"","background-repeat":"repeat","background-position":"center center","background-size":"auto","background-attachment":"scroll","background-type":"","background-media":"","overlay-type":"","overlay-color":"","overlay-opacity":"","overlay-gradient":""},"tablet":{"background-color":"","background-image":"","background-repeat":"repeat","background-position":"center center","background-size":"auto","background-attachment":"scroll","background-type":"","background-media":"","overlay-type":"","overlay-color":"","overlay-opacity":"","overlay-gradient":""},"mobile":{"background-color":"","background-image":"","background-repeat":"repeat","background-position":"center center","background-size":"auto","background-attachment":"scroll","background-type":"","background-media":"","overlay-type":"","overlay-color":"","overlay-opacity":"","overlay-gradient":""}},"ast-content-background-meta":{"desktop":{"background-color":"var(--ast-global-color-5)","background-image":"","background-repeat":"repeat","background-position":"center center","background-size":"auto","background-attachment":"scroll","background-type":"","background-media":"","overlay-type":"","overlay-color":"","overlay-opacity":"","overlay-gradient":""},"tablet":{"background-color":"var(--ast-global-color-5)","background-image":"","background-repeat":"repeat","background-position":"center center","background-size":"auto","background-attachment":"scroll","background-type":"","background-media":"","overlay-type":"","overlay-color":"","overlay-opacity":"","overlay-gradient":""},"mobile":{"background-color":"var(--ast-global-color-5)","background-image":"","background-repeat":"repeat","background-position":"center center","background-size":"auto","background-attachment":"scroll","background-type":"","background-media":"","overlay-type":"","overlay-color":"","overlay-opacity":"","overlay-gradient":""}}},"product_brand":[],"product_cat":[37],"product_tag":[],"class_list":{"0":"post-1175","1":"product","2":"type-product","3":"status-publish","4":"has-post-thumbnail","6":"product_cat-omega","7":"desktop-align-center","8":"tablet-align-left","9":"mobile-align-left","11":"first","12":"instock","13":"sale","14":"shipping-taxable","15":"purchasable","16":"product-type-simple"},"_links":{"self":[{"href":"https:\/\/mirekboutique.com\/hu\/wp-json\/wp\/v2\/product\/1175","targetHints":{"allow":["GET"]}}],"collection":[{"href":"https:\/\/mirekboutique.com\/hu\/wp-json\/wp\/v2\/product"}],"about":[{"href":"https:\/\/mirekboutique.com\/hu\/wp-json\/wp\/v2\/types\/product"}],"replies":[{"embeddable":true,"href":"https:\/\/mirekboutique.com\/hu\/wp-json\/wp\/v2\/comments?post=1175"}],"version-history":[{"count":1,"href":"https:\/\/mirekboutique.com\/hu\/wp-json\/wp\/v2\/product\/1175\/revisions"}],"predecessor-version":[{"id":1182,"href":"https:\/\/mirekboutique.com\/hu\/wp-json\/wp\/v2\/product\/1175\/revisions\/1182"}],"wp:featuredmedia":[{"embeddable":true,"href":"https:\/\/mirekboutique.com\/hu\/wp-json\/wp\/v2\/media\/1176"}],"wp:attachment":[{"href":"https:\/\/mirekboutique.com\/hu\/wp-json\/wp\/v2\/media?parent=1175"}],"wp:term":[{"taxonomy":"product_brand","embeddable":true,"href":"https:\/\/mirekboutique.com\/hu\/wp-json\/wp\/v2\/product_brand?post=1175"},{"taxonomy":"product_cat","embeddable":true,"href":"https:\/\/mirekboutique.com\/hu\/wp-json\/wp\/v2\/product_cat?post=1175"},{"taxonomy":"product_tag","embeddable":true,"href":"https:\/\/mirekboutique.com\/hu\/wp-json\/wp\/v2\/product_tag?post=1175"}],"curies":[{"name":"wp","href":"https:\/\/api.w.org\/{rel}","templated":true}]}}