{"id":1298,"date":"2025-05-09T02:18:10","date_gmt":"2025-05-08T18:18:10","guid":{"rendered":"https:\/\/mirekboutique.com\/?post_type=product&#038;p=1298"},"modified":"2025-05-24T19:21:44","modified_gmt":"2025-05-24T11:21:44","slug":"bd001-3kaquanaut-5167a-001-11-super-clone-from-a-super-factory","status":"publish","type":"product","link":"https:\/\/mirekboutique.com\/hu\/termek\/bd001-3kaquanaut-5167a-001-11-super-clone-from-a-super-factory\/","title":{"rendered":"BD001 3KAquanaut 5167A-001 1:1 szuper kl\u00f3n egy szuper gy\u00e1rb\u00f3l"},"content":{"rendered":"<p>3K-Factory A legk\u00e9zm\u0171vesebb 3KAquanaut 5167A-001 Full line \u00e9rkezik H\u00e1rom \u00e9v ut\u00e1n v\u00e9gre el\u00e9rhet\u0151v\u00e9 v\u00e1lt Isten kiv\u00e1l\u00f3 munk\u00e1ja! Egy igazi Baida Cal.324-es mozdulat, az els\u0151 istenadta, az eredetihez hasonl\u00edthat\u00f3! Welcome counter \u00f6sszehasonl\u00edt\u00e1s \ud83d\ude06 \ud83d\ude06 term\u00e9kek j\u00f6tt a semmib\u0151l Breakthrough hagyom\u00e1nyos gondolkod\u00e1s, hogy val\u00f3ban egy replika term\u00e9k \u00f6sszehasonl\u00edthat\u00f3 az eredeti term\u00e9k jellemz\u0151i (h\u00e1rom egyedi, val\u00f3ban nem k\u00fcl\u00f6nb\u00f6z\u0151) 1.az egyetlen a piacon, \u00e9s a val\u00f3di v\u00e1ltozat a tok m\u00e9rete 40mm * 8.1mm val\u00f3ban nem k\u00fcl\u00f6nb\u00f6z\u0151 helyre\u00e1ll\u00edt\u00e1sa az ikonikus design a Patek Philippe nyolcsz\u00f6g! 2. Az egyetlen a piacon a megjelen\u00e9se a mozg\u00e1s \u00e9s az eredeti mozg\u00e1s 324sc nincs k\u00fcl\u00f6nbs\u00e9g! Ak\u00e1r a mozg\u00e1s megjelen\u00e9se vagy vastags\u00e1ga, hogy val\u00f3ban nincs k\u00fcl\u00f6nbs\u00e9g! Mozg\u00e1s tartoz\u00e9kok lehet t\u00f6bb cser\u00e9lhet\u0151 az eredeti, hogy nem gr\u00e1n\u00e1t replika a legmagasabb szinten! 3. A piac az egyetlen v\u00e1ltozata a kompozit szalag, \u00e9s a csukl\u00f3 a val\u00f3di testreszabott elhelyez\u00e9se f\u00e9m gy\u0171sz\u0171, el\u00e9g ahhoz, hogy kezelni minden v\u00e1ratlan. A t\u00e1bl\u00e1zat egy k\u00f3d] 3K \"gr\u00e1n\u00e1t\" vannak felszerelve Patek Pe limit\u00e1lt kiad\u00e1s\u00fa utaz\u00e1si doboz, am\u00edg a k\u00e9szletek tartanak egy asztal egy doboz Egyetlen elsz\u00e1nt, hogy nem a leger\u0151sebb m\u00e1solat!<\/p>","protected":false},"excerpt":{"rendered":"<p>\ud83d\udd25\ud83d\udd25\ud83d\udd25Az ezen a weboldalon tal\u00e1lhat\u00f3 \u00f6sszes \u00e1ru a szuper gy\u00e1rt\u00f3k \u00e1ltal k\u00e9sz\u00edtett cs\u00facsmin\u0151s\u00e9g\u0171 t\u00f6k\u00e9letes m\u00e1solatok, vadonat\u00faj \u00e9s bontatlan, a min\u0151s\u00e9g \u00e9s az \u00e9rt\u00e9kes\u00edt\u00e9s ut\u00e1ni szolg\u00e1ltat\u00e1s garant\u00e1lt!<\/p>\n<p>\u2705\u2705\u2705\u2705Mirekboutique csak kiv\u00e1l\u00f3 min\u0151s\u00e9g\u0171 term\u00e9keket gy\u00e1rt Minden \u00e1ruh\u00e1zunkban tal\u00e1lhat\u00f3 term\u00e9k az eredeti dobozban \u00e9rkezik High-end fadobozban<\/p>\n<p>\ud83c\udf39\ud83c\udf39 K\u00e9rem, nyugodtan v\u00e1s\u00e1roljon Minden \u00e1ru t\u00e1mogatja az ut\u00e1nv\u00e9tes sz\u00e1ll\u00edt\u00e1st K\u00edv\u00e1nunk boldog v\u00e1s\u00e1rl\u00e1st!<\/p>","protected":false},"featured_media":1299,"comment_status":"open","ping_status":"closed","template":"","meta":{"_monsterinsights_skip_tracking":false,"_monsterinsights_sitenote_active":false,"_monsterinsights_sitenote_note":"","_monsterinsights_sitenote_category":0,"site-sidebar-layout":"default","site-content-layout":"","ast-site-content-layout":"default","site-content-style":"default","site-sidebar-style":"default","ast-global-header-display":"","ast-banner-title-visibility":"","ast-main-header-display":"","ast-hfb-above-header-display":"","ast-hfb-below-header-display":"","ast-hfb-mobile-header-display":"","site-post-title":"","ast-breadcrumbs-content":"","ast-featured-img":"","footer-sml-layout":"","theme-transparent-header-meta":"default","adv-header-id-meta":"","stick-header-meta":"","header-above-stick-meta":"","header-main-stick-meta":"","header-below-stick-meta":"","astra-migrate-meta-layouts":"set","ast-page-background-enabled":"default","ast-page-background-meta":{"desktop":{"background-color":"var(--ast-global-color-4)","background-image":"","background-repeat":"repeat","background-position":"center center","background-size":"auto","background-attachment":"scroll","background-type":"","background-media":"","overlay-type":"","overlay-color":"","overlay-opacity":"","overlay-gradient":""},"tablet":{"background-color":"","background-image":"","background-repeat":"repeat","background-position":"center center","background-size":"auto","background-attachment":"scroll","background-type":"","background-media":"","overlay-type":"","overlay-color":"","overlay-opacity":"","overlay-gradient":""},"mobile":{"background-color":"","background-image":"","background-repeat":"repeat","background-position":"center center","background-size":"auto","background-attachment":"scroll","background-type":"","background-media":"","overlay-type":"","overlay-color":"","overlay-opacity":"","overlay-gradient":""}},"ast-content-background-meta":{"desktop":{"background-color":"var(--ast-global-color-5)","background-image":"","background-repeat":"repeat","background-position":"center center","background-size":"auto","background-attachment":"scroll","background-type":"","background-media":"","overlay-type":"","overlay-color":"","overlay-opacity":"","overlay-gradient":""},"tablet":{"background-color":"var(--ast-global-color-5)","background-image":"","background-repeat":"repeat","background-position":"center center","background-size":"auto","background-attachment":"scroll","background-type":"","background-media":"","overlay-type":"","overlay-color":"","overlay-opacity":"","overlay-gradient":""},"mobile":{"background-color":"var(--ast-global-color-5)","background-image":"","background-repeat":"repeat","background-position":"center center","background-size":"auto","background-attachment":"scroll","background-type":"","background-media":"","overlay-type":"","overlay-color":"","overlay-opacity":"","overlay-gradient":""}}},"product_brand":[],"product_cat":[18],"product_tag":[],"class_list":{"0":"post-1298","1":"product","2":"type-product","3":"status-publish","4":"has-post-thumbnail","6":"product_cat-patek-philippe","7":"desktop-align-center","8":"tablet-align-left","9":"mobile-align-left","11":"first","12":"instock","13":"sale","14":"shipping-taxable","15":"purchasable","16":"product-type-simple"},"_links":{"self":[{"href":"https:\/\/mirekboutique.com\/hu\/wp-json\/wp\/v2\/product\/1298","targetHints":{"allow":["GET"]}}],"collection":[{"href":"https:\/\/mirekboutique.com\/hu\/wp-json\/wp\/v2\/product"}],"about":[{"href":"https:\/\/mirekboutique.com\/hu\/wp-json\/wp\/v2\/types\/product"}],"replies":[{"embeddable":true,"href":"https:\/\/mirekboutique.com\/hu\/wp-json\/wp\/v2\/comments?post=1298"}],"version-history":[{"count":1,"href":"https:\/\/mirekboutique.com\/hu\/wp-json\/wp\/v2\/product\/1298\/revisions"}],"predecessor-version":[{"id":1304,"href":"https:\/\/mirekboutique.com\/hu\/wp-json\/wp\/v2\/product\/1298\/revisions\/1304"}],"wp:featuredmedia":[{"embeddable":true,"href":"https:\/\/mirekboutique.com\/hu\/wp-json\/wp\/v2\/media\/1299"}],"wp:attachment":[{"href":"https:\/\/mirekboutique.com\/hu\/wp-json\/wp\/v2\/media?parent=1298"}],"wp:term":[{"taxonomy":"product_brand","embeddable":true,"href":"https:\/\/mirekboutique.com\/hu\/wp-json\/wp\/v2\/product_brand?post=1298"},{"taxonomy":"product_cat","embeddable":true,"href":"https:\/\/mirekboutique.com\/hu\/wp-json\/wp\/v2\/product_cat?post=1298"},{"taxonomy":"product_tag","embeddable":true,"href":"https:\/\/mirekboutique.com\/hu\/wp-json\/wp\/v2\/product_tag?post=1298"}],"curies":[{"name":"wp","href":"https:\/\/api.w.org\/{rel}","templated":true}]}}