{"id":1334,"date":"2025-05-09T02:29:31","date_gmt":"2025-05-08T18:29:31","guid":{"rendered":"https:\/\/mirekboutique.com\/?post_type=product&#038;p=1334"},"modified":"2025-05-24T19:21:44","modified_gmt":"2025-05-24T11:21:44","slug":"bd006-classic-5153-11-super-clone-from-a-super-factory","status":"publish","type":"product","link":"https:\/\/mirekboutique.com\/hu\/termek\/bd006-classic-5153-11-super-clone-from-a-super-factory\/","title":{"rendered":"BD006 Classic 5153 1:1 szuper kl\u00f3n egy szuper gy\u00e1rb\u00f3l"},"content":{"rendered":"<p>ZF k\u00e9zm\u0171ves \"core\" gy\u00e1rtott Classic works - Bada klasszikus 5153 sorozat\u00fa \u00f3r\u00e1k, eleg\u00e1ns \u00e9s ~! Csod\u00e1latos r\u00e9szletek] \u00d3ra m\u00e9rete 38mmX10mm 1. Case pol\u00edroz\u00e1s: annak \u00e9rdek\u00e9ben, hogy folytassa a hat\u00e1s a val\u00f3di meleg \u00e9s nedves, mint a jade, ZF \u00f3r\u00e1smesterek gondosan csiszol\u00e1s, lass\u00fa \u00e9s gondos munka. 2. Porv\u00e9d\u0151 \u00e9s kagyl\u00f3 csukl\u00f3s mechanizmus, hasonl\u00f3an a val\u00f3di, \u00e9les \u00e9rz\u00e9ssel rendelkez\u0151 eredetihez. 3. Sk\u00e1la \u00e9s a kezek, a leg\u00fajabb nemesf\u00e9m bevon\u00e1si elj\u00e1r\u00e1s haszn\u00e1lata, a magasabb szint\u0171 hat\u00e1s. 4. Pot cover t\u00edpus\u00fa\" mikro-konvex zaf\u00edr \u00f3rat\u00fck\u00f6r, v\u00e1ltozat \u00e9s ugyanaz, mint a val\u00f3di, a hat\u00e1s az \u00e1ttetsz\u0151, felismerve az id\u0151t vil\u00e1gosan. 5. Nemesf\u00e9m ac\u00e9l pecs\u00e9t h\u00e1romdimenzi\u00f3s norm\u00e1k, tiszta \u00e9s \u00e9l\u00e9nk. 6! Vezet\u0151 a korszak egy darabb\u00f3l \u00e1ll\u00f3 g\u00e9p] A Cal.324 egyr\u00e9szes g\u00e9p testreszabott v\u00e1ltozat\u00e1nak elfogad\u00e1sa - v\u00e9konyabb, stabilabb, hasonl\u00f3bb. A legfontosabb dolog az, hogy a szimul\u00e1ci\u00f3s fok line\u00e1risan emelkedett. [Strap] Klasszikus olasz borj\u00fab\u0151r sz\u00edj vil\u00e1gos szemcs\u00e9kkel \u00e9s j\u00f3 text\u00far\u00e1val. A piac legjobb Patek Philippe l\u00e1mp\u00e1s csatj\u00e1nak k\u00f6r\u00e9vel, univerz\u00e1lis eredeti nyom\u00e1s n\u00e9lk\u00fcl. Confucious tartsa be, \u00f6r\u00f6k klasszikus, alacsony kulcs\u00fa t\u00f6k\u00e9letes, asztal az \u00fariember!<\/p>","protected":false},"excerpt":{"rendered":"<p>\ud83d\udd25\ud83d\udd25\ud83d\udd25Az ezen a weboldalon tal\u00e1lhat\u00f3 \u00f6sszes \u00e1ru a szuper gy\u00e1rt\u00f3k \u00e1ltal k\u00e9sz\u00edtett cs\u00facsmin\u0151s\u00e9g\u0171 t\u00f6k\u00e9letes m\u00e1solatok, vadonat\u00faj \u00e9s bontatlan, a min\u0151s\u00e9g \u00e9s az \u00e9rt\u00e9kes\u00edt\u00e9s ut\u00e1ni szolg\u00e1ltat\u00e1s garant\u00e1lt!<\/p>\n<p>\u2705\u2705\u2705\u2705Mirekboutique csak kiv\u00e1l\u00f3 min\u0151s\u00e9g\u0171 term\u00e9keket gy\u00e1rt Minden \u00e1ruh\u00e1zunkban tal\u00e1lhat\u00f3 term\u00e9k az eredeti dobozban \u00e9rkezik High-end fadobozban<\/p>\n<p>\ud83c\udf39\ud83c\udf39 K\u00e9rem, nyugodtan v\u00e1s\u00e1roljon Minden \u00e1ru t\u00e1mogatja az ut\u00e1nv\u00e9tes sz\u00e1ll\u00edt\u00e1st K\u00edv\u00e1nunk boldog v\u00e1s\u00e1rl\u00e1st!<\/p>","protected":false},"featured_media":1335,"comment_status":"open","ping_status":"closed","template":"","meta":{"_monsterinsights_skip_tracking":false,"_monsterinsights_sitenote_active":false,"_monsterinsights_sitenote_note":"","_monsterinsights_sitenote_category":0,"site-sidebar-layout":"default","site-content-layout":"","ast-site-content-layout":"default","site-content-style":"default","site-sidebar-style":"default","ast-global-header-display":"","ast-banner-title-visibility":"","ast-main-header-display":"","ast-hfb-above-header-display":"","ast-hfb-below-header-display":"","ast-hfb-mobile-header-display":"","site-post-title":"","ast-breadcrumbs-content":"","ast-featured-img":"","footer-sml-layout":"","theme-transparent-header-meta":"default","adv-header-id-meta":"","stick-header-meta":"","header-above-stick-meta":"","header-main-stick-meta":"","header-below-stick-meta":"","astra-migrate-meta-layouts":"set","ast-page-background-enabled":"default","ast-page-background-meta":{"desktop":{"background-color":"var(--ast-global-color-4)","background-image":"","background-repeat":"repeat","background-position":"center center","background-size":"auto","background-attachment":"scroll","background-type":"","background-media":"","overlay-type":"","overlay-color":"","overlay-opacity":"","overlay-gradient":""},"tablet":{"background-color":"","background-image":"","background-repeat":"repeat","background-position":"center center","background-size":"auto","background-attachment":"scroll","background-type":"","background-media":"","overlay-type":"","overlay-color":"","overlay-opacity":"","overlay-gradient":""},"mobile":{"background-color":"","background-image":"","background-repeat":"repeat","background-position":"center center","background-size":"auto","background-attachment":"scroll","background-type":"","background-media":"","overlay-type":"","overlay-color":"","overlay-opacity":"","overlay-gradient":""}},"ast-content-background-meta":{"desktop":{"background-color":"var(--ast-global-color-5)","background-image":"","background-repeat":"repeat","background-position":"center center","background-size":"auto","background-attachment":"scroll","background-type":"","background-media":"","overlay-type":"","overlay-color":"","overlay-opacity":"","overlay-gradient":""},"tablet":{"background-color":"var(--ast-global-color-5)","background-image":"","background-repeat":"repeat","background-position":"center center","background-size":"auto","background-attachment":"scroll","background-type":"","background-media":"","overlay-type":"","overlay-color":"","overlay-opacity":"","overlay-gradient":""},"mobile":{"background-color":"var(--ast-global-color-5)","background-image":"","background-repeat":"repeat","background-position":"center center","background-size":"auto","background-attachment":"scroll","background-type":"","background-media":"","overlay-type":"","overlay-color":"","overlay-opacity":"","overlay-gradient":""}}},"product_brand":[],"product_cat":[18],"product_tag":[],"class_list":{"0":"post-1334","1":"product","2":"type-product","3":"status-publish","4":"has-post-thumbnail","6":"product_cat-patek-philippe","7":"desktop-align-center","8":"tablet-align-left","9":"mobile-align-left","11":"first","12":"instock","13":"sale","14":"shipping-taxable","15":"purchasable","16":"product-type-simple"},"_links":{"self":[{"href":"https:\/\/mirekboutique.com\/hu\/wp-json\/wp\/v2\/product\/1334","targetHints":{"allow":["GET"]}}],"collection":[{"href":"https:\/\/mirekboutique.com\/hu\/wp-json\/wp\/v2\/product"}],"about":[{"href":"https:\/\/mirekboutique.com\/hu\/wp-json\/wp\/v2\/types\/product"}],"replies":[{"embeddable":true,"href":"https:\/\/mirekboutique.com\/hu\/wp-json\/wp\/v2\/comments?post=1334"}],"version-history":[{"count":1,"href":"https:\/\/mirekboutique.com\/hu\/wp-json\/wp\/v2\/product\/1334\/revisions"}],"predecessor-version":[{"id":1340,"href":"https:\/\/mirekboutique.com\/hu\/wp-json\/wp\/v2\/product\/1334\/revisions\/1340"}],"wp:featuredmedia":[{"embeddable":true,"href":"https:\/\/mirekboutique.com\/hu\/wp-json\/wp\/v2\/media\/1335"}],"wp:attachment":[{"href":"https:\/\/mirekboutique.com\/hu\/wp-json\/wp\/v2\/media?parent=1334"}],"wp:term":[{"taxonomy":"product_brand","embeddable":true,"href":"https:\/\/mirekboutique.com\/hu\/wp-json\/wp\/v2\/product_brand?post=1334"},{"taxonomy":"product_cat","embeddable":true,"href":"https:\/\/mirekboutique.com\/hu\/wp-json\/wp\/v2\/product_cat?post=1334"},{"taxonomy":"product_tag","embeddable":true,"href":"https:\/\/mirekboutique.com\/hu\/wp-json\/wp\/v2\/product_tag?post=1334"}],"curies":[{"name":"wp","href":"https:\/\/api.w.org\/{rel}","templated":true}]}}