{"id":1348,"date":"2025-05-09T02:35:55","date_gmt":"2025-05-08T18:35:55","guid":{"rendered":"https:\/\/mirekboutique.com\/?post_type=product&#038;p=1348"},"modified":"2025-05-24T19:21:44","modified_gmt":"2025-05-24T11:21:44","slug":"bd008-ai-fantasy-star-watch-11-super-clone","status":"publish","type":"product","link":"https:\/\/mirekboutique.com\/hu\/termek\/bd008-ai-fantasy-star-watch-11-super-clone\/","title":{"rendered":"BD008 AI Fantasy Fantasy Star Watch 1:1 Super Clone 1:1 kl\u00f3n"},"content":{"rendered":"<p>AI Fantasy Star \u00f3ra j\u00f6tt ki a semmib\u0151l, \u00e9s \u00e9lt, hogy a nev\u00e9t: igazi csillag p\u00e1lya sz\u00e1mlap szerint a val\u00f3di 745 \u00f3ra egy k\u00f6r. Pontosan ugyanaz, mint a hiteles, exkluz\u00edv h\u00e1romr\u00e9teg\u0171 sz\u00e1mlap t\u00f6k\u00e9letes m\u00e1solata az eredeti \u00f3ra! Sz\u00e1ll\u00edt\u00e1sa ellen sz\u00e1ll\u00edt\u00f3dobozban!<br \/>\n\"Az arisztokr\u00e1cia szimb\u00f3luma\" A PP Sky Moon Watches az \u00e9szaki f\u00e9lteke legsz\u00e9d\u00edt\u0151bb csillagos \u00e9jszakai \u00e9gboltj\u00e1nak panor\u00e1mak\u00e9p\u00e9t tartalmazza, egy egyed\u00fcl\u00e1ll\u00f3, h\u00e1romr\u00e9teg\u0171, k\u00fcl\u00f6nb\u00f6z\u0151 sebess\u00e9ggel forg\u00f3 sz\u00e1mlapon, amely pontosan megjelen\u00edti a csillagok \u00e9s az \u00e9jszakai \u00e9gbolton kering\u0151 Hold bolt\u00edves panor\u00e1mak\u00e9p\u00e9t. A csillagt\u00e9rk\u00e9p h\u00e1rom k\u00fcl\u00f6nb\u00f6z\u0151 korongb\u00f3l \u00e1ll: k\u00e9t korong a csillagos \u00e9gbolt h\u00e1tter\u00e9t \u00e9s a holdf\u00e1zisokat, valamint egy \u00e1tl\u00e1tsz\u00f3 krist\u00e1lykorong a csillagt\u00e9rk\u00e9pet \u00e9s a Tejutat mutatja. Az \u00f3ra- \u00e9s percmutat\u00f3k f\u0171zfalevelek alakj\u00e1ban \u00e1tt\u00f6rtek a sz\u00e1mlapon, a k\u00e9k sz\u00e1mlapon ez\u00fcstsz\u00fcrke, a fekete sz\u00e1mlapon kr\u00e9msz\u00edn\u0171 mutat\u00f3kkal. A k\u00f6z\u00e9ppontban egy t\u00f6m\u00f6r, csiszolt k\u00f6zponti tengely van, amely megfelel az eredetinek \u00e9s exkluz\u00edvnak. Az \u00e1tl\u00e1tsz\u00f3 tokfedel\u00e9n l\u00e1that\u00f3 a 240 LU CL C gy\u00f6ngyh\u00e1zf\u00e9ny\u0171 tourbillon-kaliber, amelynek \u00e1tm\u00e9r\u0151je 38 mm, vastags\u00e1ga 6,81 mm, 315 alkatr\u00e9sz, 12 h\u00edd, 45 \u00e9kszer, 28 800\/\u00f3r\u00e1s rezg\u00e9ssz\u00e1m, 48 \u00f3r\u00e1s maxim\u00e1lis j\u00e1r\u00e1startal\u00e9k \u00e9s egy 22 kar\u00e1tos aranyb\u00f3l k\u00e9sz\u00fclt, k\u00f6zponton k\u00edv\u00fcli miniat\u0171r rezg\u0151s\u00faly. A gyorskiold\u00f3 sz\u00edj egy k\u00e9zzel varrott, vil\u00e1gos sz\u00edn\u0171, n\u00e9gyzet alak\u00fa sk\u00e1lamint\u00e1s, \u00f6sszecsukhat\u00f3 csatos sz\u00edj. 2 \u00f3rai foganty\u00fa az \u00e1tl\u00e1tsz\u00f3 asztrol\u00f3giai sz\u00e1mlap be\u00e1ll\u00edt\u00e1s\u00e1hoz, hogy egyidej\u0171leg leolvassa a holdf\u00e1zisok idej\u00e9t, az \u00e1tl\u00e1tsz\u00f3 asztrol\u00f3giai sz\u00e1mlap havonta egyszer fordul, 4 \u00f3rai foganty\u00fa az asztrol\u00f3giai sz\u00e1mlap be\u00e1ll\u00edt\u00e1s\u00e1hoz, kerek \u25cb ablak a holdf\u00e1zisok megjelen\u00edt\u00e9s\u00e9hez, a 6 \u00f3rai tok gy\u00e9m\u00e1ntba van csomagolva, mint az eredeti, amely soha nem esik ki a gy\u00e9m\u00e1ntokb\u00f3l! Ez a legleny\u0171g\u00f6z\u0151bb szuperkomplex \u00f3ramodell, amelyet az AI gy\u00e1r fejlesztett ki \u00e9s gy\u00e1rtott, viselje az eg\u00e9sz csillagos \u00e9gboltot a csukl\u00f3j\u00e1n, meg\u00e9rdemli!<\/p>","protected":false},"excerpt":{"rendered":"<p>\ud83d\udd25\ud83d\udd25\ud83d\udd25Az ezen a weboldalon tal\u00e1lhat\u00f3 \u00f6sszes \u00e1ru a szuper gy\u00e1rt\u00f3k \u00e1ltal k\u00e9sz\u00edtett cs\u00facsmin\u0151s\u00e9g\u0171 t\u00f6k\u00e9letes m\u00e1solatok, vadonat\u00faj \u00e9s bontatlan, a min\u0151s\u00e9g \u00e9s az \u00e9rt\u00e9kes\u00edt\u00e9s ut\u00e1ni szolg\u00e1ltat\u00e1s garant\u00e1lt!<\/p>\n<p>\u2705\u2705\u2705\u2705Mirekboutique csak kiv\u00e1l\u00f3 min\u0151s\u00e9g\u0171 term\u00e9keket gy\u00e1rt Minden \u00e1ruh\u00e1zunkban tal\u00e1lhat\u00f3 term\u00e9k az eredeti dobozban \u00e9rkezik High-end fadobozban<\/p>\n<p>\ud83c\udf39\ud83c\udf39 K\u00e9rem, nyugodtan v\u00e1s\u00e1roljon Minden \u00e1ru t\u00e1mogatja az ut\u00e1nv\u00e9tes sz\u00e1ll\u00edt\u00e1st K\u00edv\u00e1nunk boldog v\u00e1s\u00e1rl\u00e1st!<\/p>","protected":false},"featured_media":1349,"comment_status":"open","ping_status":"closed","template":"","meta":{"_monsterinsights_skip_tracking":false,"_monsterinsights_sitenote_active":false,"_monsterinsights_sitenote_note":"","_monsterinsights_sitenote_category":0,"site-sidebar-layout":"default","site-content-layout":"","ast-site-content-layout":"default","site-content-style":"default","site-sidebar-style":"default","ast-global-header-display":"","ast-banner-title-visibility":"","ast-main-header-display":"","ast-hfb-above-header-display":"","ast-hfb-below-header-display":"","ast-hfb-mobile-header-display":"","site-post-title":"","ast-breadcrumbs-content":"","ast-featured-img":"","footer-sml-layout":"","theme-transparent-header-meta":"default","adv-header-id-meta":"","stick-header-meta":"","header-above-stick-meta":"","header-main-stick-meta":"","header-below-stick-meta":"","astra-migrate-meta-layouts":"set","ast-page-background-enabled":"default","ast-page-background-meta":{"desktop":{"background-color":"var(--ast-global-color-4)","background-image":"","background-repeat":"repeat","background-position":"center center","background-size":"auto","background-attachment":"scroll","background-type":"","background-media":"","overlay-type":"","overlay-color":"","overlay-opacity":"","overlay-gradient":""},"tablet":{"background-color":"","background-image":"","background-repeat":"repeat","background-position":"center center","background-size":"auto","background-attachment":"scroll","background-type":"","background-media":"","overlay-type":"","overlay-color":"","overlay-opacity":"","overlay-gradient":""},"mobile":{"background-color":"","background-image":"","background-repeat":"repeat","background-position":"center center","background-size":"auto","background-attachment":"scroll","background-type":"","background-media":"","overlay-type":"","overlay-color":"","overlay-opacity":"","overlay-gradient":""}},"ast-content-background-meta":{"desktop":{"background-color":"var(--ast-global-color-5)","background-image":"","background-repeat":"repeat","background-position":"center center","background-size":"auto","background-attachment":"scroll","background-type":"","background-media":"","overlay-type":"","overlay-color":"","overlay-opacity":"","overlay-gradient":""},"tablet":{"background-color":"var(--ast-global-color-5)","background-image":"","background-repeat":"repeat","background-position":"center center","background-size":"auto","background-attachment":"scroll","background-type":"","background-media":"","overlay-type":"","overlay-color":"","overlay-opacity":"","overlay-gradient":""},"mobile":{"background-color":"var(--ast-global-color-5)","background-image":"","background-repeat":"repeat","background-position":"center center","background-size":"auto","background-attachment":"scroll","background-type":"","background-media":"","overlay-type":"","overlay-color":"","overlay-opacity":"","overlay-gradient":""}}},"product_brand":[],"product_cat":[18],"product_tag":[],"class_list":{"0":"post-1348","1":"product","2":"type-product","3":"status-publish","4":"has-post-thumbnail","6":"product_cat-patek-philippe","7":"desktop-align-center","8":"tablet-align-left","9":"mobile-align-left","11":"first","12":"instock","13":"sale","14":"shipping-taxable","15":"purchasable","16":"product-type-simple"},"_links":{"self":[{"href":"https:\/\/mirekboutique.com\/hu\/wp-json\/wp\/v2\/product\/1348","targetHints":{"allow":["GET"]}}],"collection":[{"href":"https:\/\/mirekboutique.com\/hu\/wp-json\/wp\/v2\/product"}],"about":[{"href":"https:\/\/mirekboutique.com\/hu\/wp-json\/wp\/v2\/types\/product"}],"replies":[{"embeddable":true,"href":"https:\/\/mirekboutique.com\/hu\/wp-json\/wp\/v2\/comments?post=1348"}],"version-history":[{"count":1,"href":"https:\/\/mirekboutique.com\/hu\/wp-json\/wp\/v2\/product\/1348\/revisions"}],"predecessor-version":[{"id":1354,"href":"https:\/\/mirekboutique.com\/hu\/wp-json\/wp\/v2\/product\/1348\/revisions\/1354"}],"wp:featuredmedia":[{"embeddable":true,"href":"https:\/\/mirekboutique.com\/hu\/wp-json\/wp\/v2\/media\/1349"}],"wp:attachment":[{"href":"https:\/\/mirekboutique.com\/hu\/wp-json\/wp\/v2\/media?parent=1348"}],"wp:term":[{"taxonomy":"product_brand","embeddable":true,"href":"https:\/\/mirekboutique.com\/hu\/wp-json\/wp\/v2\/product_brand?post=1348"},{"taxonomy":"product_cat","embeddable":true,"href":"https:\/\/mirekboutique.com\/hu\/wp-json\/wp\/v2\/product_cat?post=1348"},{"taxonomy":"product_tag","embeddable":true,"href":"https:\/\/mirekboutique.com\/hu\/wp-json\/wp\/v2\/product_tag?post=1348"}],"curies":[{"name":"wp","href":"https:\/\/api.w.org\/{rel}","templated":true}]}}