{"id":1369,"date":"2025-05-09T02:42:30","date_gmt":"2025-05-08T18:42:30","guid":{"rendered":"https:\/\/mirekboutique.com\/?post_type=product&#038;p=1369"},"modified":"2025-05-24T19:21:44","modified_gmt":"2025-05-24T11:21:44","slug":"bd011-pp-calatrava-11-super-clone-from-a-super-factory","status":"publish","type":"product","link":"https:\/\/mirekboutique.com\/hu\/termek\/bd011-pp-calatrava-11-super-clone-from-a-super-factory\/","title":{"rendered":"BD011 PP Calatrava 1:1 szuper kl\u00f3n egy szuper gy\u00e1rb\u00f3l"},"content":{"rendered":"<p>\u00dajdons\u00e1g a PPF hongkongi gy\u00e1r\u00e1b\u00f3l - PP Calatrava Ref. 5226G-001 tok: A Calatrava kollekci\u00f3 lekerek\u00edtett \u00e9s sima tokform\u00e1j\u00e1r\u00f3l h\u00edres. Ma a PP \u00e1tvette ezt a jellemz\u0151t, \u00e9s \u00fajratervezte a tok oldalsz\u00e9lein tal\u00e1lhat\u00f3 p\u00e1rizsi szegecs mot\u00edvummal. A p\u00e1rizsi szegecs mot\u00edvum egy klasszikus Patek Philippe elem, amelyet a Calatrava Parisian Studded Ref. 6119 2021-ben, \u00e9s a tervez\u0151k egy speci\u00e1lis tokszerkezetet fejlesztettek ki, amely lehet\u0151v\u00e9 teszi, hogy a f\u00fclek a tok h\u00e1tlapj\u00e1ba integr\u00e1l\u00f3djanak, \u00edgy a p\u00e1rizsi szegecsek teljes eg\u00e9sz\u00e9ben elfedik a tok oldal\u00e1t. a Hk gy\u00e1r az eredetihez hasonl\u00f3an form\u00e1zta a tokot! Irodalom: A Hk: A fasz\u00e9nsz\u00fcrke sz\u00e1mlap vintage ihlet\u00e9s\u0171, a sz\u00e9lein fekete sz\u00edn\u00e1tmenettel \u00e9s a vintage f\u00e9nyk\u00e9pez\u0151g\u00e9pek tokjaira eml\u00e9keztet\u0151 finom szemcs\u00e9z\u00e9ssel. A sz\u00e1mlapot h\u00e1romdimenzi\u00f3s feh\u00e9rarany bet\u0171k eg\u00e9sz\u00edtik ki, lumineszk\u00e1l\u00f3 b\u00e9zs sz\u00edn\u0171 bevonattal \u00e9s egy visszafogott \"track\" m\u00e1sodperces sk\u00e1l\u00e1val. A feh\u00e9rarany hengeres \u00f3ra- \u00e9s percmutat\u00f3k lumineszcens b\u00e9zs sz\u00edn\u0171 bevonattal vannak ell\u00e1tva, a 3 \u00f3r\u00e1n\u00e1l l\u00e9v\u0151 d\u00e1tumablakon pedig fekete h\u00e1tt\u00e9r el\u0151tt b\u00e9zs sz\u00edn\u0171 felirat l\u00e1that\u00f3 Mozg\u00e1s: A PPF Manufacture az import\u00e1lt 9015-\u00f6s kalibert haszn\u00e1lja alap kaliberk\u00e9nt, amelyet \u00e1talak\u00edtottak \u00e9s tov\u00e1bbfejlesztettek! Az \u00f3ram\u0171 v\u00e9sett hidakkal, pol\u00edrozott \u00e9lekkel, halsz\u00e1lk\u00e1s \u00e9s C\u00f4tes de Gen\u00e8ve d\u00edsz\u00edt\u00e9ssel a nagy \u00e9s kis hidakon, aranyozott v\u00e9s\u00e9ssel a hidak fel\u00fclet\u00e9n, pol\u00edrozott \u00e9s v\u00e9sett csavarm\u00e9lyed\u00e9sekkel, valamint a klasszikus Patek Philippe dupla P jelz\u00e9ssel van ell\u00e1tva! P\u00e1nt: Az \u00faj Ref. 5226G-001 k\u00e9t cser\u00e9lhet\u0151 sz\u00edjjal kaphat\u00f3, az egyik b\u00e9zs sz\u00edn\u0171 vel\u00far borj\u00fab\u0151rb\u0151l, a m\u00e1sik fekete borj\u00fab\u0151rb\u0151l, dombornyomott text\u00far\u00e1j\u00fa mint\u00e1val \u00e9s b\u00e9zs sz\u00edn\u0171 varr\u00e1ssal. Mindk\u00e9t sz\u00edj feh\u00e9rarany t\u00fcsk\u00e9scsattal \u00e9s gyorskiold\u00f3 f\u00fclekkel van ell\u00e1tva, \u00edgy a sz\u00edjcsere m\u0171velete m\u00e9g k\u00e9nyelmesebb\u00e9 v\u00e1lik! A PPF gy\u00e1r nem fog felrobbanni, folyamatosan fejl\u0151dik, \u00e9s tov\u00e1bbra is eredeti min\u0151s\u00e9gi \u00f3r\u00e1k m\u00e1solatait fogja l\u00e9trehozni az \u00f3r\u00e1k szerelmeseinek az \u00e9let minden ter\u00fclet\u00e9n.<\/p>","protected":false},"excerpt":{"rendered":"<p>\ud83d\udd25\ud83d\udd25\ud83d\udd25Az ezen a weboldalon tal\u00e1lhat\u00f3 \u00f6sszes \u00e1ru a szuper gy\u00e1rt\u00f3k \u00e1ltal k\u00e9sz\u00edtett cs\u00facsmin\u0151s\u00e9g\u0171 t\u00f6k\u00e9letes m\u00e1solatok, vadonat\u00faj \u00e9s bontatlan, a min\u0151s\u00e9g \u00e9s az \u00e9rt\u00e9kes\u00edt\u00e9s ut\u00e1ni szolg\u00e1ltat\u00e1s garant\u00e1lt!<\/p>\n<p>\u2705\u2705\u2705\u2705Mirekboutique csak kiv\u00e1l\u00f3 min\u0151s\u00e9g\u0171 term\u00e9keket gy\u00e1rt Minden \u00e1ruh\u00e1zunkban tal\u00e1lhat\u00f3 term\u00e9k az eredeti dobozban \u00e9rkezik High-end fadobozban<\/p>\n<p>\ud83c\udf39\ud83c\udf39 K\u00e9rem, nyugodtan v\u00e1s\u00e1roljon Minden \u00e1ru t\u00e1mogatja az ut\u00e1nv\u00e9tes sz\u00e1ll\u00edt\u00e1st K\u00edv\u00e1nunk boldog v\u00e1s\u00e1rl\u00e1st!<\/p>","protected":false},"featured_media":1370,"comment_status":"open","ping_status":"closed","template":"","meta":{"_monsterinsights_skip_tracking":false,"_monsterinsights_sitenote_active":false,"_monsterinsights_sitenote_note":"","_monsterinsights_sitenote_category":0,"site-sidebar-layout":"default","site-content-layout":"","ast-site-content-layout":"default","site-content-style":"default","site-sidebar-style":"default","ast-global-header-display":"","ast-banner-title-visibility":"","ast-main-header-display":"","ast-hfb-above-header-display":"","ast-hfb-below-header-display":"","ast-hfb-mobile-header-display":"","site-post-title":"","ast-breadcrumbs-content":"","ast-featured-img":"","footer-sml-layout":"","theme-transparent-header-meta":"default","adv-header-id-meta":"","stick-header-meta":"","header-above-stick-meta":"","header-main-stick-meta":"","header-below-stick-meta":"","astra-migrate-meta-layouts":"set","ast-page-background-enabled":"default","ast-page-background-meta":{"desktop":{"background-color":"var(--ast-global-color-4)","background-image":"","background-repeat":"repeat","background-position":"center center","background-size":"auto","background-attachment":"scroll","background-type":"","background-media":"","overlay-type":"","overlay-color":"","overlay-opacity":"","overlay-gradient":""},"tablet":{"background-color":"","background-image":"","background-repeat":"repeat","background-position":"center center","background-size":"auto","background-attachment":"scroll","background-type":"","background-media":"","overlay-type":"","overlay-color":"","overlay-opacity":"","overlay-gradient":""},"mobile":{"background-color":"","background-image":"","background-repeat":"repeat","background-position":"center center","background-size":"auto","background-attachment":"scroll","background-type":"","background-media":"","overlay-type":"","overlay-color":"","overlay-opacity":"","overlay-gradient":""}},"ast-content-background-meta":{"desktop":{"background-color":"var(--ast-global-color-5)","background-image":"","background-repeat":"repeat","background-position":"center center","background-size":"auto","background-attachment":"scroll","background-type":"","background-media":"","overlay-type":"","overlay-color":"","overlay-opacity":"","overlay-gradient":""},"tablet":{"background-color":"var(--ast-global-color-5)","background-image":"","background-repeat":"repeat","background-position":"center center","background-size":"auto","background-attachment":"scroll","background-type":"","background-media":"","overlay-type":"","overlay-color":"","overlay-opacity":"","overlay-gradient":""},"mobile":{"background-color":"var(--ast-global-color-5)","background-image":"","background-repeat":"repeat","background-position":"center center","background-size":"auto","background-attachment":"scroll","background-type":"","background-media":"","overlay-type":"","overlay-color":"","overlay-opacity":"","overlay-gradient":""}}},"product_brand":[],"product_cat":[18],"product_tag":[],"class_list":{"0":"post-1369","1":"product","2":"type-product","3":"status-publish","4":"has-post-thumbnail","6":"product_cat-patek-philippe","7":"desktop-align-center","8":"tablet-align-left","9":"mobile-align-left","11":"first","12":"instock","13":"sale","14":"shipping-taxable","15":"purchasable","16":"product-type-simple"},"_links":{"self":[{"href":"https:\/\/mirekboutique.com\/hu\/wp-json\/wp\/v2\/product\/1369","targetHints":{"allow":["GET"]}}],"collection":[{"href":"https:\/\/mirekboutique.com\/hu\/wp-json\/wp\/v2\/product"}],"about":[{"href":"https:\/\/mirekboutique.com\/hu\/wp-json\/wp\/v2\/types\/product"}],"replies":[{"embeddable":true,"href":"https:\/\/mirekboutique.com\/hu\/wp-json\/wp\/v2\/comments?post=1369"}],"version-history":[{"count":1,"href":"https:\/\/mirekboutique.com\/hu\/wp-json\/wp\/v2\/product\/1369\/revisions"}],"predecessor-version":[{"id":1375,"href":"https:\/\/mirekboutique.com\/hu\/wp-json\/wp\/v2\/product\/1369\/revisions\/1375"}],"wp:featuredmedia":[{"embeddable":true,"href":"https:\/\/mirekboutique.com\/hu\/wp-json\/wp\/v2\/media\/1370"}],"wp:attachment":[{"href":"https:\/\/mirekboutique.com\/hu\/wp-json\/wp\/v2\/media?parent=1369"}],"wp:term":[{"taxonomy":"product_brand","embeddable":true,"href":"https:\/\/mirekboutique.com\/hu\/wp-json\/wp\/v2\/product_brand?post=1369"},{"taxonomy":"product_cat","embeddable":true,"href":"https:\/\/mirekboutique.com\/hu\/wp-json\/wp\/v2\/product_cat?post=1369"},{"taxonomy":"product_tag","embeddable":true,"href":"https:\/\/mirekboutique.com\/hu\/wp-json\/wp\/v2\/product_tag?post=1369"}],"curies":[{"name":"wp","href":"https:\/\/api.w.org\/{rel}","templated":true}]}}