{"id":1468,"date":"2025-05-09T03:16:13","date_gmt":"2025-05-08T19:16:13","guid":{"rendered":"https:\/\/mirekboutique.com\/?post_type=product&#038;p=1468"},"modified":"2025-05-24T19:34:49","modified_gmt":"2025-05-24T11:34:49","slug":"lcd187-rm35-02-11-super-clone","status":"publish","type":"product","link":"https:\/\/mirekboutique.com\/hu\/termek\/lcd187-rm35-02-11-super-clone\/","title":{"rendered":"LCD187 RM35-02 1:1 szuper kl\u00f3n"},"content":{"rendered":"<p>A ZF.Factory ism\u00e9t leny\u0171g\u00f6zte az \u00f3ravil\u00e1got, \u00e9s hivatalosan is megnyitotta az RM35-02 \u00faj m\u00e9rf\u00f6ldk\u00f6v\u00e9t!<br \/>\n1) Case, az \u00f3ra k\u00e9sz\u00fclt high-tech TPT [kvarc sz\u00e1l] anyag, m\u00e9rete 49.94 * 44.5MM, vastags\u00e1ga nem t\u00f6bb, mint 45\u03bcm szilikasz\u00e1l r\u00e9teg, egy speci\u00e1lis automatiz\u00e1lt vez\u00e9rl\u0151rendszer \u00e9s speci\u00e1lis gyanta sz\u00e1lak \u00f6sszefon\u00f3dott sz\u00f6v\u00e9s, a sz\u00e1lak k\u00f6z\u00f6tt a k\u00fcl\u00f6nb\u00f6z\u0151 r\u00e9tegek \u00f6sszefon\u00f3dnak 45 fokos sz\u00f6gben egy h\u00e1roml\u00e9pcs\u0151s magas h\u0151m\u00e9rs\u00e9klet\u0171 kemence, f\u0171t\u00f6tt 120 Celsius fok, majd k\u00fcld\u00f6tt a ProArt feldolgoz\u00e1s. Form\u00e1z\u00e1s. A term\u00e9szetes kvarcsz\u00e1lak feh\u00e9r sz\u00edn\u0171ek, k\u00f6nny\u0171ek, \u00fct\u00e9s\u00e1ll\u00f3ak, nem allerg\u00e9n \u00e9s UV-\u00e1ll\u00f3ak.<br \/>\n2) Az \u00faj, egyr\u00e9szes Calibre RMAL1 kaliber\u0171 \u00f3ram\u0171 homokf\u00favott, 5. fokozat\u00fa tit\u00e1n alaplemezzel \u00e9s hidakkal rendelkezik, amelyeket PVD\/Titaly elj\u00e1r\u00e1ssal kezeltek a maxim\u00e1lis merevs\u00e9g \u00e9s a sima fel\u00fcletek biztos\u00edt\u00e1sa \u00e9rdek\u00e9ben. A jellegzetes, v\u00e1ltoz\u00f3 geometri\u00e1j\u00fa egyens\u00faly, amely a hat k\u00fcl\u00f6nb\u00f6z\u0151 sz\u00e1rnysz\u00e1rny poz\u00edci\u00f3j\u00e1nak be\u00e1ll\u00edt\u00e1s\u00e1val gyorsabban vagy lassabban felh\u00fazhat\u00f3, 28.800 VPH inerci\u00e1lis rezg\u00e9si frekvenci\u00e1val rendelkezik, \u00e9s a nagyobb \u00e9s stabilabb nyomat\u00e9k biztos\u00edt\u00e1sa \u00e9rdek\u00e9ben dupla cs\u0151rendszerrel van felszerelve. Emellett 55 \u00f3r\u00e1s j\u00e1r\u00e1startal\u00e9kot is k\u00edn\u00e1l.<br \/>\nR\u00e1ad\u00e1sul a ZF \u00e1ltal kiadott \u00faj, egyr\u00e9szes RMAL1 kaliber az egyetlen a piacon, amely a m\u00e9rleg felett \u00e9s alatt val\u00f3di feh\u00e9r \u00e9kk\u00f6veket haszn\u00e1l egy egyr\u00e9szes alaplapon, ami az igazi! Ez egyben a legnagyobb k\u00fcl\u00f6nbs\u00e9g a piaci (m\u00e1s gy\u00e1rt\u00f3k) foltos \u00e9kk\u00f6vekt\u0151l! Ez a ZF sz\u00e1m\u00e1ra hatalmas el\u0151rel\u00e9p\u00e9s a kutat\u00e1s-fejleszt\u00e9s ter\u00e9n!<\/p>","protected":false},"excerpt":{"rendered":"<p>\ud83d\udd25\ud83d\udd25\ud83d\udd25Az ezen a weboldalon tal\u00e1lhat\u00f3 \u00f6sszes \u00e1ru a szuper gy\u00e1rt\u00f3k \u00e1ltal k\u00e9sz\u00edtett cs\u00facsmin\u0151s\u00e9g\u0171 t\u00f6k\u00e9letes m\u00e1solatok, vadonat\u00faj \u00e9s bontatlan, a min\u0151s\u00e9g \u00e9s az \u00e9rt\u00e9kes\u00edt\u00e9s ut\u00e1ni szolg\u00e1ltat\u00e1s garant\u00e1lt!<\/p>\n<p>\u2705\u2705\u2705\u2705Mirekboutique csak kiv\u00e1l\u00f3 min\u0151s\u00e9g\u0171 term\u00e9keket gy\u00e1rt Minden \u00e1ruh\u00e1zunkban tal\u00e1lhat\u00f3 term\u00e9k az eredeti dobozban \u00e9rkezik High-end fadobozban<\/p>\n<p>\ud83c\udf39\ud83c\udf39 K\u00e9rem, nyugodtan v\u00e1s\u00e1roljon Minden \u00e1ru t\u00e1mogatja az ut\u00e1nv\u00e9tes sz\u00e1ll\u00edt\u00e1st K\u00edv\u00e1nunk boldog v\u00e1s\u00e1rl\u00e1st!<\/p>","protected":false},"featured_media":1469,"comment_status":"open","ping_status":"closed","template":"","meta":{"_monsterinsights_skip_tracking":false,"_monsterinsights_sitenote_active":false,"_monsterinsights_sitenote_note":"","_monsterinsights_sitenote_category":0,"site-sidebar-layout":"default","site-content-layout":"","ast-site-content-layout":"default","site-content-style":"default","site-sidebar-style":"default","ast-global-header-display":"","ast-banner-title-visibility":"","ast-main-header-display":"","ast-hfb-above-header-display":"","ast-hfb-below-header-display":"","ast-hfb-mobile-header-display":"","site-post-title":"","ast-breadcrumbs-content":"","ast-featured-img":"","footer-sml-layout":"","theme-transparent-header-meta":"default","adv-header-id-meta":"","stick-header-meta":"","header-above-stick-meta":"","header-main-stick-meta":"","header-below-stick-meta":"","astra-migrate-meta-layouts":"set","ast-page-background-enabled":"default","ast-page-background-meta":{"desktop":{"background-color":"var(--ast-global-color-4)","background-image":"","background-repeat":"repeat","background-position":"center center","background-size":"auto","background-attachment":"scroll","background-type":"","background-media":"","overlay-type":"","overlay-color":"","overlay-opacity":"","overlay-gradient":""},"tablet":{"background-color":"","background-image":"","background-repeat":"repeat","background-position":"center center","background-size":"auto","background-attachment":"scroll","background-type":"","background-media":"","overlay-type":"","overlay-color":"","overlay-opacity":"","overlay-gradient":""},"mobile":{"background-color":"","background-image":"","background-repeat":"repeat","background-position":"center center","background-size":"auto","background-attachment":"scroll","background-type":"","background-media":"","overlay-type":"","overlay-color":"","overlay-opacity":"","overlay-gradient":""}},"ast-content-background-meta":{"desktop":{"background-color":"var(--ast-global-color-5)","background-image":"","background-repeat":"repeat","background-position":"center center","background-size":"auto","background-attachment":"scroll","background-type":"","background-media":"","overlay-type":"","overlay-color":"","overlay-opacity":"","overlay-gradient":""},"tablet":{"background-color":"var(--ast-global-color-5)","background-image":"","background-repeat":"repeat","background-position":"center center","background-size":"auto","background-attachment":"scroll","background-type":"","background-media":"","overlay-type":"","overlay-color":"","overlay-opacity":"","overlay-gradient":""},"mobile":{"background-color":"var(--ast-global-color-5)","background-image":"","background-repeat":"repeat","background-position":"center center","background-size":"auto","background-attachment":"scroll","background-type":"","background-media":"","overlay-type":"","overlay-color":"","overlay-opacity":"","overlay-gradient":""}}},"product_brand":[],"product_cat":[36],"product_tag":[],"class_list":{"0":"post-1468","1":"product","2":"type-product","3":"status-publish","4":"has-post-thumbnail","6":"product_cat-richard","7":"desktop-align-center","8":"tablet-align-left","9":"mobile-align-left","11":"first","12":"instock","13":"sale","14":"shipping-taxable","15":"purchasable","16":"product-type-simple"},"_links":{"self":[{"href":"https:\/\/mirekboutique.com\/hu\/wp-json\/wp\/v2\/product\/1468","targetHints":{"allow":["GET"]}}],"collection":[{"href":"https:\/\/mirekboutique.com\/hu\/wp-json\/wp\/v2\/product"}],"about":[{"href":"https:\/\/mirekboutique.com\/hu\/wp-json\/wp\/v2\/types\/product"}],"replies":[{"embeddable":true,"href":"https:\/\/mirekboutique.com\/hu\/wp-json\/wp\/v2\/comments?post=1468"}],"version-history":[{"count":1,"href":"https:\/\/mirekboutique.com\/hu\/wp-json\/wp\/v2\/product\/1468\/revisions"}],"predecessor-version":[{"id":1474,"href":"https:\/\/mirekboutique.com\/hu\/wp-json\/wp\/v2\/product\/1468\/revisions\/1474"}],"wp:featuredmedia":[{"embeddable":true,"href":"https:\/\/mirekboutique.com\/hu\/wp-json\/wp\/v2\/media\/1469"}],"wp:attachment":[{"href":"https:\/\/mirekboutique.com\/hu\/wp-json\/wp\/v2\/media?parent=1468"}],"wp:term":[{"taxonomy":"product_brand","embeddable":true,"href":"https:\/\/mirekboutique.com\/hu\/wp-json\/wp\/v2\/product_brand?post=1468"},{"taxonomy":"product_cat","embeddable":true,"href":"https:\/\/mirekboutique.com\/hu\/wp-json\/wp\/v2\/product_cat?post=1468"},{"taxonomy":"product_tag","embeddable":true,"href":"https:\/\/mirekboutique.com\/hu\/wp-json\/wp\/v2\/product_tag?post=1468"}],"curies":[{"name":"wp","href":"https:\/\/api.w.org\/{rel}","templated":true}]}}