{"id":1695,"date":"2025-05-09T04:28:04","date_gmt":"2025-05-08T20:28:04","guid":{"rendered":"https:\/\/mirekboutique.com\/?post_type=product&#038;p=1695"},"modified":"2025-05-24T19:21:41","modified_gmt":"2025-05-24T11:21:41","slug":"js101-vc-vacheron-constantin-overseas-4500v-11-super-clone","status":"publish","type":"product","link":"https:\/\/mirekboutique.com\/hu\/termek\/js101-vc-vacheron-constantin-overseas-4500v-11-super-clone\/","title":{"rendered":"JS101 VC Vacheron Constantin tengerent\u00fali 4500V 1:1 Super Clone"},"content":{"rendered":"<p>VC Vacheron Constantin Overseas 4500V (az \u00f3ravil\u00e1g h\u00e1rom ac\u00e9lkir\u00e1ly\u00e1nak egyike)<br \/>\nKlasszikus ac\u00e9l\u00f3ra a legmagasabb szint\u0171 luxus A 41 mm-es ac\u00e9l tok sima vonalakkal \u00e9s finom text\u00far\u00e1val t\u00f6k\u00e9letesen illeszkedik a karperechez, a h\u00e1ts\u00f3 karperecre a Vacheron Constantin m\u00e1ltai kereszt log\u00f3 van r\u00e1nyomva, \u00e9s antim\u00e1gneses eszk\u00f6zzel \u00e9s csavaros koron\u00e1val van ell\u00e1tva, amely immunis a m\u00e1gneses interferenci\u00e1ra \u00e9s garant\u00e1lja a pontoss\u00e1got. A b\u00e1rsonyos \u00e9lekkel ell\u00e1tott, napbarn\u00edtott, csiszolt sz\u00e1mlap a f\u00e9nyt\u0151l \u00e9s a sz\u00f6gt\u0151l f\u00fcgg\u0151en m\u00e9ly vagy dinamikus sz\u00ednt k\u00edn\u00e1l. A Geneva Seal \"mag\" m\u00f6g\u00f6tt egy mechanikus, 172 alkatr\u00e9szb\u0151l \u00e1ll\u00f3, \u00f6nfelh\u00faz\u00f3s Cal.5100-as szerkezet \u00e1ll, amely a val\u00f3di cikknek megfelel\u0151en 60 \u00f3r\u00e1s j\u00e1r\u00e1startal\u00e9kot garant\u00e1l, \u00e9s a pontoss\u00e1g \u00e9rdek\u00e9ben a Genfi Pecs\u00e9tet grav\u00edrozza. A k\u00e9t \"sz\u00edj\" be- \u00e9s kivezet\u00e9se a v\u00e1laszt\u00e1s sokf\u00e9les\u00e9g\u00e9b\u0151l az, hogy a f\u00fcgg\u0151leges \u00e9s v\u00edzszintes ing\u00e1z\u00e1s legy\u0151zhetetlen, ac\u00e9lsz\u00edj kem\u00e9ny, szalag k\u00f6nny\u0171. K\u00e9szlet sport \u00e9s szabadid\u0151s \u00fczleti egyben. Ez val\u00f3ban a leg\u00fajabb gener\u00e1ci\u00f3s \u00f3r\u00e1k, amely kiemeli a szellem a f\u00e9kezhetetlen.<br \/>\nAz MKS minden r\u00e9szletre odafigyel! \u26a0\ufe0f\u26a0\ufe0f\u26a0\ufe0f<\/p>","protected":false},"excerpt":{"rendered":"<p>\ud83d\udd25\ud83d\udd25\ud83d\udd25Az ezen a weboldalon tal\u00e1lhat\u00f3 \u00f6sszes \u00e1ru a szuper gy\u00e1rt\u00f3k \u00e1ltal k\u00e9sz\u00edtett cs\u00facsmin\u0151s\u00e9g\u0171 t\u00f6k\u00e9letes m\u00e1solatok, vadonat\u00faj \u00e9s bontatlan, a min\u0151s\u00e9g \u00e9s az \u00e9rt\u00e9kes\u00edt\u00e9s ut\u00e1ni szolg\u00e1ltat\u00e1s garant\u00e1lt!<\/p>\n<p>\u2705\u2705\u2705\u2705Mirekboutique csak kiv\u00e1l\u00f3 min\u0151s\u00e9g\u0171 term\u00e9keket gy\u00e1rt Minden \u00e1ruh\u00e1zunkban tal\u00e1lhat\u00f3 term\u00e9k az eredeti dobozban \u00e9rkezik High-end fadobozban<\/p>\n<p>\ud83c\udf39\ud83c\udf39 K\u00e9rem, nyugodtan v\u00e1s\u00e1roljon Minden \u00e1ru t\u00e1mogatja az ut\u00e1nv\u00e9tes sz\u00e1ll\u00edt\u00e1st K\u00edv\u00e1nunk boldog v\u00e1s\u00e1rl\u00e1st!<\/p>","protected":false},"featured_media":1696,"comment_status":"open","ping_status":"closed","template":"","meta":{"_monsterinsights_skip_tracking":false,"_monsterinsights_sitenote_active":false,"_monsterinsights_sitenote_note":"","_monsterinsights_sitenote_category":0,"site-sidebar-layout":"default","site-content-layout":"","ast-site-content-layout":"default","site-content-style":"default","site-sidebar-style":"default","ast-global-header-display":"","ast-banner-title-visibility":"","ast-main-header-display":"","ast-hfb-above-header-display":"","ast-hfb-below-header-display":"","ast-hfb-mobile-header-display":"","site-post-title":"","ast-breadcrumbs-content":"","ast-featured-img":"","footer-sml-layout":"","theme-transparent-header-meta":"default","adv-header-id-meta":"","stick-header-meta":"","header-above-stick-meta":"","header-main-stick-meta":"","header-below-stick-meta":"","astra-migrate-meta-layouts":"set","ast-page-background-enabled":"default","ast-page-background-meta":{"desktop":{"background-color":"var(--ast-global-color-4)","background-image":"","background-repeat":"repeat","background-position":"center center","background-size":"auto","background-attachment":"scroll","background-type":"","background-media":"","overlay-type":"","overlay-color":"","overlay-opacity":"","overlay-gradient":""},"tablet":{"background-color":"","background-image":"","background-repeat":"repeat","background-position":"center center","background-size":"auto","background-attachment":"scroll","background-type":"","background-media":"","overlay-type":"","overlay-color":"","overlay-opacity":"","overlay-gradient":""},"mobile":{"background-color":"","background-image":"","background-repeat":"repeat","background-position":"center center","background-size":"auto","background-attachment":"scroll","background-type":"","background-media":"","overlay-type":"","overlay-color":"","overlay-opacity":"","overlay-gradient":""}},"ast-content-background-meta":{"desktop":{"background-color":"var(--ast-global-color-5)","background-image":"","background-repeat":"repeat","background-position":"center center","background-size":"auto","background-attachment":"scroll","background-type":"","background-media":"","overlay-type":"","overlay-color":"","overlay-opacity":"","overlay-gradient":""},"tablet":{"background-color":"var(--ast-global-color-5)","background-image":"","background-repeat":"repeat","background-position":"center center","background-size":"auto","background-attachment":"scroll","background-type":"","background-media":"","overlay-type":"","overlay-color":"","overlay-opacity":"","overlay-gradient":""},"mobile":{"background-color":"var(--ast-global-color-5)","background-image":"","background-repeat":"repeat","background-position":"center center","background-size":"auto","background-attachment":"scroll","background-type":"","background-media":"","overlay-type":"","overlay-color":"","overlay-opacity":"","overlay-gradient":""}}},"product_brand":[],"product_cat":[22],"product_tag":[],"class_list":{"0":"post-1695","1":"product","2":"type-product","3":"status-publish","4":"has-post-thumbnail","6":"product_cat-vacheron-constantin","7":"desktop-align-center","8":"tablet-align-left","9":"mobile-align-left","11":"first","12":"instock","13":"sale","14":"shipping-taxable","15":"purchasable","16":"product-type-simple"},"_links":{"self":[{"href":"https:\/\/mirekboutique.com\/hu\/wp-json\/wp\/v2\/product\/1695","targetHints":{"allow":["GET"]}}],"collection":[{"href":"https:\/\/mirekboutique.com\/hu\/wp-json\/wp\/v2\/product"}],"about":[{"href":"https:\/\/mirekboutique.com\/hu\/wp-json\/wp\/v2\/types\/product"}],"replies":[{"embeddable":true,"href":"https:\/\/mirekboutique.com\/hu\/wp-json\/wp\/v2\/comments?post=1695"}],"version-history":[{"count":1,"href":"https:\/\/mirekboutique.com\/hu\/wp-json\/wp\/v2\/product\/1695\/revisions"}],"predecessor-version":[{"id":1700,"href":"https:\/\/mirekboutique.com\/hu\/wp-json\/wp\/v2\/product\/1695\/revisions\/1700"}],"wp:featuredmedia":[{"embeddable":true,"href":"https:\/\/mirekboutique.com\/hu\/wp-json\/wp\/v2\/media\/1696"}],"wp:attachment":[{"href":"https:\/\/mirekboutique.com\/hu\/wp-json\/wp\/v2\/media?parent=1695"}],"wp:term":[{"taxonomy":"product_brand","embeddable":true,"href":"https:\/\/mirekboutique.com\/hu\/wp-json\/wp\/v2\/product_brand?post=1695"},{"taxonomy":"product_cat","embeddable":true,"href":"https:\/\/mirekboutique.com\/hu\/wp-json\/wp\/v2\/product_cat?post=1695"},{"taxonomy":"product_tag","embeddable":true,"href":"https:\/\/mirekboutique.com\/hu\/wp-json\/wp\/v2\/product_tag?post=1695"}],"curies":[{"name":"wp","href":"https:\/\/api.w.org\/{rel}","templated":true}]}}