{"id":1773,"date":"2025-05-09T04:50:38","date_gmt":"2025-05-08T20:50:38","guid":{"rendered":"https:\/\/mirekboutique.com\/?post_type=product&#038;p=1773"},"modified":"2025-05-24T19:21:40","modified_gmt":"2025-05-24T11:21:40","slug":"js114-vc-historical-masterpiece-series-%f0%9f%8e%aeot2-american-1921-11-super-clone","status":"publish","type":"product","link":"https:\/\/mirekboutique.com\/hu\/termek\/js114-vc-historical-masterpiece-series-%f0%9f%8e%aeot2-american-1921-11-super-clone\/","title":{"rendered":"JS114 VC Historical Masterpiece Series \ud83c\udfaeOT2 Amerikai 1921 1:1 Super Clone"},"content":{"rendered":"<p>VC Historical Masterpiece Series \ud83c\udfaeOT2 Amerikai 1921<br \/>\nDanton 2824 k\u00e9t \u00e9s f\u00e9l mutat\u00f3s \u00f3ram\u0171vel felszerelve<br \/>\n1\ufe0f\u20e3Unique p\u00e1rna alak\u00fa tok, 40 mm \u00e1tm\u00e9r\u0151j\u0171, a korai p\u00e1rna alak\u00fa tok kialak\u00edt\u00e1s\u00e1n alapul\u00f3, a jelenlegi nemes anyagokat, a k\u00e9zm\u0171vess\u00e9get \u00e9s az eszt\u00e9tikai koncepci\u00f3kat \u00f6tv\u00f6z\u0151, a klasszikust \u00fajra feltal\u00e1l\u00f3 p\u00e1rna alak\u00fa tok;<br \/>\n2\ufe0f\u20e3 A korona a k\u00e9nyelmesebb illeszked\u00e9s \u00e9rdek\u00e9ben a tok jobb fels\u0151 sark\u00e1ban van elhelyezve, szint\u00e9n a kor\u00e1bbi p\u00e1rna alak\u00fa \u00f3r\u00e1k ihlette; \ud83c\udfae.<br \/>\nA 3\ufe0f\u20e3Dial indexek a tokhoz k\u00e9pest \u00e1tl\u00f3san helyezkednek el, ami megk\u00fcl\u00f6nb\u00f6ztet\u0151 jegy, a sz\u00e1mlapot pedig 12 \u00f3r\u00e1n\u00e1l egy pol\u00edrozott r\u00f3zsasz\u00ednaranyb\u00f3l k\u00e9sz\u00fclt m\u00e1ltai kereszt emeli ki;<br \/>\n4\ufe0f\u20e3 fekete oxid\u00e1lt \u00f3ra- \u00e9s percmutat\u00f3, valamint egy fekete oxid\u00e1lt kis m\u00e1sodpercmutat\u00f3, eleg\u00e1ns \u00e9s eleg\u00e1ns.<br \/>\n\ufe0f 5\ufe0f\u20e3 A tok h\u00e1tlapja \u00e1tl\u00e1tsz\u00f3 zaf\u00edrkrist\u00e1lyos, lecsavarozhat\u00f3, hogy l\u00e1that\u00f3v\u00e1 v\u00e1ljon a VC top \u00f3ram\u0171 kiv\u00e1l\u00f3 kivitelez\u00e9se. Ezenk\u00edv\u00fcl az \u00f3ra egy k\u00e9zzel varrott, sz\u00f6gletes borj\u00fab\u0151r sz\u00edjjal van ell\u00e1tva, pol\u00edrozott, f\u00e9l m\u00e1ltai kereszt kialak\u00edt\u00e1s\u00fa t\u0171s csattal. \ud83c\udfaeSJ gondosan aj\u00e1nlott mechanikus kar\u00f3r\u00e1k fi\u00fak sz\u00e1m\u00e1ra<\/p>","protected":false},"excerpt":{"rendered":"<p>\ud83d\udd25\ud83d\udd25\ud83d\udd25Az ezen a weboldalon tal\u00e1lhat\u00f3 \u00f6sszes \u00e1ru a szuper gy\u00e1rt\u00f3k \u00e1ltal k\u00e9sz\u00edtett cs\u00facsmin\u0151s\u00e9g\u0171 t\u00f6k\u00e9letes m\u00e1solatok, vadonat\u00faj \u00e9s bontatlan, a min\u0151s\u00e9g \u00e9s az \u00e9rt\u00e9kes\u00edt\u00e9s ut\u00e1ni szolg\u00e1ltat\u00e1s garant\u00e1lt!<\/p>\n<p>\u2705\u2705\u2705\u2705Mirekboutique csak kiv\u00e1l\u00f3 min\u0151s\u00e9g\u0171 term\u00e9keket gy\u00e1rt Minden \u00e1ruh\u00e1zunkban tal\u00e1lhat\u00f3 term\u00e9k az eredeti dobozban \u00e9rkezik High-end fadobozban<\/p>\n<p>\ud83c\udf39\ud83c\udf39 K\u00e9rem, nyugodtan v\u00e1s\u00e1roljon Minden \u00e1ru t\u00e1mogatja az ut\u00e1nv\u00e9tes sz\u00e1ll\u00edt\u00e1st K\u00edv\u00e1nunk boldog v\u00e1s\u00e1rl\u00e1st!<\/p>","protected":false},"featured_media":1774,"comment_status":"open","ping_status":"closed","template":"","meta":{"_monsterinsights_skip_tracking":false,"_monsterinsights_sitenote_active":false,"_monsterinsights_sitenote_note":"","_monsterinsights_sitenote_category":0,"site-sidebar-layout":"default","site-content-layout":"","ast-site-content-layout":"default","site-content-style":"default","site-sidebar-style":"default","ast-global-header-display":"","ast-banner-title-visibility":"","ast-main-header-display":"","ast-hfb-above-header-display":"","ast-hfb-below-header-display":"","ast-hfb-mobile-header-display":"","site-post-title":"","ast-breadcrumbs-content":"","ast-featured-img":"","footer-sml-layout":"","ast-disable-related-posts":"","theme-transparent-header-meta":"default","adv-header-id-meta":"","stick-header-meta":"","header-above-stick-meta":"","header-main-stick-meta":"","header-below-stick-meta":"","astra-migrate-meta-layouts":"set","ast-page-background-enabled":"default","ast-page-background-meta":{"desktop":{"background-color":"var(--ast-global-color-4)","background-image":"","background-repeat":"repeat","background-position":"center center","background-size":"auto","background-attachment":"scroll","background-type":"","background-media":"","overlay-type":"","overlay-color":"","overlay-opacity":"","overlay-gradient":""},"tablet":{"background-color":"","background-image":"","background-repeat":"repeat","background-position":"center center","background-size":"auto","background-attachment":"scroll","background-type":"","background-media":"","overlay-type":"","overlay-color":"","overlay-opacity":"","overlay-gradient":""},"mobile":{"background-color":"","background-image":"","background-repeat":"repeat","background-position":"center center","background-size":"auto","background-attachment":"scroll","background-type":"","background-media":"","overlay-type":"","overlay-color":"","overlay-opacity":"","overlay-gradient":""}},"ast-content-background-meta":{"desktop":{"background-color":"var(--ast-global-color-5)","background-image":"","background-repeat":"repeat","background-position":"center center","background-size":"auto","background-attachment":"scroll","background-type":"","background-media":"","overlay-type":"","overlay-color":"","overlay-opacity":"","overlay-gradient":""},"tablet":{"background-color":"var(--ast-global-color-5)","background-image":"","background-repeat":"repeat","background-position":"center center","background-size":"auto","background-attachment":"scroll","background-type":"","background-media":"","overlay-type":"","overlay-color":"","overlay-opacity":"","overlay-gradient":""},"mobile":{"background-color":"var(--ast-global-color-5)","background-image":"","background-repeat":"repeat","background-position":"center center","background-size":"auto","background-attachment":"scroll","background-type":"","background-media":"","overlay-type":"","overlay-color":"","overlay-opacity":"","overlay-gradient":""}}},"product_brand":[],"product_cat":[22],"product_tag":[],"class_list":{"0":"post-1773","1":"product","2":"type-product","3":"status-publish","4":"has-post-thumbnail","6":"product_cat-vacheron-constantin","7":"desktop-align-center","8":"tablet-align-left","9":"mobile-align-left","11":"first","12":"instock","13":"sale","14":"shipping-taxable","15":"purchasable","16":"product-type-simple"},"_links":{"self":[{"href":"https:\/\/mirekboutique.com\/hu\/wp-json\/wp\/v2\/product\/1773","targetHints":{"allow":["GET"]}}],"collection":[{"href":"https:\/\/mirekboutique.com\/hu\/wp-json\/wp\/v2\/product"}],"about":[{"href":"https:\/\/mirekboutique.com\/hu\/wp-json\/wp\/v2\/types\/product"}],"replies":[{"embeddable":true,"href":"https:\/\/mirekboutique.com\/hu\/wp-json\/wp\/v2\/comments?post=1773"}],"version-history":[{"count":1,"href":"https:\/\/mirekboutique.com\/hu\/wp-json\/wp\/v2\/product\/1773\/revisions"}],"predecessor-version":[{"id":1779,"href":"https:\/\/mirekboutique.com\/hu\/wp-json\/wp\/v2\/product\/1773\/revisions\/1779"}],"wp:featuredmedia":[{"embeddable":true,"href":"https:\/\/mirekboutique.com\/hu\/wp-json\/wp\/v2\/media\/1774"}],"wp:attachment":[{"href":"https:\/\/mirekboutique.com\/hu\/wp-json\/wp\/v2\/media?parent=1773"}],"wp:term":[{"taxonomy":"product_brand","embeddable":true,"href":"https:\/\/mirekboutique.com\/hu\/wp-json\/wp\/v2\/product_brand?post=1773"},{"taxonomy":"product_cat","embeddable":true,"href":"https:\/\/mirekboutique.com\/hu\/wp-json\/wp\/v2\/product_cat?post=1773"},{"taxonomy":"product_tag","embeddable":true,"href":"https:\/\/mirekboutique.com\/hu\/wp-json\/wp\/v2\/product_tag?post=1773"}],"curies":[{"name":"wp","href":"https:\/\/api.w.org\/{rel}","templated":true}]}}