{"id":1883,"date":"2025-05-09T05:26:15","date_gmt":"2025-05-08T21:26:15","guid":{"rendered":"https:\/\/mirekboutique.com\/?post_type=product&#038;p=1883"},"modified":"2025-05-24T19:38:54","modified_gmt":"2025-05-24T11:38:54","slug":"bgl623-11-super-clone-from-a-super-factory","status":"publish","type":"product","link":"https:\/\/mirekboutique.com\/hu\/termek\/bgl623-11-super-clone-from-a-super-factory\/","title":{"rendered":"BGL623 1:1 szuper kl\u00f3n egy szuper gy\u00e1rb\u00f3l"},"content":{"rendered":"<p>\ud83d\udd39[v arany v\u00e1ltozat].<br \/>\nBv Collection szoknya nyakl\u00e1nc karneol nyakl\u00e1nc Elismert exkluz\u00edv felv\u00e9tel!<br \/>\nEredeti nyitott forma, a csal\u00e1dom Bvlgari szokny\u00e1s nyakl\u00e1nca a nagy\u00edt\u00f3 alatt \ud83d\udd0d r\u00e9szlet:<br \/>\n1: A term\u00e9k anyaga: v arany anyag! Galvaniz\u00e1l\u00e1s vastag arany el\u0151ny\u00f6k nem k\u00f6nny\u0171 elhalv\u00e1nyulni, \u00e9s a piaci v\u00e1ltozata az \u00e1ltal\u00e1nos galvaniz\u00e1l\u00e1s k\u00f6z\u00f6ns\u00e9ges arany, k\u00f6z\u00f6ns\u00e9ges arany f\u00e9nyess\u00e9g \u00e9s f\u00e9nyer\u0151 lesz rosszabb, a v\u00e1s\u00e1rl\u00f3k vehetik a piacon a legmagasabb v\u00e1ltozat az \u00f6sszehasonl\u00edt\u00e1s, a f\u00e9nyess\u00e9g biztosan nem jobb, mint a mi otthon!!!!<br \/>\n2: (j\u00f3 fel\u00fcleti f\u00e9nyer\u0151, szil\u00e1rdan be\u00e1ll\u00edtott, nincs karcol\u00e1s reped\u00e9sek). \u00c9s a piaci \u00e1rukat haszn\u00e1l\u00f3 k\u0151ut\u00e1nzat (puha text\u00fara, k\u00f6nnyen nyomok, hib\u00e1k t\u00f6bb).<br \/>\n3: az otthonom a sz\u00e1ml\u00e1l\u00f3 eredeti sz\u00f3 nyomtat\u00e1s (\u00f6nt\u00e9s grav\u00edroz\u00e1s, egy pen\u00e9sz egyszeri grav\u00edroz\u00e1s fel, a m\u00e9ret a sz\u00f3 nyomtat\u00e1s, a m\u00e9lys\u00e9ge a sz\u00e1ml\u00e1l\u00f3 azonos, az alj\u00e1n a sima), soha a piacon szok\u00e1sos l\u00e9zer l\u00e9zer sz\u00f3 (grav\u00edroz\u00e1s sek\u00e9ly, az alj\u00e1n a bet\u0171t\u00edpus van egy matt text\u00fara, az alj\u00e1n a dudoros).<\/p>","protected":false},"excerpt":{"rendered":"<p>\ud83d\udd25\ud83d\udd25\ud83d\udd25Az ezen a weboldalon tal\u00e1lhat\u00f3 \u00f6sszes \u00e1ru a szuper gy\u00e1rt\u00f3k \u00e1ltal k\u00e9sz\u00edtett cs\u00facsmin\u0151s\u00e9g\u0171 t\u00f6k\u00e9letes m\u00e1solatok, vadonat\u00faj \u00e9s bontatlan, a min\u0151s\u00e9g \u00e9s az \u00e9rt\u00e9kes\u00edt\u00e9s ut\u00e1ni szolg\u00e1ltat\u00e1s garant\u00e1lt!<\/p>\n<p>\u2705\u2705\u2705\u2705Mirekboutique csak kiv\u00e1l\u00f3 min\u0151s\u00e9g\u0171 term\u00e9keket gy\u00e1rt Minden \u00e1ruh\u00e1zunkban tal\u00e1lhat\u00f3 term\u00e9k az eredeti dobozban \u00e9rkezik High-end fadobozban<\/p>\n<p>\ud83c\udf39\ud83c\udf39 K\u00e9rem, nyugodtan v\u00e1s\u00e1roljon Minden \u00e1ru t\u00e1mogatja az ut\u00e1nv\u00e9tes sz\u00e1ll\u00edt\u00e1st K\u00edv\u00e1nunk boldog v\u00e1s\u00e1rl\u00e1st!<\/p>","protected":false},"featured_media":1884,"comment_status":"open","ping_status":"closed","template":"","meta":{"_monsterinsights_skip_tracking":false,"_monsterinsights_sitenote_active":false,"_monsterinsights_sitenote_note":"","_monsterinsights_sitenote_category":0,"site-sidebar-layout":"default","site-content-layout":"","ast-site-content-layout":"default","site-content-style":"default","site-sidebar-style":"default","ast-global-header-display":"","ast-banner-title-visibility":"","ast-main-header-display":"","ast-hfb-above-header-display":"","ast-hfb-below-header-display":"","ast-hfb-mobile-header-display":"","site-post-title":"","ast-breadcrumbs-content":"","ast-featured-img":"","footer-sml-layout":"","theme-transparent-header-meta":"default","adv-header-id-meta":"","stick-header-meta":"","header-above-stick-meta":"","header-main-stick-meta":"","header-below-stick-meta":"","astra-migrate-meta-layouts":"set","ast-page-background-enabled":"default","ast-page-background-meta":{"desktop":{"background-color":"var(--ast-global-color-4)","background-image":"","background-repeat":"repeat","background-position":"center center","background-size":"auto","background-attachment":"scroll","background-type":"","background-media":"","overlay-type":"","overlay-color":"","overlay-opacity":"","overlay-gradient":""},"tablet":{"background-color":"","background-image":"","background-repeat":"repeat","background-position":"center center","background-size":"auto","background-attachment":"scroll","background-type":"","background-media":"","overlay-type":"","overlay-color":"","overlay-opacity":"","overlay-gradient":""},"mobile":{"background-color":"","background-image":"","background-repeat":"repeat","background-position":"center center","background-size":"auto","background-attachment":"scroll","background-type":"","background-media":"","overlay-type":"","overlay-color":"","overlay-opacity":"","overlay-gradient":""}},"ast-content-background-meta":{"desktop":{"background-color":"var(--ast-global-color-5)","background-image":"","background-repeat":"repeat","background-position":"center center","background-size":"auto","background-attachment":"scroll","background-type":"","background-media":"","overlay-type":"","overlay-color":"","overlay-opacity":"","overlay-gradient":""},"tablet":{"background-color":"var(--ast-global-color-5)","background-image":"","background-repeat":"repeat","background-position":"center center","background-size":"auto","background-attachment":"scroll","background-type":"","background-media":"","overlay-type":"","overlay-color":"","overlay-opacity":"","overlay-gradient":""},"mobile":{"background-color":"var(--ast-global-color-5)","background-image":"","background-repeat":"repeat","background-position":"center center","background-size":"auto","background-attachment":"scroll","background-type":"","background-media":"","overlay-type":"","overlay-color":"","overlay-opacity":"","overlay-gradient":""}}},"product_brand":[],"product_cat":[41],"product_tag":[],"class_list":{"0":"post-1883","1":"product","2":"type-product","3":"status-publish","4":"has-post-thumbnail","6":"product_cat-bracelets-necklaces","7":"desktop-align-center","8":"tablet-align-left","9":"mobile-align-left","11":"first","12":"instock","13":"sale","14":"shipping-taxable","15":"purchasable","16":"product-type-simple"},"_links":{"self":[{"href":"https:\/\/mirekboutique.com\/hu\/wp-json\/wp\/v2\/product\/1883","targetHints":{"allow":["GET"]}}],"collection":[{"href":"https:\/\/mirekboutique.com\/hu\/wp-json\/wp\/v2\/product"}],"about":[{"href":"https:\/\/mirekboutique.com\/hu\/wp-json\/wp\/v2\/types\/product"}],"replies":[{"embeddable":true,"href":"https:\/\/mirekboutique.com\/hu\/wp-json\/wp\/v2\/comments?post=1883"}],"version-history":[{"count":1,"href":"https:\/\/mirekboutique.com\/hu\/wp-json\/wp\/v2\/product\/1883\/revisions"}],"predecessor-version":[{"id":1890,"href":"https:\/\/mirekboutique.com\/hu\/wp-json\/wp\/v2\/product\/1883\/revisions\/1890"}],"wp:featuredmedia":[{"embeddable":true,"href":"https:\/\/mirekboutique.com\/hu\/wp-json\/wp\/v2\/media\/1884"}],"wp:attachment":[{"href":"https:\/\/mirekboutique.com\/hu\/wp-json\/wp\/v2\/media?parent=1883"}],"wp:term":[{"taxonomy":"product_brand","embeddable":true,"href":"https:\/\/mirekboutique.com\/hu\/wp-json\/wp\/v2\/product_brand?post=1883"},{"taxonomy":"product_cat","embeddable":true,"href":"https:\/\/mirekboutique.com\/hu\/wp-json\/wp\/v2\/product_cat?post=1883"},{"taxonomy":"product_tag","embeddable":true,"href":"https:\/\/mirekboutique.com\/hu\/wp-json\/wp\/v2\/product_tag?post=1883"}],"curies":[{"name":"wp","href":"https:\/\/api.w.org\/{rel}","templated":true}]}}