{"id":1914,"date":"2025-05-09T05:36:21","date_gmt":"2025-05-08T21:36:21","guid":{"rendered":"https:\/\/mirekboutique.com\/?post_type=product&#038;p=1914"},"modified":"2025-05-24T19:39:34","modified_gmt":"2025-05-24T11:39:34","slug":"bur703-bs-newest-chic-lorna-bag-11-super-clone","status":"publish","type":"product","link":"https:\/\/mirekboutique.com\/hu\/termek\/bur703-bs-newest-chic-lorna-bag-11-super-clone\/","title":{"rendered":"BUR703 B leg\u00fajabb eleg\u00e1ns Lorna t\u00e1ska 1:1 Super Clone 1:1"},"content":{"rendered":"<p>B leg\u00fajabb, eleg\u00e1ns Lorna t\u00e1sk\u00e1ja, amelyet a m\u00e1rka jellegzetes karakteres mint\u00e1ja ihletett \u00e9s a TB log\u00f3 d\u00edsz\u00edti, \u00e1ll\u00edthat\u00f3 l\u00e1ncos \u00e9s b\u00e1r\u00e1nyb\u0151r v\u00e1llp\u00e1nttal, kereszt- \u00e9s v\u00e1llm\u00e9rettel.<br \/>\n23 x 6x 13 modell 511165<\/p>","protected":false},"excerpt":{"rendered":"<p>\ud83d\udd25\ud83d\udd25\ud83d\udd25Az ezen a weboldalon tal\u00e1lhat\u00f3 \u00f6sszes \u00e1ru a szuper gy\u00e1rt\u00f3k \u00e1ltal k\u00e9sz\u00edtett cs\u00facsmin\u0151s\u00e9g\u0171 t\u00f6k\u00e9letes m\u00e1solatok, vadonat\u00faj \u00e9s bontatlan, a min\u0151s\u00e9g \u00e9s az \u00e9rt\u00e9kes\u00edt\u00e9s ut\u00e1ni szolg\u00e1ltat\u00e1s garant\u00e1lt!<\/p>\n<p>\u2705\u2705\u2705\u2705Mirekboutique csak kiv\u00e1l\u00f3 min\u0151s\u00e9g\u0171 term\u00e9keket gy\u00e1rt Minden \u00e1ruh\u00e1zunkban tal\u00e1lhat\u00f3 term\u00e9k az eredeti dobozban \u00e9rkezik High-end fadobozban<\/p>\n<p>\ud83c\udf39\ud83c\udf39 K\u00e9rem, nyugodtan v\u00e1s\u00e1roljon Minden \u00e1ru t\u00e1mogatja az ut\u00e1nv\u00e9tes sz\u00e1ll\u00edt\u00e1st K\u00edv\u00e1nunk boldog v\u00e1s\u00e1rl\u00e1st!<\/p>","protected":false},"featured_media":1915,"comment_status":"open","ping_status":"closed","template":"","meta":{"_monsterinsights_skip_tracking":false,"_monsterinsights_sitenote_active":false,"_monsterinsights_sitenote_note":"","_monsterinsights_sitenote_category":0,"site-sidebar-layout":"default","site-content-layout":"","ast-site-content-layout":"default","site-content-style":"default","site-sidebar-style":"default","ast-global-header-display":"","ast-banner-title-visibility":"","ast-main-header-display":"","ast-hfb-above-header-display":"","ast-hfb-below-header-display":"","ast-hfb-mobile-header-display":"","site-post-title":"","ast-breadcrumbs-content":"","ast-featured-img":"","footer-sml-layout":"","theme-transparent-header-meta":"default","adv-header-id-meta":"","stick-header-meta":"","header-above-stick-meta":"","header-main-stick-meta":"","header-below-stick-meta":"","astra-migrate-meta-layouts":"set","ast-page-background-enabled":"default","ast-page-background-meta":{"desktop":{"background-color":"var(--ast-global-color-4)","background-image":"","background-repeat":"repeat","background-position":"center center","background-size":"auto","background-attachment":"scroll","background-type":"","background-media":"","overlay-type":"","overlay-color":"","overlay-opacity":"","overlay-gradient":""},"tablet":{"background-color":"","background-image":"","background-repeat":"repeat","background-position":"center center","background-size":"auto","background-attachment":"scroll","background-type":"","background-media":"","overlay-type":"","overlay-color":"","overlay-opacity":"","overlay-gradient":""},"mobile":{"background-color":"","background-image":"","background-repeat":"repeat","background-position":"center center","background-size":"auto","background-attachment":"scroll","background-type":"","background-media":"","overlay-type":"","overlay-color":"","overlay-opacity":"","overlay-gradient":""}},"ast-content-background-meta":{"desktop":{"background-color":"var(--ast-global-color-5)","background-image":"","background-repeat":"repeat","background-position":"center center","background-size":"auto","background-attachment":"scroll","background-type":"","background-media":"","overlay-type":"","overlay-color":"","overlay-opacity":"","overlay-gradient":""},"tablet":{"background-color":"var(--ast-global-color-5)","background-image":"","background-repeat":"repeat","background-position":"center center","background-size":"auto","background-attachment":"scroll","background-type":"","background-media":"","overlay-type":"","overlay-color":"","overlay-opacity":"","overlay-gradient":""},"mobile":{"background-color":"var(--ast-global-color-5)","background-image":"","background-repeat":"repeat","background-position":"center center","background-size":"auto","background-attachment":"scroll","background-type":"","background-media":"","overlay-type":"","overlay-color":"","overlay-opacity":"","overlay-gradient":""}}},"product_brand":[],"product_cat":[38],"product_tag":[],"class_list":{"0":"post-1914","1":"product","2":"type-product","3":"status-publish","4":"has-post-thumbnail","6":"product_cat-burberry","7":"desktop-align-center","8":"tablet-align-left","9":"mobile-align-left","11":"first","12":"instock","13":"sale","14":"shipping-taxable","15":"purchasable","16":"product-type-simple"},"_links":{"self":[{"href":"https:\/\/mirekboutique.com\/hu\/wp-json\/wp\/v2\/product\/1914","targetHints":{"allow":["GET"]}}],"collection":[{"href":"https:\/\/mirekboutique.com\/hu\/wp-json\/wp\/v2\/product"}],"about":[{"href":"https:\/\/mirekboutique.com\/hu\/wp-json\/wp\/v2\/types\/product"}],"replies":[{"embeddable":true,"href":"https:\/\/mirekboutique.com\/hu\/wp-json\/wp\/v2\/comments?post=1914"}],"version-history":[{"count":1,"href":"https:\/\/mirekboutique.com\/hu\/wp-json\/wp\/v2\/product\/1914\/revisions"}],"predecessor-version":[{"id":1921,"href":"https:\/\/mirekboutique.com\/hu\/wp-json\/wp\/v2\/product\/1914\/revisions\/1921"}],"wp:featuredmedia":[{"embeddable":true,"href":"https:\/\/mirekboutique.com\/hu\/wp-json\/wp\/v2\/media\/1915"}],"wp:attachment":[{"href":"https:\/\/mirekboutique.com\/hu\/wp-json\/wp\/v2\/media?parent=1914"}],"wp:term":[{"taxonomy":"product_brand","embeddable":true,"href":"https:\/\/mirekboutique.com\/hu\/wp-json\/wp\/v2\/product_brand?post=1914"},{"taxonomy":"product_cat","embeddable":true,"href":"https:\/\/mirekboutique.com\/hu\/wp-json\/wp\/v2\/product_cat?post=1914"},{"taxonomy":"product_tag","embeddable":true,"href":"https:\/\/mirekboutique.com\/hu\/wp-json\/wp\/v2\/product_tag?post=1914"}],"curies":[{"name":"wp","href":"https:\/\/api.w.org\/{rel}","templated":true}]}}