{"id":2140,"date":"2025-05-09T06:32:05","date_gmt":"2025-05-08T22:32:05","guid":{"rendered":"https:\/\/mirekboutique.com\/?post_type=product&#038;p=2140"},"modified":"2025-05-24T19:21:37","modified_gmt":"2025-05-24T11:21:37","slug":"lv301-bucket-bag-11-super-clone","status":"publish","type":"product","link":"https:\/\/mirekboutique.com\/hu\/termek\/lv301-bucket-bag-11-super-clone\/","title":{"rendered":"LV301 v\u00f6dr\u00f6s t\u00e1ska 1:1 Super Clone"},"content":{"rendered":"<p>\u00d6sszecsukhat\u00f3 dobozzal + rep\u00fcl\u0151g\u00e9p tokkal<br \/>\nV\u00f6dr\u00f6s t\u00e1ska az LV Match kollekci\u00f3b\u00f3l, marhab\u0151rb\u0151l.<br \/>\nA vil\u00e1gh\u00edr\u0171 teniszbajnoks\u00e1g inspir\u00e1ci\u00f3j\u00e1t hirdeti. A klasszikus Monogram v\u00e1szonb\u00f3l form\u00e1zott v\u00f6dr\u00f6s t\u00e1ska \u00e1ll\u00edthat\u00f3 foganty\u00faval \u00e9s levehet\u0151, \u00e1ll\u00edthat\u00f3 b\u0151r v\u00e1llp\u00e1nttal rendelkezik, amely a p\u00e1lyamutat\u00f3kat id\u00e9zi, valamint egy be\u00e9p\u00edtett l\u00e1nct\u00e1sk\u00e1val, amely biztons\u00e1gosan rendszerezheti \u00e9rt\u00e9kt\u00e1rgyait. M\u00e9ret: 23 25<\/p>","protected":false},"excerpt":{"rendered":"<p>\ud83d\udd25\ud83d\udd25\ud83d\udd25Az ezen a weboldalon tal\u00e1lhat\u00f3 \u00f6sszes \u00e1ru a szuper gy\u00e1rt\u00f3k \u00e1ltal k\u00e9sz\u00edtett cs\u00facsmin\u0151s\u00e9g\u0171 t\u00f6k\u00e9letes m\u00e1solatok, vadonat\u00faj \u00e9s bontatlan, a min\u0151s\u00e9g \u00e9s az \u00e9rt\u00e9kes\u00edt\u00e9s ut\u00e1ni szolg\u00e1ltat\u00e1s garant\u00e1lt!<\/p>\n<p>\u2705\u2705\u2705\u2705Mirekboutique csak kiv\u00e1l\u00f3 min\u0151s\u00e9g\u0171 term\u00e9keket gy\u00e1rt Minden \u00e1ruh\u00e1zunkban tal\u00e1lhat\u00f3 term\u00e9k az eredeti dobozban \u00e9rkezik High-end fadobozban<\/p>\n<p>\ud83c\udf39\ud83c\udf39 K\u00e9rem, nyugodtan v\u00e1s\u00e1roljon Minden \u00e1ru t\u00e1mogatja az ut\u00e1nv\u00e9tes sz\u00e1ll\u00edt\u00e1st K\u00edv\u00e1nunk boldog v\u00e1s\u00e1rl\u00e1st!<\/p>","protected":false},"featured_media":2141,"comment_status":"open","ping_status":"closed","template":"","meta":{"_monsterinsights_skip_tracking":false,"_monsterinsights_sitenote_active":false,"_monsterinsights_sitenote_note":"","_monsterinsights_sitenote_category":0,"site-sidebar-layout":"default","site-content-layout":"","ast-site-content-layout":"default","site-content-style":"default","site-sidebar-style":"default","ast-global-header-display":"","ast-banner-title-visibility":"","ast-main-header-display":"","ast-hfb-above-header-display":"","ast-hfb-below-header-display":"","ast-hfb-mobile-header-display":"","site-post-title":"","ast-breadcrumbs-content":"","ast-featured-img":"","footer-sml-layout":"","theme-transparent-header-meta":"default","adv-header-id-meta":"","stick-header-meta":"","header-above-stick-meta":"","header-main-stick-meta":"","header-below-stick-meta":"","astra-migrate-meta-layouts":"set","ast-page-background-enabled":"default","ast-page-background-meta":{"desktop":{"background-color":"var(--ast-global-color-4)","background-image":"","background-repeat":"repeat","background-position":"center center","background-size":"auto","background-attachment":"scroll","background-type":"","background-media":"","overlay-type":"","overlay-color":"","overlay-opacity":"","overlay-gradient":""},"tablet":{"background-color":"","background-image":"","background-repeat":"repeat","background-position":"center center","background-size":"auto","background-attachment":"scroll","background-type":"","background-media":"","overlay-type":"","overlay-color":"","overlay-opacity":"","overlay-gradient":""},"mobile":{"background-color":"","background-image":"","background-repeat":"repeat","background-position":"center center","background-size":"auto","background-attachment":"scroll","background-type":"","background-media":"","overlay-type":"","overlay-color":"","overlay-opacity":"","overlay-gradient":""}},"ast-content-background-meta":{"desktop":{"background-color":"var(--ast-global-color-5)","background-image":"","background-repeat":"repeat","background-position":"center center","background-size":"auto","background-attachment":"scroll","background-type":"","background-media":"","overlay-type":"","overlay-color":"","overlay-opacity":"","overlay-gradient":""},"tablet":{"background-color":"var(--ast-global-color-5)","background-image":"","background-repeat":"repeat","background-position":"center center","background-size":"auto","background-attachment":"scroll","background-type":"","background-media":"","overlay-type":"","overlay-color":"","overlay-opacity":"","overlay-gradient":""},"mobile":{"background-color":"var(--ast-global-color-5)","background-image":"","background-repeat":"repeat","background-position":"center center","background-size":"auto","background-attachment":"scroll","background-type":"","background-media":"","overlay-type":"","overlay-color":"","overlay-opacity":"","overlay-gradient":""}}},"product_brand":[],"product_cat":[25],"product_tag":[],"class_list":{"0":"post-2140","1":"product","2":"type-product","3":"status-publish","4":"has-post-thumbnail","6":"product_cat-lv","7":"desktop-align-center","8":"tablet-align-left","9":"mobile-align-left","11":"first","12":"instock","13":"sale","14":"shipping-taxable","15":"purchasable","16":"product-type-simple"},"_links":{"self":[{"href":"https:\/\/mirekboutique.com\/hu\/wp-json\/wp\/v2\/product\/2140","targetHints":{"allow":["GET"]}}],"collection":[{"href":"https:\/\/mirekboutique.com\/hu\/wp-json\/wp\/v2\/product"}],"about":[{"href":"https:\/\/mirekboutique.com\/hu\/wp-json\/wp\/v2\/types\/product"}],"replies":[{"embeddable":true,"href":"https:\/\/mirekboutique.com\/hu\/wp-json\/wp\/v2\/comments?post=2140"}],"version-history":[{"count":1,"href":"https:\/\/mirekboutique.com\/hu\/wp-json\/wp\/v2\/product\/2140\/revisions"}],"predecessor-version":[{"id":2147,"href":"https:\/\/mirekboutique.com\/hu\/wp-json\/wp\/v2\/product\/2140\/revisions\/2147"}],"wp:featuredmedia":[{"embeddable":true,"href":"https:\/\/mirekboutique.com\/hu\/wp-json\/wp\/v2\/media\/2141"}],"wp:attachment":[{"href":"https:\/\/mirekboutique.com\/hu\/wp-json\/wp\/v2\/media?parent=2140"}],"wp:term":[{"taxonomy":"product_brand","embeddable":true,"href":"https:\/\/mirekboutique.com\/hu\/wp-json\/wp\/v2\/product_brand?post=2140"},{"taxonomy":"product_cat","embeddable":true,"href":"https:\/\/mirekboutique.com\/hu\/wp-json\/wp\/v2\/product_cat?post=2140"},{"taxonomy":"product_tag","embeddable":true,"href":"https:\/\/mirekboutique.com\/hu\/wp-json\/wp\/v2\/product_tag?post=2140"}],"curies":[{"name":"wp","href":"https:\/\/api.w.org\/{rel}","templated":true}]}}