{"id":2391,"date":"2025-05-17T20:14:18","date_gmt":"2025-05-17T12:14:18","guid":{"rendered":"https:\/\/mirekboutique.com\/?post_type=product&#038;p=2391"},"modified":"2025-05-24T19:21:35","modified_gmt":"2025-05-24T11:21:35","slug":"lq157-longines-773-4-eight-hand-moonphase-multifunction-mechanical-11-super-clone","status":"publish","type":"product","link":"https:\/\/mirekboutique.com\/hu\/termek\/lq157-longines-773-4-eight-hand-moonphase-multifunction-mechanical-11-super-clone\/","title":{"rendered":"LQ157 Longines 773.4 nyolckezes, holdf\u00e1zis\u00fa, t\u00f6bbfunkci\u00f3s mechanikus 1:1 Super Clone"},"content":{"rendered":"<p>LGS \u00faj \u00e9p\u00edt\u00e9s\u0171 mennyezet Longines L2.773.4 nyolckezes holdf\u00e1zis t\u00f6bbfunkci\u00f3s mechanikus<br \/>\n\u3010Mozg\u00e1s\u3011 felszerelt 7751 exkluz\u00edv k\u00e9k\u00edtett ac\u00e9l ker\u00e9k automata mechanikus mechanikus mozg\u00e1s az eredeti L2.687.5 leg\u00fajabb csontv\u00e1zas automata kalap\u00e1cs, friss\u00edtett v\u00e1ltozata a technol\u00f3gia nagyon stabil er\u0151tartal\u00e9k ak\u00e1r 48 \u00f3r\u00e1t<br \/>\n\u3010Case\u3011\"Hammer press type\" 316L rozsdamentes ac\u00e9l. A tok 316L rozsdamentes ac\u00e9lb\u00f3l k\u00e9sz\u00fclt. M\u00e9ret 40MM. miut\u00e1n a sz\u00e1m\u00edt\u00f3g\u00e9p CNC numerikus vez\u00e9rl\u00e9s\u0171 grav\u00edroz\u00e1s ultraprec\u00edzi\u00f3s v\u00edz\u00e1ll\u00f3 m\u00e9lys\u00e9ge 100 m\u00e9ter.<br \/>\n\u3010Face\u3011 mutat\u00f3k az oltott, f\u00e9nyezett ac\u00e9l k\u00e9k, forr\u00f3 b\u00e9lyegz\u00e9s a holdf\u00e1zis lemez, az els\u0151 alkalommal az eredeti \u00f6ntv\u00e9ny, egy\u00e9ni korrekci\u00f3 az eredeti kijelz\u0151 dudor \u00e9rz\u00e9s is ugyanaz, mint a val\u00f3di k\u00f6vetkezetes r\u00e9szletek<br \/>\n\u3010Band\u3011 316L ac\u00e9l a v\u00e1g\u00e1si folyamat ut\u00e1n a nagy r\u00e9sz\u00e9t a csiszol\u00e1s, majd k\u00e9zzel \u00f6ssze\u00e1ll\u00edtott egy 360 fokos holt sz\u00f6g 0 karcol\u00e1s kez\u00e9t. A term\u00e9szetbeni kiv\u00e1l\u00f3 s\u00faly \u00e9s tart\u00f3ss\u00e1g a kez\u00e9t a val\u00f3di dolog teljesen f\u00e9lelmetes. (\ud83c\udf81 aj\u00e1nd\u00e9k borj\u00fab\u0151r \u00f6v \u00e9s eredeti \u00f6vcsat szett, fekete barna v\u00e1laszthat\u00f3)<\/p>\n<p>&nbsp;<\/p>\n<p>\u2764\ufe0f \"Az id\u0151 aj\u00e1nd\u00e9k, becs\u00fclj meg minden pillanatot\" \ud83c\udf81<br \/>\n\ud83d\udd25 \u00dcnnepi limit\u00e1lt aj\u00e1nd\u00e9kdoboz k\u00e9szlet<\/p>","protected":false},"excerpt":{"rendered":"<p>\ud83d\udd25\ud83d\udd25\ud83d\udd25Az ezen a weboldalon tal\u00e1lhat\u00f3 \u00f6sszes \u00e1ru a szuper gy\u00e1rt\u00f3k \u00e1ltal k\u00e9sz\u00edtett cs\u00facsmin\u0151s\u00e9g\u0171 t\u00f6k\u00e9letes m\u00e1solatok, vadonat\u00faj \u00e9s bontatlan, a min\u0151s\u00e9g \u00e9s az \u00e9rt\u00e9kes\u00edt\u00e9s ut\u00e1ni szolg\u00e1ltat\u00e1s garant\u00e1lt!<\/p>\n<p>\u2705\u2705\u2705\u2705Mirekboutique csak kiv\u00e1l\u00f3 min\u0151s\u00e9g\u0171 term\u00e9keket gy\u00e1rt Minden \u00e1ruh\u00e1zunkban tal\u00e1lhat\u00f3 term\u00e9k az eredeti dobozban \u00e9rkezik High-end fadobozban<\/p>\n<p>\ud83c\udf39\ud83c\udf39 K\u00e9rem, nyugodtan v\u00e1s\u00e1roljon Minden \u00e1ru t\u00e1mogatja az ut\u00e1nv\u00e9tes sz\u00e1ll\u00edt\u00e1st K\u00edv\u00e1nunk boldog v\u00e1s\u00e1rl\u00e1st!<\/p>","protected":false},"featured_media":2392,"comment_status":"open","ping_status":"closed","template":"","meta":{"_monsterinsights_skip_tracking":false,"_monsterinsights_sitenote_active":false,"_monsterinsights_sitenote_note":"","_monsterinsights_sitenote_category":0,"site-sidebar-layout":"default","site-content-layout":"","ast-site-content-layout":"default","site-content-style":"default","site-sidebar-style":"default","ast-global-header-display":"","ast-banner-title-visibility":"","ast-main-header-display":"","ast-hfb-above-header-display":"","ast-hfb-below-header-display":"","ast-hfb-mobile-header-display":"","site-post-title":"","ast-breadcrumbs-content":"","ast-featured-img":"","footer-sml-layout":"","theme-transparent-header-meta":"default","adv-header-id-meta":"","stick-header-meta":"","header-above-stick-meta":"","header-main-stick-meta":"","header-below-stick-meta":"","astra-migrate-meta-layouts":"set","ast-page-background-enabled":"default","ast-page-background-meta":{"desktop":{"background-color":"var(--ast-global-color-4)","background-image":"","background-repeat":"repeat","background-position":"center center","background-size":"auto","background-attachment":"scroll","background-type":"","background-media":"","overlay-type":"","overlay-color":"","overlay-opacity":"","overlay-gradient":""},"tablet":{"background-color":"","background-image":"","background-repeat":"repeat","background-position":"center center","background-size":"auto","background-attachment":"scroll","background-type":"","background-media":"","overlay-type":"","overlay-color":"","overlay-opacity":"","overlay-gradient":""},"mobile":{"background-color":"","background-image":"","background-repeat":"repeat","background-position":"center center","background-size":"auto","background-attachment":"scroll","background-type":"","background-media":"","overlay-type":"","overlay-color":"","overlay-opacity":"","overlay-gradient":""}},"ast-content-background-meta":{"desktop":{"background-color":"var(--ast-global-color-5)","background-image":"","background-repeat":"repeat","background-position":"center center","background-size":"auto","background-attachment":"scroll","background-type":"","background-media":"","overlay-type":"","overlay-color":"","overlay-opacity":"","overlay-gradient":""},"tablet":{"background-color":"var(--ast-global-color-5)","background-image":"","background-repeat":"repeat","background-position":"center center","background-size":"auto","background-attachment":"scroll","background-type":"","background-media":"","overlay-type":"","overlay-color":"","overlay-opacity":"","overlay-gradient":""},"mobile":{"background-color":"var(--ast-global-color-5)","background-image":"","background-repeat":"repeat","background-position":"center center","background-size":"auto","background-attachment":"scroll","background-type":"","background-media":"","overlay-type":"","overlay-color":"","overlay-opacity":"","overlay-gradient":""}}},"product_brand":[],"product_cat":[34],"product_tag":[],"class_list":{"0":"post-2391","1":"product","2":"type-product","3":"status-publish","4":"has-post-thumbnail","6":"product_cat-longines","7":"desktop-align-center","8":"tablet-align-left","9":"mobile-align-left","11":"first","12":"instock","13":"sale","14":"shipping-taxable","15":"purchasable","16":"product-type-simple"},"_links":{"self":[{"href":"https:\/\/mirekboutique.com\/hu\/wp-json\/wp\/v2\/product\/2391","targetHints":{"allow":["GET"]}}],"collection":[{"href":"https:\/\/mirekboutique.com\/hu\/wp-json\/wp\/v2\/product"}],"about":[{"href":"https:\/\/mirekboutique.com\/hu\/wp-json\/wp\/v2\/types\/product"}],"replies":[{"embeddable":true,"href":"https:\/\/mirekboutique.com\/hu\/wp-json\/wp\/v2\/comments?post=2391"}],"version-history":[{"count":1,"href":"https:\/\/mirekboutique.com\/hu\/wp-json\/wp\/v2\/product\/2391\/revisions"}],"predecessor-version":[{"id":2398,"href":"https:\/\/mirekboutique.com\/hu\/wp-json\/wp\/v2\/product\/2391\/revisions\/2398"}],"wp:featuredmedia":[{"embeddable":true,"href":"https:\/\/mirekboutique.com\/hu\/wp-json\/wp\/v2\/media\/2392"}],"wp:attachment":[{"href":"https:\/\/mirekboutique.com\/hu\/wp-json\/wp\/v2\/media?parent=2391"}],"wp:term":[{"taxonomy":"product_brand","embeddable":true,"href":"https:\/\/mirekboutique.com\/hu\/wp-json\/wp\/v2\/product_brand?post=2391"},{"taxonomy":"product_cat","embeddable":true,"href":"https:\/\/mirekboutique.com\/hu\/wp-json\/wp\/v2\/product_cat?post=2391"},{"taxonomy":"product_tag","embeddable":true,"href":"https:\/\/mirekboutique.com\/hu\/wp-json\/wp\/v2\/product_tag?post=2391"}],"curies":[{"name":"wp","href":"https:\/\/api.w.org\/{rel}","templated":true}]}}