{"id":828,"date":"2025-05-09T00:12:52","date_gmt":"2025-05-08T16:12:52","guid":{"rendered":"https:\/\/mirekboutique.com\/?post_type=product&#038;p=828"},"modified":"2025-05-24T19:21:49","modified_gmt":"2025-05-24T11:21:49","slug":"cdy133-11-super-clone-from-a-super-factory","status":"publish","type":"product","link":"https:\/\/mirekboutique.com\/hu\/termek\/cdy133-11-super-clone-from-a-super-factory\/","title":{"rendered":"CDY133 1:1 szuper kl\u00f3n egy szuper gy\u00e1rb\u00f3l"},"content":{"rendered":"<p>B\u00e9k\u00e9re v\u00e1gyva, a h\u00e1bor\u00fa ellen\u00e9ben! AF t\u00f6k\u00e9letesen mutatja a Tank Collection visszafogott, de nem f\u00e9ny\u0171z\u0151 vintage st\u00edlus\u00e1t!<br \/>\nCartier Tank sorozat<br \/>\n[Case] Nagy: 41mm * 31mm, megt\u00f6ri a hagyom\u00e1nyos kar\u00f3ra test\u00e9nek kerek form\u00e1j\u00e1t, a szimmetrikus p\u00e1rhuzamos l\u00fcnetta felett \u00e9s alatt a n\u00e9gyzet alak\u00fa sz\u00e1mlapot, a kem\u00e9ny \u00e9s egyszer\u0171 st\u00edlus felejthetetlenn\u00e9 teszi az embereket. A vonalak egyszer\u0171ek \u00e9s merevek, er\u0151s ipari st\u00edlusban. A sima \u00edvek \u00e9s az \u00e9les \u00e9lek a modernit\u00e1s \u00e9s a divat \u00e9rzet\u00e9t mutatj\u00e1k. A tart\u00e1lyp\u00e1lya st\u00edlus\u00fa f\u00fclek \u00e9s a nyolcsz\u00f6glet\u0171 korona a Cartier jellegzetes k\u00e9k spinellj\u00e9vel j\u00f3l felismerhet\u0151.<br \/>\n[Sz\u00e1mlap] A sz\u00e1mlapon klasszikus r\u00f3mai sk\u00e1l\u00e1k, feh\u00e9r sz\u00e1mlap, k\u00e9k\u00edtett ac\u00e9lmutat\u00f3kkal, \u00e9s a sz\u00e1mlap k\u00f6zep\u00e9n egy n\u00e9gyzet alak\u00fa bels\u0151 k\u00f6r tal\u00e1lhat\u00f3. Az els\u0151 oszt\u00e1ly\u00fa \u00edzl\u00e9st \u00e9s az avantg\u00e1rd designt \u00f6tv\u00f6z\u0151 Tank kar\u00f3ra a maga modern id\u0151tlens\u00e9g\u00e9vel mindig is a kor \u00e9lvonal\u00e1ban \u00e1llt, \u00e9s a kar\u00f3r\u00e1k t\u00f6rt\u00e9net\u00e9nek egyik legfontosabb formatervez\u00e9sek\u00e9nt jellemezt\u00e9k.<br \/>\n[Mozgalom] AF gy\u00e1r a Tank sorozat l\u00e9trehozni a k\u00fcl\u00f6nb\u00f6z\u0151 top mozg\u00e1sok, bele\u00e9rtve a k\u00e9zi felh\u00faz\u00f3s mozg\u00e1s, automata mozg\u00e1s, kvarc mozg\u00e1s, stb., Minden egyes mozg\u00e1s telt Cartier szigor\u00fa min\u0151s\u00e9gellen\u0151rz\u00e9s. Ezenk\u00edv\u00fcl a k\u00e9zm\u0171vess\u00e9g is nagyon finom, minden egyes Tank \u00f3r\u00e1t sokszor pol\u00edroztak \u00e9s pol\u00edroztak, ami kiv\u00e1l\u00f3 min\u0151s\u00e9get \u00e9s k\u00e9zm\u0171ves szintet mutat.<br \/>\n[P\u00e1nt] Olasz lychee b\u0151rsz\u00edj, marhab\u0151r b\u0151rsz\u00edj, ac\u00e9l sz\u00edj. Mindig van olyan sz\u00edj, amely meg\u00e9rinti a bels\u0151 t\u00f6k\u00e9letess\u00e9gre val\u00f3 t\u00f6rekv\u00e9sedet. T\u00f6k\u00e9letesen mutatja a tank sorozat visszafogott, de nem f\u00e9ny\u0171z\u0151 retro st\u00edlus\u00e1t.<\/p>","protected":false},"excerpt":{"rendered":"<p>\ud83d\udd25\ud83d\udd25\ud83d\udd25Az ezen a weboldalon tal\u00e1lhat\u00f3 \u00f6sszes \u00e1ru a szuper gy\u00e1rt\u00f3k \u00e1ltal k\u00e9sz\u00edtett cs\u00facsmin\u0151s\u00e9g\u0171 t\u00f6k\u00e9letes m\u00e1solatok, vadonat\u00faj \u00e9s bontatlan, a min\u0151s\u00e9g \u00e9s az \u00e9rt\u00e9kes\u00edt\u00e9s ut\u00e1ni szolg\u00e1ltat\u00e1s garant\u00e1lt!<\/p>\n<p>\u2705\u2705\u2705\u2705Mirekboutique csak kiv\u00e1l\u00f3 min\u0151s\u00e9g\u0171 term\u00e9keket gy\u00e1rt Minden \u00e1ruh\u00e1zunkban tal\u00e1lhat\u00f3 term\u00e9k az eredeti dobozban \u00e9rkezik High-end fadobozban<\/p>\n<p>\ud83c\udf39\ud83c\udf39 K\u00e9rem, nyugodtan v\u00e1s\u00e1roljon Minden \u00e1ru t\u00e1mogatja az ut\u00e1nv\u00e9tes sz\u00e1ll\u00edt\u00e1st K\u00edv\u00e1nunk boldog v\u00e1s\u00e1rl\u00e1st!<\/p>","protected":false},"featured_media":829,"comment_status":"open","ping_status":"closed","template":"","meta":{"_monsterinsights_skip_tracking":false,"_monsterinsights_sitenote_active":false,"_monsterinsights_sitenote_note":"","_monsterinsights_sitenote_category":0,"site-sidebar-layout":"default","site-content-layout":"","ast-site-content-layout":"default","site-content-style":"default","site-sidebar-style":"default","ast-global-header-display":"","ast-banner-title-visibility":"","ast-main-header-display":"","ast-hfb-above-header-display":"","ast-hfb-below-header-display":"","ast-hfb-mobile-header-display":"","site-post-title":"","ast-breadcrumbs-content":"","ast-featured-img":"","footer-sml-layout":"","theme-transparent-header-meta":"default","adv-header-id-meta":"","stick-header-meta":"","header-above-stick-meta":"","header-main-stick-meta":"","header-below-stick-meta":"","astra-migrate-meta-layouts":"set","ast-page-background-enabled":"default","ast-page-background-meta":{"desktop":{"background-color":"var(--ast-global-color-4)","background-image":"","background-repeat":"repeat","background-position":"center center","background-size":"auto","background-attachment":"scroll","background-type":"","background-media":"","overlay-type":"","overlay-color":"","overlay-opacity":"","overlay-gradient":""},"tablet":{"background-color":"","background-image":"","background-repeat":"repeat","background-position":"center center","background-size":"auto","background-attachment":"scroll","background-type":"","background-media":"","overlay-type":"","overlay-color":"","overlay-opacity":"","overlay-gradient":""},"mobile":{"background-color":"","background-image":"","background-repeat":"repeat","background-position":"center center","background-size":"auto","background-attachment":"scroll","background-type":"","background-media":"","overlay-type":"","overlay-color":"","overlay-opacity":"","overlay-gradient":""}},"ast-content-background-meta":{"desktop":{"background-color":"var(--ast-global-color-5)","background-image":"","background-repeat":"repeat","background-position":"center center","background-size":"auto","background-attachment":"scroll","background-type":"","background-media":"","overlay-type":"","overlay-color":"","overlay-opacity":"","overlay-gradient":""},"tablet":{"background-color":"var(--ast-global-color-5)","background-image":"","background-repeat":"repeat","background-position":"center center","background-size":"auto","background-attachment":"scroll","background-type":"","background-media":"","overlay-type":"","overlay-color":"","overlay-opacity":"","overlay-gradient":""},"mobile":{"background-color":"var(--ast-global-color-5)","background-image":"","background-repeat":"repeat","background-position":"center center","background-size":"auto","background-attachment":"scroll","background-type":"","background-media":"","overlay-type":"","overlay-color":"","overlay-opacity":"","overlay-gradient":""}}},"product_brand":[],"product_cat":[33],"product_tag":[],"class_list":{"0":"post-828","1":"product","2":"type-product","3":"status-publish","4":"has-post-thumbnail","6":"product_cat-cartier","7":"desktop-align-center","8":"tablet-align-left","9":"mobile-align-left","11":"first","12":"instock","13":"sale","14":"shipping-taxable","15":"purchasable","16":"product-type-simple"},"_links":{"self":[{"href":"https:\/\/mirekboutique.com\/hu\/wp-json\/wp\/v2\/product\/828","targetHints":{"allow":["GET"]}}],"collection":[{"href":"https:\/\/mirekboutique.com\/hu\/wp-json\/wp\/v2\/product"}],"about":[{"href":"https:\/\/mirekboutique.com\/hu\/wp-json\/wp\/v2\/types\/product"}],"replies":[{"embeddable":true,"href":"https:\/\/mirekboutique.com\/hu\/wp-json\/wp\/v2\/comments?post=828"}],"version-history":[{"count":1,"href":"https:\/\/mirekboutique.com\/hu\/wp-json\/wp\/v2\/product\/828\/revisions"}],"predecessor-version":[{"id":834,"href":"https:\/\/mirekboutique.com\/hu\/wp-json\/wp\/v2\/product\/828\/revisions\/834"}],"wp:featuredmedia":[{"embeddable":true,"href":"https:\/\/mirekboutique.com\/hu\/wp-json\/wp\/v2\/media\/829"}],"wp:attachment":[{"href":"https:\/\/mirekboutique.com\/hu\/wp-json\/wp\/v2\/media?parent=828"}],"wp:term":[{"taxonomy":"product_brand","embeddable":true,"href":"https:\/\/mirekboutique.com\/hu\/wp-json\/wp\/v2\/product_brand?post=828"},{"taxonomy":"product_cat","embeddable":true,"href":"https:\/\/mirekboutique.com\/hu\/wp-json\/wp\/v2\/product_cat?post=828"},{"taxonomy":"product_tag","embeddable":true,"href":"https:\/\/mirekboutique.com\/hu\/wp-json\/wp\/v2\/product_tag?post=828"}],"curies":[{"name":"wp","href":"https:\/\/api.w.org\/{rel}","templated":true}]}}