{"id":915,"date":"2025-05-09T00:37:32","date_gmt":"2025-05-08T16:37:32","guid":{"rendered":"https:\/\/mirekboutique.com\/?post_type=product&#038;p=915"},"modified":"2025-05-24T19:35:29","modified_gmt":"2025-05-24T11:35:29","slug":"flk066-frank-m-ladies-watch-11-super-clone","status":"publish","type":"product","link":"https:\/\/mirekboutique.com\/hu\/termek\/flk066-frank-m-ladies-watch-11-super-clone\/","title":{"rendered":"FLK066 Frank M n\u0151i kar\u00f3ra 1:1 Super Clone"},"content":{"rendered":"<p>Frank M n\u0151i kar\u00f3ra T\u00e9glalap alak\u00fa 316 rozsdamentes ac\u00e9l CNC pol\u00edrozott tok H\u00e1ts\u00f3 bor\u00edt\u00e1s csiszolt finom grav\u00edrozott bet\u0171kkel vil\u00e1gos \u00edves zaf\u00edrt\u00fck\u00f6r T\u00fck\u00f6r \u00e9s tok t\u00f6k\u00e9letesen illeszkedik egym\u00e1shoz.<br \/>\nTridacna kagyl\u00f3t, a tibeti buddhizmus h\u00e9t kincse k\u00f6z\u00fcl az els\u0151t haszn\u00e1lj\u00e1k a gy\u00f6ngy\u00f6s \u00edves sz\u00e1mlap elk\u00e9sz\u00edt\u00e9s\u00e9hez Maga a tridacna nagyon \u00e9rt\u00e9kes, \u00e9s m\u00e9g ritk\u00e1bb a megfelel\u0151 \u00edves anyagot kiv\u00e1lasztani Egyetlen tridacn\u00e1b\u00f3l csak egy vagy k\u00e9t darabot lehet k\u00e9sz\u00edteni ebb\u0151l a sz\u00e1mlapb\u00f3l, \u00e9s a gy\u00e1rt\u00e1s \u00e9s a pol\u00edroz\u00e1s selejtar\u00e1ny\u00e1val, valamint az indexek be\u00e9p\u00edt\u00e9s\u00e9vel ez a sz\u00e1mlap anyaga m\u00e9g \u00e9rt\u00e9kesebb A sz\u00e1mlap \u00edves oldal\u00e1n l\u00e9v\u0151 h\u00e1romdimenzi\u00f3s ac\u00e9l r\u00f3diummal bevont arab sz\u00e1mjegyeket a sz\u00e1mlap \u00edves oldal\u00e1n l\u00e9v\u0151 v\u00e9sett \u00e9s pol\u00edrozott r\u00f3diummal bevont h\u00e1romdimenzi\u00f3s ac\u00e9l r\u00f3diummal bevont \u00edves mutat\u00f3 A kaliber Cal. 751 \u00f3ram\u0171 A szerkezet egy eredeti sv\u00e1jci import\u00e1lt \u00f3ram\u0171. Elfogadva az eredeti sv\u00e1jci eredeti import\u00e1lt kvarcmozg\u00e1ssal Val\u00f3di amerikai alig\u00e1tor hasi anyag krokodil b\u0151rsz\u00edj A sz\u00edj h\u00e1ts\u00f3 anyaga is gondosan kiv\u00e1lasztott a val\u00f3di b\u0151rellenes anyagb\u00f3l Gyorskiold\u00f3 sz\u00edj P\u00e1nt Fekete barna piros r\u00f3zsasz\u00edn narancs narancs sz\u00fcrke lila t\u00f6bb sz\u00edn\u0171 el\u00e9rhet\u0151 T\u0171s csat Sz\u00e9less\u00e9g 26mm Hossz\u00fas\u00e1g 37mm Vastags\u00e1g 7mm A tartoz\u00e9kok felcser\u00e9lhet\u0151k a val\u00f3di Pure export modellekkel!<\/p>","protected":false},"excerpt":{"rendered":"<p>\ud83d\udd25\ud83d\udd25\ud83d\udd25Az ezen a weboldalon tal\u00e1lhat\u00f3 \u00f6sszes \u00e1ru a szuper gy\u00e1rt\u00f3k \u00e1ltal k\u00e9sz\u00edtett cs\u00facsmin\u0151s\u00e9g\u0171 t\u00f6k\u00e9letes m\u00e1solatok, vadonat\u00faj \u00e9s bontatlan, a min\u0151s\u00e9g \u00e9s az \u00e9rt\u00e9kes\u00edt\u00e9s ut\u00e1ni szolg\u00e1ltat\u00e1s garant\u00e1lt!<\/p>\n<p>\u2705\u2705\u2705\u2705Mirekboutique csak kiv\u00e1l\u00f3 min\u0151s\u00e9g\u0171 term\u00e9keket gy\u00e1rt Minden \u00e1ruh\u00e1zunkban tal\u00e1lhat\u00f3 term\u00e9k az eredeti dobozban \u00e9rkezik High-end fadobozban<\/p>\n<p>\ud83c\udf39\ud83c\udf39 K\u00e9rem, nyugodtan v\u00e1s\u00e1roljon Minden \u00e1ru t\u00e1mogatja az ut\u00e1nv\u00e9tes sz\u00e1ll\u00edt\u00e1st K\u00edv\u00e1nunk boldog v\u00e1s\u00e1rl\u00e1st!<\/p>","protected":false},"featured_media":916,"comment_status":"open","ping_status":"closed","template":"","meta":{"_monsterinsights_skip_tracking":false,"_monsterinsights_sitenote_active":false,"_monsterinsights_sitenote_note":"","_monsterinsights_sitenote_category":0,"site-sidebar-layout":"default","site-content-layout":"","ast-site-content-layout":"default","site-content-style":"default","site-sidebar-style":"default","ast-global-header-display":"","ast-banner-title-visibility":"","ast-main-header-display":"","ast-hfb-above-header-display":"","ast-hfb-below-header-display":"","ast-hfb-mobile-header-display":"","site-post-title":"","ast-breadcrumbs-content":"","ast-featured-img":"","footer-sml-layout":"","theme-transparent-header-meta":"default","adv-header-id-meta":"","stick-header-meta":"","header-above-stick-meta":"","header-main-stick-meta":"","header-below-stick-meta":"","astra-migrate-meta-layouts":"set","ast-page-background-enabled":"default","ast-page-background-meta":{"desktop":{"background-color":"var(--ast-global-color-4)","background-image":"","background-repeat":"repeat","background-position":"center center","background-size":"auto","background-attachment":"scroll","background-type":"","background-media":"","overlay-type":"","overlay-color":"","overlay-opacity":"","overlay-gradient":""},"tablet":{"background-color":"","background-image":"","background-repeat":"repeat","background-position":"center center","background-size":"auto","background-attachment":"scroll","background-type":"","background-media":"","overlay-type":"","overlay-color":"","overlay-opacity":"","overlay-gradient":""},"mobile":{"background-color":"","background-image":"","background-repeat":"repeat","background-position":"center center","background-size":"auto","background-attachment":"scroll","background-type":"","background-media":"","overlay-type":"","overlay-color":"","overlay-opacity":"","overlay-gradient":""}},"ast-content-background-meta":{"desktop":{"background-color":"var(--ast-global-color-5)","background-image":"","background-repeat":"repeat","background-position":"center center","background-size":"auto","background-attachment":"scroll","background-type":"","background-media":"","overlay-type":"","overlay-color":"","overlay-opacity":"","overlay-gradient":""},"tablet":{"background-color":"var(--ast-global-color-5)","background-image":"","background-repeat":"repeat","background-position":"center center","background-size":"auto","background-attachment":"scroll","background-type":"","background-media":"","overlay-type":"","overlay-color":"","overlay-opacity":"","overlay-gradient":""},"mobile":{"background-color":"var(--ast-global-color-5)","background-image":"","background-repeat":"repeat","background-position":"center center","background-size":"auto","background-attachment":"scroll","background-type":"","background-media":"","overlay-type":"","overlay-color":"","overlay-opacity":"","overlay-gradient":""}}},"product_brand":[],"product_cat":[32],"product_tag":[],"class_list":{"0":"post-915","1":"product","2":"type-product","3":"status-publish","4":"has-post-thumbnail","6":"product_cat-frank-muller","7":"desktop-align-center","8":"tablet-align-left","9":"mobile-align-left","11":"first","12":"instock","13":"sale","14":"shipping-taxable","15":"purchasable","16":"product-type-simple"},"_links":{"self":[{"href":"https:\/\/mirekboutique.com\/hu\/wp-json\/wp\/v2\/product\/915","targetHints":{"allow":["GET"]}}],"collection":[{"href":"https:\/\/mirekboutique.com\/hu\/wp-json\/wp\/v2\/product"}],"about":[{"href":"https:\/\/mirekboutique.com\/hu\/wp-json\/wp\/v2\/types\/product"}],"replies":[{"embeddable":true,"href":"https:\/\/mirekboutique.com\/hu\/wp-json\/wp\/v2\/comments?post=915"}],"version-history":[{"count":1,"href":"https:\/\/mirekboutique.com\/hu\/wp-json\/wp\/v2\/product\/915\/revisions"}],"predecessor-version":[{"id":922,"href":"https:\/\/mirekboutique.com\/hu\/wp-json\/wp\/v2\/product\/915\/revisions\/922"}],"wp:featuredmedia":[{"embeddable":true,"href":"https:\/\/mirekboutique.com\/hu\/wp-json\/wp\/v2\/media\/916"}],"wp:attachment":[{"href":"https:\/\/mirekboutique.com\/hu\/wp-json\/wp\/v2\/media?parent=915"}],"wp:term":[{"taxonomy":"product_brand","embeddable":true,"href":"https:\/\/mirekboutique.com\/hu\/wp-json\/wp\/v2\/product_brand?post=915"},{"taxonomy":"product_cat","embeddable":true,"href":"https:\/\/mirekboutique.com\/hu\/wp-json\/wp\/v2\/product_cat?post=915"},{"taxonomy":"product_tag","embeddable":true,"href":"https:\/\/mirekboutique.com\/hu\/wp-json\/wp\/v2\/product_tag?post=915"}],"curies":[{"name":"wp","href":"https:\/\/api.w.org\/{rel}","templated":true}]}}