{"id":2239,"date":"2025-05-09T06:57:22","date_gmt":"2025-05-08T22:57:22","guid":{"rendered":"https:\/\/mirekboutique.com\/?post_type=product&#038;p=2239"},"modified":"2025-05-24T19:21:36","modified_gmt":"2025-05-24T11:21:36","slug":"lv314-keepall-bandouliere-for-men-and-women-11-super-clone","status":"publish","type":"product","link":"https:\/\/mirekboutique.com\/id\/produk\/lv314-keepall-bandouliere-for-men-and-women-11-super-clone\/","title":{"rendered":"LV314 KEEPALL BANDOULI\u00c8RE untuk pria dan wanita 1:1 Super Clone"},"content":{"rendered":"<p>Koleksi Tas Travel Aly Keepall Bandouli\u00e8re 50 Travel Bag Hijau. Tas travel Aly Keepall Bandouli\u00e8re 50 terbuat dari kulit sapi Epi Soft XL yang lentur dan menampilkan versi yang lebih besar dari emboss Epi tradisional. Pegangan atas dipadukan dengan tali bahu yang dapat dilepas dan disesuaikan untuk kenyamanan saat dibawa. Dimensi: 50 x 29 x 23 cm<\/p>","protected":false},"excerpt":{"rendered":"<p>\ud83d\udd25\ud83d\udd25Semua barang di situs web ini adalah replika sempurna kelas atas yang dibuat oleh produsen super, baru dan belum dibuka, kualitas dan layanan purna jual dijamin!<\/p>\n<p>\u2705\u2705\u2705\u2705Mirekboutique hanya memproduksi barang-barang berkualitas tinggi Semua barang di toko kami dilengkapi dengan kotak asli Kotak kayu kelas atas<\/p>\n<p>\ud83c\udf39\ud83c\udf39Yakinlah untuk membeli Semua barang mendukung pembayaran tunai saat pengiriman Semoga Anda senang berbelanja<\/p>","protected":false},"featured_media":2240,"comment_status":"open","ping_status":"closed","template":"","meta":{"_monsterinsights_skip_tracking":false,"_monsterinsights_sitenote_active":false,"_monsterinsights_sitenote_note":"","_monsterinsights_sitenote_category":0,"site-sidebar-layout":"default","site-content-layout":"","ast-site-content-layout":"default","site-content-style":"default","site-sidebar-style":"default","ast-global-header-display":"","ast-banner-title-visibility":"","ast-main-header-display":"","ast-hfb-above-header-display":"","ast-hfb-below-header-display":"","ast-hfb-mobile-header-display":"","site-post-title":"","ast-breadcrumbs-content":"","ast-featured-img":"","footer-sml-layout":"","theme-transparent-header-meta":"default","adv-header-id-meta":"","stick-header-meta":"","header-above-stick-meta":"","header-main-stick-meta":"","header-below-stick-meta":"","astra-migrate-meta-layouts":"set","ast-page-background-enabled":"default","ast-page-background-meta":{"desktop":{"background-color":"var(--ast-global-color-4)","background-image":"","background-repeat":"repeat","background-position":"center center","background-size":"auto","background-attachment":"scroll","background-type":"","background-media":"","overlay-type":"","overlay-color":"","overlay-opacity":"","overlay-gradient":""},"tablet":{"background-color":"","background-image":"","background-repeat":"repeat","background-position":"center center","background-size":"auto","background-attachment":"scroll","background-type":"","background-media":"","overlay-type":"","overlay-color":"","overlay-opacity":"","overlay-gradient":""},"mobile":{"background-color":"","background-image":"","background-repeat":"repeat","background-position":"center center","background-size":"auto","background-attachment":"scroll","background-type":"","background-media":"","overlay-type":"","overlay-color":"","overlay-opacity":"","overlay-gradient":""}},"ast-content-background-meta":{"desktop":{"background-color":"var(--ast-global-color-5)","background-image":"","background-repeat":"repeat","background-position":"center center","background-size":"auto","background-attachment":"scroll","background-type":"","background-media":"","overlay-type":"","overlay-color":"","overlay-opacity":"","overlay-gradient":""},"tablet":{"background-color":"var(--ast-global-color-5)","background-image":"","background-repeat":"repeat","background-position":"center center","background-size":"auto","background-attachment":"scroll","background-type":"","background-media":"","overlay-type":"","overlay-color":"","overlay-opacity":"","overlay-gradient":""},"mobile":{"background-color":"var(--ast-global-color-5)","background-image":"","background-repeat":"repeat","background-position":"center center","background-size":"auto","background-attachment":"scroll","background-type":"","background-media":"","overlay-type":"","overlay-color":"","overlay-opacity":"","overlay-gradient":""}}},"product_brand":[],"product_cat":[25],"product_tag":[],"class_list":{"0":"post-2239","1":"product","2":"type-product","3":"status-publish","4":"has-post-thumbnail","6":"product_cat-lv","7":"desktop-align-center","8":"tablet-align-left","9":"mobile-align-left","11":"first","12":"instock","13":"sale","14":"shipping-taxable","15":"purchasable","16":"product-type-simple"},"_links":{"self":[{"href":"https:\/\/mirekboutique.com\/id\/wp-json\/wp\/v2\/product\/2239","targetHints":{"allow":["GET"]}}],"collection":[{"href":"https:\/\/mirekboutique.com\/id\/wp-json\/wp\/v2\/product"}],"about":[{"href":"https:\/\/mirekboutique.com\/id\/wp-json\/wp\/v2\/types\/product"}],"replies":[{"embeddable":true,"href":"https:\/\/mirekboutique.com\/id\/wp-json\/wp\/v2\/comments?post=2239"}],"version-history":[{"count":1,"href":"https:\/\/mirekboutique.com\/id\/wp-json\/wp\/v2\/product\/2239\/revisions"}],"predecessor-version":[{"id":2246,"href":"https:\/\/mirekboutique.com\/id\/wp-json\/wp\/v2\/product\/2239\/revisions\/2246"}],"wp:featuredmedia":[{"embeddable":true,"href":"https:\/\/mirekboutique.com\/id\/wp-json\/wp\/v2\/media\/2240"}],"wp:attachment":[{"href":"https:\/\/mirekboutique.com\/id\/wp-json\/wp\/v2\/media?parent=2239"}],"wp:term":[{"taxonomy":"product_brand","embeddable":true,"href":"https:\/\/mirekboutique.com\/id\/wp-json\/wp\/v2\/product_brand?post=2239"},{"taxonomy":"product_cat","embeddable":true,"href":"https:\/\/mirekboutique.com\/id\/wp-json\/wp\/v2\/product_cat?post=2239"},{"taxonomy":"product_tag","embeddable":true,"href":"https:\/\/mirekboutique.com\/id\/wp-json\/wp\/v2\/product_tag?post=2239"}],"curies":[{"name":"wp","href":"https:\/\/api.w.org\/{rel}","templated":true}]}}