{"id":591,"date":"2025-05-07T19:57:41","date_gmt":"2025-05-07T11:57:41","guid":{"rendered":"https:\/\/mirekboutique.com\/?page_id=591"},"modified":"2025-05-21T19:56:36","modified_gmt":"2025-05-21T11:56:36","slug":"cod","status":"publish","type":"page","link":"https:\/\/mirekboutique.com\/it\/cod\/","title":{"rendered":"COD"},"content":{"rendered":"<div data-elementor-type=\"wp-page\" data-elementor-id=\"591\" class=\"elementor elementor-591\">\n\t\t\t\t<div class=\"elementor-element elementor-element-9346e8d e-flex e-con-boxed e-con e-parent\" data-id=\"9346e8d\" data-element_type=\"container\" data-settings=\"{&quot;background_background&quot;:&quot;classic&quot;}\">\n\t\t\t\t\t<div class=\"e-con-inner\">\n\t\t<div class=\"elementor-element elementor-element-4b2bba9 e-con-full e-flex e-con e-child\" data-id=\"4b2bba9\" data-element_type=\"container\">\n\t\t\t\t<div class=\"elementor-element elementor-element-5a21cb0 elementor-widget elementor-widget-heading\" data-id=\"5a21cb0\" data-element_type=\"widget\" data-widget_type=\"heading.default\">\n\t\t\t\t<div class=\"elementor-widget-container\">\n\t\t\t\t\t<h6 class=\"elementor-heading-title elementor-size-default\">contanti alla consegna<\/h6>\t\t\t\t<\/div>\n\t\t\t\t<\/div>\n\t\t\t\t<div class=\"elementor-element elementor-element-a19a656 elementor-widget elementor-widget-heading\" data-id=\"a19a656\" data-element_type=\"widget\" data-widget_type=\"heading.default\">\n\t\t\t\t<div class=\"elementor-widget-container\">\n\t\t\t\t\t<h1 class=\"elementor-heading-title elementor-size-default\">COD<\/h1>\t\t\t\t<\/div>\n\t\t\t\t<\/div>\n\t\t\t\t<\/div>\n\t\t\t\t\t<\/div>\n\t\t\t\t<\/div>\n\t\t<div class=\"elementor-element elementor-element-8261433 e-flex e-con-boxed e-con e-parent\" data-id=\"8261433\" data-element_type=\"container\">\n\t\t\t\t\t<div class=\"e-con-inner\">\n\t\t\t\t<div class=\"elementor-element elementor-element-ab6c507 elementor-widget elementor-widget-text-editor\" data-id=\"ab6c507\" data-element_type=\"widget\" data-widget_type=\"text-editor.default\">\n\t\t\t\t<div class=\"elementor-widget-container\">\n\t\t\t\t\t\t\t\t\t<p><strong>Siamo orgogliosi di offrirvi servizi di spedizione in tutto il mondo; i seguenti termini e condizioni sono stati concepiti per offrirvi un'esperienza di acquisto perfetta. Si prega di leggere attentamente i seguenti termini e condizioni di consegna prima di effettuare l'ordine.<\/strong><\/p><p><strong>1. Consegna in tutto il mondo:<\/strong><\/p><p>Siamo orgogliosi di offrire consegne in tutto il mondo in molti paesi e regioni. \u00c8 possibile usufruire della modalit\u00e0 Contrassegno (COD) pagando un deposito di 10%. Dopo aver ricevuto e ispezionato la merce, \u00e8 possibile pagare il saldo al corriere. \u00c8 possibile pagare il saldo nella valuta del proprio Paese.<\/p><p><strong>2. Soglia di spedizione gratuita:<\/strong><\/p><p>Effettuate l'ordine con un deposito 10% e godetevi la spedizione gratuita in tutto il mondo.<\/p><p><strong>3. Tempo di consegna stimato:<\/strong><\/p><p>La consegna dell'ordine in tutto il mondo richiede dai 3 ai 14 giorni lavorativi. I tempi di consegna possono variare a seconda della localit\u00e0 e di fattori esterni al di fuori del nostro controllo.<\/p><p><strong>4. Esenzione fiscale:<\/strong><\/p><p>Ci impegniamo a fornire un'esperienza di acquisto facile e senza problemi. Pertanto, tutti gli ordini sono esenti da imposte in tutto il mondo.<\/p><p><strong>5. Spedizione frazionata:<\/strong><\/p><p>Per gli ordini contenenti pi\u00f9 articoli, possiamo spedirli separatamente per garantire una consegna efficiente. Ogni articolo sar\u00e0 imballato in modo sicuro e tracciato singolarmente.<\/p><p><strong>6. L'International Express \u00e8 preferibile:<\/strong><\/p><p>La vostra soddisfazione \u00e8 la nostra priorit\u00e0 e selezioniamo il corriere internazionale pi\u00f9 adatto in base alla vostra posizione. I nostri partner di fiducia includono FedEx, DHL, UPS, USPS Inpost, ecc.<\/p><p><strong>7. Tracciabilit\u00e0 della spedizione:<\/strong><\/p><p>Dopo aver ricevuto il deposito 10%, riceverete un numero di tracking entro 5 giorni. Il vostro agente vi comunicher\u00e0 il numero del corriere di spedizione o potrete controllare il vostro indirizzo e-mail.<\/p><p><strong>8. Restrizioni di spedizione:<\/strong><\/p><p>Sebbene ci sforziamo di fornire tempi di consegna accurati, vi preghiamo di tenere presente che circostanze impreviste, come le condizioni meteorologiche e le procedure doganali, possono influire sui tempi di spedizione.<\/p><p><strong>9. Elaborazione degli ordini:<\/strong><\/p><p>Una volta effettuato l'ordine, lo elaboriamo accuratamente per garantire un imballaggio accurato e una spedizione tempestiva.<\/p><p><strong>10. Precisione dell'indirizzo:<\/strong><\/p><p>Si prega di ricontrollare l'indirizzo di consegna per verificarne l'esattezza. Non siamo responsabili di ritardi o mancate spedizioni dovute a indirizzi errati.<\/p><p><strong>11. Responsabilit\u00e0 del cliente:<\/strong><\/p><p>I clienti devono fornire informazioni accurate sulla posizione geografica per la consegna. Non siamo responsabili se non riuscite a contattare la persona incaricata della consegna per motivi personali.<\/p><p><strong>12. Perdita o ritardo della merce:<\/strong><\/p><p>Nell'improbabile caso in cui una spedizione vada persa o subisca un grave ritardo, si prega di contattare il nostro Servizio Clienti o il vostro agente. Condurremo immediatamente un'indagine approfondita per risolvere il problema.<\/p><p><strong>13. Aggiornamento sulle spedizioni:<\/strong><\/p><p>Rimanete informati sull'andamento della spedizione tramite notifiche via e-mail o contattate il vostro agente.<\/p><p><strong>14. Contatti:<\/strong><\/p><p>Se avete domande o problemi con la vostra spedizione, il nostro servizio clienti o i nostri agenti sono sempre pronti ad aiutarvi. Inviate un'e-mail a info@mirekboutique.com.<\/p><p>Effettuando un ordine presso di noi, l'utente riconosce e accetta i presenti Termini e condizioni di spedizione in tutto il mondo. Ci impegniamo a fornirvi un servizio eccellente e una piacevole esperienza di acquisto.<\/p><p><strong>15 Informazioni sul processo di ordinazione<\/strong><br \/>Innanzitutto, il metodo logistico che forniamo \u00e8 il contrassegno. Abbiamo bisogno di addebitare un deposito 10%. Potete pagare il deposito tramite il vostro agente o contattare il personale ufficiale. Se rifiutate di accettare la merce dopo averla ricevuta, non vi rimborseremo il deposito 10%. I prodotti di questo negozio sono tutti di fascia alta. I costi di trasporto e assicurazione sono costosi, pertanto \u00e8 necessario versare un deposito. Grazie per la vostra comprensione<\/p><p><strong>Grazie per averci scelto per le vostre esigenze di shopping globale!<\/strong><\/p>\t\t\t\t\t\t\t\t<\/div>\n\t\t\t\t<\/div>\n\t\t\t\t\t<\/div>\n\t\t\t\t<\/div>\n\t\t\t\t<\/div>","protected":false},"excerpt":{"rendered":"<p>cash on delivery COD We are proud to offer you worldwide shipping services, the following terms and conditions are designed to provide you with a perfect shopping experience. Please read the following delivery terms and conditions carefully before placing your order. 1. Worldwide delivery: We are proud to offer worldwide delivery to many countries and [&hellip;]<\/p>","protected":false},"author":1,"featured_media":0,"parent":0,"menu_order":0,"comment_status":"closed","ping_status":"closed","template":"","meta":{"_monsterinsights_skip_tracking":false,"_monsterinsights_sitenote_active":false,"_monsterinsights_sitenote_note":"","_monsterinsights_sitenote_category":0,"site-sidebar-layout":"no-sidebar","site-content-layout":"page-builder","ast-site-content-layout":"full-width-container","site-content-style":"default","site-sidebar-style":"default","ast-global-header-display":"","ast-banner-title-visibility":"","ast-main-header-display":"","ast-hfb-above-header-display":"","ast-hfb-below-header-display":"","ast-hfb-mobile-header-display":"","site-post-title":"disabled","ast-breadcrumbs-content":"","ast-featured-img":"disabled","footer-sml-layout":"","theme-transparent-header-meta":"default","adv-header-id-meta":"","stick-header-meta":"","header-above-stick-meta":"","header-main-stick-meta":"","header-below-stick-meta":"","astra-migrate-meta-layouts":"set","ast-page-background-enabled":"default","ast-page-background-meta":{"desktop":{"background-color":"var(--ast-global-color-4)","background-image":"","background-repeat":"repeat","background-position":"center center","background-size":"auto","background-attachment":"scroll","background-type":"","background-media":"","overlay-type":"","overlay-color":"","overlay-opacity":"","overlay-gradient":""},"tablet":{"background-color":"","background-image":"","background-repeat":"repeat","background-position":"center center","background-size":"auto","background-attachment":"scroll","background-type":"","background-media":"","overlay-type":"","overlay-color":"","overlay-opacity":"","overlay-gradient":""},"mobile":{"background-color":"","background-image":"","background-repeat":"repeat","background-position":"center center","background-size":"auto","background-attachment":"scroll","background-type":"","background-media":"","overlay-type":"","overlay-color":"","overlay-opacity":"","overlay-gradient":""}},"ast-content-background-meta":{"desktop":{"background-color":"var(--ast-global-color-5)","background-image":"","background-repeat":"repeat","background-position":"center center","background-size":"auto","background-attachment":"scroll","background-type":"","background-media":"","overlay-type":"","overlay-color":"","overlay-opacity":"","overlay-gradient":""},"tablet":{"background-color":"var(--ast-global-color-5)","background-image":"","background-repeat":"repeat","background-position":"center center","background-size":"auto","background-attachment":"scroll","background-type":"","background-media":"","overlay-type":"","overlay-color":"","overlay-opacity":"","overlay-gradient":""},"mobile":{"background-color":"var(--ast-global-color-5)","background-image":"","background-repeat":"repeat","background-position":"center center","background-size":"auto","background-attachment":"scroll","background-type":"","background-media":"","overlay-type":"","overlay-color":"","overlay-opacity":"","overlay-gradient":""}},"footnotes":""},"class_list":["post-591","page","type-page","status-publish","hentry"],"_links":{"self":[{"href":"https:\/\/mirekboutique.com\/it\/wp-json\/wp\/v2\/pages\/591","targetHints":{"allow":["GET"]}}],"collection":[{"href":"https:\/\/mirekboutique.com\/it\/wp-json\/wp\/v2\/pages"}],"about":[{"href":"https:\/\/mirekboutique.com\/it\/wp-json\/wp\/v2\/types\/page"}],"author":[{"embeddable":true,"href":"https:\/\/mirekboutique.com\/it\/wp-json\/wp\/v2\/users\/1"}],"replies":[{"embeddable":true,"href":"https:\/\/mirekboutique.com\/it\/wp-json\/wp\/v2\/comments?post=591"}],"version-history":[{"count":22,"href":"https:\/\/mirekboutique.com\/it\/wp-json\/wp\/v2\/pages\/591\/revisions"}],"predecessor-version":[{"id":2421,"href":"https:\/\/mirekboutique.com\/it\/wp-json\/wp\/v2\/pages\/591\/revisions\/2421"}],"wp:attachment":[{"href":"https:\/\/mirekboutique.com\/it\/wp-json\/wp\/v2\/media?parent=591"}],"curies":[{"name":"wp","href":"https:\/\/api.w.org\/{rel}","templated":true}]}}