{"id":1312,"date":"2025-05-09T02:23:24","date_gmt":"2025-05-08T18:23:24","guid":{"rendered":"https:\/\/mirekboutique.com\/?post_type=product&#038;p=1312"},"modified":"2025-05-24T19:21:44","modified_gmt":"2025-05-24T11:21:44","slug":"bd003-super-nautilus-v4-11-super-clone-from-a-super-factory","status":"publish","type":"product","link":"https:\/\/mirekboutique.com\/it\/prodotto\/bd003-super-nautilus-v4-11-super-clone-from-a-super-factory\/","title":{"rendered":"BD003 Super Nautilus V4 1:1 super clone da una super fabbrica"},"content":{"rendered":"<p>La versione PPF V4 del Super Nautilus \u00e8 tornata! Il primo vero Super Nautilus, attacco scioccante, il nuovo cinturino in acciaio inossidabile rivisto, parte della cerniera secondo il vero Patek Philippe Nautilus cinturino in acciaio inossidabile smontaggio e lo sviluppo, e l'effetto genuino coerente vestibilit\u00e0, invertendo tutte le copie precedenti, l'angolo di apertura e chiusura della cerniera e lo stesso come il vero, lo stesso come il suono di bloccaggio del genuino, l'accento sulla versione V4 del quadrante nell'uso dello stesso come il vero coperto con rivestimento luminescente di oro indici tridimensionali, soprattutto prominente \"fascino blu\" faccia infinitamente vicino all'originale, il movimento \u00e8 una nuova versione personalizzata della rivista one-core Cal. Indici orari, particolarmente prominente \"fascino blu\" faccia \u00e8 infinitamente vicino all'originale, il movimento \u00e8 una nuova revisione personalizzata del one-core Cal.324 movimento, \u00e8 attualmente l'unico a fare il movimento del sigillo in acciaio e lo stesso come il processo di incisione autentica. Solo il meglio per indossare lui per le poesie e luoghi lontani, PPFactory.Super Nautilus King of Kings<\/p>","protected":false},"excerpt":{"rendered":"<p>\ud83d\udd25\ud83d\udd25Tutti i prodotti presenti su questo sito sono repliche perfette di alta gamma realizzate da super produttori, nuovi e non aperti, la qualit\u00e0 e il servizio post-vendita sono garantiti!<\/p>\n<p>\u2705\u2705\u2705\u2705Mirekboutique produce solo articoli di alta qualit\u00e0 Tutti gli articoli del nostro negozio vengono forniti con la scatola originale Scatola di legno di alta qualit\u00e0<\/p>\n<p>\ud83c\udf39\ud83c\udf39Siate certi di acquistare Tutte le merci supportano il pagamento in contanti alla consegna Vi auguriamo uno shopping felice<\/p>","protected":false},"featured_media":1313,"comment_status":"open","ping_status":"closed","template":"","meta":{"_monsterinsights_skip_tracking":false,"_monsterinsights_sitenote_active":false,"_monsterinsights_sitenote_note":"","_monsterinsights_sitenote_category":0,"site-sidebar-layout":"default","site-content-layout":"","ast-site-content-layout":"default","site-content-style":"default","site-sidebar-style":"default","ast-global-header-display":"","ast-banner-title-visibility":"","ast-main-header-display":"","ast-hfb-above-header-display":"","ast-hfb-below-header-display":"","ast-hfb-mobile-header-display":"","site-post-title":"","ast-breadcrumbs-content":"","ast-featured-img":"","footer-sml-layout":"","ast-disable-related-posts":"","theme-transparent-header-meta":"default","adv-header-id-meta":"","stick-header-meta":"","header-above-stick-meta":"","header-main-stick-meta":"","header-below-stick-meta":"","astra-migrate-meta-layouts":"set","ast-page-background-enabled":"default","ast-page-background-meta":{"desktop":{"background-color":"var(--ast-global-color-4)","background-image":"","background-repeat":"repeat","background-position":"center center","background-size":"auto","background-attachment":"scroll","background-type":"","background-media":"","overlay-type":"","overlay-color":"","overlay-opacity":"","overlay-gradient":""},"tablet":{"background-color":"","background-image":"","background-repeat":"repeat","background-position":"center center","background-size":"auto","background-attachment":"scroll","background-type":"","background-media":"","overlay-type":"","overlay-color":"","overlay-opacity":"","overlay-gradient":""},"mobile":{"background-color":"","background-image":"","background-repeat":"repeat","background-position":"center center","background-size":"auto","background-attachment":"scroll","background-type":"","background-media":"","overlay-type":"","overlay-color":"","overlay-opacity":"","overlay-gradient":""}},"ast-content-background-meta":{"desktop":{"background-color":"var(--ast-global-color-5)","background-image":"","background-repeat":"repeat","background-position":"center center","background-size":"auto","background-attachment":"scroll","background-type":"","background-media":"","overlay-type":"","overlay-color":"","overlay-opacity":"","overlay-gradient":""},"tablet":{"background-color":"var(--ast-global-color-5)","background-image":"","background-repeat":"repeat","background-position":"center center","background-size":"auto","background-attachment":"scroll","background-type":"","background-media":"","overlay-type":"","overlay-color":"","overlay-opacity":"","overlay-gradient":""},"mobile":{"background-color":"var(--ast-global-color-5)","background-image":"","background-repeat":"repeat","background-position":"center center","background-size":"auto","background-attachment":"scroll","background-type":"","background-media":"","overlay-type":"","overlay-color":"","overlay-opacity":"","overlay-gradient":""}}},"product_brand":[],"product_cat":[18],"product_tag":[],"class_list":{"0":"post-1312","1":"product","2":"type-product","3":"status-publish","4":"has-post-thumbnail","6":"product_cat-patek-philippe","7":"desktop-align-center","8":"tablet-align-left","9":"mobile-align-left","11":"first","12":"instock","13":"sale","14":"shipping-taxable","15":"purchasable","16":"product-type-simple"},"_links":{"self":[{"href":"https:\/\/mirekboutique.com\/it\/wp-json\/wp\/v2\/product\/1312","targetHints":{"allow":["GET"]}}],"collection":[{"href":"https:\/\/mirekboutique.com\/it\/wp-json\/wp\/v2\/product"}],"about":[{"href":"https:\/\/mirekboutique.com\/it\/wp-json\/wp\/v2\/types\/product"}],"replies":[{"embeddable":true,"href":"https:\/\/mirekboutique.com\/it\/wp-json\/wp\/v2\/comments?post=1312"}],"version-history":[{"count":1,"href":"https:\/\/mirekboutique.com\/it\/wp-json\/wp\/v2\/product\/1312\/revisions"}],"predecessor-version":[{"id":1319,"href":"https:\/\/mirekboutique.com\/it\/wp-json\/wp\/v2\/product\/1312\/revisions\/1319"}],"wp:featuredmedia":[{"embeddable":true,"href":"https:\/\/mirekboutique.com\/it\/wp-json\/wp\/v2\/media\/1313"}],"wp:attachment":[{"href":"https:\/\/mirekboutique.com\/it\/wp-json\/wp\/v2\/media?parent=1312"}],"wp:term":[{"taxonomy":"product_brand","embeddable":true,"href":"https:\/\/mirekboutique.com\/it\/wp-json\/wp\/v2\/product_brand?post=1312"},{"taxonomy":"product_cat","embeddable":true,"href":"https:\/\/mirekboutique.com\/it\/wp-json\/wp\/v2\/product_cat?post=1312"},{"taxonomy":"product_tag","embeddable":true,"href":"https:\/\/mirekboutique.com\/it\/wp-json\/wp\/v2\/product_tag?post=1312"}],"curies":[{"name":"wp","href":"https:\/\/api.w.org\/{rel}","templated":true}]}}