{"id":1334,"date":"2025-05-09T02:29:31","date_gmt":"2025-05-08T18:29:31","guid":{"rendered":"https:\/\/mirekboutique.com\/?post_type=product&#038;p=1334"},"modified":"2025-05-24T19:21:44","modified_gmt":"2025-05-24T11:21:44","slug":"bd006-classic-5153-11-super-clone-from-a-super-factory","status":"publish","type":"product","link":"https:\/\/mirekboutique.com\/it\/prodotto\/bd006-classic-5153-11-super-clone-from-a-super-factory\/","title":{"rendered":"BD006 Classic 5153 1:1 super clone da una super fabbrica"},"content":{"rendered":"<p>ZF artigiano \"core\" prodotto opere classiche - Bada orologi serie classica 5153, elegante e a ~! Dettagli meravigliosi] Dimensione dell'orologio 38mmX10mm 1. Lucidatura della cassa: al fine di perseguire l'effetto dell'autentico caldo e umido come la giada, gli orologiai ZF macinano accuratamente, con un lavoro lento e attento. 2. Meccanismo di articolazione del parapolvere e della conchiglia, paragonabile a quello autentico con una sensazione di nitidezza. 3. Scala e lancette, l'uso del pi\u00f9 recente processo di placcatura in metallo prezioso, l'effetto del livello superiore. 4. Specchio dell'orologio in zaffiro micro-convesso \"Pot cover type\", versione uguale a quella autentica, effetto traslucido per riconoscere chiaramente l'ora. 5. Sigillo in acciaio di metallo prezioso norme tridimensionali, chiaro e vivido. 6! Leader nell'era della macchina monoblocco] Adottando la versione personalizzata della macchina monoblocco Cal.324 - pi\u00f9 sottile, pi\u00f9 stabile, pi\u00f9 simile. La cosa pi\u00f9 importante \u00e8 che il grado di simulazione \u00e8 aumentato linearmente. [Cinturino] Classico cinturino in pelle di vitello italiana con grana chiara e buona consistenza. Con il cerchio della fibbia a lanterna Patek Philippe pi\u00f9 importante del mercato, originale universale senza pressione. Confucio tenere in, eterno classico, low-key perfetto, tavolo nel gentiluomo!<\/p>","protected":false},"excerpt":{"rendered":"<p>\ud83d\udd25\ud83d\udd25Tutti i prodotti presenti su questo sito sono repliche perfette di alta gamma realizzate da super produttori, nuovi e non aperti, la qualit\u00e0 e il servizio post-vendita sono garantiti!<\/p>\n<p>\u2705\u2705\u2705\u2705Mirekboutique produce solo articoli di alta qualit\u00e0 Tutti gli articoli del nostro negozio vengono forniti con la scatola originale Scatola di legno di alta qualit\u00e0<\/p>\n<p>\ud83c\udf39\ud83c\udf39Siate certi di acquistare Tutte le merci supportano il pagamento in contanti alla consegna Vi auguriamo uno shopping felice<\/p>","protected":false},"featured_media":1335,"comment_status":"open","ping_status":"closed","template":"","meta":{"_monsterinsights_skip_tracking":false,"_monsterinsights_sitenote_active":false,"_monsterinsights_sitenote_note":"","_monsterinsights_sitenote_category":0,"site-sidebar-layout":"default","site-content-layout":"","ast-site-content-layout":"default","site-content-style":"default","site-sidebar-style":"default","ast-global-header-display":"","ast-banner-title-visibility":"","ast-main-header-display":"","ast-hfb-above-header-display":"","ast-hfb-below-header-display":"","ast-hfb-mobile-header-display":"","site-post-title":"","ast-breadcrumbs-content":"","ast-featured-img":"","footer-sml-layout":"","ast-disable-related-posts":"","theme-transparent-header-meta":"default","adv-header-id-meta":"","stick-header-meta":"","header-above-stick-meta":"","header-main-stick-meta":"","header-below-stick-meta":"","astra-migrate-meta-layouts":"set","ast-page-background-enabled":"default","ast-page-background-meta":{"desktop":{"background-color":"var(--ast-global-color-4)","background-image":"","background-repeat":"repeat","background-position":"center center","background-size":"auto","background-attachment":"scroll","background-type":"","background-media":"","overlay-type":"","overlay-color":"","overlay-opacity":"","overlay-gradient":""},"tablet":{"background-color":"","background-image":"","background-repeat":"repeat","background-position":"center center","background-size":"auto","background-attachment":"scroll","background-type":"","background-media":"","overlay-type":"","overlay-color":"","overlay-opacity":"","overlay-gradient":""},"mobile":{"background-color":"","background-image":"","background-repeat":"repeat","background-position":"center center","background-size":"auto","background-attachment":"scroll","background-type":"","background-media":"","overlay-type":"","overlay-color":"","overlay-opacity":"","overlay-gradient":""}},"ast-content-background-meta":{"desktop":{"background-color":"var(--ast-global-color-5)","background-image":"","background-repeat":"repeat","background-position":"center center","background-size":"auto","background-attachment":"scroll","background-type":"","background-media":"","overlay-type":"","overlay-color":"","overlay-opacity":"","overlay-gradient":""},"tablet":{"background-color":"var(--ast-global-color-5)","background-image":"","background-repeat":"repeat","background-position":"center center","background-size":"auto","background-attachment":"scroll","background-type":"","background-media":"","overlay-type":"","overlay-color":"","overlay-opacity":"","overlay-gradient":""},"mobile":{"background-color":"var(--ast-global-color-5)","background-image":"","background-repeat":"repeat","background-position":"center center","background-size":"auto","background-attachment":"scroll","background-type":"","background-media":"","overlay-type":"","overlay-color":"","overlay-opacity":"","overlay-gradient":""}}},"product_brand":[],"product_cat":[18],"product_tag":[],"class_list":{"0":"post-1334","1":"product","2":"type-product","3":"status-publish","4":"has-post-thumbnail","6":"product_cat-patek-philippe","7":"desktop-align-center","8":"tablet-align-left","9":"mobile-align-left","11":"first","12":"instock","13":"sale","14":"shipping-taxable","15":"purchasable","16":"product-type-simple"},"_links":{"self":[{"href":"https:\/\/mirekboutique.com\/it\/wp-json\/wp\/v2\/product\/1334","targetHints":{"allow":["GET"]}}],"collection":[{"href":"https:\/\/mirekboutique.com\/it\/wp-json\/wp\/v2\/product"}],"about":[{"href":"https:\/\/mirekboutique.com\/it\/wp-json\/wp\/v2\/types\/product"}],"replies":[{"embeddable":true,"href":"https:\/\/mirekboutique.com\/it\/wp-json\/wp\/v2\/comments?post=1334"}],"version-history":[{"count":1,"href":"https:\/\/mirekboutique.com\/it\/wp-json\/wp\/v2\/product\/1334\/revisions"}],"predecessor-version":[{"id":1340,"href":"https:\/\/mirekboutique.com\/it\/wp-json\/wp\/v2\/product\/1334\/revisions\/1340"}],"wp:featuredmedia":[{"embeddable":true,"href":"https:\/\/mirekboutique.com\/it\/wp-json\/wp\/v2\/media\/1335"}],"wp:attachment":[{"href":"https:\/\/mirekboutique.com\/it\/wp-json\/wp\/v2\/media?parent=1334"}],"wp:term":[{"taxonomy":"product_brand","embeddable":true,"href":"https:\/\/mirekboutique.com\/it\/wp-json\/wp\/v2\/product_brand?post=1334"},{"taxonomy":"product_cat","embeddable":true,"href":"https:\/\/mirekboutique.com\/it\/wp-json\/wp\/v2\/product_cat?post=1334"},{"taxonomy":"product_tag","embeddable":true,"href":"https:\/\/mirekboutique.com\/it\/wp-json\/wp\/v2\/product_tag?post=1334"}],"curies":[{"name":"wp","href":"https:\/\/api.w.org\/{rel}","templated":true}]}}