{"id":1348,"date":"2025-05-09T02:35:55","date_gmt":"2025-05-08T18:35:55","guid":{"rendered":"https:\/\/mirekboutique.com\/?post_type=product&#038;p=1348"},"modified":"2025-05-24T19:21:44","modified_gmt":"2025-05-24T11:21:44","slug":"bd008-ai-fantasy-star-watch-11-super-clone","status":"publish","type":"product","link":"https:\/\/mirekboutique.com\/it\/prodotto\/bd008-ai-fantasy-star-watch-11-super-clone\/","title":{"rendered":"BD008 AI Fantasy Star Watch 1:1 Super Clone"},"content":{"rendered":"<p>L'orologio AI Fantasy Star \u00e8 uscito dal nulla ed \u00e8 stato all'altezza del suo nome: quadrante con orbita stellare reale, secondo l'autentico cerchio di 745 ore. Esattamente come l'autentico, esclusivo quadrante a tre strati replica perfetta dell'orologio originale! Consegnato con controscatola di spedizione!<br \/>\n\"Il simbolo dell'aristocrazia\" PP Sky Moon Watches contiene una vista panoramica del cielo, il cielo notturno stellato pi\u00f9 abbagliante dell'emisfero settentrionale, con un quadrante unico a tre strati che ruota a diverse velocit\u00e0, mostrando con precisione una vista panoramica a volta delle stelle e della luna che orbitano nel cielo notturno. La mappa stellare \u00e8 composta da tre dischi diversi: due dischi che mostrano lo sfondo del cielo stellato e le fasi lunari, e un disco di cristallo trasparente che mostra la mappa stellare e la Via Lattea. Le lancette delle ore e dei minuti sono traforate a forma di foglie di salice sul quadrante, con lancette grigio argento sul quadrante blu e lancette color crema sul quadrante nero. Il centro presenta un asse centrale solido e levigato, coerente con l'originale ed esclusivo. Il fondello trasparente rivela il calibro 240 LU CL C tourbillon perlato con un diametro di 38 mm, uno spessore di 6,81 mm, 315 componenti, 12 ponti, 45 rubini, una frequenza di 28.800 alternanze orarie, una riserva di carica massima di 48 ore e una massa oscillante miniaturizzata decentrata in oro 22 carati. Il cinturino a sgancio rapido \u00e8 un cinturino cucito a mano con motivo a squame quadrate e chiusura pieghevole. Maniglia a ore 2 per regolare il quadrante astrologico trasparente e leggere contemporaneamente l'ora delle fasi lunari, il quadrante astrologico trasparente gira una volta al mese, maniglia a ore 4 per regolare il quadrante astrologico, finestra rotonda \u25cb per visualizzare le fasi lunari, la cassa a ore 6 \u00e8 avvolta da un diamante come l'originale, che non cadr\u00e0 mai dai diamanti! Questo \u00e8 il pi\u00f9 affascinante modello di orologio supercomplesso sviluppato e prodotto dalla fabbrica AI, indossate l'intero cielo stellato al vostro polso, ve lo meritate!<\/p>","protected":false},"excerpt":{"rendered":"<p>\ud83d\udd25\ud83d\udd25Tutti i prodotti presenti su questo sito sono repliche perfette di alta gamma realizzate da super produttori, nuovi e non aperti, la qualit\u00e0 e il servizio post-vendita sono garantiti!<\/p>\n<p>\u2705\u2705\u2705\u2705Mirekboutique produce solo articoli di alta qualit\u00e0 Tutti gli articoli del nostro negozio vengono forniti con la scatola originale Scatola di legno di alta qualit\u00e0<\/p>\n<p>\ud83c\udf39\ud83c\udf39Siate certi di acquistare Tutte le merci supportano il pagamento in contanti alla consegna Vi auguriamo uno shopping felice<\/p>","protected":false},"featured_media":1349,"comment_status":"open","ping_status":"closed","template":"","meta":{"_monsterinsights_skip_tracking":false,"_monsterinsights_sitenote_active":false,"_monsterinsights_sitenote_note":"","_monsterinsights_sitenote_category":0,"site-sidebar-layout":"default","site-content-layout":"","ast-site-content-layout":"default","site-content-style":"default","site-sidebar-style":"default","ast-global-header-display":"","ast-banner-title-visibility":"","ast-main-header-display":"","ast-hfb-above-header-display":"","ast-hfb-below-header-display":"","ast-hfb-mobile-header-display":"","site-post-title":"","ast-breadcrumbs-content":"","ast-featured-img":"","footer-sml-layout":"","theme-transparent-header-meta":"default","adv-header-id-meta":"","stick-header-meta":"","header-above-stick-meta":"","header-main-stick-meta":"","header-below-stick-meta":"","astra-migrate-meta-layouts":"set","ast-page-background-enabled":"default","ast-page-background-meta":{"desktop":{"background-color":"var(--ast-global-color-4)","background-image":"","background-repeat":"repeat","background-position":"center center","background-size":"auto","background-attachment":"scroll","background-type":"","background-media":"","overlay-type":"","overlay-color":"","overlay-opacity":"","overlay-gradient":""},"tablet":{"background-color":"","background-image":"","background-repeat":"repeat","background-position":"center center","background-size":"auto","background-attachment":"scroll","background-type":"","background-media":"","overlay-type":"","overlay-color":"","overlay-opacity":"","overlay-gradient":""},"mobile":{"background-color":"","background-image":"","background-repeat":"repeat","background-position":"center center","background-size":"auto","background-attachment":"scroll","background-type":"","background-media":"","overlay-type":"","overlay-color":"","overlay-opacity":"","overlay-gradient":""}},"ast-content-background-meta":{"desktop":{"background-color":"var(--ast-global-color-5)","background-image":"","background-repeat":"repeat","background-position":"center center","background-size":"auto","background-attachment":"scroll","background-type":"","background-media":"","overlay-type":"","overlay-color":"","overlay-opacity":"","overlay-gradient":""},"tablet":{"background-color":"var(--ast-global-color-5)","background-image":"","background-repeat":"repeat","background-position":"center center","background-size":"auto","background-attachment":"scroll","background-type":"","background-media":"","overlay-type":"","overlay-color":"","overlay-opacity":"","overlay-gradient":""},"mobile":{"background-color":"var(--ast-global-color-5)","background-image":"","background-repeat":"repeat","background-position":"center center","background-size":"auto","background-attachment":"scroll","background-type":"","background-media":"","overlay-type":"","overlay-color":"","overlay-opacity":"","overlay-gradient":""}}},"product_brand":[],"product_cat":[18],"product_tag":[],"class_list":{"0":"post-1348","1":"product","2":"type-product","3":"status-publish","4":"has-post-thumbnail","6":"product_cat-patek-philippe","7":"desktop-align-center","8":"tablet-align-left","9":"mobile-align-left","11":"first","12":"instock","13":"sale","14":"shipping-taxable","15":"purchasable","16":"product-type-simple"},"_links":{"self":[{"href":"https:\/\/mirekboutique.com\/it\/wp-json\/wp\/v2\/product\/1348","targetHints":{"allow":["GET"]}}],"collection":[{"href":"https:\/\/mirekboutique.com\/it\/wp-json\/wp\/v2\/product"}],"about":[{"href":"https:\/\/mirekboutique.com\/it\/wp-json\/wp\/v2\/types\/product"}],"replies":[{"embeddable":true,"href":"https:\/\/mirekboutique.com\/it\/wp-json\/wp\/v2\/comments?post=1348"}],"version-history":[{"count":1,"href":"https:\/\/mirekboutique.com\/it\/wp-json\/wp\/v2\/product\/1348\/revisions"}],"predecessor-version":[{"id":1354,"href":"https:\/\/mirekboutique.com\/it\/wp-json\/wp\/v2\/product\/1348\/revisions\/1354"}],"wp:featuredmedia":[{"embeddable":true,"href":"https:\/\/mirekboutique.com\/it\/wp-json\/wp\/v2\/media\/1349"}],"wp:attachment":[{"href":"https:\/\/mirekboutique.com\/it\/wp-json\/wp\/v2\/media?parent=1348"}],"wp:term":[{"taxonomy":"product_brand","embeddable":true,"href":"https:\/\/mirekboutique.com\/it\/wp-json\/wp\/v2\/product_brand?post=1348"},{"taxonomy":"product_cat","embeddable":true,"href":"https:\/\/mirekboutique.com\/it\/wp-json\/wp\/v2\/product_cat?post=1348"},{"taxonomy":"product_tag","embeddable":true,"href":"https:\/\/mirekboutique.com\/it\/wp-json\/wp\/v2\/product_tag?post=1348"}],"curies":[{"name":"wp","href":"https:\/\/api.w.org\/{rel}","templated":true}]}}