{"id":1448,"date":"2025-05-09T03:06:34","date_gmt":"2025-05-08T19:06:34","guid":{"rendered":"https:\/\/mirekboutique.com\/?post_type=product&#038;p=1448"},"modified":"2025-05-24T19:34:49","modified_gmt":"2025-05-24T11:34:49","slug":"lcd184-rm12-01-gold-carbon-fiber-composite-constant-tourbillon-11-super-clone","status":"publish","type":"product","link":"https:\/\/mirekboutique.com\/it\/prodotto\/lcd184-rm12-01-gold-carbon-fiber-composite-constant-tourbillon-11-super-clone\/","title":{"rendered":"LCD184 RM12-01 Oro Fibra di carbonio composita Tourbillon costante 1:1 Super Clone"},"content":{"rendered":"<p>Richard RM52-01 tourbillon reale, reinterpretazione dell'essenza del cranio R MILLE, rottura di diverse versioni del BUG, in modo che la maggior parte della polvere di ferro pu\u00f2 avere la giusta dimensione, movimento vero, dettagli al posto della copia ultra-alta. Motivi per iniziare:<br \/>\n1, dimensione vicina: lunghezza, larghezza e spessore ufficiali: 50 * 43 * 16 mm, lunghezza, larghezza e spessore della fabbrica JB: 49,8 * 44,3 * 16,4 mm;<br \/>\n2, cuscinetti reali: il rubino nella bocca del teschio \u00e8 il vero cuscinetto del tourbillon, non decorativo, la gemma corrisponde all'asse centrale del tourbillon avvolto nelle mascelle superiori e inferiori, come se inghiottisse la sfera di energia, in modo che l'originale volesse esprimere lo stato d'animo fantascientifico da incarnare;<br \/>\n3, i dettagli sono al loro posto: la parete interna sinistra del coperchio della cassa \u00e8 stampata con lo stesso sigillo in acciaio RM052 dell'originale, la dimensione e la profondit\u00e0 degli ingranaggi dell'occhio destro sono vicini all'originale, il centro del gioiello della fronte \u00e8 rossastro e traslucido, la fibbia smerigliata, il cinturino in gomma importato da materie prime tailandesi;<br \/>\n4, allineamento del movimento: grazie alla posizione delle dimensioni del tourbillon e alla consistenza originale, da dietro il cranio sotto la parte posteriore della testa, \u00e8 possibile vedere chiaramente il processo di funzionamento del tourbillon coassiale a gemma, dalla parte anteriore per vedere il bilanciere nero \u00e8 appena bloccato dalle mascelle del cranio, lasciando solo la ruota di scappamento che vaga nel cranio sottostante;<br \/>\n5, sia all'interno che all'esterno: il movimento \u00e8 un vero e proprio tourbillon personalizzato dalla Shanghai Movement Factory, e ogni pezzo dell'orologio \u00e8 passato attraverso un simulatore di tempismo QE ad alta resistenza, oltre a una maggiore impermeabilit\u00e0.<br \/>\nJB Factory - pi\u00f9 attenta al cuore! Questo \u00e8 un altro capolavoro dopo il Double Tourbillon, RM001, Roger Dubuis King, RM053, Rolex Tourbillon, Classic Fusion! Ogni Tourbillon JBFactory viene fornito con una custodia protettiva in pelle in omaggio.<\/p>","protected":false},"excerpt":{"rendered":"<p>\ud83d\udd25\ud83d\udd25Tutti i prodotti presenti su questo sito sono repliche perfette di alta gamma realizzate da super produttori, nuovi e non aperti, la qualit\u00e0 e il servizio post-vendita sono garantiti!<\/p>\n<p>\u2705\u2705\u2705\u2705Mirekboutique produce solo articoli di alta qualit\u00e0 Tutti gli articoli del nostro negozio vengono forniti con la scatola originale Scatola di legno di alta qualit\u00e0<\/p>\n<p>\ud83c\udf39\ud83c\udf39Siate certi di acquistare Tutte le merci supportano il pagamento in contanti alla consegna Vi auguriamo uno shopping felice<\/p>","protected":false},"featured_media":1449,"comment_status":"open","ping_status":"closed","template":"","meta":{"_monsterinsights_skip_tracking":false,"_monsterinsights_sitenote_active":false,"_monsterinsights_sitenote_note":"","_monsterinsights_sitenote_category":0,"site-sidebar-layout":"default","site-content-layout":"","ast-site-content-layout":"default","site-content-style":"default","site-sidebar-style":"default","ast-global-header-display":"","ast-banner-title-visibility":"","ast-main-header-display":"","ast-hfb-above-header-display":"","ast-hfb-below-header-display":"","ast-hfb-mobile-header-display":"","site-post-title":"","ast-breadcrumbs-content":"","ast-featured-img":"","footer-sml-layout":"","theme-transparent-header-meta":"default","adv-header-id-meta":"","stick-header-meta":"","header-above-stick-meta":"","header-main-stick-meta":"","header-below-stick-meta":"","astra-migrate-meta-layouts":"set","ast-page-background-enabled":"default","ast-page-background-meta":{"desktop":{"background-color":"var(--ast-global-color-4)","background-image":"","background-repeat":"repeat","background-position":"center center","background-size":"auto","background-attachment":"scroll","background-type":"","background-media":"","overlay-type":"","overlay-color":"","overlay-opacity":"","overlay-gradient":""},"tablet":{"background-color":"","background-image":"","background-repeat":"repeat","background-position":"center center","background-size":"auto","background-attachment":"scroll","background-type":"","background-media":"","overlay-type":"","overlay-color":"","overlay-opacity":"","overlay-gradient":""},"mobile":{"background-color":"","background-image":"","background-repeat":"repeat","background-position":"center center","background-size":"auto","background-attachment":"scroll","background-type":"","background-media":"","overlay-type":"","overlay-color":"","overlay-opacity":"","overlay-gradient":""}},"ast-content-background-meta":{"desktop":{"background-color":"var(--ast-global-color-5)","background-image":"","background-repeat":"repeat","background-position":"center center","background-size":"auto","background-attachment":"scroll","background-type":"","background-media":"","overlay-type":"","overlay-color":"","overlay-opacity":"","overlay-gradient":""},"tablet":{"background-color":"var(--ast-global-color-5)","background-image":"","background-repeat":"repeat","background-position":"center center","background-size":"auto","background-attachment":"scroll","background-type":"","background-media":"","overlay-type":"","overlay-color":"","overlay-opacity":"","overlay-gradient":""},"mobile":{"background-color":"var(--ast-global-color-5)","background-image":"","background-repeat":"repeat","background-position":"center center","background-size":"auto","background-attachment":"scroll","background-type":"","background-media":"","overlay-type":"","overlay-color":"","overlay-opacity":"","overlay-gradient":""}}},"product_brand":[],"product_cat":[36],"product_tag":[],"class_list":{"0":"post-1448","1":"product","2":"type-product","3":"status-publish","4":"has-post-thumbnail","6":"product_cat-richard","7":"desktop-align-center","8":"tablet-align-left","9":"mobile-align-left","11":"first","12":"instock","13":"sale","14":"shipping-taxable","15":"purchasable","16":"product-type-simple"},"_links":{"self":[{"href":"https:\/\/mirekboutique.com\/it\/wp-json\/wp\/v2\/product\/1448","targetHints":{"allow":["GET"]}}],"collection":[{"href":"https:\/\/mirekboutique.com\/it\/wp-json\/wp\/v2\/product"}],"about":[{"href":"https:\/\/mirekboutique.com\/it\/wp-json\/wp\/v2\/types\/product"}],"replies":[{"embeddable":true,"href":"https:\/\/mirekboutique.com\/it\/wp-json\/wp\/v2\/comments?post=1448"}],"version-history":[{"count":1,"href":"https:\/\/mirekboutique.com\/it\/wp-json\/wp\/v2\/product\/1448\/revisions"}],"predecessor-version":[{"id":1454,"href":"https:\/\/mirekboutique.com\/it\/wp-json\/wp\/v2\/product\/1448\/revisions\/1454"}],"wp:featuredmedia":[{"embeddable":true,"href":"https:\/\/mirekboutique.com\/it\/wp-json\/wp\/v2\/media\/1449"}],"wp:attachment":[{"href":"https:\/\/mirekboutique.com\/it\/wp-json\/wp\/v2\/media?parent=1448"}],"wp:term":[{"taxonomy":"product_brand","embeddable":true,"href":"https:\/\/mirekboutique.com\/it\/wp-json\/wp\/v2\/product_brand?post=1448"},{"taxonomy":"product_cat","embeddable":true,"href":"https:\/\/mirekboutique.com\/it\/wp-json\/wp\/v2\/product_cat?post=1448"},{"taxonomy":"product_tag","embeddable":true,"href":"https:\/\/mirekboutique.com\/it\/wp-json\/wp\/v2\/product_tag?post=1448"}],"curies":[{"name":"wp","href":"https:\/\/api.w.org\/{rel}","templated":true}]}}