{"id":1891,"date":"2025-05-09T05:28:24","date_gmt":"2025-05-08T21:28:24","guid":{"rendered":"https:\/\/mirekboutique.com\/?post_type=product&#038;p=1891"},"modified":"2025-05-24T19:38:54","modified_gmt":"2025-05-24T11:38:54","slug":"bgl620-perfectly-reproduced","status":"publish","type":"product","link":"https:\/\/mirekboutique.com\/it\/prodotto\/bgl620-perfectly-reproduced\/","title":{"rendered":"BGL620 Riproduzione perfetta"},"content":{"rendered":"<p>\ud83d\udd39 [versione v-gold].<br \/>\nCollana in ceramica nera opaca della collezione Bv Zero1<br \/>\nRealizzato in oro a V, lavorazione artigianale, dettagli perfetti, conservazione del colore a lunga durata!<br \/>\nUna delle serie omologhe, sufficiente per entrare nello sviluppo autentico, riconoscere le riprese esclusive!<br \/>\nCi sono coetanei sul mercato fuori di questa sezione, ma il colore guardare la mappa per fare la versione sbagliata, produciamo una replica completa ZP, soprattutto ceramica \u00e8 personalizzato, il mercato ha visto \u00e8 la stessa dimensione dello stile tradizionale, che \u00e8 davvero basso!<br \/>\nNuova collana in ceramica opaca, appartenente alla collana lunga, che ragazzi e ragazze possono indossare \ud83d\ude01!<\/p>","protected":false},"excerpt":{"rendered":"<p>\ud83d\udd25\ud83d\udd25Tutti i prodotti presenti su questo sito sono repliche perfette di alta gamma realizzate da super produttori, nuovi e non aperti, la qualit\u00e0 e il servizio post-vendita sono garantiti!<\/p>\n<p>\u2705\u2705\u2705\u2705Mirekboutique produce solo articoli di alta qualit\u00e0 Tutti gli articoli del nostro negozio vengono forniti con la scatola originale Scatola di legno di alta qualit\u00e0<\/p>\n<p>\ud83c\udf39\ud83c\udf39Siate certi di acquistare Tutte le merci supportano il pagamento in contanti alla consegna Vi auguriamo uno shopping felice<\/p>","protected":false},"featured_media":1892,"comment_status":"open","ping_status":"closed","template":"","meta":{"_monsterinsights_skip_tracking":false,"_monsterinsights_sitenote_active":false,"_monsterinsights_sitenote_note":"","_monsterinsights_sitenote_category":0,"site-sidebar-layout":"default","site-content-layout":"","ast-site-content-layout":"default","site-content-style":"default","site-sidebar-style":"default","ast-global-header-display":"","ast-banner-title-visibility":"","ast-main-header-display":"","ast-hfb-above-header-display":"","ast-hfb-below-header-display":"","ast-hfb-mobile-header-display":"","site-post-title":"","ast-breadcrumbs-content":"","ast-featured-img":"","footer-sml-layout":"","theme-transparent-header-meta":"default","adv-header-id-meta":"","stick-header-meta":"","header-above-stick-meta":"","header-main-stick-meta":"","header-below-stick-meta":"","astra-migrate-meta-layouts":"set","ast-page-background-enabled":"default","ast-page-background-meta":{"desktop":{"background-color":"var(--ast-global-color-4)","background-image":"","background-repeat":"repeat","background-position":"center center","background-size":"auto","background-attachment":"scroll","background-type":"","background-media":"","overlay-type":"","overlay-color":"","overlay-opacity":"","overlay-gradient":""},"tablet":{"background-color":"","background-image":"","background-repeat":"repeat","background-position":"center center","background-size":"auto","background-attachment":"scroll","background-type":"","background-media":"","overlay-type":"","overlay-color":"","overlay-opacity":"","overlay-gradient":""},"mobile":{"background-color":"","background-image":"","background-repeat":"repeat","background-position":"center center","background-size":"auto","background-attachment":"scroll","background-type":"","background-media":"","overlay-type":"","overlay-color":"","overlay-opacity":"","overlay-gradient":""}},"ast-content-background-meta":{"desktop":{"background-color":"var(--ast-global-color-5)","background-image":"","background-repeat":"repeat","background-position":"center center","background-size":"auto","background-attachment":"scroll","background-type":"","background-media":"","overlay-type":"","overlay-color":"","overlay-opacity":"","overlay-gradient":""},"tablet":{"background-color":"var(--ast-global-color-5)","background-image":"","background-repeat":"repeat","background-position":"center center","background-size":"auto","background-attachment":"scroll","background-type":"","background-media":"","overlay-type":"","overlay-color":"","overlay-opacity":"","overlay-gradient":""},"mobile":{"background-color":"var(--ast-global-color-5)","background-image":"","background-repeat":"repeat","background-position":"center center","background-size":"auto","background-attachment":"scroll","background-type":"","background-media":"","overlay-type":"","overlay-color":"","overlay-opacity":"","overlay-gradient":""}}},"product_brand":[],"product_cat":[41],"product_tag":[],"class_list":{"0":"post-1891","1":"product","2":"type-product","3":"status-publish","4":"has-post-thumbnail","6":"product_cat-bracelets-necklaces","7":"desktop-align-center","8":"tablet-align-left","9":"mobile-align-left","11":"first","12":"instock","13":"sale","14":"shipping-taxable","15":"purchasable","16":"product-type-simple"},"_links":{"self":[{"href":"https:\/\/mirekboutique.com\/it\/wp-json\/wp\/v2\/product\/1891","targetHints":{"allow":["GET"]}}],"collection":[{"href":"https:\/\/mirekboutique.com\/it\/wp-json\/wp\/v2\/product"}],"about":[{"href":"https:\/\/mirekboutique.com\/it\/wp-json\/wp\/v2\/types\/product"}],"replies":[{"embeddable":true,"href":"https:\/\/mirekboutique.com\/it\/wp-json\/wp\/v2\/comments?post=1891"}],"version-history":[{"count":1,"href":"https:\/\/mirekboutique.com\/it\/wp-json\/wp\/v2\/product\/1891\/revisions"}],"predecessor-version":[{"id":1896,"href":"https:\/\/mirekboutique.com\/it\/wp-json\/wp\/v2\/product\/1891\/revisions\/1896"}],"wp:featuredmedia":[{"embeddable":true,"href":"https:\/\/mirekboutique.com\/it\/wp-json\/wp\/v2\/media\/1892"}],"wp:attachment":[{"href":"https:\/\/mirekboutique.com\/it\/wp-json\/wp\/v2\/media?parent=1891"}],"wp:term":[{"taxonomy":"product_brand","embeddable":true,"href":"https:\/\/mirekboutique.com\/it\/wp-json\/wp\/v2\/product_brand?post=1891"},{"taxonomy":"product_cat","embeddable":true,"href":"https:\/\/mirekboutique.com\/it\/wp-json\/wp\/v2\/product_cat?post=1891"},{"taxonomy":"product_tag","embeddable":true,"href":"https:\/\/mirekboutique.com\/it\/wp-json\/wp\/v2\/product_tag?post=1891"}],"curies":[{"name":"wp","href":"https:\/\/api.w.org\/{rel}","templated":true}]}}