{"id":828,"date":"2025-05-09T00:12:52","date_gmt":"2025-05-08T16:12:52","guid":{"rendered":"https:\/\/mirekboutique.com\/?post_type=product&#038;p=828"},"modified":"2025-05-24T19:21:49","modified_gmt":"2025-05-24T11:21:49","slug":"cdy133-11-super-clone-from-a-super-factory","status":"publish","type":"product","link":"https:\/\/mirekboutique.com\/it\/prodotto\/cdy133-11-super-clone-from-a-super-factory\/","title":{"rendered":"CDY133 super clone 1:1 da una super fabbrica"},"content":{"rendered":"<p>Desiderio di pace, opposizione alla guerra! AF dimostra perfettamente lo stile vintage, sobrio ma non lussuoso, della Tank Collection!<br \/>\nSerie Cartier Tank<br \/>\n[Cassa] Grande: 41mm*31mm, rompe la forma rotonda del corpo dell'orologio tradizionale, sopra e sotto la lunetta parallela simmetrica che mette in risalto il quadrante quadrato, lo stile duro e semplice rende le persone indimenticabili. Le linee sono semplici e rigide, con un forte stile industriale. Le curve morbide e gli spigoli vivi mostrano un senso di modernit\u00e0 e di moda. Le anse a carrarmato e la corona ottagonale con la firma di Cartier in spinello blu sono ben riconoscibili.<br \/>\n[Il quadrante \u00e8 caratterizzato da classiche scale romane, quadrante bianco con lancette in acciaio azzurrato e, al centro del quadrante, un cerchio interno a scala quadrata. Combinando gusto di prima classe e design d'avanguardia, l'orologio Tank, con il suo moderno senso di atemporalit\u00e0, \u00e8 sempre stato all'avanguardia ed \u00e8 stato descritto come uno dei design pi\u00f9 importanti nella storia degli orologi da polso.<br \/>\n[AF fabbrica per la serie Tank per creare una variet\u00e0 di movimenti di alto livello, tra cui movimento a carica manuale, movimento automatico, movimento al quarzo, ecc, ogni movimento ha superato il rigoroso controllo di qualit\u00e0 di Cartier. Inoltre, anche l'artigianato \u00e8 molto raffinato: ogni orologio Tank \u00e8 stato lucidato e levigato pi\u00f9 volte, dimostrando un eccellente livello di qualit\u00e0 e artigianalit\u00e0.<br \/>\n[Cinturino in pelle italiana a grana di litchi, cinturino in pelle di vacchetta, cinturino in acciaio stile carrarmato. C'\u00e8 sempre un cinturino che tocca la vostra ricerca interiore della perfezione. Mostra perfettamente lo stile retr\u00f2 di basso profilo, ma non lussuoso, della serie Tank.<\/p>","protected":false},"excerpt":{"rendered":"<p>\ud83d\udd25\ud83d\udd25Tutti i prodotti presenti su questo sito sono repliche perfette di alta gamma realizzate da super produttori, nuovi e non aperti, la qualit\u00e0 e il servizio post-vendita sono garantiti!<\/p>\n<p>\u2705\u2705\u2705\u2705Mirekboutique produce solo articoli di alta qualit\u00e0 Tutti gli articoli del nostro negozio vengono forniti con la scatola originale Scatola di legno di alta qualit\u00e0<\/p>\n<p>\ud83c\udf39\ud83c\udf39Siate certi di acquistare Tutte le merci supportano il pagamento in contanti alla consegna Vi auguriamo uno shopping felice<\/p>","protected":false},"featured_media":829,"comment_status":"open","ping_status":"closed","template":"","meta":{"_monsterinsights_skip_tracking":false,"_monsterinsights_sitenote_active":false,"_monsterinsights_sitenote_note":"","_monsterinsights_sitenote_category":0,"site-sidebar-layout":"default","site-content-layout":"","ast-site-content-layout":"default","site-content-style":"default","site-sidebar-style":"default","ast-global-header-display":"","ast-banner-title-visibility":"","ast-main-header-display":"","ast-hfb-above-header-display":"","ast-hfb-below-header-display":"","ast-hfb-mobile-header-display":"","site-post-title":"","ast-breadcrumbs-content":"","ast-featured-img":"","footer-sml-layout":"","theme-transparent-header-meta":"default","adv-header-id-meta":"","stick-header-meta":"","header-above-stick-meta":"","header-main-stick-meta":"","header-below-stick-meta":"","astra-migrate-meta-layouts":"set","ast-page-background-enabled":"default","ast-page-background-meta":{"desktop":{"background-color":"var(--ast-global-color-4)","background-image":"","background-repeat":"repeat","background-position":"center center","background-size":"auto","background-attachment":"scroll","background-type":"","background-media":"","overlay-type":"","overlay-color":"","overlay-opacity":"","overlay-gradient":""},"tablet":{"background-color":"","background-image":"","background-repeat":"repeat","background-position":"center center","background-size":"auto","background-attachment":"scroll","background-type":"","background-media":"","overlay-type":"","overlay-color":"","overlay-opacity":"","overlay-gradient":""},"mobile":{"background-color":"","background-image":"","background-repeat":"repeat","background-position":"center center","background-size":"auto","background-attachment":"scroll","background-type":"","background-media":"","overlay-type":"","overlay-color":"","overlay-opacity":"","overlay-gradient":""}},"ast-content-background-meta":{"desktop":{"background-color":"var(--ast-global-color-5)","background-image":"","background-repeat":"repeat","background-position":"center center","background-size":"auto","background-attachment":"scroll","background-type":"","background-media":"","overlay-type":"","overlay-color":"","overlay-opacity":"","overlay-gradient":""},"tablet":{"background-color":"var(--ast-global-color-5)","background-image":"","background-repeat":"repeat","background-position":"center center","background-size":"auto","background-attachment":"scroll","background-type":"","background-media":"","overlay-type":"","overlay-color":"","overlay-opacity":"","overlay-gradient":""},"mobile":{"background-color":"var(--ast-global-color-5)","background-image":"","background-repeat":"repeat","background-position":"center center","background-size":"auto","background-attachment":"scroll","background-type":"","background-media":"","overlay-type":"","overlay-color":"","overlay-opacity":"","overlay-gradient":""}}},"product_brand":[],"product_cat":[33],"product_tag":[],"class_list":{"0":"post-828","1":"product","2":"type-product","3":"status-publish","4":"has-post-thumbnail","6":"product_cat-cartier","7":"desktop-align-center","8":"tablet-align-left","9":"mobile-align-left","11":"first","12":"instock","13":"sale","14":"shipping-taxable","15":"purchasable","16":"product-type-simple"},"_links":{"self":[{"href":"https:\/\/mirekboutique.com\/it\/wp-json\/wp\/v2\/product\/828","targetHints":{"allow":["GET"]}}],"collection":[{"href":"https:\/\/mirekboutique.com\/it\/wp-json\/wp\/v2\/product"}],"about":[{"href":"https:\/\/mirekboutique.com\/it\/wp-json\/wp\/v2\/types\/product"}],"replies":[{"embeddable":true,"href":"https:\/\/mirekboutique.com\/it\/wp-json\/wp\/v2\/comments?post=828"}],"version-history":[{"count":1,"href":"https:\/\/mirekboutique.com\/it\/wp-json\/wp\/v2\/product\/828\/revisions"}],"predecessor-version":[{"id":834,"href":"https:\/\/mirekboutique.com\/it\/wp-json\/wp\/v2\/product\/828\/revisions\/834"}],"wp:featuredmedia":[{"embeddable":true,"href":"https:\/\/mirekboutique.com\/it\/wp-json\/wp\/v2\/media\/829"}],"wp:attachment":[{"href":"https:\/\/mirekboutique.com\/it\/wp-json\/wp\/v2\/media?parent=828"}],"wp:term":[{"taxonomy":"product_brand","embeddable":true,"href":"https:\/\/mirekboutique.com\/it\/wp-json\/wp\/v2\/product_brand?post=828"},{"taxonomy":"product_cat","embeddable":true,"href":"https:\/\/mirekboutique.com\/it\/wp-json\/wp\/v2\/product_cat?post=828"},{"taxonomy":"product_tag","embeddable":true,"href":"https:\/\/mirekboutique.com\/it\/wp-json\/wp\/v2\/product_tag?post=828"}],"curies":[{"name":"wp","href":"https:\/\/api.w.org\/{rel}","templated":true}]}}