{"id":591,"date":"2025-05-07T19:57:41","date_gmt":"2025-05-07T11:57:41","guid":{"rendered":"https:\/\/mirekboutique.com\/?page_id=591"},"modified":"2025-05-21T19:56:36","modified_gmt":"2025-05-21T11:56:36","slug":"cod","status":"publish","type":"page","link":"https:\/\/mirekboutique.com\/pl\/cod\/","title":{"rendered":"COD"},"content":{"rendered":"<div data-elementor-type=\"wp-page\" data-elementor-id=\"591\" class=\"elementor elementor-591\">\n\t\t\t\t<div class=\"elementor-element elementor-element-9346e8d e-flex e-con-boxed e-con e-parent\" data-id=\"9346e8d\" data-element_type=\"container\" data-settings=\"{&quot;background_background&quot;:&quot;classic&quot;}\">\n\t\t\t\t\t<div class=\"e-con-inner\">\n\t\t<div class=\"elementor-element elementor-element-4b2bba9 e-con-full e-flex e-con e-child\" data-id=\"4b2bba9\" data-element_type=\"container\">\n\t\t\t\t<div class=\"elementor-element elementor-element-5a21cb0 elementor-widget elementor-widget-heading\" data-id=\"5a21cb0\" data-element_type=\"widget\" data-widget_type=\"heading.default\">\n\t\t\t\t<div class=\"elementor-widget-container\">\n\t\t\t\t\t<h6 class=\"elementor-heading-title elementor-size-default\">za pobraniem<\/h6>\t\t\t\t<\/div>\n\t\t\t\t<\/div>\n\t\t\t\t<div class=\"elementor-element elementor-element-a19a656 elementor-widget elementor-widget-heading\" data-id=\"a19a656\" data-element_type=\"widget\" data-widget_type=\"heading.default\">\n\t\t\t\t<div class=\"elementor-widget-container\">\n\t\t\t\t\t<h1 class=\"elementor-heading-title elementor-size-default\">COD<\/h1>\t\t\t\t<\/div>\n\t\t\t\t<\/div>\n\t\t\t\t<\/div>\n\t\t\t\t\t<\/div>\n\t\t\t\t<\/div>\n\t\t<div class=\"elementor-element elementor-element-8261433 e-flex e-con-boxed e-con e-parent\" data-id=\"8261433\" data-element_type=\"container\">\n\t\t\t\t\t<div class=\"e-con-inner\">\n\t\t\t\t<div class=\"elementor-element elementor-element-ab6c507 elementor-widget elementor-widget-text-editor\" data-id=\"ab6c507\" data-element_type=\"widget\" data-widget_type=\"text-editor.default\">\n\t\t\t\t<div class=\"elementor-widget-container\">\n\t\t\t\t\t\t\t\t\t<p><strong>Z dum\u0105 oferujemy us\u0142ugi wysy\u0142kowe na ca\u0142ym \u015bwiecie, a poni\u017csze warunki maj\u0105 na celu zapewnienie doskona\u0142ych wra\u017ce\u0144 z zakup\u00f3w. Prosimy o uwa\u017cne zapoznanie si\u0119 z poni\u017cszymi warunkami dostawy przed z\u0142o\u017ceniem zam\u00f3wienia.<\/strong><\/p><p><strong>1. Dostawa na ca\u0142y \u015bwiat:<\/strong><\/p><p>Z dum\u0105 oferujemy dostaw\u0119 na ca\u0142y \u015bwiat do wielu kraj\u00f3w i region\u00f3w. Mo\u017cesz skorzysta\u0107 z trybu dostawy za pobraniem (COD), wp\u0142acaj\u0105c depozyt w wysoko\u015bci 10%. Po otrzymaniu i sprawdzeniu towaru mo\u017cna zap\u0142aci\u0107 pozosta\u0142\u0105 kwot\u0119 kurierowi. Pozosta\u0142\u0105 kwot\u0119 mo\u017cna wp\u0142aci\u0107 w walucie obowi\u0105zuj\u0105cej w danym kraju<\/p><p><strong>2. Pr\u00f3g bezp\u0142atnej wysy\u0142ki:<\/strong><\/p><p>Z\u0142\u00f3\u017c zam\u00f3wienie z depozytem 10% i ciesz si\u0119 darmow\u0105 wysy\u0142k\u0105 na ca\u0142y \u015bwiat.<\/p><p><strong>3. Szacowany czas dostawy:<\/strong><\/p><p>Dostawa zam\u00f3wienia na ca\u0142ym \u015bwiecie mo\u017ce potrwa\u0107 od 3 do 14 dni roboczych. Nale\u017cy pami\u0119ta\u0107, \u017ce czas dostawy mo\u017ce si\u0119 r\u00f3\u017cni\u0107 w zale\u017cno\u015bci od lokalizacji i czynnik\u00f3w zewn\u0119trznych, na kt\u00f3re nie mamy wp\u0142ywu.<\/p><p><strong>4. Zwolnienie z podatku:<\/strong><\/p><p>Naszym celem jest zapewnienie \u0142atwych i bezproblemowych zakup\u00f3w. Dlatego wszystkie zam\u00f3wienia s\u0105 wolne od podatku na ca\u0142ym \u015bwiecie.<\/p><p><strong>5. Podzielona wysy\u0142ka:<\/strong><\/p><p>W przypadku zam\u00f3wie\u0144 zawieraj\u0105cych wiele przedmiot\u00f3w mo\u017cemy wys\u0142a\u0107 je osobno, aby zapewni\u0107 sprawn\u0105 dostaw\u0119. Ka\u017cdy przedmiot zostanie bezpiecznie zapakowany i b\u0119dzie \u015bledzony indywidualnie.<\/p><p><strong>6. Preferowany jest mi\u0119dzynarodowy ekspres:<\/strong><\/p><p>Naszym priorytetem jest zadowolenie klienta i wyb\u00f3r najbardziej odpowiedniego kuriera mi\u0119dzynarodowego w zale\u017cno\u015bci od lokalizacji. Naszymi zaufanymi partnerami s\u0105 FedEx, DHL, UPS, USPS Inpost itp.<\/p><p><strong>7. \u015aledzenie przesy\u0142ki:<\/strong><\/p><p>Po otrzymaniu wp\u0142aty za 10% otrzymasz numer przesy\u0142ki w ci\u0105gu 5 dni. Tw\u00f3j agent poinformuje Ci\u0119 o numerze przesy\u0142ki kurierskiej lub mo\u017cesz sprawdzi\u0107 sw\u00f3j adres e-mail.<\/p><p><strong>8. Ograniczenia dotycz\u0105ce wysy\u0142ki:<\/strong><\/p><p>Chocia\u017c dok\u0142adamy wszelkich stara\u0144, aby zapewni\u0107 dok\u0142adne terminy dostaw, nale\u017cy pami\u0119ta\u0107, \u017ce nieprzewidziane okoliczno\u015bci, takie jak warunki pogodowe i procedury celne, mog\u0105 mie\u0107 wp\u0142yw na czas wysy\u0142ki.<\/p><p><strong>9. Przetwarzanie zam\u00f3wie\u0144:<\/strong><\/p><p>Po z\u0142o\u017ceniu zam\u00f3wienia dok\u0142adnie je przetwarzamy, aby zapewni\u0107 dok\u0142adne zapakowanie i terminow\u0105 wysy\u0142k\u0119.<\/p><p><strong>10. Dok\u0142adno\u015b\u0107 adresu:<\/strong><\/p><p>Prosimy o dok\u0142adne sprawdzenie adresu dostawy. Nie ponosimy odpowiedzialno\u015bci za op\u00f3\u017anienia lub awarie przesy\u0142ek spowodowane nieprawid\u0142owymi adresami.<\/p><p><strong>11. Obowi\u0105zki klienta:<\/strong><\/p><p>Klienci musz\u0105 poda\u0107 dok\u0142adne informacje o lokalizacji geograficznej dostawy. Nie ponosimy odpowiedzialno\u015bci za brak mo\u017cliwo\u015bci skontaktowania si\u0119 z dostawc\u0105 z przyczyn le\u017c\u0105cych po stronie klienta.<\/p><p><strong>12. Utrata lub op\u00f3\u017anienie towar\u00f3w:<\/strong><\/p><p>W ma\u0142o prawdopodobnym przypadku zagubienia lub znacznego op\u00f3\u017anienia przesy\u0142ki nale\u017cy skontaktowa\u0107 si\u0119 z naszym Dzia\u0142em Obs\u0142ugi Klienta lub swoim agentem. Natychmiast przeprowadzimy dok\u0142adne dochodzenie w celu rozwi\u0105zania problemu.<\/p><p><strong>13. Aktualizacja dotycz\u0105ca wysy\u0142ki:<\/strong><\/p><p>B\u0105d\u017a na bie\u017c\u0105co z post\u0119pem wysy\u0142ki za po\u015brednictwem powiadomie\u0144 e-mail lub skontaktuj si\u0119 ze swoim agentem.<\/p><p><strong>14. Kontakt:<\/strong><\/p><p>W przypadku jakichkolwiek pyta\u0144 lub problem\u00f3w z przesy\u0142k\u0105, nasz zesp\u00f3\u0142 obs\u0142ugi klienta lub agenci s\u0105 zawsze gotowi do pomocy. Prosimy o przes\u0142anie wiadomo\u015bci e-mail na adres info@mirekboutique.com.<\/p><p>Sk\u0142adaj\u0105c u nas zam\u00f3wienie, u\u017cytkownik przyjmuje do wiadomo\u015bci i akceptuje niniejsze Warunki wysy\u0142ki na ca\u0142ym \u015bwiecie. Dok\u0142adamy wszelkich stara\u0144, aby zapewni\u0107 doskona\u0142\u0105 obs\u0142ug\u0119 i przyjemne zakupy.<\/p><p><strong>15 Informacje o procesie zamawiania<\/strong><br \/>Przede wszystkim zapewniamy metod\u0119 logistyczn\u0105 za pobraniem. Musimy pobra\u0107 depozyt 10%. Depozyt mo\u017cna wp\u0142aci\u0107 za po\u015brednictwem swojego agenta lub skontaktowa\u0107 si\u0119 z oficjalnym personelem. Je\u015bli odm\u00f3wisz przyj\u0119cia towaru po jego otrzymaniu, nie zwr\u00f3cimy depozytu 10%. Produkty w tym sklepie s\u0105 produktami wysokiej klasy. Koszty transportu i ubezpieczenia s\u0105 wysokie, dlatego wymagany jest depozyt. Dzi\u0119kujemy za zrozumienie<\/p><p><strong>Dzi\u0119kujemy za wybranie nas do realizacji globalnych potrzeb zakupowych!<\/strong><\/p>\t\t\t\t\t\t\t\t<\/div>\n\t\t\t\t<\/div>\n\t\t\t\t\t<\/div>\n\t\t\t\t<\/div>\n\t\t\t\t<\/div>","protected":false},"excerpt":{"rendered":"<p>cash on delivery COD We are proud to offer you worldwide shipping services, the following terms and conditions are designed to provide you with a perfect shopping experience. Please read the following delivery terms and conditions carefully before placing your order. 1. Worldwide delivery: We are proud to offer worldwide delivery to many countries and [&hellip;]<\/p>","protected":false},"author":1,"featured_media":0,"parent":0,"menu_order":0,"comment_status":"closed","ping_status":"closed","template":"","meta":{"_monsterinsights_skip_tracking":false,"_monsterinsights_sitenote_active":false,"_monsterinsights_sitenote_note":"","_monsterinsights_sitenote_category":0,"site-sidebar-layout":"no-sidebar","site-content-layout":"page-builder","ast-site-content-layout":"full-width-container","site-content-style":"default","site-sidebar-style":"default","ast-global-header-display":"","ast-banner-title-visibility":"","ast-main-header-display":"","ast-hfb-above-header-display":"","ast-hfb-below-header-display":"","ast-hfb-mobile-header-display":"","site-post-title":"disabled","ast-breadcrumbs-content":"","ast-featured-img":"disabled","footer-sml-layout":"","theme-transparent-header-meta":"default","adv-header-id-meta":"","stick-header-meta":"","header-above-stick-meta":"","header-main-stick-meta":"","header-below-stick-meta":"","astra-migrate-meta-layouts":"set","ast-page-background-enabled":"default","ast-page-background-meta":{"desktop":{"background-color":"var(--ast-global-color-4)","background-image":"","background-repeat":"repeat","background-position":"center center","background-size":"auto","background-attachment":"scroll","background-type":"","background-media":"","overlay-type":"","overlay-color":"","overlay-opacity":"","overlay-gradient":""},"tablet":{"background-color":"","background-image":"","background-repeat":"repeat","background-position":"center center","background-size":"auto","background-attachment":"scroll","background-type":"","background-media":"","overlay-type":"","overlay-color":"","overlay-opacity":"","overlay-gradient":""},"mobile":{"background-color":"","background-image":"","background-repeat":"repeat","background-position":"center center","background-size":"auto","background-attachment":"scroll","background-type":"","background-media":"","overlay-type":"","overlay-color":"","overlay-opacity":"","overlay-gradient":""}},"ast-content-background-meta":{"desktop":{"background-color":"var(--ast-global-color-5)","background-image":"","background-repeat":"repeat","background-position":"center center","background-size":"auto","background-attachment":"scroll","background-type":"","background-media":"","overlay-type":"","overlay-color":"","overlay-opacity":"","overlay-gradient":""},"tablet":{"background-color":"var(--ast-global-color-5)","background-image":"","background-repeat":"repeat","background-position":"center center","background-size":"auto","background-attachment":"scroll","background-type":"","background-media":"","overlay-type":"","overlay-color":"","overlay-opacity":"","overlay-gradient":""},"mobile":{"background-color":"var(--ast-global-color-5)","background-image":"","background-repeat":"repeat","background-position":"center center","background-size":"auto","background-attachment":"scroll","background-type":"","background-media":"","overlay-type":"","overlay-color":"","overlay-opacity":"","overlay-gradient":""}},"footnotes":""},"class_list":["post-591","page","type-page","status-publish","hentry"],"_links":{"self":[{"href":"https:\/\/mirekboutique.com\/pl\/wp-json\/wp\/v2\/pages\/591","targetHints":{"allow":["GET"]}}],"collection":[{"href":"https:\/\/mirekboutique.com\/pl\/wp-json\/wp\/v2\/pages"}],"about":[{"href":"https:\/\/mirekboutique.com\/pl\/wp-json\/wp\/v2\/types\/page"}],"author":[{"embeddable":true,"href":"https:\/\/mirekboutique.com\/pl\/wp-json\/wp\/v2\/users\/1"}],"replies":[{"embeddable":true,"href":"https:\/\/mirekboutique.com\/pl\/wp-json\/wp\/v2\/comments?post=591"}],"version-history":[{"count":22,"href":"https:\/\/mirekboutique.com\/pl\/wp-json\/wp\/v2\/pages\/591\/revisions"}],"predecessor-version":[{"id":2421,"href":"https:\/\/mirekboutique.com\/pl\/wp-json\/wp\/v2\/pages\/591\/revisions\/2421"}],"wp:attachment":[{"href":"https:\/\/mirekboutique.com\/pl\/wp-json\/wp\/v2\/media?parent=591"}],"curies":[{"name":"wp","href":"https:\/\/api.w.org\/{rel}","templated":true}]}}