{"id":1041,"date":"2025-05-09T01:08:34","date_gmt":"2025-05-08T17:08:34","guid":{"rendered":"https:\/\/mirekboutique.com\/?post_type=product&#038;p=1041"},"modified":"2025-05-24T19:21:47","modified_gmt":"2025-05-24T11:21:47","slug":"lq141-kv6-11-super-clone-from-a-super-factory","status":"publish","type":"product","link":"https:\/\/mirekboutique.com\/pl\/produkt\/lq141-kv6-11-super-clone-from-a-super-factory\/","title":{"rendered":"LQ141 KV6 1:1 super klon z super fabryki"},"content":{"rendered":"<p>HK New Longines \ud83c\udfaeKV6 Kolekcja chronometr\u00f3w wysokiej cz\u0119stotliwo\u015bci<br \/>\nZgodnie z kultowymi kodami projektowymi orygina\u0142u, nowa kolekcja Longines LONGINES \ud83c\udfaeKV6 High Frequency Chronometer zawiera innowacyjne elementy, kt\u00f3re nie tylko przemawiaj\u0105 do mi\u0142o\u015bnik\u00f3w zegark\u00f3w vintage, ale s\u0105 r\u00f3wnie\u017c bardziej zgodne z dzisiejsz\u0105 estetyk\u0105 konsument\u00f3w.<br \/>\nRozpoznawalna stalowa koperta w kszta\u0142cie poduszki o \u015brednicy 43 milimetr\u00f3w, regularnym rozmiarze w\u015br\u00f3d zegark\u00f3w sportowych, jest wytrzyma\u0142a i elegancka.<br \/>\nSzafirowy bezel do nurkowania. Materia\u0142 ten nie jest \u0142atwy do zarysowania i ma wysoki stopie\u0144 przezroczysto\u015bci, co mo\u017ce nie tylko zapewni\u0107 wydajno\u015b\u0107 nurkowania zegarka, ale tak\u017ce przynie\u015b\u0107 nam wyj\u0105tkowy efekt wizualny. \ud83c\udfae<br \/>\nTarcza ma minimalistyczny design, z godzinami pokrytymi pow\u0142ok\u0105 Super-LumiNova<br \/>\nZnaczniki godzin pokryte pow\u0142ok\u0105 Super-LumiNova przeplataj\u0105 si\u0119 z rodowanymi, uzupe\u0142niaj\u0105c uderzaj\u0105c\u0105 czarn\u0105, ziarnist\u0105 tarcz\u0119, podczas gdy przyci\u0105gaj\u0105ca uwag\u0119 czerwona wskaz\u00f3wka minutowa dodaje odrobiny witalno\u015bci.<br \/>\nMechanizm przyjmuje oryginalny importowany Citizen 9015, ze stabilnym pomiarem czasu i niskim wska\u017anikiem napraw!<br \/>\nPasek z importowanej w\u0142oskiej sk\u00f3ry ciel\u0119cej z oryginaln\u0105 klamr\u0105 z wyt\u0142oczonym wzorem, tr\u00f3jwymiarowe poczucie pe\u0142ni.<br \/>\nProdukcja Hk, musi by\u0107 dobrym produktem! \ud83c\udfaeS1 wykwintne polecane m\u0119skie zegarki mechaniczne<\/p>","protected":false},"excerpt":{"rendered":"<p>Wszystkie towary na tej stronie s\u0105 wysokiej klasy doskona\u0142ymi replikami wykonanymi przez super producent\u00f3w, zupe\u0142nie nowe i nieotwarte, jako\u015b\u0107 i obs\u0142uga posprzeda\u017cna s\u0105 gwarantowane!<\/p>\n<p>\u2705\u2705\u2705\u2705Mirekboutique produkuje wy\u0142\u0105cznie produkty wysokiej jako\u015bci Wszystkie produkty w naszym sklepie s\u0105 dostarczane z oryginalnym pude\u0142kiem Wysokiej klasy drewniane pude\u0142ko<\/p>\n<p>\ud83c\udf39\ud83c\udf39Zapraszamy do zakupu Wszystkie towary obs\u0142uguj\u0105 p\u0142atno\u015b\u0107 za pobraniem \u017byczymy udanych zakup\u00f3w<\/p>","protected":false},"featured_media":1042,"comment_status":"open","ping_status":"closed","template":"","meta":{"_monsterinsights_skip_tracking":false,"_monsterinsights_sitenote_active":false,"_monsterinsights_sitenote_note":"","_monsterinsights_sitenote_category":0,"site-sidebar-layout":"default","site-content-layout":"","ast-site-content-layout":"default","site-content-style":"default","site-sidebar-style":"default","ast-global-header-display":"","ast-banner-title-visibility":"","ast-main-header-display":"","ast-hfb-above-header-display":"","ast-hfb-below-header-display":"","ast-hfb-mobile-header-display":"","site-post-title":"","ast-breadcrumbs-content":"","ast-featured-img":"","footer-sml-layout":"","theme-transparent-header-meta":"default","adv-header-id-meta":"","stick-header-meta":"","header-above-stick-meta":"","header-main-stick-meta":"","header-below-stick-meta":"","astra-migrate-meta-layouts":"set","ast-page-background-enabled":"default","ast-page-background-meta":{"desktop":{"background-color":"var(--ast-global-color-4)","background-image":"","background-repeat":"repeat","background-position":"center center","background-size":"auto","background-attachment":"scroll","background-type":"","background-media":"","overlay-type":"","overlay-color":"","overlay-opacity":"","overlay-gradient":""},"tablet":{"background-color":"","background-image":"","background-repeat":"repeat","background-position":"center center","background-size":"auto","background-attachment":"scroll","background-type":"","background-media":"","overlay-type":"","overlay-color":"","overlay-opacity":"","overlay-gradient":""},"mobile":{"background-color":"","background-image":"","background-repeat":"repeat","background-position":"center center","background-size":"auto","background-attachment":"scroll","background-type":"","background-media":"","overlay-type":"","overlay-color":"","overlay-opacity":"","overlay-gradient":""}},"ast-content-background-meta":{"desktop":{"background-color":"var(--ast-global-color-5)","background-image":"","background-repeat":"repeat","background-position":"center center","background-size":"auto","background-attachment":"scroll","background-type":"","background-media":"","overlay-type":"","overlay-color":"","overlay-opacity":"","overlay-gradient":""},"tablet":{"background-color":"var(--ast-global-color-5)","background-image":"","background-repeat":"repeat","background-position":"center center","background-size":"auto","background-attachment":"scroll","background-type":"","background-media":"","overlay-type":"","overlay-color":"","overlay-opacity":"","overlay-gradient":""},"mobile":{"background-color":"var(--ast-global-color-5)","background-image":"","background-repeat":"repeat","background-position":"center center","background-size":"auto","background-attachment":"scroll","background-type":"","background-media":"","overlay-type":"","overlay-color":"","overlay-opacity":"","overlay-gradient":""}}},"product_brand":[],"product_cat":[34],"product_tag":[],"class_list":{"0":"post-1041","1":"product","2":"type-product","3":"status-publish","4":"has-post-thumbnail","6":"product_cat-longines","7":"desktop-align-center","8":"tablet-align-left","9":"mobile-align-left","11":"first","12":"instock","13":"sale","14":"shipping-taxable","15":"purchasable","16":"product-type-simple"},"_links":{"self":[{"href":"https:\/\/mirekboutique.com\/pl\/wp-json\/wp\/v2\/product\/1041","targetHints":{"allow":["GET"]}}],"collection":[{"href":"https:\/\/mirekboutique.com\/pl\/wp-json\/wp\/v2\/product"}],"about":[{"href":"https:\/\/mirekboutique.com\/pl\/wp-json\/wp\/v2\/types\/product"}],"replies":[{"embeddable":true,"href":"https:\/\/mirekboutique.com\/pl\/wp-json\/wp\/v2\/comments?post=1041"}],"version-history":[{"count":1,"href":"https:\/\/mirekboutique.com\/pl\/wp-json\/wp\/v2\/product\/1041\/revisions"}],"predecessor-version":[{"id":1047,"href":"https:\/\/mirekboutique.com\/pl\/wp-json\/wp\/v2\/product\/1041\/revisions\/1047"}],"wp:featuredmedia":[{"embeddable":true,"href":"https:\/\/mirekboutique.com\/pl\/wp-json\/wp\/v2\/media\/1042"}],"wp:attachment":[{"href":"https:\/\/mirekboutique.com\/pl\/wp-json\/wp\/v2\/media?parent=1041"}],"wp:term":[{"taxonomy":"product_brand","embeddable":true,"href":"https:\/\/mirekboutique.com\/pl\/wp-json\/wp\/v2\/product_brand?post=1041"},{"taxonomy":"product_cat","embeddable":true,"href":"https:\/\/mirekboutique.com\/pl\/wp-json\/wp\/v2\/product_cat?post=1041"},{"taxonomy":"product_tag","embeddable":true,"href":"https:\/\/mirekboutique.com\/pl\/wp-json\/wp\/v2\/product_tag?post=1041"}],"curies":[{"name":"wp","href":"https:\/\/api.w.org\/{rel}","templated":true}]}}