{"id":1048,"date":"2025-05-09T01:11:52","date_gmt":"2025-05-08T17:11:52","guid":{"rendered":"https:\/\/mirekboutique.com\/?post_type=product&#038;p=1048"},"modified":"2025-05-24T19:21:47","modified_gmt":"2025-05-24T11:21:47","slug":"lq142-legend-diver-perfectly-reproduced","status":"publish","type":"product","link":"https:\/\/mirekboutique.com\/pl\/produkt\/lq142-legend-diver-perfectly-reproduced\/","title":{"rendered":"LQ142 Legend Diver doskonale odwzorowany"},"content":{"rendered":"<p>Nowa oferta! [Time Precipitation Classic Newborn] OS Factory \ud83c\udfaeDG1 Classic Replica Legend Diver Zegarki do nurkowania z serii Legend, unikalna tekstura retro, wszechstronny biznes i wypoczynek oraz inne liczne okazje, interpretacja wsp\u00f3\u0142czesnej m\u0119skiej elegancji i uroku, oryginalna forma, ekskluzywny debiut na rynku! Powierzchnia obudowy po satynowym procesie szczotkowania, pe\u0142na tekstury, obudowa z br\u0105zu z up\u0142ywem czasu wytworzy unikaln\u0105 miedzian\u0105 ziele\u0144, odzwierciedlaj\u0105c czas w bardziej spokojnym i pewnym uroku d\u017centelmena! 2, strona sto\u0142u po obu stronach z tym samym autentycznym, z dwiema obrotowymi koronami, korona na godzinie drugiej s\u0142u\u017cy do regulacji obrotu wewn\u0119trznego ko\u0142a, godzina czwarta s\u0142u\u017cy do regulacji czasu. G\u00f3rna cz\u0119\u015b\u0107 korony jest wygrawerowana w kratk\u0119, obie strony s\u0105 r\u00f3wnie\u017c wyposa\u017cone w antypo\u015blizgowe wzory, dzi\u0119ki czemu u\u017cytkownik mo\u017ce regulowa\u0107 czas! 3, szk\u0142o jest wykonane z prawdziwego, sp\u00f3jnego, wysoce \u0142ukowatego dwustronnego antyrefleksyjnego szafirowego szk\u0142a lustrzanego! 4, tarcza i autentyczny, konsekwentnie lakierowany styl gradientu, warstwowy. Harmonijna tonacja kolor\u00f3w i pasuj\u0105ce wskaz\u00f3wki z autentycznymi s\u0105 pokryte materia\u0142em luminescencyjnym! Znaczniki godzin s\u0105 inkrustowane kwadratowymi znacznikami pokrytymi materia\u0142em luminescencyjnym Super-LumiNova! Zapewnia to wyra\u017any odczyt czasu r\u00f3wnie\u017c w s\u0142abo o\u015bwietlonym otoczeniu! 5, dolna pokrywa zegarka i to samo, co autentyczne u\u017cycie zamkni\u0119tej dolnej konstrukcji i wygrawerowany emblemat nurka, odzwierciedlaj\u0105cy g\u0142\u0119bokie korzenie tego zegarka i nurkowania! 6, pasek i to samo, co autentyczne u\u017cycie unikalnej tekstury materia\u0142u ze sk\u00f3ry ciel\u0119cej, z t\u0105 sam\u0105 autentyczn\u0105 kwadratow\u0105 klamr\u0105, \u0142atwy w u\u017cyciu, wygodny w noszeniu i trwa\u0142y! 7, ruch jest powszechnie szanowany przez spo\u0142eczno\u015b\u0107 repliki mewy na najwy\u017cszym poziomie! Samozwijaj\u0105cy si\u0119 mechanizm 2824 do oryginalnego mechanizmu Cal.L888.5! Produkcja OS: kunszt, skupienie si\u0119 na szczeg\u00f3\u0142ach! \ud83c\udfaeS1 wykwintne polecane m\u0119skie zegarki mechaniczne<\/p>","protected":false},"excerpt":{"rendered":"<p>Wszystkie towary na tej stronie s\u0105 wysokiej klasy doskona\u0142ymi replikami wykonanymi przez super producent\u00f3w, zupe\u0142nie nowe i nieotwarte, jako\u015b\u0107 i obs\u0142uga posprzeda\u017cna s\u0105 gwarantowane!<\/p>\n<p>\u2705\u2705\u2705\u2705Mirekboutique produkuje wy\u0142\u0105cznie produkty wysokiej jako\u015bci Wszystkie produkty w naszym sklepie s\u0105 dostarczane z oryginalnym pude\u0142kiem Wysokiej klasy drewniane pude\u0142ko<\/p>\n<p>\ud83c\udf39\ud83c\udf39Zapraszamy do zakupu Wszystkie towary obs\u0142uguj\u0105 p\u0142atno\u015b\u0107 za pobraniem \u017byczymy udanych zakup\u00f3w<\/p>","protected":false},"featured_media":1049,"comment_status":"open","ping_status":"closed","template":"","meta":{"_monsterinsights_skip_tracking":false,"_monsterinsights_sitenote_active":false,"_monsterinsights_sitenote_note":"","_monsterinsights_sitenote_category":0,"site-sidebar-layout":"default","site-content-layout":"","ast-site-content-layout":"default","site-content-style":"default","site-sidebar-style":"default","ast-global-header-display":"","ast-banner-title-visibility":"","ast-main-header-display":"","ast-hfb-above-header-display":"","ast-hfb-below-header-display":"","ast-hfb-mobile-header-display":"","site-post-title":"","ast-breadcrumbs-content":"","ast-featured-img":"","footer-sml-layout":"","theme-transparent-header-meta":"default","adv-header-id-meta":"","stick-header-meta":"","header-above-stick-meta":"","header-main-stick-meta":"","header-below-stick-meta":"","astra-migrate-meta-layouts":"set","ast-page-background-enabled":"default","ast-page-background-meta":{"desktop":{"background-color":"var(--ast-global-color-4)","background-image":"","background-repeat":"repeat","background-position":"center center","background-size":"auto","background-attachment":"scroll","background-type":"","background-media":"","overlay-type":"","overlay-color":"","overlay-opacity":"","overlay-gradient":""},"tablet":{"background-color":"","background-image":"","background-repeat":"repeat","background-position":"center center","background-size":"auto","background-attachment":"scroll","background-type":"","background-media":"","overlay-type":"","overlay-color":"","overlay-opacity":"","overlay-gradient":""},"mobile":{"background-color":"","background-image":"","background-repeat":"repeat","background-position":"center center","background-size":"auto","background-attachment":"scroll","background-type":"","background-media":"","overlay-type":"","overlay-color":"","overlay-opacity":"","overlay-gradient":""}},"ast-content-background-meta":{"desktop":{"background-color":"var(--ast-global-color-5)","background-image":"","background-repeat":"repeat","background-position":"center center","background-size":"auto","background-attachment":"scroll","background-type":"","background-media":"","overlay-type":"","overlay-color":"","overlay-opacity":"","overlay-gradient":""},"tablet":{"background-color":"var(--ast-global-color-5)","background-image":"","background-repeat":"repeat","background-position":"center center","background-size":"auto","background-attachment":"scroll","background-type":"","background-media":"","overlay-type":"","overlay-color":"","overlay-opacity":"","overlay-gradient":""},"mobile":{"background-color":"var(--ast-global-color-5)","background-image":"","background-repeat":"repeat","background-position":"center center","background-size":"auto","background-attachment":"scroll","background-type":"","background-media":"","overlay-type":"","overlay-color":"","overlay-opacity":"","overlay-gradient":""}}},"product_brand":[],"product_cat":[34],"product_tag":[],"class_list":{"0":"post-1048","1":"product","2":"type-product","3":"status-publish","4":"has-post-thumbnail","6":"product_cat-longines","7":"desktop-align-center","8":"tablet-align-left","9":"mobile-align-left","11":"first","12":"instock","13":"sale","14":"shipping-taxable","15":"purchasable","16":"product-type-simple"},"_links":{"self":[{"href":"https:\/\/mirekboutique.com\/pl\/wp-json\/wp\/v2\/product\/1048","targetHints":{"allow":["GET"]}}],"collection":[{"href":"https:\/\/mirekboutique.com\/pl\/wp-json\/wp\/v2\/product"}],"about":[{"href":"https:\/\/mirekboutique.com\/pl\/wp-json\/wp\/v2\/types\/product"}],"replies":[{"embeddable":true,"href":"https:\/\/mirekboutique.com\/pl\/wp-json\/wp\/v2\/comments?post=1048"}],"version-history":[{"count":1,"href":"https:\/\/mirekboutique.com\/pl\/wp-json\/wp\/v2\/product\/1048\/revisions"}],"predecessor-version":[{"id":1053,"href":"https:\/\/mirekboutique.com\/pl\/wp-json\/wp\/v2\/product\/1048\/revisions\/1053"}],"wp:featuredmedia":[{"embeddable":true,"href":"https:\/\/mirekboutique.com\/pl\/wp-json\/wp\/v2\/media\/1049"}],"wp:attachment":[{"href":"https:\/\/mirekboutique.com\/pl\/wp-json\/wp\/v2\/media?parent=1048"}],"wp:term":[{"taxonomy":"product_brand","embeddable":true,"href":"https:\/\/mirekboutique.com\/pl\/wp-json\/wp\/v2\/product_brand?post=1048"},{"taxonomy":"product_cat","embeddable":true,"href":"https:\/\/mirekboutique.com\/pl\/wp-json\/wp\/v2\/product_cat?post=1048"},{"taxonomy":"product_tag","embeddable":true,"href":"https:\/\/mirekboutique.com\/pl\/wp-json\/wp\/v2\/product_tag?post=1048"}],"curies":[{"name":"wp","href":"https:\/\/api.w.org\/{rel}","templated":true}]}}