{"id":1085,"date":"2025-05-09T01:23:55","date_gmt":"2025-05-08T17:23:55","guid":{"rendered":"https:\/\/mirekboutique.com\/?post_type=product&#038;p=1085"},"modified":"2025-05-24T19:21:46","modified_gmt":"2025-05-24T11:21:46","slug":"lq147-masterpiece-moonphase-latest-model-l2-11-super-clone","status":"publish","type":"product","link":"https:\/\/mirekboutique.com\/pl\/produkt\/lq147-masterpiece-moonphase-latest-model-l2-11-super-clone\/","title":{"rendered":"LQ147 Masterpiece Moonphase Najnowszy model L2 1:1 Super Clone"},"content":{"rendered":"<p>Fabryka KL ponownie wspi\u0119\u0142a si\u0119 na szczyt repliki starannie wykonanego arcydzie\u0142a fazy ksi\u0119\u017cyca najnowszego zegarka L2.773.4.78.6 - tysi\u0105ce subtelno\u015bci, zbie\u017cno\u015b\u0107 dysku, uk\u0142ad wykwintnego, doskona\u0142ego wyczucia widoku!<br \/>\nTrzy oryginalne zegarki zosta\u0142y zakupione i uformowane, a wykwintne rzemios\u0142o jest widoczne na nadgarstku.<br \/>\n[Koperta] Rozmiar zegarka 40 mm X 14,5 mm Koperta wykonana jest z doskona\u0142ej jako\u015bci stali nierdzewnej 316L, jasnej i b\u0142yszcz\u0105cej, prezentuj\u0105cej oryginaln\u0105 b\u0142yszcz\u0105c\u0105 tekstur\u0119 mi\u0119kkich linii. Pionowe wyst\u0119py i koperta uformowane w jednym kawa\u0142ku, noszone blisko d\u0142oni, niezwykle wygodne!<br \/>\n[Mechanizm] wykorzystuj\u0105cy mechanizm Dandong 7751 do zmiany oryginalnego mechanizmu typu L.687, wszystkie funkcje zsynchronizowane z orygina\u0142em. Jest to jeden z dumnych produkt\u00f3w krajowej wagi mechanizmu, a tak\u017ce najbardziej charakterystyczny klasyczny styl Longines.<br \/>\n[Dos\u0142owne] Faza ksi\u0119\u017cyca Longines przywraca najwy\u017cszy stopie\u0144 ornamentacji \"ziarna pszenicy\", tr\u00f3jwymiarowy druk czarnej skali arabskiej, ka\u017cda czcionka jest \u015bcis\u0142ym odniesieniem do oryginalnego stylu, aby osi\u0105gn\u0105\u0107 i autentyczne wymienne poziomy<br \/>\n[Osiem igie\u0142 faz ksi\u0119\u017cyca ma osiem hartowanych w wysokiej temperaturze i kutych wskaz\u00f3wek z niebieskiej stali, g\u0142\u0119bokich i charakterystycznych, b\u0142yszcz\u0105cych. Proces niebieskiej stali to najwy\u017cszy poziom szwajcarskiego rzemios\u0142a, g\u0142\u0119bokie pod\u015bwietlenie, ol\u015bniewaj\u0105ce \u015bwiat\u0142o!<br \/>\n[Mechanizm] Mechanizm dzia\u0142a zgodnie z orygina\u0142em - idealne po\u0142\u0105czenie faz ksi\u0119\u017cyca, pe\u0142nego kalendarza, 24-godzinnych i wielofunkcyjnych funkcji chronografu, samozwijaj\u0105cy si\u0119 mechanizm mechaniczny L687, 28 800 wibracji na godzin\u0119, do 45 godzin rezerwy mocy!<br \/>\nFabryka KL] Fabryka KL jest tylko po to, aby stworzy\u0107 najbardziej popularn\u0105 znan\u0105 rodzin\u0119 Long najwy\u017cszej jako\u015bci zegark\u00f3w, bogaty produkt, ci\u0105g\u0142e doskonalenie, w d\u0105\u017ceniu do jako\u015bci w tym samym czasie r\u00f3wnie\u017c na rynku jedn\u0105 z najbardziej op\u0142acalnych fabryk, ka\u017cdy zegarek zostanie zakupiony, aby otworzy\u0107 form\u0119 oryginalnej produkcji nowego produktu, tak aby zegarek ze szczeg\u00f3\u0142\u00f3w tekstury by\u0142 doskonale odrestaurowany, tutaj dzi\u0119ki ka\u017cdemu biznesmenowi wspieraj\u0105cemu fabryk\u0119 KL i przyjaci\u00f3\u0142 zegarka, b\u0119dziemy nadal ci\u0119\u017cko pracowa\u0107!<\/p>","protected":false},"excerpt":{"rendered":"<p>Wszystkie towary na tej stronie s\u0105 wysokiej klasy doskona\u0142ymi replikami wykonanymi przez super producent\u00f3w, zupe\u0142nie nowe i nieotwarte, jako\u015b\u0107 i obs\u0142uga posprzeda\u017cna s\u0105 gwarantowane!<\/p>\n<p>\u2705\u2705\u2705\u2705Mirekboutique produkuje wy\u0142\u0105cznie produkty wysokiej jako\u015bci Wszystkie produkty w naszym sklepie s\u0105 dostarczane z oryginalnym pude\u0142kiem Wysokiej klasy drewniane pude\u0142ko<\/p>\n<p>\ud83c\udf39\ud83c\udf39Zapraszamy do zakupu Wszystkie towary obs\u0142uguj\u0105 p\u0142atno\u015b\u0107 za pobraniem \u017byczymy udanych zakup\u00f3w<\/p>","protected":false},"featured_media":1086,"comment_status":"open","ping_status":"closed","template":"","meta":{"_monsterinsights_skip_tracking":false,"_monsterinsights_sitenote_active":false,"_monsterinsights_sitenote_note":"","_monsterinsights_sitenote_category":0,"site-sidebar-layout":"default","site-content-layout":"","ast-site-content-layout":"default","site-content-style":"default","site-sidebar-style":"default","ast-global-header-display":"","ast-banner-title-visibility":"","ast-main-header-display":"","ast-hfb-above-header-display":"","ast-hfb-below-header-display":"","ast-hfb-mobile-header-display":"","site-post-title":"","ast-breadcrumbs-content":"","ast-featured-img":"","footer-sml-layout":"","theme-transparent-header-meta":"default","adv-header-id-meta":"","stick-header-meta":"","header-above-stick-meta":"","header-main-stick-meta":"","header-below-stick-meta":"","astra-migrate-meta-layouts":"set","ast-page-background-enabled":"default","ast-page-background-meta":{"desktop":{"background-color":"var(--ast-global-color-4)","background-image":"","background-repeat":"repeat","background-position":"center center","background-size":"auto","background-attachment":"scroll","background-type":"","background-media":"","overlay-type":"","overlay-color":"","overlay-opacity":"","overlay-gradient":""},"tablet":{"background-color":"","background-image":"","background-repeat":"repeat","background-position":"center center","background-size":"auto","background-attachment":"scroll","background-type":"","background-media":"","overlay-type":"","overlay-color":"","overlay-opacity":"","overlay-gradient":""},"mobile":{"background-color":"","background-image":"","background-repeat":"repeat","background-position":"center center","background-size":"auto","background-attachment":"scroll","background-type":"","background-media":"","overlay-type":"","overlay-color":"","overlay-opacity":"","overlay-gradient":""}},"ast-content-background-meta":{"desktop":{"background-color":"var(--ast-global-color-5)","background-image":"","background-repeat":"repeat","background-position":"center center","background-size":"auto","background-attachment":"scroll","background-type":"","background-media":"","overlay-type":"","overlay-color":"","overlay-opacity":"","overlay-gradient":""},"tablet":{"background-color":"var(--ast-global-color-5)","background-image":"","background-repeat":"repeat","background-position":"center center","background-size":"auto","background-attachment":"scroll","background-type":"","background-media":"","overlay-type":"","overlay-color":"","overlay-opacity":"","overlay-gradient":""},"mobile":{"background-color":"var(--ast-global-color-5)","background-image":"","background-repeat":"repeat","background-position":"center center","background-size":"auto","background-attachment":"scroll","background-type":"","background-media":"","overlay-type":"","overlay-color":"","overlay-opacity":"","overlay-gradient":""}}},"product_brand":[],"product_cat":[34],"product_tag":[],"class_list":{"0":"post-1085","1":"product","2":"type-product","3":"status-publish","4":"has-post-thumbnail","6":"product_cat-longines","7":"desktop-align-center","8":"tablet-align-left","9":"mobile-align-left","11":"first","12":"instock","13":"sale","14":"shipping-taxable","15":"purchasable","16":"product-type-simple"},"_links":{"self":[{"href":"https:\/\/mirekboutique.com\/pl\/wp-json\/wp\/v2\/product\/1085","targetHints":{"allow":["GET"]}}],"collection":[{"href":"https:\/\/mirekboutique.com\/pl\/wp-json\/wp\/v2\/product"}],"about":[{"href":"https:\/\/mirekboutique.com\/pl\/wp-json\/wp\/v2\/types\/product"}],"replies":[{"embeddable":true,"href":"https:\/\/mirekboutique.com\/pl\/wp-json\/wp\/v2\/comments?post=1085"}],"version-history":[{"count":1,"href":"https:\/\/mirekboutique.com\/pl\/wp-json\/wp\/v2\/product\/1085\/revisions"}],"predecessor-version":[{"id":1091,"href":"https:\/\/mirekboutique.com\/pl\/wp-json\/wp\/v2\/product\/1085\/revisions\/1091"}],"wp:featuredmedia":[{"embeddable":true,"href":"https:\/\/mirekboutique.com\/pl\/wp-json\/wp\/v2\/media\/1086"}],"wp:attachment":[{"href":"https:\/\/mirekboutique.com\/pl\/wp-json\/wp\/v2\/media?parent=1085"}],"wp:term":[{"taxonomy":"product_brand","embeddable":true,"href":"https:\/\/mirekboutique.com\/pl\/wp-json\/wp\/v2\/product_brand?post=1085"},{"taxonomy":"product_cat","embeddable":true,"href":"https:\/\/mirekboutique.com\/pl\/wp-json\/wp\/v2\/product_cat?post=1085"},{"taxonomy":"product_tag","embeddable":true,"href":"https:\/\/mirekboutique.com\/pl\/wp-json\/wp\/v2\/product_tag?post=1085"}],"curies":[{"name":"wp","href":"https:\/\/api.w.org\/{rel}","templated":true}]}}