{"id":1106,"date":"2025-05-09T01:30:03","date_gmt":"2025-05-08T17:30:03","guid":{"rendered":"https:\/\/mirekboutique.com\/?post_type=product&#038;p=1106"},"modified":"2025-05-24T19:21:46","modified_gmt":"2025-05-24T11:21:46","slug":"lq150-v2-upgrade-11-super-clone-from-a-super-factory","status":"publish","type":"product","link":"https:\/\/mirekboutique.com\/pl\/produkt\/lq150-v2-upgrade-11-super-clone-from-a-super-factory\/","title":{"rendered":"LQ150 V2 Upgrade 1:1 super klon z super fabryki"},"content":{"rendered":"<p>LG ponownie wspi\u0119\u0142o si\u0119 na szczyt replik] V2 upgrade LG starannie wykona\u0142o najnowszy model zegarka Masterpiece Moonphase L2.773.4.78.6 - tysi\u0105c subtelno\u015bci, zbiegaj\u0105cych si\u0119 w jednym dysku, uk\u0142ad jest znakomity, widok jest doskona\u0142y!<br \/>\n1\u20e3\ufe0f [Koperta] Zegarek mierzy 42 milimetry i ma 14,5 milimetra grubo\u015bci! Koperta wykonana jest ze stali nierdzewnej 316L o wyj\u0105tkowej jako\u015bci, jasnej i b\u0142yszcz\u0105cej, ukazuj\u0105cej oryginalne mi\u0119kkie i pe\u0142ne wdzi\u0119ku linie. Pionowe wyst\u0119py s\u0105 uformowane w obudowie, dzi\u0119ki czemu noszenie zegarka jest niezwykle wygodne!<br \/>\n2\u20e3\ufe0f [mechanizm] wykorzystuj\u0105cy mechanizm Shanghai 7751 do zmiany oryginalnego mechanizmu typu L.687, wszystkie funkcje zsynchronizowane z orygina\u0142em.<br \/>\n3\u20e3\ufe0f[Wspania\u0142e szczeg\u00f3\u0142y]<br \/>\n1. Funkcja mechanizmu odpowiada orygina\u0142owi - idealne po\u0142\u0105czenie faz ksi\u0119\u017cyca, pe\u0142nego kalendarza, dwudziestu czterech godzin i chronografu oraz innych praktycznych funkcji!<br \/>\n2. Osiem wysokotemperaturowych hartowanych i kutych d\u0142oni z niebieskiej stali, g\u0142\u0119bokich i b\u0142yszcz\u0105cych.<br \/>\n3. Ekskluzywny na rynku - automatyczny tourbillon jest zsynchronizowany z oryginaln\u0105, najnowsz\u0105 oficjaln\u0105 wersj\u0105 kunsztu LG!<\/p>","protected":false},"excerpt":{"rendered":"<p>Wszystkie towary na tej stronie s\u0105 wysokiej klasy doskona\u0142ymi replikami wykonanymi przez super producent\u00f3w, zupe\u0142nie nowe i nieotwarte, jako\u015b\u0107 i obs\u0142uga posprzeda\u017cna s\u0105 gwarantowane!<\/p>\n<p>\u2705\u2705\u2705\u2705Mirekboutique produkuje wy\u0142\u0105cznie produkty wysokiej jako\u015bci Wszystkie produkty w naszym sklepie s\u0105 dostarczane z oryginalnym pude\u0142kiem Wysokiej klasy drewniane pude\u0142ko<\/p>\n<p>\ud83c\udf39\ud83c\udf39Zapraszamy do zakupu Wszystkie towary obs\u0142uguj\u0105 p\u0142atno\u015b\u0107 za pobraniem \u017byczymy udanych zakup\u00f3w<\/p>","protected":false},"featured_media":1107,"comment_status":"open","ping_status":"closed","template":"","meta":{"_monsterinsights_skip_tracking":false,"_monsterinsights_sitenote_active":false,"_monsterinsights_sitenote_note":"","_monsterinsights_sitenote_category":0,"site-sidebar-layout":"default","site-content-layout":"","ast-site-content-layout":"default","site-content-style":"default","site-sidebar-style":"default","ast-global-header-display":"","ast-banner-title-visibility":"","ast-main-header-display":"","ast-hfb-above-header-display":"","ast-hfb-below-header-display":"","ast-hfb-mobile-header-display":"","site-post-title":"","ast-breadcrumbs-content":"","ast-featured-img":"","footer-sml-layout":"","theme-transparent-header-meta":"default","adv-header-id-meta":"","stick-header-meta":"","header-above-stick-meta":"","header-main-stick-meta":"","header-below-stick-meta":"","astra-migrate-meta-layouts":"set","ast-page-background-enabled":"default","ast-page-background-meta":{"desktop":{"background-color":"var(--ast-global-color-4)","background-image":"","background-repeat":"repeat","background-position":"center center","background-size":"auto","background-attachment":"scroll","background-type":"","background-media":"","overlay-type":"","overlay-color":"","overlay-opacity":"","overlay-gradient":""},"tablet":{"background-color":"","background-image":"","background-repeat":"repeat","background-position":"center center","background-size":"auto","background-attachment":"scroll","background-type":"","background-media":"","overlay-type":"","overlay-color":"","overlay-opacity":"","overlay-gradient":""},"mobile":{"background-color":"","background-image":"","background-repeat":"repeat","background-position":"center center","background-size":"auto","background-attachment":"scroll","background-type":"","background-media":"","overlay-type":"","overlay-color":"","overlay-opacity":"","overlay-gradient":""}},"ast-content-background-meta":{"desktop":{"background-color":"var(--ast-global-color-5)","background-image":"","background-repeat":"repeat","background-position":"center center","background-size":"auto","background-attachment":"scroll","background-type":"","background-media":"","overlay-type":"","overlay-color":"","overlay-opacity":"","overlay-gradient":""},"tablet":{"background-color":"var(--ast-global-color-5)","background-image":"","background-repeat":"repeat","background-position":"center center","background-size":"auto","background-attachment":"scroll","background-type":"","background-media":"","overlay-type":"","overlay-color":"","overlay-opacity":"","overlay-gradient":""},"mobile":{"background-color":"var(--ast-global-color-5)","background-image":"","background-repeat":"repeat","background-position":"center center","background-size":"auto","background-attachment":"scroll","background-type":"","background-media":"","overlay-type":"","overlay-color":"","overlay-opacity":"","overlay-gradient":""}}},"product_brand":[],"product_cat":[34],"product_tag":[],"class_list":{"0":"post-1106","1":"product","2":"type-product","3":"status-publish","4":"has-post-thumbnail","6":"product_cat-longines","7":"desktop-align-center","8":"tablet-align-left","9":"mobile-align-left","11":"first","12":"instock","13":"sale","14":"shipping-taxable","15":"purchasable","16":"product-type-simple"},"_links":{"self":[{"href":"https:\/\/mirekboutique.com\/pl\/wp-json\/wp\/v2\/product\/1106","targetHints":{"allow":["GET"]}}],"collection":[{"href":"https:\/\/mirekboutique.com\/pl\/wp-json\/wp\/v2\/product"}],"about":[{"href":"https:\/\/mirekboutique.com\/pl\/wp-json\/wp\/v2\/types\/product"}],"replies":[{"embeddable":true,"href":"https:\/\/mirekboutique.com\/pl\/wp-json\/wp\/v2\/comments?post=1106"}],"version-history":[{"count":1,"href":"https:\/\/mirekboutique.com\/pl\/wp-json\/wp\/v2\/product\/1106\/revisions"}],"predecessor-version":[{"id":1112,"href":"https:\/\/mirekboutique.com\/pl\/wp-json\/wp\/v2\/product\/1106\/revisions\/1112"}],"wp:featuredmedia":[{"embeddable":true,"href":"https:\/\/mirekboutique.com\/pl\/wp-json\/wp\/v2\/media\/1107"}],"wp:attachment":[{"href":"https:\/\/mirekboutique.com\/pl\/wp-json\/wp\/v2\/media?parent=1106"}],"wp:term":[{"taxonomy":"product_brand","embeddable":true,"href":"https:\/\/mirekboutique.com\/pl\/wp-json\/wp\/v2\/product_brand?post=1106"},{"taxonomy":"product_cat","embeddable":true,"href":"https:\/\/mirekboutique.com\/pl\/wp-json\/wp\/v2\/product_cat?post=1106"},{"taxonomy":"product_tag","embeddable":true,"href":"https:\/\/mirekboutique.com\/pl\/wp-json\/wp\/v2\/product_tag?post=1106"}],"curies":[{"name":"wp","href":"https:\/\/api.w.org\/{rel}","templated":true}]}}