{"id":1175,"date":"2025-05-09T01:46:11","date_gmt":"2025-05-08T17:46:11","guid":{"rendered":"https:\/\/mirekboutique.com\/?post_type=product&#038;p=1175"},"modified":"2025-05-24T19:21:46","modified_gmt":"2025-05-24T11:21:46","slug":"omg223-omg-seamaster-worldtimer-220-30-43-22-10-001-11-super-clone","status":"publish","type":"product","link":"https:\/\/mirekboutique.com\/pl\/produkt\/omg223-omg-seamaster-worldtimer-220-30-43-22-10-001-11-super-clone\/","title":{"rendered":"OMG223 Omg Seamaster Worldtimer 220.30.43.22.10.001 1:1 Super Clone"},"content":{"rendered":"<p>N1Factory<br \/>\nOmg Seamaster Worldtimer 220.30.43.22.10.001<br \/>\n1: obudowa: oryginalne formowanie szablon\u00f3w i oryginalna sp\u00f3jna \u015brednica 43 (z wy\u0142\u0105czeniem kropli prasy) \"najbardziej\" przywracaj\u0105 delikatny po\u0142ysk i mi\u0119kk\u0105 tekstur\u0119 oryginalnej obudowy, amplitud\u0119 obudowy, aby osi\u0105gn\u0105\u0107 i oryginalny uniwersalny zestaw akcesori\u00f3w pow\u0142oki<br \/>\n2: szk\u0142o: wy\u0142\u0105czne zastosowanie \u0142ukowego dwustronnego antyrefleksyjnego, odpornego na zu\u017cycie szafirowego szk\u0142a lustrzanego, szafirowe lustro pokryte antyrefleksyjn\u0105 foli\u0105 kryszta\u0142ow\u0105 o wysokiej przezroczysto\u015bci, dzi\u0119ki czemu funkcja odczytu osi\u0105ga \"najlepsze\"!<br \/>\n3:Literatura: Kolor tarczy wymaga\u0142 roku mieszania kolor\u00f3w poza<br \/>\n4: ig\u0142a: wska\u017anik wszystkie drobne polerowanie i s\u0142owo paznokci kolor i prawdziwe tonowanie sp\u00f3jne, \u015bwiec\u0105ce i s\u0142owo paznokci super \u015bwiec\u0105cy kolor jest sp\u00f3jny, nieustraszony czytania w ciemno\u015bci, po\u017cegna\u0107 si\u0119 z rynku towar\u00f3w bia\u0142y, efekt \u015bwietlny niesp\u00f3jne problemy.<br \/>\n5: mechanizm zastosowany w mechanizmie samozwijaj\u0105cym 8938, rezerwa mocy osi\u0105gn\u0119\u0142a 48 godzin<br \/>\n6 pasek: oryginalny otwarty pasek stalowy 904 jako\u015bci A<br \/>\n7: Klamra: Genuine sp\u00f3jne 904 stalowa klamra typu party, polerowane cz\u0105stki g\u0142owy dzia\u0142alno\u015bci, proste i zwi\u0119z\u0142e, rozbi\u00f3rka zu\u017cycia tylko w mgnieniu oka!<br \/>\nProdukt czasu \u015bwiatowego N1, poziom pu\u0142apu mile widziani gracze degustacja (produkt N1 musi by\u0107 w porz\u0105dku)<\/p>","protected":false},"excerpt":{"rendered":"<p>Wszystkie towary na tej stronie s\u0105 wysokiej klasy doskona\u0142ymi replikami wykonanymi przez super producent\u00f3w, zupe\u0142nie nowe i nieotwarte, jako\u015b\u0107 i obs\u0142uga posprzeda\u017cna s\u0105 gwarantowane!<\/p>\n<p>\u2705\u2705\u2705\u2705Mirekboutique produkuje wy\u0142\u0105cznie produkty wysokiej jako\u015bci Wszystkie produkty w naszym sklepie s\u0105 dostarczane z oryginalnym pude\u0142kiem Wysokiej klasy drewniane pude\u0142ko<\/p>\n<p>\ud83c\udf39\ud83c\udf39Zapraszamy do zakupu Wszystkie towary obs\u0142uguj\u0105 p\u0142atno\u015b\u0107 za pobraniem \u017byczymy udanych zakup\u00f3w<\/p>","protected":false},"featured_media":1176,"comment_status":"open","ping_status":"closed","template":"","meta":{"_monsterinsights_skip_tracking":false,"_monsterinsights_sitenote_active":false,"_monsterinsights_sitenote_note":"","_monsterinsights_sitenote_category":0,"site-sidebar-layout":"default","site-content-layout":"","ast-site-content-layout":"default","site-content-style":"default","site-sidebar-style":"default","ast-global-header-display":"","ast-banner-title-visibility":"","ast-main-header-display":"","ast-hfb-above-header-display":"","ast-hfb-below-header-display":"","ast-hfb-mobile-header-display":"","site-post-title":"","ast-breadcrumbs-content":"","ast-featured-img":"","footer-sml-layout":"","theme-transparent-header-meta":"default","adv-header-id-meta":"","stick-header-meta":"","header-above-stick-meta":"","header-main-stick-meta":"","header-below-stick-meta":"","astra-migrate-meta-layouts":"set","ast-page-background-enabled":"default","ast-page-background-meta":{"desktop":{"background-color":"var(--ast-global-color-4)","background-image":"","background-repeat":"repeat","background-position":"center center","background-size":"auto","background-attachment":"scroll","background-type":"","background-media":"","overlay-type":"","overlay-color":"","overlay-opacity":"","overlay-gradient":""},"tablet":{"background-color":"","background-image":"","background-repeat":"repeat","background-position":"center center","background-size":"auto","background-attachment":"scroll","background-type":"","background-media":"","overlay-type":"","overlay-color":"","overlay-opacity":"","overlay-gradient":""},"mobile":{"background-color":"","background-image":"","background-repeat":"repeat","background-position":"center center","background-size":"auto","background-attachment":"scroll","background-type":"","background-media":"","overlay-type":"","overlay-color":"","overlay-opacity":"","overlay-gradient":""}},"ast-content-background-meta":{"desktop":{"background-color":"var(--ast-global-color-5)","background-image":"","background-repeat":"repeat","background-position":"center center","background-size":"auto","background-attachment":"scroll","background-type":"","background-media":"","overlay-type":"","overlay-color":"","overlay-opacity":"","overlay-gradient":""},"tablet":{"background-color":"var(--ast-global-color-5)","background-image":"","background-repeat":"repeat","background-position":"center center","background-size":"auto","background-attachment":"scroll","background-type":"","background-media":"","overlay-type":"","overlay-color":"","overlay-opacity":"","overlay-gradient":""},"mobile":{"background-color":"var(--ast-global-color-5)","background-image":"","background-repeat":"repeat","background-position":"center center","background-size":"auto","background-attachment":"scroll","background-type":"","background-media":"","overlay-type":"","overlay-color":"","overlay-opacity":"","overlay-gradient":""}}},"product_brand":[],"product_cat":[37],"product_tag":[],"class_list":{"0":"post-1175","1":"product","2":"type-product","3":"status-publish","4":"has-post-thumbnail","6":"product_cat-omega","7":"desktop-align-center","8":"tablet-align-left","9":"mobile-align-left","11":"first","12":"instock","13":"sale","14":"shipping-taxable","15":"purchasable","16":"product-type-simple"},"_links":{"self":[{"href":"https:\/\/mirekboutique.com\/pl\/wp-json\/wp\/v2\/product\/1175","targetHints":{"allow":["GET"]}}],"collection":[{"href":"https:\/\/mirekboutique.com\/pl\/wp-json\/wp\/v2\/product"}],"about":[{"href":"https:\/\/mirekboutique.com\/pl\/wp-json\/wp\/v2\/types\/product"}],"replies":[{"embeddable":true,"href":"https:\/\/mirekboutique.com\/pl\/wp-json\/wp\/v2\/comments?post=1175"}],"version-history":[{"count":1,"href":"https:\/\/mirekboutique.com\/pl\/wp-json\/wp\/v2\/product\/1175\/revisions"}],"predecessor-version":[{"id":1182,"href":"https:\/\/mirekboutique.com\/pl\/wp-json\/wp\/v2\/product\/1175\/revisions\/1182"}],"wp:featuredmedia":[{"embeddable":true,"href":"https:\/\/mirekboutique.com\/pl\/wp-json\/wp\/v2\/media\/1176"}],"wp:attachment":[{"href":"https:\/\/mirekboutique.com\/pl\/wp-json\/wp\/v2\/media?parent=1175"}],"wp:term":[{"taxonomy":"product_brand","embeddable":true,"href":"https:\/\/mirekboutique.com\/pl\/wp-json\/wp\/v2\/product_brand?post=1175"},{"taxonomy":"product_cat","embeddable":true,"href":"https:\/\/mirekboutique.com\/pl\/wp-json\/wp\/v2\/product_cat?post=1175"},{"taxonomy":"product_tag","embeddable":true,"href":"https:\/\/mirekboutique.com\/pl\/wp-json\/wp\/v2\/product_tag?post=1175"}],"curies":[{"name":"wp","href":"https:\/\/api.w.org\/{rel}","templated":true}]}}