{"id":1305,"date":"2025-05-09T02:21:28","date_gmt":"2025-05-08T18:21:28","guid":{"rendered":"https:\/\/mirekboutique.com\/?post_type=product&#038;p=1305"},"modified":"2025-05-24T19:21:44","modified_gmt":"2025-05-24T11:21:44","slug":"bd002-5167-grenade-model-11-super-clone","status":"publish","type":"product","link":"https:\/\/mirekboutique.com\/pl\/produkt\/bd002-5167-grenade-model-11-super-clone\/","title":{"rendered":"BD002 5167 model granatu 1:1 Super Clone"},"content":{"rendered":"<p>PF r\u00f3\u017cowe z\u0142oto Najcie\u0144szy model granatu 5167 \"granat\" najlepsze rozwi\u0105zanie antidotum, z samonakr\u0119caj\u0105cym si\u0119 mechanizmem Cal.324, d\u0119bow\u0105 ta\u015bm\u0105, stal\u0105 316L, niebieskim kryszta\u0142em! Samonakr\u0119caj\u0105cy si\u0119 mechanizm Caliber 324, d\u0119bowy pasek, stal 316L, szafirowe szkie\u0142ko! I prawdziwy PP wykorzystuj\u0105cy t\u0119 sam\u0105 oryginaln\u0105 konstrukcj\u0119, pe\u0142ny zestaw oryginalnego podw\u00f3jnie zapiecz\u0119towanego pude\u0142ka PP, ca\u0142a sie\u0107 do\u015bwiadcza najlepszego najbardziej PP<\/p>\n<p>&nbsp;<\/p>\n<p>Lepsze style sprzedawane na rynku\ud83d\ude80\ud83d\ude80<\/p>","protected":false},"excerpt":{"rendered":"<p>Wszystkie towary na tej stronie s\u0105 wysokiej klasy doskona\u0142ymi replikami wykonanymi przez super producent\u00f3w, zupe\u0142nie nowe i nieotwarte, jako\u015b\u0107 i obs\u0142uga posprzeda\u017cna s\u0105 gwarantowane!<\/p>\n<p>\u2705\u2705\u2705\u2705Mirekboutique produkuje wy\u0142\u0105cznie produkty wysokiej jako\u015bci Wszystkie produkty w naszym sklepie s\u0105 dostarczane z oryginalnym pude\u0142kiem Wysokiej klasy drewniane pude\u0142ko<\/p>\n<p>\ud83c\udf39\ud83c\udf39Zapraszamy do zakupu Wszystkie towary obs\u0142uguj\u0105 p\u0142atno\u015b\u0107 za pobraniem \u017byczymy udanych zakup\u00f3w<\/p>","protected":false},"featured_media":1306,"comment_status":"open","ping_status":"closed","template":"","meta":{"_monsterinsights_skip_tracking":false,"_monsterinsights_sitenote_active":false,"_monsterinsights_sitenote_note":"","_monsterinsights_sitenote_category":0,"site-sidebar-layout":"default","site-content-layout":"","ast-site-content-layout":"default","site-content-style":"default","site-sidebar-style":"default","ast-global-header-display":"","ast-banner-title-visibility":"","ast-main-header-display":"","ast-hfb-above-header-display":"","ast-hfb-below-header-display":"","ast-hfb-mobile-header-display":"","site-post-title":"","ast-breadcrumbs-content":"","ast-featured-img":"","footer-sml-layout":"","theme-transparent-header-meta":"default","adv-header-id-meta":"","stick-header-meta":"","header-above-stick-meta":"","header-main-stick-meta":"","header-below-stick-meta":"","astra-migrate-meta-layouts":"set","ast-page-background-enabled":"default","ast-page-background-meta":{"desktop":{"background-color":"var(--ast-global-color-4)","background-image":"","background-repeat":"repeat","background-position":"center center","background-size":"auto","background-attachment":"scroll","background-type":"","background-media":"","overlay-type":"","overlay-color":"","overlay-opacity":"","overlay-gradient":""},"tablet":{"background-color":"","background-image":"","background-repeat":"repeat","background-position":"center center","background-size":"auto","background-attachment":"scroll","background-type":"","background-media":"","overlay-type":"","overlay-color":"","overlay-opacity":"","overlay-gradient":""},"mobile":{"background-color":"","background-image":"","background-repeat":"repeat","background-position":"center center","background-size":"auto","background-attachment":"scroll","background-type":"","background-media":"","overlay-type":"","overlay-color":"","overlay-opacity":"","overlay-gradient":""}},"ast-content-background-meta":{"desktop":{"background-color":"var(--ast-global-color-5)","background-image":"","background-repeat":"repeat","background-position":"center center","background-size":"auto","background-attachment":"scroll","background-type":"","background-media":"","overlay-type":"","overlay-color":"","overlay-opacity":"","overlay-gradient":""},"tablet":{"background-color":"var(--ast-global-color-5)","background-image":"","background-repeat":"repeat","background-position":"center center","background-size":"auto","background-attachment":"scroll","background-type":"","background-media":"","overlay-type":"","overlay-color":"","overlay-opacity":"","overlay-gradient":""},"mobile":{"background-color":"var(--ast-global-color-5)","background-image":"","background-repeat":"repeat","background-position":"center center","background-size":"auto","background-attachment":"scroll","background-type":"","background-media":"","overlay-type":"","overlay-color":"","overlay-opacity":"","overlay-gradient":""}}},"product_brand":[],"product_cat":[18],"product_tag":[],"class_list":{"0":"post-1305","1":"product","2":"type-product","3":"status-publish","4":"has-post-thumbnail","6":"product_cat-patek-philippe","7":"desktop-align-center","8":"tablet-align-left","9":"mobile-align-left","11":"first","12":"instock","13":"sale","14":"shipping-taxable","15":"purchasable","16":"product-type-simple"},"_links":{"self":[{"href":"https:\/\/mirekboutique.com\/pl\/wp-json\/wp\/v2\/product\/1305","targetHints":{"allow":["GET"]}}],"collection":[{"href":"https:\/\/mirekboutique.com\/pl\/wp-json\/wp\/v2\/product"}],"about":[{"href":"https:\/\/mirekboutique.com\/pl\/wp-json\/wp\/v2\/types\/product"}],"replies":[{"embeddable":true,"href":"https:\/\/mirekboutique.com\/pl\/wp-json\/wp\/v2\/comments?post=1305"}],"version-history":[{"count":1,"href":"https:\/\/mirekboutique.com\/pl\/wp-json\/wp\/v2\/product\/1305\/revisions"}],"predecessor-version":[{"id":1311,"href":"https:\/\/mirekboutique.com\/pl\/wp-json\/wp\/v2\/product\/1305\/revisions\/1311"}],"wp:featuredmedia":[{"embeddable":true,"href":"https:\/\/mirekboutique.com\/pl\/wp-json\/wp\/v2\/media\/1306"}],"wp:attachment":[{"href":"https:\/\/mirekboutique.com\/pl\/wp-json\/wp\/v2\/media?parent=1305"}],"wp:term":[{"taxonomy":"product_brand","embeddable":true,"href":"https:\/\/mirekboutique.com\/pl\/wp-json\/wp\/v2\/product_brand?post=1305"},{"taxonomy":"product_cat","embeddable":true,"href":"https:\/\/mirekboutique.com\/pl\/wp-json\/wp\/v2\/product_cat?post=1305"},{"taxonomy":"product_tag","embeddable":true,"href":"https:\/\/mirekboutique.com\/pl\/wp-json\/wp\/v2\/product_tag?post=1305"}],"curies":[{"name":"wp","href":"https:\/\/api.w.org\/{rel}","templated":true}]}}