{"id":1334,"date":"2025-05-09T02:29:31","date_gmt":"2025-05-08T18:29:31","guid":{"rendered":"https:\/\/mirekboutique.com\/?post_type=product&#038;p=1334"},"modified":"2025-05-24T19:21:44","modified_gmt":"2025-05-24T11:21:44","slug":"bd006-classic-5153-11-super-clone-from-a-super-factory","status":"publish","type":"product","link":"https:\/\/mirekboutique.com\/pl\/produkt\/bd006-classic-5153-11-super-clone-from-a-super-factory\/","title":{"rendered":"BD006 Classic 5153 1:1 super klon z super fabryki"},"content":{"rendered":"<p>ZF rzemie\u015blnik \"rdze\u0144\" produkowane klasyczne prace - Bada klasyczne zegarki serii 5153, eleganckie i do ~! Wspania\u0142e szczeg\u00f3\u0142y] Rozmiar zegarka 38mmX10mm 1. Polerowanie obudowy: w celu uzyskania efektu prawdziwego ciep\u0142ego i wilgotnego jak jadeit, zegarmistrzowie ZF starannie szlifuj\u0105, powoln\u0105 i starann\u0105 prac\u0119. 2. Os\u0142ona przeciwpy\u0142owa i mechanizm przegubowy pow\u0142oki, por\u00f3wnywalne z oryginalnymi z wyra\u017anym wyczuciem. 3. Skala i wskaz\u00f3wki, zastosowanie najnowszego procesu powlekania metali szlachetnych, efekt wy\u017cszego poziomu. 4. Mikro-wypuk\u0142e szafirowe lusterko zegarka typu \"pot cover\", wersja i taka sama jak oryginalna, efekt p\u00f3\u0142przezroczysto\u015bci, wyra\u017ane rozpoznawanie czasu. 5. Uszczelnienie ze stali szlachetnej tr\u00f3jwymiarowe normy, jasne i \u017cywe. 6! Wiod\u0105ca era jednocz\u0119\u015bciowej maszyny] Przyj\u0119cie dostosowanej wersji Cal.324 jednocz\u0119\u015bciowej maszyny - cie\u0144szej, bardziej stabilnej, bardziej podobnej. Najwa\u017cniejsze jest to, \u017ce stopie\u0144 symulacji wzr\u00f3s\u0142 liniowo. [Pasek] Klasyczny w\u0142oski pasek ze sk\u00f3ry ciel\u0119cej z wyra\u017anym ziarnem i dobr\u0105 tekstur\u0105. Z k\u00f3\u0142kiem najlepszej na rynku klamry latarni Patek Philippe, uniwersalny orygina\u0142 bez nacisku. \u015awiadome trzymanie si\u0119, wieczny klasyk, niski klucz idealny, st\u00f3\u0142 w d\u017centelmenie!<\/p>","protected":false},"excerpt":{"rendered":"<p>Wszystkie towary na tej stronie s\u0105 wysokiej klasy doskona\u0142ymi replikami wykonanymi przez super producent\u00f3w, zupe\u0142nie nowe i nieotwarte, jako\u015b\u0107 i obs\u0142uga posprzeda\u017cna s\u0105 gwarantowane!<\/p>\n<p>\u2705\u2705\u2705\u2705Mirekboutique produkuje wy\u0142\u0105cznie produkty wysokiej jako\u015bci Wszystkie produkty w naszym sklepie s\u0105 dostarczane z oryginalnym pude\u0142kiem Wysokiej klasy drewniane pude\u0142ko<\/p>\n<p>\ud83c\udf39\ud83c\udf39Zapraszamy do zakupu Wszystkie towary obs\u0142uguj\u0105 p\u0142atno\u015b\u0107 za pobraniem \u017byczymy udanych zakup\u00f3w<\/p>","protected":false},"featured_media":1335,"comment_status":"open","ping_status":"closed","template":"","meta":{"_monsterinsights_skip_tracking":false,"_monsterinsights_sitenote_active":false,"_monsterinsights_sitenote_note":"","_monsterinsights_sitenote_category":0,"site-sidebar-layout":"default","site-content-layout":"","ast-site-content-layout":"default","site-content-style":"default","site-sidebar-style":"default","ast-global-header-display":"","ast-banner-title-visibility":"","ast-main-header-display":"","ast-hfb-above-header-display":"","ast-hfb-below-header-display":"","ast-hfb-mobile-header-display":"","site-post-title":"","ast-breadcrumbs-content":"","ast-featured-img":"","footer-sml-layout":"","ast-disable-related-posts":"","theme-transparent-header-meta":"default","adv-header-id-meta":"","stick-header-meta":"","header-above-stick-meta":"","header-main-stick-meta":"","header-below-stick-meta":"","astra-migrate-meta-layouts":"set","ast-page-background-enabled":"default","ast-page-background-meta":{"desktop":{"background-color":"var(--ast-global-color-4)","background-image":"","background-repeat":"repeat","background-position":"center center","background-size":"auto","background-attachment":"scroll","background-type":"","background-media":"","overlay-type":"","overlay-color":"","overlay-opacity":"","overlay-gradient":""},"tablet":{"background-color":"","background-image":"","background-repeat":"repeat","background-position":"center center","background-size":"auto","background-attachment":"scroll","background-type":"","background-media":"","overlay-type":"","overlay-color":"","overlay-opacity":"","overlay-gradient":""},"mobile":{"background-color":"","background-image":"","background-repeat":"repeat","background-position":"center center","background-size":"auto","background-attachment":"scroll","background-type":"","background-media":"","overlay-type":"","overlay-color":"","overlay-opacity":"","overlay-gradient":""}},"ast-content-background-meta":{"desktop":{"background-color":"var(--ast-global-color-5)","background-image":"","background-repeat":"repeat","background-position":"center center","background-size":"auto","background-attachment":"scroll","background-type":"","background-media":"","overlay-type":"","overlay-color":"","overlay-opacity":"","overlay-gradient":""},"tablet":{"background-color":"var(--ast-global-color-5)","background-image":"","background-repeat":"repeat","background-position":"center center","background-size":"auto","background-attachment":"scroll","background-type":"","background-media":"","overlay-type":"","overlay-color":"","overlay-opacity":"","overlay-gradient":""},"mobile":{"background-color":"var(--ast-global-color-5)","background-image":"","background-repeat":"repeat","background-position":"center center","background-size":"auto","background-attachment":"scroll","background-type":"","background-media":"","overlay-type":"","overlay-color":"","overlay-opacity":"","overlay-gradient":""}}},"product_brand":[],"product_cat":[18],"product_tag":[],"class_list":{"0":"post-1334","1":"product","2":"type-product","3":"status-publish","4":"has-post-thumbnail","6":"product_cat-patek-philippe","7":"desktop-align-center","8":"tablet-align-left","9":"mobile-align-left","11":"first","12":"instock","13":"sale","14":"shipping-taxable","15":"purchasable","16":"product-type-simple"},"_links":{"self":[{"href":"https:\/\/mirekboutique.com\/pl\/wp-json\/wp\/v2\/product\/1334","targetHints":{"allow":["GET"]}}],"collection":[{"href":"https:\/\/mirekboutique.com\/pl\/wp-json\/wp\/v2\/product"}],"about":[{"href":"https:\/\/mirekboutique.com\/pl\/wp-json\/wp\/v2\/types\/product"}],"replies":[{"embeddable":true,"href":"https:\/\/mirekboutique.com\/pl\/wp-json\/wp\/v2\/comments?post=1334"}],"version-history":[{"count":1,"href":"https:\/\/mirekboutique.com\/pl\/wp-json\/wp\/v2\/product\/1334\/revisions"}],"predecessor-version":[{"id":1340,"href":"https:\/\/mirekboutique.com\/pl\/wp-json\/wp\/v2\/product\/1334\/revisions\/1340"}],"wp:featuredmedia":[{"embeddable":true,"href":"https:\/\/mirekboutique.com\/pl\/wp-json\/wp\/v2\/media\/1335"}],"wp:attachment":[{"href":"https:\/\/mirekboutique.com\/pl\/wp-json\/wp\/v2\/media?parent=1334"}],"wp:term":[{"taxonomy":"product_brand","embeddable":true,"href":"https:\/\/mirekboutique.com\/pl\/wp-json\/wp\/v2\/product_brand?post=1334"},{"taxonomy":"product_cat","embeddable":true,"href":"https:\/\/mirekboutique.com\/pl\/wp-json\/wp\/v2\/product_cat?post=1334"},{"taxonomy":"product_tag","embeddable":true,"href":"https:\/\/mirekboutique.com\/pl\/wp-json\/wp\/v2\/product_tag?post=1334"}],"curies":[{"name":"wp","href":"https:\/\/api.w.org\/{rel}","templated":true}]}}