{"id":1348,"date":"2025-05-09T02:35:55","date_gmt":"2025-05-08T18:35:55","guid":{"rendered":"https:\/\/mirekboutique.com\/?post_type=product&#038;p=1348"},"modified":"2025-05-24T19:21:44","modified_gmt":"2025-05-24T11:21:44","slug":"bd008-ai-fantasy-star-watch-11-super-clone","status":"publish","type":"product","link":"https:\/\/mirekboutique.com\/pl\/produkt\/bd008-ai-fantasy-star-watch-11-super-clone\/","title":{"rendered":"BD008 AI Fantasy Star Watch 1:1 Super Clone"},"content":{"rendered":"<p>Zegarek AI Fantasy Star pojawi\u0142 si\u0119 znik\u0105d i zas\u0142u\u017cy\u0142 na swoj\u0105 nazw\u0119: prawdziwa tarcza orbity gwiazdy, zgodnie z prawdziwym 745-godzinnym okr\u0119giem. Dok\u0142adnie taka sama jak autentyczna, ekskluzywna tr\u00f3jwarstwowa tarcza, idealna replika oryginalnego zegarka! Dostarczany z pude\u0142kiem transportowym!<br \/>\n\"Symbol arystokracji\" PP Sky Moon Watches zawiera panoramiczny widok nieba, najbardziej ol\u015bniewaj\u0105ce rozgwie\u017cd\u017cone nocne niebo na p\u00f3\u0142kuli p\u00f3\u0142nocnej, z unikaln\u0105 tr\u00f3jwarstwow\u0105 tarcz\u0105 obracaj\u0105c\u0105 si\u0119 z r\u00f3\u017cnymi pr\u0119dko\u015bciami, dok\u0142adnie wy\u015bwietlaj\u0105c\u0105 sklepiony panoramiczny widok gwiazd i ksi\u0119\u017cyca kr\u0105\u017c\u0105cych po nocnym niebie. Mapa gwiazd sk\u0142ada si\u0119 z trzech r\u00f3\u017cnych dysk\u00f3w: dw\u00f3ch dysk\u00f3w przedstawiaj\u0105cych t\u0142o rozgwie\u017cd\u017conego nieba i fazy ksi\u0119\u017cyca oraz przezroczystego kryszta\u0142owego dysku przedstawiaj\u0105cego map\u0119 gwiazd i Drog\u0119 Mleczn\u0105. Wskaz\u00f3wki godzinowa i minutowa s\u0105 a\u017curowe w kszta\u0142cie li\u015bci wierzby na tarczy, ze srebrno-szarymi wskaz\u00f3wkami na niebieskiej tarczy i kremowymi wskaz\u00f3wkami na czarnej tarczy. \u015arodek ma solidn\u0105, polerowan\u0105 o\u015b centraln\u0105, kt\u00f3ra jest zgodna z orygina\u0142em i ekskluzywna. Przezroczysty dekiel ujawnia per\u0142owy kaliber tourbillon 240 LU CL C o \u015brednicy 38 mm, grubo\u015bci 6,81 mm, 315 cz\u0119\u015bciach, 12 mostkach, 45 kamieniach szlachetnych, cz\u0119stotliwo\u015bci 28 800 wibracji na godzin\u0119, maksymalnej rezerwie mocy 48 godzin i niecentrycznym miniaturowym ci\u0119\u017carze oscylacyjnym z 22-karatowego z\u0142ota. Pasek z mechanizmem szybkiego odpinania to r\u0119cznie szyty pasek w jasnym kolorze z kwadratow\u0105 skal\u0105 i sk\u0142adanym zapi\u0119ciem. Uchwyt na godzinie 2 do regulacji przezroczystej tarczy astrologicznej, aby odczyta\u0107 czas faz ksi\u0119\u017cyca w tym samym czasie, przezroczysta tarcza astrologiczna obraca si\u0119 raz w miesi\u0105cu, uchwyt na godzinie 4 do regulacji tarczy astrologicznej, okr\u0105g\u0142e okno \u25cb do wy\u015bwietlania faz ksi\u0119\u017cyca, koperta na godzinie 6 jest owini\u0119ta diamentem jak orygina\u0142, kt\u00f3ry nigdy nie wypadnie z diament\u00f3w! To najbardziej fascynuj\u0105cy super-kompleksowy model zegarka opracowany i wyprodukowany przez fabryk\u0119 AI, no\u015b ca\u0142e rozgwie\u017cd\u017cone niebo na nadgarstku, zas\u0142ugujesz na to!<\/p>","protected":false},"excerpt":{"rendered":"<p>Wszystkie towary na tej stronie s\u0105 wysokiej klasy doskona\u0142ymi replikami wykonanymi przez super producent\u00f3w, zupe\u0142nie nowe i nieotwarte, jako\u015b\u0107 i obs\u0142uga posprzeda\u017cna s\u0105 gwarantowane!<\/p>\n<p>\u2705\u2705\u2705\u2705Mirekboutique produkuje wy\u0142\u0105cznie produkty wysokiej jako\u015bci Wszystkie produkty w naszym sklepie s\u0105 dostarczane z oryginalnym pude\u0142kiem Wysokiej klasy drewniane pude\u0142ko<\/p>\n<p>\ud83c\udf39\ud83c\udf39Zapraszamy do zakupu Wszystkie towary obs\u0142uguj\u0105 p\u0142atno\u015b\u0107 za pobraniem \u017byczymy udanych zakup\u00f3w<\/p>","protected":false},"featured_media":1349,"comment_status":"open","ping_status":"closed","template":"","meta":{"_monsterinsights_skip_tracking":false,"_monsterinsights_sitenote_active":false,"_monsterinsights_sitenote_note":"","_monsterinsights_sitenote_category":0,"site-sidebar-layout":"default","site-content-layout":"","ast-site-content-layout":"default","site-content-style":"default","site-sidebar-style":"default","ast-global-header-display":"","ast-banner-title-visibility":"","ast-main-header-display":"","ast-hfb-above-header-display":"","ast-hfb-below-header-display":"","ast-hfb-mobile-header-display":"","site-post-title":"","ast-breadcrumbs-content":"","ast-featured-img":"","footer-sml-layout":"","theme-transparent-header-meta":"default","adv-header-id-meta":"","stick-header-meta":"","header-above-stick-meta":"","header-main-stick-meta":"","header-below-stick-meta":"","astra-migrate-meta-layouts":"set","ast-page-background-enabled":"default","ast-page-background-meta":{"desktop":{"background-color":"var(--ast-global-color-4)","background-image":"","background-repeat":"repeat","background-position":"center center","background-size":"auto","background-attachment":"scroll","background-type":"","background-media":"","overlay-type":"","overlay-color":"","overlay-opacity":"","overlay-gradient":""},"tablet":{"background-color":"","background-image":"","background-repeat":"repeat","background-position":"center center","background-size":"auto","background-attachment":"scroll","background-type":"","background-media":"","overlay-type":"","overlay-color":"","overlay-opacity":"","overlay-gradient":""},"mobile":{"background-color":"","background-image":"","background-repeat":"repeat","background-position":"center center","background-size":"auto","background-attachment":"scroll","background-type":"","background-media":"","overlay-type":"","overlay-color":"","overlay-opacity":"","overlay-gradient":""}},"ast-content-background-meta":{"desktop":{"background-color":"var(--ast-global-color-5)","background-image":"","background-repeat":"repeat","background-position":"center center","background-size":"auto","background-attachment":"scroll","background-type":"","background-media":"","overlay-type":"","overlay-color":"","overlay-opacity":"","overlay-gradient":""},"tablet":{"background-color":"var(--ast-global-color-5)","background-image":"","background-repeat":"repeat","background-position":"center center","background-size":"auto","background-attachment":"scroll","background-type":"","background-media":"","overlay-type":"","overlay-color":"","overlay-opacity":"","overlay-gradient":""},"mobile":{"background-color":"var(--ast-global-color-5)","background-image":"","background-repeat":"repeat","background-position":"center center","background-size":"auto","background-attachment":"scroll","background-type":"","background-media":"","overlay-type":"","overlay-color":"","overlay-opacity":"","overlay-gradient":""}}},"product_brand":[],"product_cat":[18],"product_tag":[],"class_list":{"0":"post-1348","1":"product","2":"type-product","3":"status-publish","4":"has-post-thumbnail","6":"product_cat-patek-philippe","7":"desktop-align-center","8":"tablet-align-left","9":"mobile-align-left","11":"first","12":"instock","13":"sale","14":"shipping-taxable","15":"purchasable","16":"product-type-simple"},"_links":{"self":[{"href":"https:\/\/mirekboutique.com\/pl\/wp-json\/wp\/v2\/product\/1348","targetHints":{"allow":["GET"]}}],"collection":[{"href":"https:\/\/mirekboutique.com\/pl\/wp-json\/wp\/v2\/product"}],"about":[{"href":"https:\/\/mirekboutique.com\/pl\/wp-json\/wp\/v2\/types\/product"}],"replies":[{"embeddable":true,"href":"https:\/\/mirekboutique.com\/pl\/wp-json\/wp\/v2\/comments?post=1348"}],"version-history":[{"count":1,"href":"https:\/\/mirekboutique.com\/pl\/wp-json\/wp\/v2\/product\/1348\/revisions"}],"predecessor-version":[{"id":1354,"href":"https:\/\/mirekboutique.com\/pl\/wp-json\/wp\/v2\/product\/1348\/revisions\/1354"}],"wp:featuredmedia":[{"embeddable":true,"href":"https:\/\/mirekboutique.com\/pl\/wp-json\/wp\/v2\/media\/1349"}],"wp:attachment":[{"href":"https:\/\/mirekboutique.com\/pl\/wp-json\/wp\/v2\/media?parent=1348"}],"wp:term":[{"taxonomy":"product_brand","embeddable":true,"href":"https:\/\/mirekboutique.com\/pl\/wp-json\/wp\/v2\/product_brand?post=1348"},{"taxonomy":"product_cat","embeddable":true,"href":"https:\/\/mirekboutique.com\/pl\/wp-json\/wp\/v2\/product_cat?post=1348"},{"taxonomy":"product_tag","embeddable":true,"href":"https:\/\/mirekboutique.com\/pl\/wp-json\/wp\/v2\/product_tag?post=1348"}],"curies":[{"name":"wp","href":"https:\/\/api.w.org\/{rel}","templated":true}]}}