{"id":1369,"date":"2025-05-09T02:42:30","date_gmt":"2025-05-08T18:42:30","guid":{"rendered":"https:\/\/mirekboutique.com\/?post_type=product&#038;p=1369"},"modified":"2025-05-24T19:21:44","modified_gmt":"2025-05-24T11:21:44","slug":"bd011-pp-calatrava-11-super-clone-from-a-super-factory","status":"publish","type":"product","link":"https:\/\/mirekboutique.com\/pl\/produkt\/bd011-pp-calatrava-11-super-clone-from-a-super-factory\/","title":{"rendered":"BD011 PP Calatrava 1:1 super klon z super fabryki"},"content":{"rendered":"<p>Nowo\u015b\u0107 z fabryki PPF w Hongkongu - PP Calatrava Ref. 5226G-001 Koperta: Kolekcja Calatrava s\u0142ynie z zaokr\u0105glonego i g\u0142adkiego kszta\u0142tu koperty. Dzi\u015b PP wykorzysta\u0142o t\u0119 cech\u0119 i przeprojektowa\u0142o j\u0105 z paryskim motywem \u0107wiek\u00f3w na bocznych kraw\u0119dziach koperty. Motyw paryskich \u0107wiek\u00f3w to klasyczny element Patek Philippe, kt\u00f3ry zosta\u0142 odtworzony w modelu Calatrava Parisian Studded Ref. 6119 w 2021 roku, a projektanci opracowali specjaln\u0105 konstrukcj\u0119 koperty, kt\u00f3ra pozwala na zintegrowanie wyst\u0119p\u00f3w z ty\u0142em koperty, tak aby paryskie \u0107wieki w pe\u0142ni zakrywa\u0142y bok koperty. fabryka Hk uformowa\u0142a obudow\u0119 tak, aby pasowa\u0142a do orygina\u0142u! Literatura: Szara tarcza w kolorze w\u0119gla drzewnego jest inspirowana stylem vintage, z czarnym gradientem wok\u00f3\u0142 kraw\u0119dzi i subtelnym ziarnem przypominaj\u0105cym klasyczne obudowy aparat\u00f3w fotograficznych. Tarcz\u0119 uzupe\u0142niaj\u0105 tr\u00f3jwymiarowe litery z bia\u0142ego z\u0142ota z be\u017cow\u0105 pow\u0142ok\u0105 luminescencyjn\u0105 oraz subtelna skala sekundowa \"track\". Cylindryczne wskaz\u00f3wki godzinowa i minutowa z bia\u0142ego z\u0142ota s\u0105 pokryte pow\u0142ok\u0105 luminescencyjn\u0105 w kolorze be\u017cowym, a okienko daty na godzinie 3 ma be\u017cowy napis na czarnym tle: Produkcja PPF wykorzystuje importowany kaliber 9015 jako kaliber podstawowy, kt\u00f3ry zosta\u0142 dostosowany i ulepszony! Mechanizm ma fazowane mostki, polerowane kraw\u0119dzie, rybi\u0105 \u0142usk\u0119 i dekoracj\u0119 C\u00f4tes de Gen\u00e8ve na du\u017cym i ma\u0142ym mostku, inkrustowane z\u0142otem grawerowanie na powierzchniach mostk\u00f3w, polerowane i fazowane wg\u0142\u0119bienia na \u015bruby i jest oznaczony klasycznym podw\u00f3jnym znakiem Patek Philippe! Pasek: Nowy Ref. 5226G-001 jest dost\u0119pny z dwoma wymiennymi paskami, jednym z be\u017cowej zamszowej sk\u00f3ry ciel\u0119cej, a drugim z czarnej sk\u00f3ry ciel\u0119cej z wyt\u0142oczonym teksturowanym wzorem i be\u017cowymi przeszyciami. Oba paski s\u0105 wyposa\u017cone w bia\u0142\u0105 z\u0142ot\u0105 klamr\u0119 i szybkoz\u0142\u0105czki, dzi\u0119ki czemu wymiana paska jest wygodniejsza! Fabryka PPF nie wysadzi si\u0119 w powietrze, b\u0119dzie nadal ulepsza\u0107 i nadal b\u0119dzie tworzy\u0107 oryginalne kopie zegark\u00f3w dla mi\u0142o\u015bnik\u00f3w zegark\u00f3w z r\u00f3\u017cnych \u015brodowisk.<\/p>","protected":false},"excerpt":{"rendered":"<p>Wszystkie towary na tej stronie s\u0105 wysokiej klasy doskona\u0142ymi replikami wykonanymi przez super producent\u00f3w, zupe\u0142nie nowe i nieotwarte, jako\u015b\u0107 i obs\u0142uga posprzeda\u017cna s\u0105 gwarantowane!<\/p>\n<p>\u2705\u2705\u2705\u2705Mirekboutique produkuje wy\u0142\u0105cznie produkty wysokiej jako\u015bci Wszystkie produkty w naszym sklepie s\u0105 dostarczane z oryginalnym pude\u0142kiem Wysokiej klasy drewniane pude\u0142ko<\/p>\n<p>\ud83c\udf39\ud83c\udf39Zapraszamy do zakupu Wszystkie towary obs\u0142uguj\u0105 p\u0142atno\u015b\u0107 za pobraniem \u017byczymy udanych zakup\u00f3w<\/p>","protected":false},"featured_media":1370,"comment_status":"open","ping_status":"closed","template":"","meta":{"_monsterinsights_skip_tracking":false,"_monsterinsights_sitenote_active":false,"_monsterinsights_sitenote_note":"","_monsterinsights_sitenote_category":0,"site-sidebar-layout":"default","site-content-layout":"","ast-site-content-layout":"default","site-content-style":"default","site-sidebar-style":"default","ast-global-header-display":"","ast-banner-title-visibility":"","ast-main-header-display":"","ast-hfb-above-header-display":"","ast-hfb-below-header-display":"","ast-hfb-mobile-header-display":"","site-post-title":"","ast-breadcrumbs-content":"","ast-featured-img":"","footer-sml-layout":"","theme-transparent-header-meta":"default","adv-header-id-meta":"","stick-header-meta":"","header-above-stick-meta":"","header-main-stick-meta":"","header-below-stick-meta":"","astra-migrate-meta-layouts":"set","ast-page-background-enabled":"default","ast-page-background-meta":{"desktop":{"background-color":"var(--ast-global-color-4)","background-image":"","background-repeat":"repeat","background-position":"center center","background-size":"auto","background-attachment":"scroll","background-type":"","background-media":"","overlay-type":"","overlay-color":"","overlay-opacity":"","overlay-gradient":""},"tablet":{"background-color":"","background-image":"","background-repeat":"repeat","background-position":"center center","background-size":"auto","background-attachment":"scroll","background-type":"","background-media":"","overlay-type":"","overlay-color":"","overlay-opacity":"","overlay-gradient":""},"mobile":{"background-color":"","background-image":"","background-repeat":"repeat","background-position":"center center","background-size":"auto","background-attachment":"scroll","background-type":"","background-media":"","overlay-type":"","overlay-color":"","overlay-opacity":"","overlay-gradient":""}},"ast-content-background-meta":{"desktop":{"background-color":"var(--ast-global-color-5)","background-image":"","background-repeat":"repeat","background-position":"center center","background-size":"auto","background-attachment":"scroll","background-type":"","background-media":"","overlay-type":"","overlay-color":"","overlay-opacity":"","overlay-gradient":""},"tablet":{"background-color":"var(--ast-global-color-5)","background-image":"","background-repeat":"repeat","background-position":"center center","background-size":"auto","background-attachment":"scroll","background-type":"","background-media":"","overlay-type":"","overlay-color":"","overlay-opacity":"","overlay-gradient":""},"mobile":{"background-color":"var(--ast-global-color-5)","background-image":"","background-repeat":"repeat","background-position":"center center","background-size":"auto","background-attachment":"scroll","background-type":"","background-media":"","overlay-type":"","overlay-color":"","overlay-opacity":"","overlay-gradient":""}}},"product_brand":[],"product_cat":[18],"product_tag":[],"class_list":{"0":"post-1369","1":"product","2":"type-product","3":"status-publish","4":"has-post-thumbnail","6":"product_cat-patek-philippe","7":"desktop-align-center","8":"tablet-align-left","9":"mobile-align-left","11":"first","12":"instock","13":"sale","14":"shipping-taxable","15":"purchasable","16":"product-type-simple"},"_links":{"self":[{"href":"https:\/\/mirekboutique.com\/pl\/wp-json\/wp\/v2\/product\/1369","targetHints":{"allow":["GET"]}}],"collection":[{"href":"https:\/\/mirekboutique.com\/pl\/wp-json\/wp\/v2\/product"}],"about":[{"href":"https:\/\/mirekboutique.com\/pl\/wp-json\/wp\/v2\/types\/product"}],"replies":[{"embeddable":true,"href":"https:\/\/mirekboutique.com\/pl\/wp-json\/wp\/v2\/comments?post=1369"}],"version-history":[{"count":1,"href":"https:\/\/mirekboutique.com\/pl\/wp-json\/wp\/v2\/product\/1369\/revisions"}],"predecessor-version":[{"id":1375,"href":"https:\/\/mirekboutique.com\/pl\/wp-json\/wp\/v2\/product\/1369\/revisions\/1375"}],"wp:featuredmedia":[{"embeddable":true,"href":"https:\/\/mirekboutique.com\/pl\/wp-json\/wp\/v2\/media\/1370"}],"wp:attachment":[{"href":"https:\/\/mirekboutique.com\/pl\/wp-json\/wp\/v2\/media?parent=1369"}],"wp:term":[{"taxonomy":"product_brand","embeddable":true,"href":"https:\/\/mirekboutique.com\/pl\/wp-json\/wp\/v2\/product_brand?post=1369"},{"taxonomy":"product_cat","embeddable":true,"href":"https:\/\/mirekboutique.com\/pl\/wp-json\/wp\/v2\/product_cat?post=1369"},{"taxonomy":"product_tag","embeddable":true,"href":"https:\/\/mirekboutique.com\/pl\/wp-json\/wp\/v2\/product_tag?post=1369"}],"curies":[{"name":"wp","href":"https:\/\/api.w.org\/{rel}","templated":true}]}}