{"id":1435,"date":"2025-05-09T03:00:53","date_gmt":"2025-05-08T19:00:53","guid":{"rendered":"https:\/\/mirekboutique.com\/?post_type=product&#038;p=1435"},"modified":"2025-05-24T19:34:50","modified_gmt":"2025-05-24T11:34:50","slug":"lcd182-mille-carbon-fiber-limited-edition-11-super-clone","status":"publish","type":"product","link":"https:\/\/mirekboutique.com\/pl\/produkt\/lcd182-mille-carbon-fiber-limited-edition-11-super-clone\/","title":{"rendered":"LCD182 MILLE Carbon Fiber Limited Edition 1:1 Super Clone"},"content":{"rendered":"<p>ZF High-Tech na nowo odkrywa legend\u0119 RICHARD MILLE Carbon Fiber Limited Edition<br \/>\nRichard Mille RM055 \"White Legend\" Global Limited Edition<br \/>\nNajlepszy efekt wizualny<br \/>\nTrzycz\u0119\u015bciowa koperta w kszta\u0142cie tonneau posiada g\u00f3rn\u0105 i doln\u0105 ramk\u0119 oraz pier\u015bcie\u0144 wykonany odpowiednio z w\u0142\u00f3kna w\u0119glowego NTPT i piaskowanego tytanu.<br \/>\nModel \"White Legend\" posiada bia\u0142y wewn\u0119trzny bezel, wskaz\u00f3wki i koronk\u0119;<br \/>\nKo\u0142nierz tarczy wykonany jest z czarnego w\u0142\u00f3kna w\u0119glowego, a wskaz\u00f3wki godzinowe posiadaj\u0105 homologacj\u0119 z pow\u0142ok\u0105 luminescencyjn\u0105. Ko\u0142nierz jest pokryty pow\u0142ok\u0105 DLC.<br \/>\nMechanizm jest zintegrowany z tarcz\u0105, a tytan klasy 5 zosta\u0142 wybrany jako pod\u0142o\u017ce i mostek dla tego \"szkieletowego\" mechanizmu, zapewniaj\u0105c wysok\u0105 precyzj\u0119 i niezawodno\u015b\u0107 mechanizmu.<br \/>\nUdany rozw\u00f3j materia\u0142u NTPT umo\u017cliwi\u0142 ZF dokonanie prze\u0142omu w technologii materia\u0142owej dla replik zegark\u00f3w.<br \/>\nProdukty ZF musz\u0105 by\u0107 wysokiej jako\u015bci<\/p>","protected":false},"excerpt":{"rendered":"<p>Wszystkie towary na tej stronie s\u0105 wysokiej klasy doskona\u0142ymi replikami wykonanymi przez super producent\u00f3w, zupe\u0142nie nowe i nieotwarte, jako\u015b\u0107 i obs\u0142uga posprzeda\u017cna s\u0105 gwarantowane!<\/p>\n<p>\u2705\u2705\u2705\u2705Mirekboutique produkuje wy\u0142\u0105cznie produkty wysokiej jako\u015bci Wszystkie produkty w naszym sklepie s\u0105 dostarczane z oryginalnym pude\u0142kiem Wysokiej klasy drewniane pude\u0142ko<\/p>\n<p>\ud83c\udf39\ud83c\udf39Zapraszamy do zakupu Wszystkie towary obs\u0142uguj\u0105 p\u0142atno\u015b\u0107 za pobraniem \u017byczymy udanych zakup\u00f3w<\/p>","protected":false},"featured_media":1436,"comment_status":"open","ping_status":"closed","template":"","meta":{"_monsterinsights_skip_tracking":false,"_monsterinsights_sitenote_active":false,"_monsterinsights_sitenote_note":"","_monsterinsights_sitenote_category":0,"site-sidebar-layout":"default","site-content-layout":"","ast-site-content-layout":"default","site-content-style":"default","site-sidebar-style":"default","ast-global-header-display":"","ast-banner-title-visibility":"","ast-main-header-display":"","ast-hfb-above-header-display":"","ast-hfb-below-header-display":"","ast-hfb-mobile-header-display":"","site-post-title":"","ast-breadcrumbs-content":"","ast-featured-img":"","footer-sml-layout":"","theme-transparent-header-meta":"default","adv-header-id-meta":"","stick-header-meta":"","header-above-stick-meta":"","header-main-stick-meta":"","header-below-stick-meta":"","astra-migrate-meta-layouts":"set","ast-page-background-enabled":"default","ast-page-background-meta":{"desktop":{"background-color":"var(--ast-global-color-4)","background-image":"","background-repeat":"repeat","background-position":"center center","background-size":"auto","background-attachment":"scroll","background-type":"","background-media":"","overlay-type":"","overlay-color":"","overlay-opacity":"","overlay-gradient":""},"tablet":{"background-color":"","background-image":"","background-repeat":"repeat","background-position":"center center","background-size":"auto","background-attachment":"scroll","background-type":"","background-media":"","overlay-type":"","overlay-color":"","overlay-opacity":"","overlay-gradient":""},"mobile":{"background-color":"","background-image":"","background-repeat":"repeat","background-position":"center center","background-size":"auto","background-attachment":"scroll","background-type":"","background-media":"","overlay-type":"","overlay-color":"","overlay-opacity":"","overlay-gradient":""}},"ast-content-background-meta":{"desktop":{"background-color":"var(--ast-global-color-5)","background-image":"","background-repeat":"repeat","background-position":"center center","background-size":"auto","background-attachment":"scroll","background-type":"","background-media":"","overlay-type":"","overlay-color":"","overlay-opacity":"","overlay-gradient":""},"tablet":{"background-color":"var(--ast-global-color-5)","background-image":"","background-repeat":"repeat","background-position":"center center","background-size":"auto","background-attachment":"scroll","background-type":"","background-media":"","overlay-type":"","overlay-color":"","overlay-opacity":"","overlay-gradient":""},"mobile":{"background-color":"var(--ast-global-color-5)","background-image":"","background-repeat":"repeat","background-position":"center center","background-size":"auto","background-attachment":"scroll","background-type":"","background-media":"","overlay-type":"","overlay-color":"","overlay-opacity":"","overlay-gradient":""}}},"product_brand":[],"product_cat":[36],"product_tag":[],"class_list":{"0":"post-1435","1":"product","2":"type-product","3":"status-publish","4":"has-post-thumbnail","6":"product_cat-richard","7":"desktop-align-center","8":"tablet-align-left","9":"mobile-align-left","11":"first","12":"instock","13":"sale","14":"shipping-taxable","15":"purchasable","16":"product-type-simple"},"_links":{"self":[{"href":"https:\/\/mirekboutique.com\/pl\/wp-json\/wp\/v2\/product\/1435","targetHints":{"allow":["GET"]}}],"collection":[{"href":"https:\/\/mirekboutique.com\/pl\/wp-json\/wp\/v2\/product"}],"about":[{"href":"https:\/\/mirekboutique.com\/pl\/wp-json\/wp\/v2\/types\/product"}],"replies":[{"embeddable":true,"href":"https:\/\/mirekboutique.com\/pl\/wp-json\/wp\/v2\/comments?post=1435"}],"version-history":[{"count":1,"href":"https:\/\/mirekboutique.com\/pl\/wp-json\/wp\/v2\/product\/1435\/revisions"}],"predecessor-version":[{"id":1441,"href":"https:\/\/mirekboutique.com\/pl\/wp-json\/wp\/v2\/product\/1435\/revisions\/1441"}],"wp:featuredmedia":[{"embeddable":true,"href":"https:\/\/mirekboutique.com\/pl\/wp-json\/wp\/v2\/media\/1436"}],"wp:attachment":[{"href":"https:\/\/mirekboutique.com\/pl\/wp-json\/wp\/v2\/media?parent=1435"}],"wp:term":[{"taxonomy":"product_brand","embeddable":true,"href":"https:\/\/mirekboutique.com\/pl\/wp-json\/wp\/v2\/product_brand?post=1435"},{"taxonomy":"product_cat","embeddable":true,"href":"https:\/\/mirekboutique.com\/pl\/wp-json\/wp\/v2\/product_cat?post=1435"},{"taxonomy":"product_tag","embeddable":true,"href":"https:\/\/mirekboutique.com\/pl\/wp-json\/wp\/v2\/product_tag?post=1435"}],"curies":[{"name":"wp","href":"https:\/\/api.w.org\/{rel}","templated":true}]}}