{"id":1448,"date":"2025-05-09T03:06:34","date_gmt":"2025-05-08T19:06:34","guid":{"rendered":"https:\/\/mirekboutique.com\/?post_type=product&#038;p=1448"},"modified":"2025-05-24T19:34:49","modified_gmt":"2025-05-24T11:34:49","slug":"lcd184-rm12-01-gold-carbon-fiber-composite-constant-tourbillon-11-super-clone","status":"publish","type":"product","link":"https:\/\/mirekboutique.com\/pl\/produkt\/lcd184-rm12-01-gold-carbon-fiber-composite-constant-tourbillon-11-super-clone\/","title":{"rendered":"LCD184 RM12-01 Gold Carbon Fiber Composite Constant Tourbillon 1:1 Super Clone"},"content":{"rendered":"<p>Richard RM52-01 prawdziwy tourbillon, reinterpretacja istoty czaszki R MILLE, prze\u0142om kilku wersji BUG, dzi\u0119ki czemu wi\u0119kszo\u015b\u0107 proszku \u017celaza mo\u017ce mie\u0107 odpowiedni rozmiar, prawdziwy ruch, szczeg\u00f3\u0142y w miejsce ultra-wysokiej kopii. Powody, dla kt\u00f3rych warto zacz\u0105\u0107:<br \/>\n1, rozmiar zbli\u017cony: oficjalna d\u0142ugo\u015b\u0107, szeroko\u015b\u0107 i grubo\u015b\u0107: 50 * 43 * 16 mm, fabryczna d\u0142ugo\u015b\u0107, szeroko\u015b\u0107 i grubo\u015b\u0107 JB: 49,8 * 44,3 * 16,4 mm;<br \/>\n2, prawdziwe \u0142o\u017cyska: rubin w ustach czaszki jest prawdziwym \u0142o\u017cyskiem tourbillonu, a nie dekoracyjnym, kamie\u0144 szlachetny odpowiada \u015brodkowej osi tourbillonu owini\u0119tej w g\u00f3rn\u0105 i doln\u0105 szcz\u0119k\u0119, jakby po\u0142ykaj\u0105c kul\u0119 energii, tak aby orygina\u0142 chcia\u0142 wyrazi\u0107 nastr\u00f3j science fiction, kt\u00f3ry ma by\u0107 uciele\u015bniony;<br \/>\n3, szczeg\u00f3\u0142y s\u0105 na miejscu: lewa wewn\u0119trzna \u015bciana wewn\u0119trznej pokrywy obudowy jest nadrukowana t\u0105 sam\u0105 stalow\u0105 uszczelk\u0105 RM052 co orygina\u0142, rozmiar i g\u0142\u0119boko\u015b\u0107 prawego ko\u0142a z\u0119batego s\u0105 zbli\u017cone do orygina\u0142u, \u015brodek klejnotu na czole jest czerwonawy i p\u00f3\u0142przezroczysty, matowa klamra, importowany tajski surowiec gumowy pasek;<br \/>\n4, wyr\u00f3wnanie mechanizmu: dzi\u0119ki umiejscowieniu rozmiaru tourbillonu i oryginalnej sp\u00f3jno\u015bci, z ty\u0142u czaszki poni\u017cej ty\u0142u g\u0142owy, mo\u017cna wyra\u017anie zobaczy\u0107 proces wsp\u00f3\u0142osiowego tourbillonu, od przodu, aby zobaczy\u0107 czarne ko\u0142o balansu jest po prostu zablokowane przez szcz\u0119ki czaszki, pozostawiaj\u0105c tylko ko\u0142o wychwytowe w\u0119druj\u0105ce w czaszce poni\u017cej;<br \/>\n5, zar\u00f3wno wewn\u0105trz, jak i na zewn\u0105trz: mechanizm jest niestandardowym prawdziwym mechanizmem tourbillon z Shanghai Movement Factory, a ka\u017cdy element zegarka przeszed\u0142 przez symulator czasu QE o wysokiej wytrzyma\u0142o\u015bci, opr\u00f3cz zwi\u0119kszonej wodoodporno\u015bci.<br \/>\nJB Factory - bardziej uwa\u017cny na sedno! To kolejne arcydzie\u0142o po Double Tourbillon, RM001, Roger Dubuis King, RM053, Rolex Tourbillon, Classic Fusion! Ka\u017cdy JBFactory Tourbillon jest dostarczany z bezp\u0142atnym sk\u00f3rzanym etui ochronnym.<\/p>","protected":false},"excerpt":{"rendered":"<p>Wszystkie towary na tej stronie s\u0105 wysokiej klasy doskona\u0142ymi replikami wykonanymi przez super producent\u00f3w, zupe\u0142nie nowe i nieotwarte, jako\u015b\u0107 i obs\u0142uga posprzeda\u017cna s\u0105 gwarantowane!<\/p>\n<p>\u2705\u2705\u2705\u2705Mirekboutique produkuje wy\u0142\u0105cznie produkty wysokiej jako\u015bci Wszystkie produkty w naszym sklepie s\u0105 dostarczane z oryginalnym pude\u0142kiem Wysokiej klasy drewniane pude\u0142ko<\/p>\n<p>\ud83c\udf39\ud83c\udf39Zapraszamy do zakupu Wszystkie towary obs\u0142uguj\u0105 p\u0142atno\u015b\u0107 za pobraniem \u017byczymy udanych zakup\u00f3w<\/p>","protected":false},"featured_media":1449,"comment_status":"open","ping_status":"closed","template":"","meta":{"_monsterinsights_skip_tracking":false,"_monsterinsights_sitenote_active":false,"_monsterinsights_sitenote_note":"","_monsterinsights_sitenote_category":0,"site-sidebar-layout":"default","site-content-layout":"","ast-site-content-layout":"default","site-content-style":"default","site-sidebar-style":"default","ast-global-header-display":"","ast-banner-title-visibility":"","ast-main-header-display":"","ast-hfb-above-header-display":"","ast-hfb-below-header-display":"","ast-hfb-mobile-header-display":"","site-post-title":"","ast-breadcrumbs-content":"","ast-featured-img":"","footer-sml-layout":"","theme-transparent-header-meta":"default","adv-header-id-meta":"","stick-header-meta":"","header-above-stick-meta":"","header-main-stick-meta":"","header-below-stick-meta":"","astra-migrate-meta-layouts":"set","ast-page-background-enabled":"default","ast-page-background-meta":{"desktop":{"background-color":"var(--ast-global-color-4)","background-image":"","background-repeat":"repeat","background-position":"center center","background-size":"auto","background-attachment":"scroll","background-type":"","background-media":"","overlay-type":"","overlay-color":"","overlay-opacity":"","overlay-gradient":""},"tablet":{"background-color":"","background-image":"","background-repeat":"repeat","background-position":"center center","background-size":"auto","background-attachment":"scroll","background-type":"","background-media":"","overlay-type":"","overlay-color":"","overlay-opacity":"","overlay-gradient":""},"mobile":{"background-color":"","background-image":"","background-repeat":"repeat","background-position":"center center","background-size":"auto","background-attachment":"scroll","background-type":"","background-media":"","overlay-type":"","overlay-color":"","overlay-opacity":"","overlay-gradient":""}},"ast-content-background-meta":{"desktop":{"background-color":"var(--ast-global-color-5)","background-image":"","background-repeat":"repeat","background-position":"center center","background-size":"auto","background-attachment":"scroll","background-type":"","background-media":"","overlay-type":"","overlay-color":"","overlay-opacity":"","overlay-gradient":""},"tablet":{"background-color":"var(--ast-global-color-5)","background-image":"","background-repeat":"repeat","background-position":"center center","background-size":"auto","background-attachment":"scroll","background-type":"","background-media":"","overlay-type":"","overlay-color":"","overlay-opacity":"","overlay-gradient":""},"mobile":{"background-color":"var(--ast-global-color-5)","background-image":"","background-repeat":"repeat","background-position":"center center","background-size":"auto","background-attachment":"scroll","background-type":"","background-media":"","overlay-type":"","overlay-color":"","overlay-opacity":"","overlay-gradient":""}}},"product_brand":[],"product_cat":[36],"product_tag":[],"class_list":{"0":"post-1448","1":"product","2":"type-product","3":"status-publish","4":"has-post-thumbnail","6":"product_cat-richard","7":"desktop-align-center","8":"tablet-align-left","9":"mobile-align-left","11":"first","12":"instock","13":"sale","14":"shipping-taxable","15":"purchasable","16":"product-type-simple"},"_links":{"self":[{"href":"https:\/\/mirekboutique.com\/pl\/wp-json\/wp\/v2\/product\/1448","targetHints":{"allow":["GET"]}}],"collection":[{"href":"https:\/\/mirekboutique.com\/pl\/wp-json\/wp\/v2\/product"}],"about":[{"href":"https:\/\/mirekboutique.com\/pl\/wp-json\/wp\/v2\/types\/product"}],"replies":[{"embeddable":true,"href":"https:\/\/mirekboutique.com\/pl\/wp-json\/wp\/v2\/comments?post=1448"}],"version-history":[{"count":1,"href":"https:\/\/mirekboutique.com\/pl\/wp-json\/wp\/v2\/product\/1448\/revisions"}],"predecessor-version":[{"id":1454,"href":"https:\/\/mirekboutique.com\/pl\/wp-json\/wp\/v2\/product\/1448\/revisions\/1454"}],"wp:featuredmedia":[{"embeddable":true,"href":"https:\/\/mirekboutique.com\/pl\/wp-json\/wp\/v2\/media\/1449"}],"wp:attachment":[{"href":"https:\/\/mirekboutique.com\/pl\/wp-json\/wp\/v2\/media?parent=1448"}],"wp:term":[{"taxonomy":"product_brand","embeddable":true,"href":"https:\/\/mirekboutique.com\/pl\/wp-json\/wp\/v2\/product_brand?post=1448"},{"taxonomy":"product_cat","embeddable":true,"href":"https:\/\/mirekboutique.com\/pl\/wp-json\/wp\/v2\/product_cat?post=1448"},{"taxonomy":"product_tag","embeddable":true,"href":"https:\/\/mirekboutique.com\/pl\/wp-json\/wp\/v2\/product_tag?post=1448"}],"curies":[{"name":"wp","href":"https:\/\/api.w.org\/{rel}","templated":true}]}}