{"id":1461,"date":"2025-05-09T03:14:26","date_gmt":"2025-05-08T19:14:26","guid":{"rendered":"https:\/\/mirekboutique.com\/?post_type=product&#038;p=1461"},"modified":"2025-05-24T19:34:49","modified_gmt":"2025-05-24T11:34:49","slug":"lcd186-rm055-ntpt-11-super-clone-from-a-super-factory","status":"publish","type":"product","link":"https:\/\/mirekboutique.com\/pl\/produkt\/lcd186-rm055-ntpt-11-super-clone-from-a-super-factory\/","title":{"rendered":"LCD186 RM055 NTPT 1:1 super klon z super fabryki"},"content":{"rendered":"<p>Najpot\u0119\u017cniejsza trucizna ZF.fatcory - Richard RM055 NTPT zosta\u0142a oficjalnie zaprezentowana! Nowy szkieletowany mechanizm RMUL2 i koperta z w\u0142\u00f3kna w\u0119glowego NTPT s\u0105 prawdziw\u0105 wizyt\u00f3wk\u0105 fabryki ZF!<br \/>\nObudowa z w\u0142\u00f3kna w\u0119glowego 49.90*42.70 NTPT jest wykonana ze specjalnego zautomatyzowanego systemu sterowania i przeplatana specjalnymi w\u0142\u00f3knami \u017cywicznymi, a g\u00f3rne i dolne lustra s\u0105 szafirowe. Wygodny, lekki i trwa\u0142y, znany jako \"Formu\u0142a 1 na nadgarstku\".<br \/>\nNowy, r\u0119cznie nakr\u0119cany mechanizm Caliber RMUL2 jest wykonany ze stopu tytanu klasy 5, wyposa\u017cony w p\u0142yt\u0119 bazow\u0105 i mostki pokryte pow\u0142ok\u0105 PVD i poddane obr\u00f3bce Titalyt, aby zapewni\u0107 najlepsz\u0105 og\u00f3ln\u0105 stal konstrukcyjn\u0105, dobr\u0105 p\u0142asko\u015b\u0107 powierzchni cz\u0119\u015bci i doskona\u0142e dzia\u0142anie przek\u0142adni. Posiada r\u00f3wnie\u017c szereg funkcji, takich jak regulowana lufa do nawijania, ochrona przed wstrz\u0105sami itp. Precyzja i stabilno\u015b\u0107 osi\u0105gn\u0119\u0142y niezwyk\u0142y poziom. (Wszystkie ko\u0142a z\u0119bate dzia\u0142aj\u0105 jak oryginalne)<br \/>\nUwaga \u203c\u203cZF fabryczne mocne o\u015bwiadczenie, to RM055 NTPT wszystkie cz\u0119\u015bci i oryginalne wymienne wsp\u00f3lne, jest prawdziwym znaczeniem 1: 1.<\/p>","protected":false},"excerpt":{"rendered":"<p>Wszystkie towary na tej stronie s\u0105 wysokiej klasy doskona\u0142ymi replikami wykonanymi przez super producent\u00f3w, zupe\u0142nie nowe i nieotwarte, jako\u015b\u0107 i obs\u0142uga posprzeda\u017cna s\u0105 gwarantowane!<\/p>\n<p>\u2705\u2705\u2705\u2705Mirekboutique produkuje wy\u0142\u0105cznie produkty wysokiej jako\u015bci Wszystkie produkty w naszym sklepie s\u0105 dostarczane z oryginalnym pude\u0142kiem Wysokiej klasy drewniane pude\u0142ko<\/p>\n<p>\ud83c\udf39\ud83c\udf39Zapraszamy do zakupu Wszystkie towary obs\u0142uguj\u0105 p\u0142atno\u015b\u0107 za pobraniem \u017byczymy udanych zakup\u00f3w<\/p>","protected":false},"featured_media":1462,"comment_status":"open","ping_status":"closed","template":"","meta":{"_monsterinsights_skip_tracking":false,"_monsterinsights_sitenote_active":false,"_monsterinsights_sitenote_note":"","_monsterinsights_sitenote_category":0,"site-sidebar-layout":"default","site-content-layout":"","ast-site-content-layout":"default","site-content-style":"default","site-sidebar-style":"default","ast-global-header-display":"","ast-banner-title-visibility":"","ast-main-header-display":"","ast-hfb-above-header-display":"","ast-hfb-below-header-display":"","ast-hfb-mobile-header-display":"","site-post-title":"","ast-breadcrumbs-content":"","ast-featured-img":"","footer-sml-layout":"","theme-transparent-header-meta":"default","adv-header-id-meta":"","stick-header-meta":"","header-above-stick-meta":"","header-main-stick-meta":"","header-below-stick-meta":"","astra-migrate-meta-layouts":"set","ast-page-background-enabled":"default","ast-page-background-meta":{"desktop":{"background-color":"var(--ast-global-color-4)","background-image":"","background-repeat":"repeat","background-position":"center center","background-size":"auto","background-attachment":"scroll","background-type":"","background-media":"","overlay-type":"","overlay-color":"","overlay-opacity":"","overlay-gradient":""},"tablet":{"background-color":"","background-image":"","background-repeat":"repeat","background-position":"center center","background-size":"auto","background-attachment":"scroll","background-type":"","background-media":"","overlay-type":"","overlay-color":"","overlay-opacity":"","overlay-gradient":""},"mobile":{"background-color":"","background-image":"","background-repeat":"repeat","background-position":"center center","background-size":"auto","background-attachment":"scroll","background-type":"","background-media":"","overlay-type":"","overlay-color":"","overlay-opacity":"","overlay-gradient":""}},"ast-content-background-meta":{"desktop":{"background-color":"var(--ast-global-color-5)","background-image":"","background-repeat":"repeat","background-position":"center center","background-size":"auto","background-attachment":"scroll","background-type":"","background-media":"","overlay-type":"","overlay-color":"","overlay-opacity":"","overlay-gradient":""},"tablet":{"background-color":"var(--ast-global-color-5)","background-image":"","background-repeat":"repeat","background-position":"center center","background-size":"auto","background-attachment":"scroll","background-type":"","background-media":"","overlay-type":"","overlay-color":"","overlay-opacity":"","overlay-gradient":""},"mobile":{"background-color":"var(--ast-global-color-5)","background-image":"","background-repeat":"repeat","background-position":"center center","background-size":"auto","background-attachment":"scroll","background-type":"","background-media":"","overlay-type":"","overlay-color":"","overlay-opacity":"","overlay-gradient":""}}},"product_brand":[],"product_cat":[36],"product_tag":[],"class_list":{"0":"post-1461","1":"product","2":"type-product","3":"status-publish","4":"has-post-thumbnail","6":"product_cat-richard","7":"desktop-align-center","8":"tablet-align-left","9":"mobile-align-left","11":"first","12":"instock","13":"sale","14":"shipping-taxable","15":"purchasable","16":"product-type-simple"},"_links":{"self":[{"href":"https:\/\/mirekboutique.com\/pl\/wp-json\/wp\/v2\/product\/1461","targetHints":{"allow":["GET"]}}],"collection":[{"href":"https:\/\/mirekboutique.com\/pl\/wp-json\/wp\/v2\/product"}],"about":[{"href":"https:\/\/mirekboutique.com\/pl\/wp-json\/wp\/v2\/types\/product"}],"replies":[{"embeddable":true,"href":"https:\/\/mirekboutique.com\/pl\/wp-json\/wp\/v2\/comments?post=1461"}],"version-history":[{"count":1,"href":"https:\/\/mirekboutique.com\/pl\/wp-json\/wp\/v2\/product\/1461\/revisions"}],"predecessor-version":[{"id":1467,"href":"https:\/\/mirekboutique.com\/pl\/wp-json\/wp\/v2\/product\/1461\/revisions\/1467"}],"wp:featuredmedia":[{"embeddable":true,"href":"https:\/\/mirekboutique.com\/pl\/wp-json\/wp\/v2\/media\/1462"}],"wp:attachment":[{"href":"https:\/\/mirekboutique.com\/pl\/wp-json\/wp\/v2\/media?parent=1461"}],"wp:term":[{"taxonomy":"product_brand","embeddable":true,"href":"https:\/\/mirekboutique.com\/pl\/wp-json\/wp\/v2\/product_brand?post=1461"},{"taxonomy":"product_cat","embeddable":true,"href":"https:\/\/mirekboutique.com\/pl\/wp-json\/wp\/v2\/product_cat?post=1461"},{"taxonomy":"product_tag","embeddable":true,"href":"https:\/\/mirekboutique.com\/pl\/wp-json\/wp\/v2\/product_tag?post=1461"}],"curies":[{"name":"wp","href":"https:\/\/api.w.org\/{rel}","templated":true}]}}