{"id":1475,"date":"2025-05-09T03:18:22","date_gmt":"2025-05-08T19:18:22","guid":{"rendered":"https:\/\/mirekboutique.com\/?post_type=product&#038;p=1475"},"modified":"2025-05-24T19:34:49","modified_gmt":"2025-05-24T11:34:49","slug":"lcd188-rm-35-02-red-devil-all-in-one-11-super-clone","status":"publish","type":"product","link":"https:\/\/mirekboutique.com\/pl\/produkt\/lcd188-rm-35-02-red-devil-all-in-one-11-super-clone\/","title":{"rendered":"LCD188 RM 35-02 Red Devil All-in-One 1:1 Super Clone"},"content":{"rendered":"<p>ZF.Factory po raz kolejny zadziwi\u0142o \u015bwiat zegark\u00f3w i oficjalnie otworzy\u0142o nowy kamie\u0144 milowy RM35-02!<br \/>\n1) Koperta, zegarek wykonany jest z zaawansowanego technologicznie materia\u0142u TPT [w\u0142\u00f3kno kwarcowe], rozmiar 49,94 * 44,5 mm, grubo\u015b\u0107 warstwy w\u0142\u00f3kna krzemionkowego nie wi\u0119ksza ni\u017c 45 \u03bcm, poprzez specjalny zautomatyzowany system sterowania i specjalne tkanie z przeplotem w\u0142\u00f3kien \u017cywicznych, w\u0142\u00f3kna mi\u0119dzy r\u00f3\u017cnymi warstwami s\u0105 przeplatane pod k\u0105tem 45 stopni w trzystopniowym piecu wysokotemperaturowym, podgrzewane do 120 stopni Celsjusza, a nast\u0119pnie wysy\u0142ane do obr\u00f3bki ProArt. Formowanie. Naturalne w\u0142\u00f3kna kwarcowe s\u0105 bia\u0142e, lekkie, odporne na uderzenia, antyalergiczne i odporne na promieniowanie UV.<br \/>\n2) Mechanizm, nowy jednocz\u0119\u015bciowy kaliber RMAL1, posiada piaskowan\u0105 tytanow\u0105 p\u0142yt\u0119 bazow\u0105 i mostki klasy 5, pokryte pow\u0142ok\u0105 PVD\/Titaly w celu zapewnienia maksymalnej sztywno\u015bci i g\u0142adkich powierzchni. Charakterystyczny balans o zmiennej geometrii, kt\u00f3ry mo\u017ce by\u0107 nawijany szybciej lub wolniej poprzez regulacj\u0119 po\u0142o\u017cenia sze\u015bciu r\u00f3\u017cnych winglet\u00f3w, ma inercyjn\u0105 cz\u0119stotliwo\u015b\u0107 oscylacji 28 800 VPH i jest wyposa\u017cony w system podw\u00f3jnej lufy, aby zapewni\u0107 wi\u0119kszy i bardziej stabilny moment obrotowy. Oferuje on r\u00f3wnie\u017c rezerw\u0119 mocy wynosz\u0105c\u0105 55 godzin.<br \/>\nCo wi\u0119cej, nowy jednocz\u0119\u015bciowy kaliber RMAL1 wydany przez ZF jest jedynym na rynku, kt\u00f3ry wykorzystuje prawdziwe bia\u0142e klejnoty powy\u017cej i poni\u017cej balansu na jednocz\u0119\u015bciowej p\u0142ycie bazowej, kt\u00f3ra jest prawdziw\u0105 okazj\u0105! Jest to r\u00f3wnie\u017c najwi\u0119ksza r\u00f3\u017cnica w stosunku do rynkowych (innych producent\u00f3w) klejnot\u00f3w! To ogromny krok naprz\u00f3d w dziedzinie bada\u0144 i rozwoju dla ZF!<\/p>","protected":false},"excerpt":{"rendered":"<p>Wszystkie towary na tej stronie s\u0105 wysokiej klasy doskona\u0142ymi replikami wykonanymi przez super producent\u00f3w, zupe\u0142nie nowe i nieotwarte, jako\u015b\u0107 i obs\u0142uga posprzeda\u017cna s\u0105 gwarantowane!<\/p>\n<p>\u2705\u2705\u2705\u2705Mirekboutique produkuje wy\u0142\u0105cznie produkty wysokiej jako\u015bci Wszystkie produkty w naszym sklepie s\u0105 dostarczane z oryginalnym pude\u0142kiem Wysokiej klasy drewniane pude\u0142ko<\/p>\n<p>\ud83c\udf39\ud83c\udf39Zapraszamy do zakupu Wszystkie towary obs\u0142uguj\u0105 p\u0142atno\u015b\u0107 za pobraniem \u017byczymy udanych zakup\u00f3w<\/p>","protected":false},"featured_media":1476,"comment_status":"open","ping_status":"closed","template":"","meta":{"_monsterinsights_skip_tracking":false,"_monsterinsights_sitenote_active":false,"_monsterinsights_sitenote_note":"","_monsterinsights_sitenote_category":0,"site-sidebar-layout":"default","site-content-layout":"","ast-site-content-layout":"default","site-content-style":"default","site-sidebar-style":"default","ast-global-header-display":"","ast-banner-title-visibility":"","ast-main-header-display":"","ast-hfb-above-header-display":"","ast-hfb-below-header-display":"","ast-hfb-mobile-header-display":"","site-post-title":"","ast-breadcrumbs-content":"","ast-featured-img":"","footer-sml-layout":"","theme-transparent-header-meta":"default","adv-header-id-meta":"","stick-header-meta":"","header-above-stick-meta":"","header-main-stick-meta":"","header-below-stick-meta":"","astra-migrate-meta-layouts":"set","ast-page-background-enabled":"default","ast-page-background-meta":{"desktop":{"background-color":"var(--ast-global-color-4)","background-image":"","background-repeat":"repeat","background-position":"center center","background-size":"auto","background-attachment":"scroll","background-type":"","background-media":"","overlay-type":"","overlay-color":"","overlay-opacity":"","overlay-gradient":""},"tablet":{"background-color":"","background-image":"","background-repeat":"repeat","background-position":"center center","background-size":"auto","background-attachment":"scroll","background-type":"","background-media":"","overlay-type":"","overlay-color":"","overlay-opacity":"","overlay-gradient":""},"mobile":{"background-color":"","background-image":"","background-repeat":"repeat","background-position":"center center","background-size":"auto","background-attachment":"scroll","background-type":"","background-media":"","overlay-type":"","overlay-color":"","overlay-opacity":"","overlay-gradient":""}},"ast-content-background-meta":{"desktop":{"background-color":"var(--ast-global-color-5)","background-image":"","background-repeat":"repeat","background-position":"center center","background-size":"auto","background-attachment":"scroll","background-type":"","background-media":"","overlay-type":"","overlay-color":"","overlay-opacity":"","overlay-gradient":""},"tablet":{"background-color":"var(--ast-global-color-5)","background-image":"","background-repeat":"repeat","background-position":"center center","background-size":"auto","background-attachment":"scroll","background-type":"","background-media":"","overlay-type":"","overlay-color":"","overlay-opacity":"","overlay-gradient":""},"mobile":{"background-color":"var(--ast-global-color-5)","background-image":"","background-repeat":"repeat","background-position":"center center","background-size":"auto","background-attachment":"scroll","background-type":"","background-media":"","overlay-type":"","overlay-color":"","overlay-opacity":"","overlay-gradient":""}}},"product_brand":[],"product_cat":[36],"product_tag":[],"class_list":{"0":"post-1475","1":"product","2":"type-product","3":"status-publish","4":"has-post-thumbnail","6":"product_cat-richard","7":"desktop-align-center","8":"tablet-align-left","9":"mobile-align-left","11":"first","12":"instock","13":"sale","14":"shipping-taxable","15":"purchasable","16":"product-type-simple"},"_links":{"self":[{"href":"https:\/\/mirekboutique.com\/pl\/wp-json\/wp\/v2\/product\/1475","targetHints":{"allow":["GET"]}}],"collection":[{"href":"https:\/\/mirekboutique.com\/pl\/wp-json\/wp\/v2\/product"}],"about":[{"href":"https:\/\/mirekboutique.com\/pl\/wp-json\/wp\/v2\/types\/product"}],"replies":[{"embeddable":true,"href":"https:\/\/mirekboutique.com\/pl\/wp-json\/wp\/v2\/comments?post=1475"}],"version-history":[{"count":1,"href":"https:\/\/mirekboutique.com\/pl\/wp-json\/wp\/v2\/product\/1475\/revisions"}],"predecessor-version":[{"id":1480,"href":"https:\/\/mirekboutique.com\/pl\/wp-json\/wp\/v2\/product\/1475\/revisions\/1480"}],"wp:featuredmedia":[{"embeddable":true,"href":"https:\/\/mirekboutique.com\/pl\/wp-json\/wp\/v2\/media\/1476"}],"wp:attachment":[{"href":"https:\/\/mirekboutique.com\/pl\/wp-json\/wp\/v2\/media?parent=1475"}],"wp:term":[{"taxonomy":"product_brand","embeddable":true,"href":"https:\/\/mirekboutique.com\/pl\/wp-json\/wp\/v2\/product_brand?post=1475"},{"taxonomy":"product_cat","embeddable":true,"href":"https:\/\/mirekboutique.com\/pl\/wp-json\/wp\/v2\/product_cat?post=1475"},{"taxonomy":"product_tag","embeddable":true,"href":"https:\/\/mirekboutique.com\/pl\/wp-json\/wp\/v2\/product_tag?post=1475"}],"curies":[{"name":"wp","href":"https:\/\/api.w.org\/{rel}","templated":true}]}}