{"id":1715,"date":"2025-05-09T04:33:47","date_gmt":"2025-05-08T20:33:47","guid":{"rendered":"https:\/\/mirekboutique.com\/?post_type=product&#038;p=1715"},"modified":"2025-05-24T19:21:41","modified_gmt":"2025-05-24T11:21:41","slug":"js104-tfl-tourbillon-11-super-clone-from-a-super-factory","status":"publish","type":"product","link":"https:\/\/mirekboutique.com\/pl\/produkt\/js104-tfl-tourbillon-11-super-clone-from-a-super-factory\/","title":{"rendered":"JS104 TFL (Tourbillon) 1:1 super klon z super fabryki"},"content":{"rendered":"<p>TFL (Tourbillon) automatyczny tourbillon, z op\u0142acaln\u0105 interpretacj\u0105 tourbillonu, zmniejsza pr\u00f3g tourbillonu, z technologi\u0105, aby odda\u0107 wi\u0119kszo\u015bci zegarmistrz\u00f3w. TFL przyjmuje prawdziwy zegarek z tourbillonem reprezentuj\u0105cy najwy\u017cszy poziom procesu produkcji zegark\u00f3w mechanicznych, ca\u0142y regulator wychwytu jest po\u0142\u0105czony razem i mo\u017ce obraca\u0107 si\u0119 z okre\u015blon\u0105 pr\u0119dko\u015bci\u0105 w spos\u00f3b ci\u0105g\u0142y, tak aby zminimalizowa\u0107 wp\u0142yw grawitacji na \"system wychwytu\" w zegarku mechanicznym w celu poprawy dok\u0142adno\u015bci pomiaru czasu. \"Minimalizuje to wp\u0142yw grawitacji na wychwyt w zegarkach mechanicznych i poprawia dok\u0142adno\u015b\u0107 pomiaru czasu. Dzi\u0119ki unikalnemu trybowi dzia\u0142ania, doprowadzi\u0142 sztuk\u0119 ruchu horologicznego do najwy\u017cszego poziomu perfekcji. Koperta, w formie p\u00f3\u0142tony, jest eleganckim i przyci\u0105gaj\u0105cym wzrok elementem, z najnowszymi technikami polerowania dla najwy\u017cszego poziomu rzemios\u0142a. Tr\u00f3jwymiarowe napisy na paskach, wraz z tr\u00f3jwymiarowym logo VC, nadaj\u0105 zegarkowi elegancki i wysokiej klasy wygl\u0105d.<\/p>","protected":false},"excerpt":{"rendered":"<p>Wszystkie towary na tej stronie s\u0105 wysokiej klasy doskona\u0142ymi replikami wykonanymi przez super producent\u00f3w, zupe\u0142nie nowe i nieotwarte, jako\u015b\u0107 i obs\u0142uga posprzeda\u017cna s\u0105 gwarantowane!<\/p>\n<p>\u2705\u2705\u2705\u2705Mirekboutique produkuje wy\u0142\u0105cznie produkty wysokiej jako\u015bci Wszystkie produkty w naszym sklepie s\u0105 dostarczane z oryginalnym pude\u0142kiem Wysokiej klasy drewniane pude\u0142ko<\/p>\n<p>\ud83c\udf39\ud83c\udf39Zapraszamy do zakupu Wszystkie towary obs\u0142uguj\u0105 p\u0142atno\u015b\u0107 za pobraniem \u017byczymy udanych zakup\u00f3w<\/p>","protected":false},"featured_media":1716,"comment_status":"open","ping_status":"closed","template":"","meta":{"_monsterinsights_skip_tracking":false,"_monsterinsights_sitenote_active":false,"_monsterinsights_sitenote_note":"","_monsterinsights_sitenote_category":0,"site-sidebar-layout":"default","site-content-layout":"","ast-site-content-layout":"default","site-content-style":"default","site-sidebar-style":"default","ast-global-header-display":"","ast-banner-title-visibility":"","ast-main-header-display":"","ast-hfb-above-header-display":"","ast-hfb-below-header-display":"","ast-hfb-mobile-header-display":"","site-post-title":"","ast-breadcrumbs-content":"","ast-featured-img":"","footer-sml-layout":"","theme-transparent-header-meta":"default","adv-header-id-meta":"","stick-header-meta":"","header-above-stick-meta":"","header-main-stick-meta":"","header-below-stick-meta":"","astra-migrate-meta-layouts":"set","ast-page-background-enabled":"default","ast-page-background-meta":{"desktop":{"background-color":"var(--ast-global-color-4)","background-image":"","background-repeat":"repeat","background-position":"center center","background-size":"auto","background-attachment":"scroll","background-type":"","background-media":"","overlay-type":"","overlay-color":"","overlay-opacity":"","overlay-gradient":""},"tablet":{"background-color":"","background-image":"","background-repeat":"repeat","background-position":"center center","background-size":"auto","background-attachment":"scroll","background-type":"","background-media":"","overlay-type":"","overlay-color":"","overlay-opacity":"","overlay-gradient":""},"mobile":{"background-color":"","background-image":"","background-repeat":"repeat","background-position":"center center","background-size":"auto","background-attachment":"scroll","background-type":"","background-media":"","overlay-type":"","overlay-color":"","overlay-opacity":"","overlay-gradient":""}},"ast-content-background-meta":{"desktop":{"background-color":"var(--ast-global-color-5)","background-image":"","background-repeat":"repeat","background-position":"center center","background-size":"auto","background-attachment":"scroll","background-type":"","background-media":"","overlay-type":"","overlay-color":"","overlay-opacity":"","overlay-gradient":""},"tablet":{"background-color":"var(--ast-global-color-5)","background-image":"","background-repeat":"repeat","background-position":"center center","background-size":"auto","background-attachment":"scroll","background-type":"","background-media":"","overlay-type":"","overlay-color":"","overlay-opacity":"","overlay-gradient":""},"mobile":{"background-color":"var(--ast-global-color-5)","background-image":"","background-repeat":"repeat","background-position":"center center","background-size":"auto","background-attachment":"scroll","background-type":"","background-media":"","overlay-type":"","overlay-color":"","overlay-opacity":"","overlay-gradient":""}}},"product_brand":[],"product_cat":[22],"product_tag":[],"class_list":{"0":"post-1715","1":"product","2":"type-product","3":"status-publish","4":"has-post-thumbnail","6":"product_cat-vacheron-constantin","7":"desktop-align-center","8":"tablet-align-left","9":"mobile-align-left","11":"first","12":"instock","13":"sale","14":"shipping-taxable","15":"purchasable","16":"product-type-simple"},"_links":{"self":[{"href":"https:\/\/mirekboutique.com\/pl\/wp-json\/wp\/v2\/product\/1715","targetHints":{"allow":["GET"]}}],"collection":[{"href":"https:\/\/mirekboutique.com\/pl\/wp-json\/wp\/v2\/product"}],"about":[{"href":"https:\/\/mirekboutique.com\/pl\/wp-json\/wp\/v2\/types\/product"}],"replies":[{"embeddable":true,"href":"https:\/\/mirekboutique.com\/pl\/wp-json\/wp\/v2\/comments?post=1715"}],"version-history":[{"count":1,"href":"https:\/\/mirekboutique.com\/pl\/wp-json\/wp\/v2\/product\/1715\/revisions"}],"predecessor-version":[{"id":1722,"href":"https:\/\/mirekboutique.com\/pl\/wp-json\/wp\/v2\/product\/1715\/revisions\/1722"}],"wp:featuredmedia":[{"embeddable":true,"href":"https:\/\/mirekboutique.com\/pl\/wp-json\/wp\/v2\/media\/1716"}],"wp:attachment":[{"href":"https:\/\/mirekboutique.com\/pl\/wp-json\/wp\/v2\/media?parent=1715"}],"wp:term":[{"taxonomy":"product_brand","embeddable":true,"href":"https:\/\/mirekboutique.com\/pl\/wp-json\/wp\/v2\/product_brand?post=1715"},{"taxonomy":"product_cat","embeddable":true,"href":"https:\/\/mirekboutique.com\/pl\/wp-json\/wp\/v2\/product_cat?post=1715"},{"taxonomy":"product_tag","embeddable":true,"href":"https:\/\/mirekboutique.com\/pl\/wp-json\/wp\/v2\/product_tag?post=1715"}],"curies":[{"name":"wp","href":"https:\/\/api.w.org\/{rel}","templated":true}]}}