{"id":1868,"date":"2025-05-09T05:21:47","date_gmt":"2025-05-08T21:21:47","guid":{"rendered":"https:\/\/mirekboutique.com\/?post_type=product&#038;p=1868"},"modified":"2025-05-24T19:38:54","modified_gmt":"2025-05-24T11:38:54","slug":"bgl621-%f0%9f%94%b9-v-gold-version","status":"publish","type":"product","link":"https:\/\/mirekboutique.com\/pl\/produkt\/bgl621-%f0%9f%94%b9-v-gold-version\/","title":{"rendered":"BGL621 \ud83d\udd39 wersja v-gold"},"content":{"rendered":"<p>\ud83d\udd39[v wersja z\u0142ota].<br \/>\nBvlgari ma\u0142y dziki naszyjnik w talii ma\u0142y, zp dostosowany, seria B.zero klasycznych modeli, B home style s\u0105 zbyt klasyczne, moja fabryka du\u017cy rozw\u00f3j, vca czterolistna koniczyna, mi\u0142o\u015b\u0107 do domu karty, chu plaster miodu, B home diva, a nast\u0119pnie w d\u00f3\u0142 do r\u00f3\u017cnych bzero, klasyczny design nie zostanie pomini\u0119ty, w tym ta ma\u0142a dzika talia, wszystkie ZP dostosowane, proces poziomu bi\u017cuterii! Stalowa prasa z nadrukiem zp, zrobili\u015bmy srebro, r\u00f3\u017cowe z\u0142oto, z\u0142oty materia\u0142 body V!<\/p>","protected":false},"excerpt":{"rendered":"<p>Wszystkie towary na tej stronie s\u0105 wysokiej klasy doskona\u0142ymi replikami wykonanymi przez super producent\u00f3w, zupe\u0142nie nowe i nieotwarte, jako\u015b\u0107 i obs\u0142uga posprzeda\u017cna s\u0105 gwarantowane!<\/p>\n<p>\u2705\u2705\u2705\u2705Mirekboutique produkuje wy\u0142\u0105cznie produkty wysokiej jako\u015bci Wszystkie produkty w naszym sklepie s\u0105 dostarczane z oryginalnym pude\u0142kiem Wysokiej klasy drewniane pude\u0142ko<\/p>\n<p>\ud83c\udf39\ud83c\udf39Zapraszamy do zakupu Wszystkie towary obs\u0142uguj\u0105 p\u0142atno\u015b\u0107 za pobraniem \u017byczymy udanych zakup\u00f3w<\/p>","protected":false},"featured_media":1869,"comment_status":"open","ping_status":"closed","template":"","meta":{"_monsterinsights_skip_tracking":false,"_monsterinsights_sitenote_active":false,"_monsterinsights_sitenote_note":"","_monsterinsights_sitenote_category":0,"site-sidebar-layout":"default","site-content-layout":"","ast-site-content-layout":"default","site-content-style":"default","site-sidebar-style":"default","ast-global-header-display":"","ast-banner-title-visibility":"","ast-main-header-display":"","ast-hfb-above-header-display":"","ast-hfb-below-header-display":"","ast-hfb-mobile-header-display":"","site-post-title":"","ast-breadcrumbs-content":"","ast-featured-img":"","footer-sml-layout":"","ast-disable-related-posts":"","theme-transparent-header-meta":"default","adv-header-id-meta":"","stick-header-meta":"","header-above-stick-meta":"","header-main-stick-meta":"","header-below-stick-meta":"","astra-migrate-meta-layouts":"set","ast-page-background-enabled":"default","ast-page-background-meta":{"desktop":{"background-color":"var(--ast-global-color-4)","background-image":"","background-repeat":"repeat","background-position":"center center","background-size":"auto","background-attachment":"scroll","background-type":"","background-media":"","overlay-type":"","overlay-color":"","overlay-opacity":"","overlay-gradient":""},"tablet":{"background-color":"","background-image":"","background-repeat":"repeat","background-position":"center center","background-size":"auto","background-attachment":"scroll","background-type":"","background-media":"","overlay-type":"","overlay-color":"","overlay-opacity":"","overlay-gradient":""},"mobile":{"background-color":"","background-image":"","background-repeat":"repeat","background-position":"center center","background-size":"auto","background-attachment":"scroll","background-type":"","background-media":"","overlay-type":"","overlay-color":"","overlay-opacity":"","overlay-gradient":""}},"ast-content-background-meta":{"desktop":{"background-color":"var(--ast-global-color-5)","background-image":"","background-repeat":"repeat","background-position":"center center","background-size":"auto","background-attachment":"scroll","background-type":"","background-media":"","overlay-type":"","overlay-color":"","overlay-opacity":"","overlay-gradient":""},"tablet":{"background-color":"var(--ast-global-color-5)","background-image":"","background-repeat":"repeat","background-position":"center center","background-size":"auto","background-attachment":"scroll","background-type":"","background-media":"","overlay-type":"","overlay-color":"","overlay-opacity":"","overlay-gradient":""},"mobile":{"background-color":"var(--ast-global-color-5)","background-image":"","background-repeat":"repeat","background-position":"center center","background-size":"auto","background-attachment":"scroll","background-type":"","background-media":"","overlay-type":"","overlay-color":"","overlay-opacity":"","overlay-gradient":""}}},"product_brand":[],"product_cat":[41],"product_tag":[],"class_list":{"0":"post-1868","1":"product","2":"type-product","3":"status-publish","4":"has-post-thumbnail","6":"product_cat-bracelets-necklaces","7":"desktop-align-center","8":"tablet-align-left","9":"mobile-align-left","11":"first","12":"instock","13":"sale","14":"shipping-taxable","15":"purchasable","16":"product-type-simple"},"_links":{"self":[{"href":"https:\/\/mirekboutique.com\/pl\/wp-json\/wp\/v2\/product\/1868","targetHints":{"allow":["GET"]}}],"collection":[{"href":"https:\/\/mirekboutique.com\/pl\/wp-json\/wp\/v2\/product"}],"about":[{"href":"https:\/\/mirekboutique.com\/pl\/wp-json\/wp\/v2\/types\/product"}],"replies":[{"embeddable":true,"href":"https:\/\/mirekboutique.com\/pl\/wp-json\/wp\/v2\/comments?post=1868"}],"version-history":[{"count":1,"href":"https:\/\/mirekboutique.com\/pl\/wp-json\/wp\/v2\/product\/1868\/revisions"}],"predecessor-version":[{"id":1875,"href":"https:\/\/mirekboutique.com\/pl\/wp-json\/wp\/v2\/product\/1868\/revisions\/1875"}],"wp:featuredmedia":[{"embeddable":true,"href":"https:\/\/mirekboutique.com\/pl\/wp-json\/wp\/v2\/media\/1869"}],"wp:attachment":[{"href":"https:\/\/mirekboutique.com\/pl\/wp-json\/wp\/v2\/media?parent=1868"}],"wp:term":[{"taxonomy":"product_brand","embeddable":true,"href":"https:\/\/mirekboutique.com\/pl\/wp-json\/wp\/v2\/product_brand?post=1868"},{"taxonomy":"product_cat","embeddable":true,"href":"https:\/\/mirekboutique.com\/pl\/wp-json\/wp\/v2\/product_cat?post=1868"},{"taxonomy":"product_tag","embeddable":true,"href":"https:\/\/mirekboutique.com\/pl\/wp-json\/wp\/v2\/product_tag?post=1868"}],"curies":[{"name":"wp","href":"https:\/\/api.w.org\/{rel}","templated":true}]}}