{"id":1876,"date":"2025-05-09T05:23:50","date_gmt":"2025-05-08T21:23:50","guid":{"rendered":"https:\/\/mirekboutique.com\/?post_type=product&#038;p=1876"},"modified":"2025-05-24T19:38:54","modified_gmt":"2025-05-24T11:38:54","slug":"bgl622-11-super-clone-from-a-super-factory","status":"publish","type":"product","link":"https:\/\/mirekboutique.com\/pl\/produkt\/bgl622-11-super-clone-from-a-super-factory\/","title":{"rendered":"Super klon BGL622 1:1 z super fabryki"},"content":{"rendered":"<p>\ud83d\udd39[v wersja z\u0142ota].<br \/>\nBv Collection Naszyjnik Sp\u00f3dnica Naszyjnik Karneol Uznany ekskluzywny strza\u0142!<br \/>\nOryginalna otwarta forma, naszyjnik mojej rodziny Bvlgari pod lup\u0105 \ud83d\udd0d szczeg\u00f3\u0142:<br \/>\n1: Materia\u0142 produktu: v z\u0142oty materia\u0142! Galwanizacja grubych z\u0142otych korzy\u015bci nie jest \u0142atwa do wyblakni\u0119cia, a wersja rynkowa og\u00f3lnego galwanizowania zwyk\u0142ego z\u0142ota, zwyk\u0142ego z\u0142otego po\u0142ysku i jasno\u015bci b\u0119dzie gorsza, kupuj\u0105cy mog\u0105 wzi\u0105\u0107 na rynek najwy\u017csz\u0105 wersj\u0119 por\u00f3wnania, po\u0142ysk z pewno\u015bci\u0105 nie jest lepszy ni\u017c nasz dom!!!!<br \/>\n2: (dobra jasno\u015b\u0107 powierzchni, mocno osadzona, bez zadrapa\u0144 i p\u0119kni\u0119\u0107). I towary rynkowe wykorzystuj\u0105ce imitacj\u0119 kamienia (mi\u0119kka tekstura, \u0142atwe do posiadania \u015blady, wi\u0119cej wad).<br \/>\n3: m\u00f3j dom to oryginalny nadruk s\u0142owa licznika (przy u\u017cyciu grawerowania odlewniczego, z jednorazowym grawerowaniem formy, rozmiar nadruku s\u0142owa, g\u0142\u0119boko\u015b\u0107 licznika z tym samym, sp\u00f3d g\u0142adki), nigdy zwyk\u0142e s\u0142owo laserowe na rynku (grawerowanie jest p\u0142ytkie, sp\u00f3d czcionki ma matow\u0105 tekstur\u0119, sp\u00f3d wyboisty)<\/p>","protected":false},"excerpt":{"rendered":"<p>Wszystkie towary na tej stronie s\u0105 wysokiej klasy doskona\u0142ymi replikami wykonanymi przez super producent\u00f3w, zupe\u0142nie nowe i nieotwarte, jako\u015b\u0107 i obs\u0142uga posprzeda\u017cna s\u0105 gwarantowane!<\/p>\n<p>\u2705\u2705\u2705\u2705Mirekboutique produkuje wy\u0142\u0105cznie produkty wysokiej jako\u015bci Wszystkie produkty w naszym sklepie s\u0105 dostarczane z oryginalnym pude\u0142kiem Wysokiej klasy drewniane pude\u0142ko<\/p>\n<p>\ud83c\udf39\ud83c\udf39Zapraszamy do zakupu Wszystkie towary obs\u0142uguj\u0105 p\u0142atno\u015b\u0107 za pobraniem \u017byczymy udanych zakup\u00f3w<\/p>","protected":false},"featured_media":1877,"comment_status":"open","ping_status":"closed","template":"","meta":{"_monsterinsights_skip_tracking":false,"_monsterinsights_sitenote_active":false,"_monsterinsights_sitenote_note":"","_monsterinsights_sitenote_category":0,"site-sidebar-layout":"default","site-content-layout":"","ast-site-content-layout":"default","site-content-style":"default","site-sidebar-style":"default","ast-global-header-display":"","ast-banner-title-visibility":"","ast-main-header-display":"","ast-hfb-above-header-display":"","ast-hfb-below-header-display":"","ast-hfb-mobile-header-display":"","site-post-title":"","ast-breadcrumbs-content":"","ast-featured-img":"","footer-sml-layout":"","theme-transparent-header-meta":"default","adv-header-id-meta":"","stick-header-meta":"","header-above-stick-meta":"","header-main-stick-meta":"","header-below-stick-meta":"","astra-migrate-meta-layouts":"set","ast-page-background-enabled":"default","ast-page-background-meta":{"desktop":{"background-color":"var(--ast-global-color-4)","background-image":"","background-repeat":"repeat","background-position":"center center","background-size":"auto","background-attachment":"scroll","background-type":"","background-media":"","overlay-type":"","overlay-color":"","overlay-opacity":"","overlay-gradient":""},"tablet":{"background-color":"","background-image":"","background-repeat":"repeat","background-position":"center center","background-size":"auto","background-attachment":"scroll","background-type":"","background-media":"","overlay-type":"","overlay-color":"","overlay-opacity":"","overlay-gradient":""},"mobile":{"background-color":"","background-image":"","background-repeat":"repeat","background-position":"center center","background-size":"auto","background-attachment":"scroll","background-type":"","background-media":"","overlay-type":"","overlay-color":"","overlay-opacity":"","overlay-gradient":""}},"ast-content-background-meta":{"desktop":{"background-color":"var(--ast-global-color-5)","background-image":"","background-repeat":"repeat","background-position":"center center","background-size":"auto","background-attachment":"scroll","background-type":"","background-media":"","overlay-type":"","overlay-color":"","overlay-opacity":"","overlay-gradient":""},"tablet":{"background-color":"var(--ast-global-color-5)","background-image":"","background-repeat":"repeat","background-position":"center center","background-size":"auto","background-attachment":"scroll","background-type":"","background-media":"","overlay-type":"","overlay-color":"","overlay-opacity":"","overlay-gradient":""},"mobile":{"background-color":"var(--ast-global-color-5)","background-image":"","background-repeat":"repeat","background-position":"center center","background-size":"auto","background-attachment":"scroll","background-type":"","background-media":"","overlay-type":"","overlay-color":"","overlay-opacity":"","overlay-gradient":""}}},"product_brand":[],"product_cat":[41],"product_tag":[],"class_list":{"0":"post-1876","1":"product","2":"type-product","3":"status-publish","4":"has-post-thumbnail","6":"product_cat-bracelets-necklaces","7":"desktop-align-center","8":"tablet-align-left","9":"mobile-align-left","11":"first","12":"instock","13":"sale","14":"shipping-taxable","15":"purchasable","16":"product-type-simple"},"_links":{"self":[{"href":"https:\/\/mirekboutique.com\/pl\/wp-json\/wp\/v2\/product\/1876","targetHints":{"allow":["GET"]}}],"collection":[{"href":"https:\/\/mirekboutique.com\/pl\/wp-json\/wp\/v2\/product"}],"about":[{"href":"https:\/\/mirekboutique.com\/pl\/wp-json\/wp\/v2\/types\/product"}],"replies":[{"embeddable":true,"href":"https:\/\/mirekboutique.com\/pl\/wp-json\/wp\/v2\/comments?post=1876"}],"version-history":[{"count":1,"href":"https:\/\/mirekboutique.com\/pl\/wp-json\/wp\/v2\/product\/1876\/revisions"}],"predecessor-version":[{"id":1882,"href":"https:\/\/mirekboutique.com\/pl\/wp-json\/wp\/v2\/product\/1876\/revisions\/1882"}],"wp:featuredmedia":[{"embeddable":true,"href":"https:\/\/mirekboutique.com\/pl\/wp-json\/wp\/v2\/media\/1877"}],"wp:attachment":[{"href":"https:\/\/mirekboutique.com\/pl\/wp-json\/wp\/v2\/media?parent=1876"}],"wp:term":[{"taxonomy":"product_brand","embeddable":true,"href":"https:\/\/mirekboutique.com\/pl\/wp-json\/wp\/v2\/product_brand?post=1876"},{"taxonomy":"product_cat","embeddable":true,"href":"https:\/\/mirekboutique.com\/pl\/wp-json\/wp\/v2\/product_cat?post=1876"},{"taxonomy":"product_tag","embeddable":true,"href":"https:\/\/mirekboutique.com\/pl\/wp-json\/wp\/v2\/product_tag?post=1876"}],"curies":[{"name":"wp","href":"https:\/\/api.w.org\/{rel}","templated":true}]}}