{"id":1953,"date":"2025-05-09T05:47:22","date_gmt":"2025-05-08T21:47:22","guid":{"rendered":"https:\/\/mirekboutique.com\/?post_type=product&#038;p=1953"},"modified":"2025-05-24T19:21:38","modified_gmt":"2025-05-24T11:21:38","slug":"xnr824-chanel-little-gold-ball-square-fat-man-adjustable-buckle-11-super-clone","status":"publish","type":"product","link":"https:\/\/mirekboutique.com\/pl\/produkt\/xnr824-chanel-little-gold-ball-square-fat-man-adjustable-buckle-11-super-clone\/","title":{"rendered":"XNR824 Chanel Little Gold Ball Square Fat Man Regulowana klamra 1:1 Super Clone"},"content":{"rendered":"<p>Sk\u0142adane pude\u0142ko upominkowe + oficjalne pude\u0142ko lotnicze \u2708\ufe0f\"<br \/>\nRegulowana klamra Chanel Little Gold Ball Square Fat Man<br \/>\n\"New Arrival\"<br \/>\nNajpi\u0119kniejsza z\u0142ota kula kwadratowy grubas na ziemi Chanel<\/p>\n<p>To pozycja obowi\u0105zkowa dla bogatych i pi\u0119knych kobiet.<\/p>\n<p>Wi\u0119kszo\u015b\u0107 ludzi nie mo\u017ce oderwa\u0107 od niego wzroku.<\/p>\n<p>Ma\u0142a z\u0142ota kulka jest zbyt wysokiej klasy.<\/p>\n<p>Tegoroczny nowy \u0142a\u0144cuszek ma\u0142ej torebki na perfumy mo\u017cna regulowa\u0107<\/p>\n<p>To jest zbyt ucz\u0142owieczone, bez wzgl\u0119du na to, czy jest to wysokie, czy ma\u0142e ko\u0142o!<\/p>\n<p>#Chanel ma\u0142a z\u0142ota kulka Rozmiar 20cm<\/p>","protected":false},"excerpt":{"rendered":"<p>Wszystkie towary na tej stronie s\u0105 wysokiej klasy doskona\u0142ymi replikami wykonanymi przez super producent\u00f3w, zupe\u0142nie nowe i nieotwarte, jako\u015b\u0107 i obs\u0142uga posprzeda\u017cna s\u0105 gwarantowane!<\/p>\n<p>\u2705\u2705\u2705\u2705Mirekboutique produkuje wy\u0142\u0105cznie produkty wysokiej jako\u015bci Wszystkie produkty w naszym sklepie s\u0105 dostarczane z oryginalnym pude\u0142kiem Wysokiej klasy drewniane pude\u0142ko<\/p>\n<p>\ud83c\udf39\ud83c\udf39Zapraszamy do zakupu Wszystkie towary obs\u0142uguj\u0105 p\u0142atno\u015b\u0107 za pobraniem \u017byczymy udanych zakup\u00f3w<\/p>","protected":false},"featured_media":1954,"comment_status":"open","ping_status":"closed","template":"","meta":{"_monsterinsights_skip_tracking":false,"_monsterinsights_sitenote_active":false,"_monsterinsights_sitenote_note":"","_monsterinsights_sitenote_category":0,"site-sidebar-layout":"default","site-content-layout":"","ast-site-content-layout":"default","site-content-style":"default","site-sidebar-style":"default","ast-global-header-display":"","ast-banner-title-visibility":"","ast-main-header-display":"","ast-hfb-above-header-display":"","ast-hfb-below-header-display":"","ast-hfb-mobile-header-display":"","site-post-title":"","ast-breadcrumbs-content":"","ast-featured-img":"","footer-sml-layout":"","theme-transparent-header-meta":"default","adv-header-id-meta":"","stick-header-meta":"","header-above-stick-meta":"","header-main-stick-meta":"","header-below-stick-meta":"","astra-migrate-meta-layouts":"set","ast-page-background-enabled":"default","ast-page-background-meta":{"desktop":{"background-color":"var(--ast-global-color-4)","background-image":"","background-repeat":"repeat","background-position":"center center","background-size":"auto","background-attachment":"scroll","background-type":"","background-media":"","overlay-type":"","overlay-color":"","overlay-opacity":"","overlay-gradient":""},"tablet":{"background-color":"","background-image":"","background-repeat":"repeat","background-position":"center center","background-size":"auto","background-attachment":"scroll","background-type":"","background-media":"","overlay-type":"","overlay-color":"","overlay-opacity":"","overlay-gradient":""},"mobile":{"background-color":"","background-image":"","background-repeat":"repeat","background-position":"center center","background-size":"auto","background-attachment":"scroll","background-type":"","background-media":"","overlay-type":"","overlay-color":"","overlay-opacity":"","overlay-gradient":""}},"ast-content-background-meta":{"desktop":{"background-color":"var(--ast-global-color-5)","background-image":"","background-repeat":"repeat","background-position":"center center","background-size":"auto","background-attachment":"scroll","background-type":"","background-media":"","overlay-type":"","overlay-color":"","overlay-opacity":"","overlay-gradient":""},"tablet":{"background-color":"var(--ast-global-color-5)","background-image":"","background-repeat":"repeat","background-position":"center center","background-size":"auto","background-attachment":"scroll","background-type":"","background-media":"","overlay-type":"","overlay-color":"","overlay-opacity":"","overlay-gradient":""},"mobile":{"background-color":"var(--ast-global-color-5)","background-image":"","background-repeat":"repeat","background-position":"center center","background-size":"auto","background-attachment":"scroll","background-type":"","background-media":"","overlay-type":"","overlay-color":"","overlay-opacity":"","overlay-gradient":""}}},"product_brand":[],"product_cat":[24],"product_tag":[],"class_list":{"0":"post-1953","1":"product","2":"type-product","3":"status-publish","4":"has-post-thumbnail","6":"product_cat-chanel","7":"desktop-align-center","8":"tablet-align-left","9":"mobile-align-left","11":"first","12":"instock","13":"sale","14":"shipping-taxable","15":"purchasable","16":"product-type-simple"},"_links":{"self":[{"href":"https:\/\/mirekboutique.com\/pl\/wp-json\/wp\/v2\/product\/1953","targetHints":{"allow":["GET"]}}],"collection":[{"href":"https:\/\/mirekboutique.com\/pl\/wp-json\/wp\/v2\/product"}],"about":[{"href":"https:\/\/mirekboutique.com\/pl\/wp-json\/wp\/v2\/types\/product"}],"replies":[{"embeddable":true,"href":"https:\/\/mirekboutique.com\/pl\/wp-json\/wp\/v2\/comments?post=1953"}],"version-history":[{"count":1,"href":"https:\/\/mirekboutique.com\/pl\/wp-json\/wp\/v2\/product\/1953\/revisions"}],"predecessor-version":[{"id":1960,"href":"https:\/\/mirekboutique.com\/pl\/wp-json\/wp\/v2\/product\/1953\/revisions\/1960"}],"wp:featuredmedia":[{"embeddable":true,"href":"https:\/\/mirekboutique.com\/pl\/wp-json\/wp\/v2\/media\/1954"}],"wp:attachment":[{"href":"https:\/\/mirekboutique.com\/pl\/wp-json\/wp\/v2\/media?parent=1953"}],"wp:term":[{"taxonomy":"product_brand","embeddable":true,"href":"https:\/\/mirekboutique.com\/pl\/wp-json\/wp\/v2\/product_brand?post=1953"},{"taxonomy":"product_cat","embeddable":true,"href":"https:\/\/mirekboutique.com\/pl\/wp-json\/wp\/v2\/product_cat?post=1953"},{"taxonomy":"product_tag","embeddable":true,"href":"https:\/\/mirekboutique.com\/pl\/wp-json\/wp\/v2\/product_tag?post=1953"}],"curies":[{"name":"wp","href":"https:\/\/api.w.org\/{rel}","templated":true}]}}